{"id":5274,"date":"2026-02-24T15:21:59","date_gmt":"2026-02-24T15:21:59","guid":{"rendered":"https:\/\/vertexcommotion.ca\/?page_id=5274"},"modified":"2026-02-24T15:22:00","modified_gmt":"2026-02-24T15:22:00","slug":"stephanie-robitaille","status":"publish","type":"page","link":"https:\/\/vertexcommotion.ca\/en\/stephanie-robitaille\/","title":{"rendered":"St\u00e9phanie Robitaille"},"content":{"rendered":"<p><em>\u00c9tudiante en ost\u00e9opathie, 5e ann\u00e9e \u2013 \u00c9cole d\u2019ost\u00e9opathie ENOSI<br>Fasciath\u00e9rapeute \u00e0 approche ost\u00e9opathique \u2013 Acad\u00e9mie Sutherland d\u2019Ost\u00e9opathie du Qu\u00e9bec<\/em><\/p>\n\n\n\n<p>Fasciath\u00e9rapeute dipl\u00f4m\u00e9e depuis 2016, St\u00e9phanie accompagne des personnes souhaitant&nbsp;<strong>r\u00e9duire leurs douleurs, am\u00e9liorer leur mobilit\u00e9 et retrouver un fonctionnement optimal<\/strong>. Dans une d\u00e9marche constante de perfectionnement, elle poursuit actuellement sa formation en 5e ann\u00e9e d\u2019ost\u00e9opathie \u00e0 l\u2019\u00c9cole d\u2019ost\u00e9opathie ENOSI afin d\u2019approfondir sa compr\u00e9hension du corps et d\u2019optimiser les r\u00e9sultats des traitements.<\/p>\n\n\n\n<p>Son approche est&nbsp;<strong>globale et orient\u00e9e vers des r\u00e9sultats concrets<\/strong>. Elle traite notamment les&nbsp;<strong>douleurs musculaires et articulaires<\/strong>,&nbsp;<strong>restrictions de mobilit\u00e9<\/strong>,&nbsp;<strong>maux de t\u00eate<\/strong>,&nbsp;<strong>acouph\u00e8nes<\/strong>,&nbsp;<strong>troubles du sommeil<\/strong>,&nbsp;<strong>difficult\u00e9s digestives<\/strong>, ainsi que&nbsp;<strong>le manque d\u2019\u00e9nergie<\/strong>.<\/p>\n\n\n\n<p>Son parcours personnel, marqu\u00e9 par plusieurs blessures et un trauma cr\u00e2nien, l\u2019a men\u00e9e vers la fasciath\u00e9rapie et l\u2019ost\u00e9opathie, deux approches qui lui ont permis de retrouver mobilit\u00e9, sommeil et vitalit\u00e9.&nbsp;<strong>Engag\u00e9e et \u00e0 l\u2019\u00e9coute<\/strong>, elle met aujourd\u2019hui son exp\u00e9rience clinique et son v\u00e9cu au service de chaque personne afin de les aider \u00e0 reprendre pleinement leurs activit\u00e9s et am\u00e9liorer leur qualit\u00e9 de vie.<\/p>","protected":false},"excerpt":{"rendered":"<p>\u00c9tudiante en ost\u00e9opathie, 5e ann\u00e9e \u2013 \u00c9cole d\u2019ost\u00e9opathie ENOSIFasciath\u00e9rapeute \u00e0 approche ost\u00e9opathique \u2013 Acad\u00e9mie Sutherland d\u2019Ost\u00e9opathie du Qu\u00e9bec Fasciath\u00e9rapeute dipl\u00f4m\u00e9e depuis 2016, St\u00e9phanie accompagne des personnes souhaitant&nbsp;r\u00e9duire leurs douleurs, am\u00e9liorer leur mobilit\u00e9 et retrouver un fonctionnement optimal. Dans une d\u00e9marche constante de perfectionnement, elle poursuit actuellement sa formation en 5e ann\u00e9e d\u2019ost\u00e9opathie \u00e0 l\u2019\u00c9cole d\u2019ost\u00e9opathie [&hellip;]<\/p>","protected":false},"author":4,"featured_media":0,"parent":0,"menu_order":0,"comment_status":"closed","ping_status":"closed","template":"","meta":{"footnotes":""},"class_list":["post-5274","page","type-page","status-publish","hentry"],"yoast_head":"<!-- This site is optimized with the Yoast SEO plugin v25.0 - https:\/\/yoast.com\/wordpress\/plugins\/seo\/ -->\n<title>St\u00e9phanie Robitaille - Vertex<\/title>\n<meta name=\"robots\" content=\"index, follow, max-snippet:-1, max-image-preview:large, max-video-preview:-1\" \/>\n<link rel=\"canonical\" href=\"https:\/\/vertexcommotion.ca\/en\/stephanie-robitaille\/\" \/>\n<meta property=\"og:locale\" content=\"en_US\" \/>\n<meta property=\"og:type\" content=\"article\" \/>\n<meta property=\"og:title\" content=\"St\u00e9phanie Robitaille - Vertex\" \/>\n<meta property=\"og:description\" content=\"\u00c9tudiante en ost\u00e9opathie, 5e ann\u00e9e \u2013 \u00c9cole d\u2019ost\u00e9opathie ENOSIFasciath\u00e9rapeute \u00e0 approche ost\u00e9opathique \u2013 Acad\u00e9mie Sutherland d\u2019Ost\u00e9opathie du Qu\u00e9bec Fasciath\u00e9rapeute dipl\u00f4m\u00e9e depuis 2016, St\u00e9phanie accompagne des personnes souhaitant&nbsp;r\u00e9duire leurs douleurs, am\u00e9liorer leur mobilit\u00e9 et retrouver un fonctionnement optimal. Dans une d\u00e9marche constante de perfectionnement, elle poursuit actuellement sa formation en 5e ann\u00e9e d\u2019ost\u00e9opathie \u00e0 l\u2019\u00c9cole d\u2019ost\u00e9opathie [&hellip;]\" \/>\n<meta property=\"og:url\" content=\"https:\/\/vertexcommotion.ca\/en\/stephanie-robitaille\/\" \/>\n<meta property=\"og:site_name\" content=\"Vertex\" \/>\n<meta property=\"article:modified_time\" content=\"2026-02-24T15:22:00+00:00\" \/>\n<meta name=\"twitter:card\" content=\"summary_large_image\" \/>\n<meta name=\"twitter:label1\" content=\"Est. reading time\" \/>\n\t<meta name=\"twitter:data1\" content=\"1 minute\" \/>\n<script type=\"application\/ld+json\" class=\"yoast-schema-graph\">{\"@context\":\"https:\/\/schema.org\",\"@graph\":[{\"@type\":\"WebPage\",\"@id\":\"https:\/\/vertexcommotion.ca\/stephanie-robitaille\/\",\"url\":\"https:\/\/vertexcommotion.ca\/stephanie-robitaille\/\",\"name\":\"St\u00e9phanie Robitaille - Vertex\",\"isPartOf\":{\"@id\":\"https:\/\/vertexcommotion.ca\/#website\"},\"datePublished\":\"2026-02-24T15:21:59+00:00\",\"dateModified\":\"2026-02-24T15:22:00+00:00\",\"breadcrumb\":{\"@id\":\"https:\/\/vertexcommotion.ca\/stephanie-robitaille\/#breadcrumb\"},\"inLanguage\":\"en-CA\",\"potentialAction\":[{\"@type\":\"ReadAction\",\"target\":[\"https:\/\/vertexcommotion.ca\/stephanie-robitaille\/\"]}]},{\"@type\":\"BreadcrumbList\",\"@id\":\"https:\/\/vertexcommotion.ca\/stephanie-robitaille\/#breadcrumb\",\"itemListElement\":[{\"@type\":\"ListItem\",\"position\":1,\"name\":\"Home\",\"item\":\"https:\/\/vertexcommotion.ca\/\"},{\"@type\":\"ListItem\",\"position\":2,\"name\":\"St\u00e9phanie Robitaille\"}]},{\"@type\":\"WebSite\",\"@id\":\"https:\/\/vertexcommotion.ca\/#website\",\"url\":\"https:\/\/vertexcommotion.ca\/\",\"name\":\"Vertex\",\"description\":\"\",\"publisher\":{\"@id\":\"https:\/\/vertexcommotion.ca\/#organization\"},\"potentialAction\":[{\"@type\":\"SearchAction\",\"target\":{\"@type\":\"EntryPoint\",\"urlTemplate\":\"https:\/\/vertexcommotion.ca\/?s={search_term_string}\"},\"query-input\":{\"@type\":\"PropertyValueSpecification\",\"valueRequired\":true,\"valueName\":\"search_term_string\"}}],\"inLanguage\":\"en-CA\"},{\"@type\":\"Organization\",\"@id\":\"https:\/\/vertexcommotion.ca\/#organization\",\"name\":\"Vertex\",\"url\":\"https:\/\/vertexcommotion.ca\/\",\"logo\":{\"@type\":\"ImageObject\",\"inLanguage\":\"en-CA\",\"@id\":\"https:\/\/vertexcommotion.ca\/#\/schema\/logo\/image\/\",\"url\":\"https:\/\/vertexcommotion.ca\/wp-content\/uploads\/2023\/09\/VertexLogo.png\",\"contentUrl\":\"https:\/\/vertexcommotion.ca\/wp-content\/uploads\/2023\/09\/VertexLogo.png\",\"width\":550,\"height\":245,\"caption\":\"Vertex\"},\"image\":{\"@id\":\"https:\/\/vertexcommotion.ca\/#\/schema\/logo\/image\/\"}}]}<\/script>\n<!-- \/ Yoast SEO plugin. -->","yoast_head_json":{"title":"St\u00e9phanie Robitaille - Vertex","robots":{"index":"index","follow":"follow","max-snippet":"max-snippet:-1","max-image-preview":"max-image-preview:large","max-video-preview":"max-video-preview:-1"},"canonical":"https:\/\/vertexcommotion.ca\/en\/stephanie-robitaille\/","og_locale":"en_US","og_type":"article","og_title":"St\u00e9phanie Robitaille - Vertex","og_description":"\u00c9tudiante en ost\u00e9opathie, 5e ann\u00e9e \u2013 \u00c9cole d\u2019ost\u00e9opathie ENOSIFasciath\u00e9rapeute \u00e0 approche ost\u00e9opathique \u2013 Acad\u00e9mie Sutherland d\u2019Ost\u00e9opathie du Qu\u00e9bec Fasciath\u00e9rapeute dipl\u00f4m\u00e9e depuis 2016, St\u00e9phanie accompagne des personnes souhaitant&nbsp;r\u00e9duire leurs douleurs, am\u00e9liorer leur mobilit\u00e9 et retrouver un fonctionnement optimal. Dans une d\u00e9marche constante de perfectionnement, elle poursuit actuellement sa formation en 5e ann\u00e9e d\u2019ost\u00e9opathie \u00e0 l\u2019\u00c9cole d\u2019ost\u00e9opathie [&hellip;]","og_url":"https:\/\/vertexcommotion.ca\/en\/stephanie-robitaille\/","og_site_name":"Vertex","article_modified_time":"2026-02-24T15:22:00+00:00","twitter_card":"summary_large_image","twitter_misc":{"Est. reading time":"1 minute"},"schema":{"@context":"https:\/\/schema.org","@graph":[{"@type":"WebPage","@id":"https:\/\/vertexcommotion.ca\/stephanie-robitaille\/","url":"https:\/\/vertexcommotion.ca\/stephanie-robitaille\/","name":"St\u00e9phanie Robitaille - Vertex","isPartOf":{"@id":"https:\/\/vertexcommotion.ca\/#website"},"datePublished":"2026-02-24T15:21:59+00:00","dateModified":"2026-02-24T15:22:00+00:00","breadcrumb":{"@id":"https:\/\/vertexcommotion.ca\/stephanie-robitaille\/#breadcrumb"},"inLanguage":"en-CA","potentialAction":[{"@type":"ReadAction","target":["https:\/\/vertexcommotion.ca\/stephanie-robitaille\/"]}]},{"@type":"BreadcrumbList","@id":"https:\/\/vertexcommotion.ca\/stephanie-robitaille\/#breadcrumb","itemListElement":[{"@type":"ListItem","position":1,"name":"Home","item":"https:\/\/vertexcommotion.ca\/"},{"@type":"ListItem","position":2,"name":"St\u00e9phanie Robitaille"}]},{"@type":"WebSite","@id":"https:\/\/vertexcommotion.ca\/#website","url":"https:\/\/vertexcommotion.ca\/","name":"Vertex","description":"","publisher":{"@id":"https:\/\/vertexcommotion.ca\/#organization"},"potentialAction":[{"@type":"SearchAction","target":{"@type":"EntryPoint","urlTemplate":"https:\/\/vertexcommotion.ca\/?s={search_term_string}"},"query-input":{"@type":"PropertyValueSpecification","valueRequired":true,"valueName":"search_term_string"}}],"inLanguage":"en-CA"},{"@type":"Organization","@id":"https:\/\/vertexcommotion.ca\/#organization","name":"Vertex","url":"https:\/\/vertexcommotion.ca\/","logo":{"@type":"ImageObject","inLanguage":"en-CA","@id":"https:\/\/vertexcommotion.ca\/#\/schema\/logo\/image\/","url":"https:\/\/vertexcommotion.ca\/wp-content\/uploads\/2023\/09\/VertexLogo.png","contentUrl":"https:\/\/vertexcommotion.ca\/wp-content\/uploads\/2023\/09\/VertexLogo.png","width":550,"height":245,"caption":"Vertex"},"image":{"@id":"https:\/\/vertexcommotion.ca\/#\/schema\/logo\/image\/"}}]}},"_links":{"self":[{"href":"https:\/\/vertexcommotion.ca\/en\/wp-json\/wp\/v2\/pages\/5274","targetHints":{"allow":["GET"]}}],"collection":[{"href":"https:\/\/vertexcommotion.ca\/en\/wp-json\/wp\/v2\/pages"}],"about":[{"href":"https:\/\/vertexcommotion.ca\/en\/wp-json\/wp\/v2\/types\/page"}],"author":[{"embeddable":true,"href":"https:\/\/vertexcommotion.ca\/en\/wp-json\/wp\/v2\/users\/4"}],"replies":[{"embeddable":true,"href":"https:\/\/vertexcommotion.ca\/en\/wp-json\/wp\/v2\/comments?post=5274"}],"version-history":[{"count":1,"href":"https:\/\/vertexcommotion.ca\/en\/wp-json\/wp\/v2\/pages\/5274\/revisions"}],"predecessor-version":[{"id":5275,"href":"https:\/\/vertexcommotion.ca\/en\/wp-json\/wp\/v2\/pages\/5274\/revisions\/5275"}],"wp:attachment":[{"href":"https:\/\/vertexcommotion.ca\/en\/wp-json\/wp\/v2\/media?parent=5274"}],"curies":[{"name":"wp","href":"https:\/\/api.w.org\/{rel}","templated":true}]}}