{"id":4865,"date":"2024-07-22T18:29:33","date_gmt":"2024-07-22T18:29:33","guid":{"rendered":"https:\/\/vertexcommotion.ca\/?page_id=4865"},"modified":"2024-07-22T18:33:11","modified_gmt":"2024-07-22T18:33:11","slug":"prevention-blessures-sportives","status":"publish","type":"page","link":"https:\/\/vertexcommotion.ca\/en\/our-services\/prevention-blessures-sportives\/","title":{"rendered":"Conferences and injury prevention"},"content":{"rendered":"<div data-elementor-type=\"wp-page\" data-elementor-id=\"4865\" class=\"elementor elementor-4865\">\n\t\t\t\t<div class=\"elementor-element elementor-element-7577192 e-con-full e-flex e-con e-parent\" data-id=\"7577192\" data-element_type=\"container\" data-settings=\"{&quot;background_background&quot;:&quot;classic&quot;}\">\n\t\t\t\t<div class=\"elementor-element elementor-element-6ce4200 elementor-widget elementor-widget-heading\" data-id=\"6ce4200\" data-element_type=\"widget\" data-widget_type=\"heading.default\">\n\t\t\t\t<div class=\"elementor-widget-container\">\n\t\t\t\t\t<h1 class=\"elementor-heading-title elementor-size-default\">Conferences and sports injury prevention<\/h1>\t\t\t\t<\/div>\n\t\t\t\t<\/div>\n\t\t\t\t<\/div>\n\t\t<div class=\"elementor-element elementor-element-341bf28 e-flex e-con-boxed e-con e-parent\" data-id=\"341bf28\" data-element_type=\"container\">\n\t\t\t\t\t<div class=\"e-con-inner\">\n\t\t\t\t<div class=\"elementor-element elementor-element-b251e02 elementor-widget elementor-widget-text-editor\" data-id=\"b251e02\" data-element_type=\"widget\" data-widget_type=\"text-editor.default\">\n\t\t\t\t<div class=\"elementor-widget-container\">\n\t\t\t\t\t\t\t\t\t<p>Preventing sports injuries and concussions begins with education. Our conferences and training aim to help you better identify and intervene in the event of injuries. We advocate a healthy and unifying sports culture.<\/p>\t\t\t\t\t\t\t\t<\/div>\n\t\t\t\t<\/div>\n\t\t\t\t\t<\/div>\n\t\t\t\t<\/div>\n\t\t<div class=\"elementor-element elementor-element-83486ba e-flex e-con-boxed e-con e-parent\" data-id=\"83486ba\" data-element_type=\"container\">\n\t\t\t\t\t<div class=\"e-con-inner\">\n\t\t<div class=\"elementor-element elementor-element-0c85153 e-con-full e-flex e-con e-child\" data-id=\"0c85153\" data-element_type=\"container\">\n\t\t\t\t<div class=\"elementor-element elementor-element-7a1e1be elementor-widget elementor-widget-image\" data-id=\"7a1e1be\" data-element_type=\"widget\" data-widget_type=\"image.default\">\n\t\t\t\t<div class=\"elementor-widget-container\">\n\t\t\t\t\t\t\t\t\t\t\t\t\t\t\t<img fetchpriority=\"high\" decoding=\"async\" width=\"780\" height=\"586\" src=\"https:\/\/vertexcommotion.ca\/wp-content\/uploads\/2024\/07\/prevention-commotion-cerebrale.jpeg\" class=\"attachment-large size-large wp-image-4868\" alt=\"Kyla Demers et Janie Guimond de Vertex, conf\u00e9renci\u00e8res invit\u00e9es \u00e0 traiter de pr\u00e9vention des commotions c\u00e9r\u00e9brales\" srcset=\"https:\/\/vertexcommotion.ca\/wp-content\/uploads\/2024\/07\/prevention-commotion-cerebrale.jpeg 1024w, https:\/\/vertexcommotion.ca\/wp-content\/uploads\/2024\/07\/prevention-commotion-cerebrale-300x225.jpeg 300w, https:\/\/vertexcommotion.ca\/wp-content\/uploads\/2024\/07\/prevention-commotion-cerebrale-16x12.jpeg 16w\" sizes=\"(max-width: 780px) 100vw, 780px\" \/>\t\t\t\t\t\t\t\t\t\t\t\t\t\t\t<\/div>\n\t\t\t\t<\/div>\n\t\t\t\t<\/div>\n\t\t<div class=\"elementor-element elementor-element-49e82a7 e-con-full e-flex e-con e-child\" data-id=\"49e82a7\" data-element_type=\"container\">\n\t\t\t\t<div class=\"elementor-element elementor-element-9b3a4f5 elementor-widget elementor-widget-text-editor\" data-id=\"9b3a4f5\" data-element_type=\"widget\" data-widget_type=\"text-editor.default\">\n\t\t\t\t<div class=\"elementor-widget-container\">\n\t\t\t\t\t\t\t\t\t<h2><strong>Cutting-edge expertise<\/strong><\/h2><p>Athlete, coach at the collegiate level and <a href=\"https:\/\/vertexcommotion.ca\/en\/our-services\/therapeute-du-sport\/\">athletic therapist<\/a> with high-level athletes, it is with great pleasure that the founder of Vertex, Kyla Demers, will meet with you. Our training is based on front-line experience, as well as the most recent evidence to ensure interventions at the cutting edge of research.<\/p>\t\t\t\t\t\t\t\t<\/div>\n\t\t\t\t<\/div>\n\t\t\t\t<\/div>\n\t\t\t\t\t<\/div>\n\t\t\t\t<\/div>\n\t\t<div class=\"elementor-element elementor-element-266cc40 e-flex e-con-boxed e-con e-parent\" data-id=\"266cc40\" data-element_type=\"container\">\n\t\t\t\t\t<div class=\"e-con-inner\">\n\t\t<div class=\"elementor-element elementor-element-dfb844b e-con-full e-flex e-con e-child\" data-id=\"dfb844b\" data-element_type=\"container\">\n\t\t\t\t<div class=\"elementor-element elementor-element-af74a51 elementor-widget elementor-widget-text-editor\" data-id=\"af74a51\" data-element_type=\"widget\" data-widget_type=\"text-editor.default\">\n\t\t\t\t<div class=\"elementor-widget-container\">\n\t\t\t\t\t\t\t\t\t<h2><strong>Tailor-made conferences and training<\/strong><\/h2><p>Our conferences are aimed at coaches and athletes as well as parents. We adapt the content according to the physical activity or sport practiced.<\/p><p>Three central themes are addressed:<\/p><ul><li>Formation compl\u00e8te sur l\u2019identification, la prise en charge et le retour au jeu \u00e0 la suite d&#8217;une <a href=\"https:\/\/vertexcommotion.ca\/en\/concussion\/\">concussion<\/a>.<\/li><li>The triad of the vestibular system, visual system and balance: how do these factors influence sports performance, injury prevention and academic performance?<\/li><li>The importance of screening and optimal management of injuries.<\/li><\/ul>\t\t\t\t\t\t\t\t<\/div>\n\t\t\t\t<\/div>\n\t\t\t\t<\/div>\n\t\t<div class=\"elementor-element elementor-element-7dcf1e4 e-con-full e-flex e-con e-child\" data-id=\"7dcf1e4\" data-element_type=\"container\">\n\t\t\t\t<div class=\"elementor-element elementor-element-f8f14d4 elementor-widget elementor-widget-image\" data-id=\"f8f14d4\" data-element_type=\"widget\" data-widget_type=\"image.default\">\n\t\t\t\t<div class=\"elementor-widget-container\">\n\t\t\t\t\t\t\t\t\t\t\t\t\t\t\t<img decoding=\"async\" width=\"780\" height=\"520\" src=\"data:image\/svg+xml;charset=utf-8,%3Csvg xmlns%3D&#039;http%3A%2F%2Fwww.w3.org%2F2000%2Fsvg&#039; viewBox%3D&#039;0 0 1024 683&#039;%2F%3E\" class=\"attachment-large size-large wp-image-4869 ld-lazyload\" alt=\"Kyla Demers, fondatrice de Vertex, offrant une formation en pr\u00e9vention des blessures \u00e0 un groupe de professionnels de la sant\u00e9\" data-src=\"https:\/\/vertexcommotion.ca\/wp-content\/uploads\/2024\/07\/conference-prevention-blessures-1024x683.jpeg\" data-srcset=\"https:\/\/vertexcommotion.ca\/wp-content\/uploads\/2024\/07\/conference-prevention-blessures-1024x683.jpeg 1024w, https:\/\/vertexcommotion.ca\/wp-content\/uploads\/2024\/07\/conference-prevention-blessures-300x200.jpeg 300w, https:\/\/vertexcommotion.ca\/wp-content\/uploads\/2024\/07\/conference-prevention-blessures-18x12.jpeg 18w, https:\/\/vertexcommotion.ca\/wp-content\/uploads\/2024\/07\/conference-prevention-blessures-1536x1024.jpeg 1536w, https:\/\/vertexcommotion.ca\/wp-content\/uploads\/2024\/07\/conference-prevention-blessures-2048x1365.jpeg 2048w, https:\/\/vertexcommotion.ca\/wp-content\/uploads\/2024\/07\/conference-prevention-blessures-720x480.jpeg 720w\" data-sizes=\"(max-width: 780px) 100vw, 780px\" data-aspect=\"1.4992679355783\" \/>\t\t\t\t\t\t\t\t\t\t\t\t\t\t\t<\/div>\n\t\t\t\t<\/div>\n\t\t\t\t<\/div>\n\t\t\t\t\t<\/div>\n\t\t\t\t<\/div>\n\t\t<div class=\"elementor-element elementor-element-5038b91 e-flex e-con-boxed e-con e-parent\" data-id=\"5038b91\" data-element_type=\"container\" data-settings=\"{&quot;background_background&quot;:&quot;classic&quot;}\">\n\t\t\t\t\t<div class=\"e-con-inner\">\n\t\t\t\t<div class=\"elementor-element elementor-element-90699f5 elementor-widget elementor-widget-text-editor\" data-id=\"90699f5\" data-element_type=\"widget\" data-widget_type=\"text-editor.default\">\n\t\t\t\t<div class=\"elementor-widget-container\">\n\t\t\t\t\t\t\t\t\t<h2><strong style=\"color: white;\">Conferences and training on the North Shore<\/strong><\/h2>\n<strong>In action to prevent injuries and concussions<\/strong>\t\t\t\t\t\t\t\t<\/div>\n\t\t\t\t<\/div>\n\t\t\t\t<div class=\"elementor-element elementor-element-194c99b elementor-align-center elementor-widget elementor-widget-ld_button\" data-id=\"194c99b\" data-element_type=\"widget\" data-widget_type=\"ld_button.default\">\n\t\t\t\t<div class=\"elementor-widget-container\">\n\t\t\t\t\t\n\t\t\t<a\n\t\t\t\thref=\"https:\/\/www.gorendezvous.com\/vertexcommotion\"class=\"elementor-button btn btn-solid btn-icon-shaped btn-has-label\"\t\t\t>\n\t\t\t\t\t\t\t\t\t<span data-text=\"Prenez rendez-vous\" class=\"btn-txt\">\n\t\t\t\t\t\tMake an appointment\t\t\t\t\t<\/span>\n\t\t\t\t\t\t\t\t\t\t\t<\/a>\n\t\t\t\t\t\t\t<\/div>\n\t\t\t\t<\/div>\n\t\t\t\t\t<\/div>\n\t\t\t\t<\/div>\n\t\t<div class=\"elementor-element elementor-element-8a26d14 e-flex e-con-boxed e-con e-parent\" data-id=\"8a26d14\" data-element_type=\"container\">\n\t\t\t\t\t<div class=\"e-con-inner\">\n\t\t\t\t<div class=\"elementor-element elementor-element-e72e1e6 elementor-widget elementor-widget-text-editor\" data-id=\"e72e1e6\" data-element_type=\"widget\" data-widget_type=\"text-editor.default\">\n\t\t\t\t<div class=\"elementor-widget-container\">\n\t\t\t\t\t\t\t\t\t<h2><strong>Your health partner for sporting events<\/strong><\/h2><p>Are you organizing a sporting event and need a qualified healthcare professional to provide first-line interventions and first aid? Vertex brings together a multidisciplinary team composed in particular of <a href=\"https:\/\/vertexcommotion.ca\/en\/our-services\/therapeute-du-sport\/\">athletic therapists<\/a>, <a href=\"https:\/\/vertexcommotion.ca\/en\/our-services\/physiotherapy\/\">physiotherapists<\/a> and <a href=\"https:\/\/vertexcommotion.ca\/en\/our-services\/kinesiology\/\">kinesiologists<\/a> able to provide complete supervision of your organization.<\/p>\t\t\t\t\t\t\t\t<\/div>\n\t\t\t\t<\/div>\n\t\t\t\t\t<\/div>\n\t\t\t\t<\/div>\n\t\t\t\t<\/div>","protected":false},"excerpt":{"rendered":"<p>Conf\u00e9rences et pr\u00e9vention des blessures sportives La pr\u00e9vention des blessures sportives et des commotions c\u00e9r\u00e9brales passe en tout premier lieu par l\u2019\u00e9ducation. Nos conf\u00e9rences et formations ont pour but de vous aider \u00e0 mieux identifier et intervenir en cas de blessures. Nous pr\u00f4nons une culture du sport saine et rassembleuse. Une expertise de pointe Athl\u00e8te, [&hellip;]<\/p>","protected":false},"author":4,"featured_media":0,"parent":26,"menu_order":0,"comment_status":"closed","ping_status":"closed","template":"","meta":{"footnotes":""},"class_list":["post-4865","page","type-page","status-publish","hentry"],"yoast_head":"<!-- This site is optimized with the Yoast SEO plugin v25.0 - https:\/\/yoast.com\/wordpress\/plugins\/seo\/ -->\n<title>Pr\u00e9vention des blessures sportives: conf\u00e9rences - formations<\/title>\n<meta name=\"description\" content=\"Conf\u00e9rences\/formations visant la pr\u00e9vention des blessures sportives et commotions c\u00e9r\u00e9brales. Pour les entra\u00eeneurs, athl\u00e8tes et parents, sur la Rive-Nord.\" \/>\n<meta name=\"robots\" content=\"index, follow, max-snippet:-1, max-image-preview:large, max-video-preview:-1\" \/>\n<link rel=\"canonical\" href=\"https:\/\/vertexcommotion.ca\/en\/our-services\/prevention-blessures-sportives\/\" \/>\n<meta property=\"og:locale\" content=\"en_US\" \/>\n<meta property=\"og:type\" content=\"article\" \/>\n<meta property=\"og:title\" content=\"Pr\u00e9vention des blessures sportives: conf\u00e9rences - formations\" \/>\n<meta property=\"og:description\" content=\"Conf\u00e9rences\/formations visant la pr\u00e9vention des blessures sportives et commotions c\u00e9r\u00e9brales. Pour les entra\u00eeneurs, athl\u00e8tes et parents, sur la Rive-Nord.\" \/>\n<meta property=\"og:url\" content=\"https:\/\/vertexcommotion.ca\/en\/our-services\/prevention-blessures-sportives\/\" \/>\n<meta property=\"og:site_name\" content=\"Vertex\" \/>\n<meta property=\"article:modified_time\" content=\"2024-07-22T18:33:11+00:00\" \/>\n<meta property=\"og:image\" content=\"https:\/\/vertexcommotion.ca\/wp-content\/uploads\/2024\/07\/prevention-commotion-cerebrale.jpeg\" \/>\n<meta name=\"twitter:card\" content=\"summary_large_image\" \/>\n<meta name=\"twitter:label1\" content=\"Est. reading time\" \/>\n\t<meta name=\"twitter:data1\" content=\"2 minutes\" \/>\n<script type=\"application\/ld+json\" class=\"yoast-schema-graph\">{\"@context\":\"https:\/\/schema.org\",\"@graph\":[{\"@type\":\"WebPage\",\"@id\":\"https:\/\/vertexcommotion.ca\/nos-services\/prevention-blessures-sportives\/\",\"url\":\"https:\/\/vertexcommotion.ca\/nos-services\/prevention-blessures-sportives\/\",\"name\":\"Pr\u00e9vention des blessures sportives: conf\u00e9rences - formations\",\"isPartOf\":{\"@id\":\"https:\/\/vertexcommotion.ca\/#website\"},\"primaryImageOfPage\":{\"@id\":\"https:\/\/vertexcommotion.ca\/nos-services\/prevention-blessures-sportives\/#primaryimage\"},\"image\":{\"@id\":\"https:\/\/vertexcommotion.ca\/nos-services\/prevention-blessures-sportives\/#primaryimage\"},\"thumbnailUrl\":\"https:\/\/vertexcommotion.ca\/wp-content\/uploads\/2024\/07\/prevention-commotion-cerebrale.jpeg\",\"datePublished\":\"2024-07-22T18:29:33+00:00\",\"dateModified\":\"2024-07-22T18:33:11+00:00\",\"description\":\"Conf\u00e9rences\/formations visant la pr\u00e9vention des blessures sportives et commotions c\u00e9r\u00e9brales. Pour les entra\u00eeneurs, athl\u00e8tes et parents, sur la Rive-Nord.\",\"breadcrumb\":{\"@id\":\"https:\/\/vertexcommotion.ca\/nos-services\/prevention-blessures-sportives\/#breadcrumb\"},\"inLanguage\":\"en-CA\",\"potentialAction\":[{\"@type\":\"ReadAction\",\"target\":[\"https:\/\/vertexcommotion.ca\/nos-services\/prevention-blessures-sportives\/\"]}]},{\"@type\":\"ImageObject\",\"inLanguage\":\"en-CA\",\"@id\":\"https:\/\/vertexcommotion.ca\/nos-services\/prevention-blessures-sportives\/#primaryimage\",\"url\":\"https:\/\/vertexcommotion.ca\/wp-content\/uploads\/2024\/07\/prevention-commotion-cerebrale.jpeg\",\"contentUrl\":\"https:\/\/vertexcommotion.ca\/wp-content\/uploads\/2024\/07\/prevention-commotion-cerebrale.jpeg\"},{\"@type\":\"BreadcrumbList\",\"@id\":\"https:\/\/vertexcommotion.ca\/nos-services\/prevention-blessures-sportives\/#breadcrumb\",\"itemListElement\":[{\"@type\":\"ListItem\",\"position\":1,\"name\":\"Home\",\"item\":\"https:\/\/vertexcommotion.ca\/\"},{\"@type\":\"ListItem\",\"position\":2,\"name\":\"Nos Services\",\"item\":\"https:\/\/vertexcommotion.ca\/nos-services\/\"},{\"@type\":\"ListItem\",\"position\":3,\"name\":\"Conf\u00e9rences et pr\u00e9vention\"}]},{\"@type\":\"WebSite\",\"@id\":\"https:\/\/vertexcommotion.ca\/#website\",\"url\":\"https:\/\/vertexcommotion.ca\/\",\"name\":\"Vertex\",\"description\":\"\",\"publisher\":{\"@id\":\"https:\/\/vertexcommotion.ca\/#organization\"},\"potentialAction\":[{\"@type\":\"SearchAction\",\"target\":{\"@type\":\"EntryPoint\",\"urlTemplate\":\"https:\/\/vertexcommotion.ca\/?s={search_term_string}\"},\"query-input\":{\"@type\":\"PropertyValueSpecification\",\"valueRequired\":true,\"valueName\":\"search_term_string\"}}],\"inLanguage\":\"en-CA\"},{\"@type\":\"Organization\",\"@id\":\"https:\/\/vertexcommotion.ca\/#organization\",\"name\":\"Vertex\",\"url\":\"https:\/\/vertexcommotion.ca\/\",\"logo\":{\"@type\":\"ImageObject\",\"inLanguage\":\"en-CA\",\"@id\":\"https:\/\/vertexcommotion.ca\/#\/schema\/logo\/image\/\",\"url\":\"https:\/\/vertexcommotion.ca\/wp-content\/uploads\/2023\/09\/VertexLogo.png\",\"contentUrl\":\"https:\/\/vertexcommotion.ca\/wp-content\/uploads\/2023\/09\/VertexLogo.png\",\"width\":550,\"height\":245,\"caption\":\"Vertex\"},\"image\":{\"@id\":\"https:\/\/vertexcommotion.ca\/#\/schema\/logo\/image\/\"}}]}<\/script>\n<!-- \/ Yoast SEO plugin. -->","yoast_head_json":{"title":"Pr\u00e9vention des blessures sportives: conf\u00e9rences - formations","description":"Conf\u00e9rences\/formations visant la pr\u00e9vention des blessures sportives et commotions c\u00e9r\u00e9brales. Pour les entra\u00eeneurs, athl\u00e8tes et parents, sur la Rive-Nord.","robots":{"index":"index","follow":"follow","max-snippet":"max-snippet:-1","max-image-preview":"max-image-preview:large","max-video-preview":"max-video-preview:-1"},"canonical":"https:\/\/vertexcommotion.ca\/en\/our-services\/prevention-blessures-sportives\/","og_locale":"en_US","og_type":"article","og_title":"Pr\u00e9vention des blessures sportives: conf\u00e9rences - formations","og_description":"Conf\u00e9rences\/formations visant la pr\u00e9vention des blessures sportives et commotions c\u00e9r\u00e9brales. Pour les entra\u00eeneurs, athl\u00e8tes et parents, sur la Rive-Nord.","og_url":"https:\/\/vertexcommotion.ca\/en\/our-services\/prevention-blessures-sportives\/","og_site_name":"Vertex","article_modified_time":"2024-07-22T18:33:11+00:00","og_image":[{"url":"https:\/\/vertexcommotion.ca\/wp-content\/uploads\/2024\/07\/prevention-commotion-cerebrale.jpeg","type":"","width":"","height":""}],"twitter_card":"summary_large_image","twitter_misc":{"Est. reading time":"2 minutes"},"schema":{"@context":"https:\/\/schema.org","@graph":[{"@type":"WebPage","@id":"https:\/\/vertexcommotion.ca\/nos-services\/prevention-blessures-sportives\/","url":"https:\/\/vertexcommotion.ca\/nos-services\/prevention-blessures-sportives\/","name":"Pr\u00e9vention des blessures sportives: conf\u00e9rences - formations","isPartOf":{"@id":"https:\/\/vertexcommotion.ca\/#website"},"primaryImageOfPage":{"@id":"https:\/\/vertexcommotion.ca\/nos-services\/prevention-blessures-sportives\/#primaryimage"},"image":{"@id":"https:\/\/vertexcommotion.ca\/nos-services\/prevention-blessures-sportives\/#primaryimage"},"thumbnailUrl":"https:\/\/vertexcommotion.ca\/wp-content\/uploads\/2024\/07\/prevention-commotion-cerebrale.jpeg","datePublished":"2024-07-22T18:29:33+00:00","dateModified":"2024-07-22T18:33:11+00:00","description":"Conf\u00e9rences\/formations visant la pr\u00e9vention des blessures sportives et commotions c\u00e9r\u00e9brales. Pour les entra\u00eeneurs, athl\u00e8tes et parents, sur la Rive-Nord.","breadcrumb":{"@id":"https:\/\/vertexcommotion.ca\/nos-services\/prevention-blessures-sportives\/#breadcrumb"},"inLanguage":"en-CA","potentialAction":[{"@type":"ReadAction","target":["https:\/\/vertexcommotion.ca\/nos-services\/prevention-blessures-sportives\/"]}]},{"@type":"ImageObject","inLanguage":"en-CA","@id":"https:\/\/vertexcommotion.ca\/nos-services\/prevention-blessures-sportives\/#primaryimage","url":"https:\/\/vertexcommotion.ca\/wp-content\/uploads\/2024\/07\/prevention-commotion-cerebrale.jpeg","contentUrl":"https:\/\/vertexcommotion.ca\/wp-content\/uploads\/2024\/07\/prevention-commotion-cerebrale.jpeg"},{"@type":"BreadcrumbList","@id":"https:\/\/vertexcommotion.ca\/nos-services\/prevention-blessures-sportives\/#breadcrumb","itemListElement":[{"@type":"ListItem","position":1,"name":"Home","item":"https:\/\/vertexcommotion.ca\/"},{"@type":"ListItem","position":2,"name":"Nos Services","item":"https:\/\/vertexcommotion.ca\/nos-services\/"},{"@type":"ListItem","position":3,"name":"Conf\u00e9rences et pr\u00e9vention"}]},{"@type":"WebSite","@id":"https:\/\/vertexcommotion.ca\/#website","url":"https:\/\/vertexcommotion.ca\/","name":"Vertex","description":"","publisher":{"@id":"https:\/\/vertexcommotion.ca\/#organization"},"potentialAction":[{"@type":"SearchAction","target":{"@type":"EntryPoint","urlTemplate":"https:\/\/vertexcommotion.ca\/?s={search_term_string}"},"query-input":{"@type":"PropertyValueSpecification","valueRequired":true,"valueName":"search_term_string"}}],"inLanguage":"en-CA"},{"@type":"Organization","@id":"https:\/\/vertexcommotion.ca\/#organization","name":"Vertex","url":"https:\/\/vertexcommotion.ca\/","logo":{"@type":"ImageObject","inLanguage":"en-CA","@id":"https:\/\/vertexcommotion.ca\/#\/schema\/logo\/image\/","url":"https:\/\/vertexcommotion.ca\/wp-content\/uploads\/2023\/09\/VertexLogo.png","contentUrl":"https:\/\/vertexcommotion.ca\/wp-content\/uploads\/2023\/09\/VertexLogo.png","width":550,"height":245,"caption":"Vertex"},"image":{"@id":"https:\/\/vertexcommotion.ca\/#\/schema\/logo\/image\/"}}]}},"_links":{"self":[{"href":"https:\/\/vertexcommotion.ca\/en\/wp-json\/wp\/v2\/pages\/4865","targetHints":{"allow":["GET"]}}],"collection":[{"href":"https:\/\/vertexcommotion.ca\/en\/wp-json\/wp\/v2\/pages"}],"about":[{"href":"https:\/\/vertexcommotion.ca\/en\/wp-json\/wp\/v2\/types\/page"}],"author":[{"embeddable":true,"href":"https:\/\/vertexcommotion.ca\/en\/wp-json\/wp\/v2\/users\/4"}],"replies":[{"embeddable":true,"href":"https:\/\/vertexcommotion.ca\/en\/wp-json\/wp\/v2\/comments?post=4865"}],"version-history":[{"count":4,"href":"https:\/\/vertexcommotion.ca\/en\/wp-json\/wp\/v2\/pages\/4865\/revisions"}],"predecessor-version":[{"id":4872,"href":"https:\/\/vertexcommotion.ca\/en\/wp-json\/wp\/v2\/pages\/4865\/revisions\/4872"}],"up":[{"embeddable":true,"href":"https:\/\/vertexcommotion.ca\/en\/wp-json\/wp\/v2\/pages\/26"}],"wp:attachment":[{"href":"https:\/\/vertexcommotion.ca\/en\/wp-json\/wp\/v2\/media?parent=4865"}],"curies":[{"name":"wp","href":"https:\/\/api.w.org\/{rel}","templated":true}]}}