{"id":4830,"date":"2024-07-22T15:38:31","date_gmt":"2024-07-22T15:38:31","guid":{"rendered":"https:\/\/vertexcommotion.ca\/?page_id=4830"},"modified":"2024-07-22T15:49:37","modified_gmt":"2024-07-22T15:49:37","slug":"visual-vestibular-rehabilitation","status":"publish","type":"page","link":"https:\/\/vertexcommotion.ca\/en\/our-services\/visual-vestibular-rehabilitation\/","title":{"rendered":"R\u00e9\u00e9ducation vestibulaire et visuelle"},"content":{"rendered":"<div data-elementor-type=\"wp-page\" data-elementor-id=\"4830\" class=\"elementor elementor-4830\">\n\t\t\t\t<div class=\"elementor-element elementor-element-7577192 e-con-full e-flex e-con e-parent\" data-id=\"7577192\" data-element_type=\"container\" data-settings=\"{&quot;background_background&quot;:&quot;classic&quot;}\">\n\t\t\t\t<div class=\"elementor-element elementor-element-6ce4200 elementor-widget elementor-widget-heading\" data-id=\"6ce4200\" data-element_type=\"widget\" data-widget_type=\"heading.default\">\n\t\t\t\t<div class=\"elementor-widget-container\">\n\t\t\t\t\t<h1 class=\"elementor-heading-title elementor-size-default\">Visual and Vestibular Rehabilitation on the North Shore<\/h1>\t\t\t\t<\/div>\n\t\t\t\t<\/div>\n\t\t\t\t<\/div>\n\t\t<div class=\"elementor-element elementor-element-341bf28 e-flex e-con-boxed e-con e-parent\" data-id=\"341bf28\" data-element_type=\"container\">\n\t\t\t\t\t<div class=\"e-con-inner\">\n\t\t\t\t<div class=\"elementor-element elementor-element-b251e02 elementor-widget elementor-widget-text-editor\" data-id=\"b251e02\" data-element_type=\"widget\" data-widget_type=\"text-editor.default\">\n\t\t\t\t<div class=\"elementor-widget-container\">\n\t\t\t\t\t\t\t\t\t<p>Vestibular rehabilitation and visual rehabilitation are key elements in restoring your well-being and quality of life after an injury or concussion. Our team does everything possible so that you can resume your daily activities with complete confidence.<\/p>\t\t\t\t\t\t\t\t<\/div>\n\t\t\t\t<\/div>\n\t\t\t\t\t<\/div>\n\t\t\t\t<\/div>\n\t\t<div class=\"elementor-element elementor-element-83486ba e-flex e-con-boxed e-con e-parent\" data-id=\"83486ba\" data-element_type=\"container\">\n\t\t\t\t\t<div class=\"e-con-inner\">\n\t\t<div class=\"elementor-element elementor-element-0c85153 e-con-full e-flex e-con e-child\" data-id=\"0c85153\" data-element_type=\"container\">\n\t\t\t\t<div class=\"elementor-element elementor-element-7a1e1be elementor-widget elementor-widget-image\" data-id=\"7a1e1be\" data-element_type=\"widget\" data-widget_type=\"image.default\">\n\t\t\t\t<div class=\"elementor-widget-container\">\n\t\t\t\t\t\t\t\t\t\t\t\t\t\t\t<img fetchpriority=\"high\" decoding=\"async\" width=\"780\" height=\"411\" src=\"https:\/\/vertexcommotion.ca\/wp-content\/uploads\/2024\/07\/readaptation-vestibulaire-1024x539.jpg\" class=\"attachment-large size-large wp-image-4833\" alt=\"Une femme qui effectue des exercices de r\u00e9adaptation vestibulaire\" srcset=\"https:\/\/vertexcommotion.ca\/wp-content\/uploads\/2024\/07\/readaptation-vestibulaire-1024x539.jpg 1024w, https:\/\/vertexcommotion.ca\/wp-content\/uploads\/2024\/07\/readaptation-vestibulaire-300x158.jpg 300w, https:\/\/vertexcommotion.ca\/wp-content\/uploads\/2024\/07\/readaptation-vestibulaire-18x9.jpg 18w, https:\/\/vertexcommotion.ca\/wp-content\/uploads\/2024\/07\/readaptation-vestibulaire-1536x808.jpg 1536w, https:\/\/vertexcommotion.ca\/wp-content\/uploads\/2024\/07\/readaptation-vestibulaire-2048x1078.jpg 2048w, https:\/\/vertexcommotion.ca\/wp-content\/uploads\/2024\/07\/readaptation-vestibulaire-1520x800.jpg 1520w\" sizes=\"(max-width: 780px) 100vw, 780px\" \/>\t\t\t\t\t\t\t\t\t\t\t\t\t\t\t<\/div>\n\t\t\t\t<\/div>\n\t\t\t\t<\/div>\n\t\t<div class=\"elementor-element elementor-element-49e82a7 e-con-full e-flex e-con e-child\" data-id=\"49e82a7\" data-element_type=\"container\">\n\t\t\t\t<div class=\"elementor-element elementor-element-9b3a4f5 elementor-widget elementor-widget-text-editor\" data-id=\"9b3a4f5\" data-element_type=\"widget\" data-widget_type=\"text-editor.default\">\n\t\t\t\t<div class=\"elementor-widget-container\">\n\t\t\t\t\t\t\t\t\t<h2><strong>What is vestibular rehabilitation?<\/strong><\/h2><p>Your vestibular system is located in the inner ear and helps you orient yourself in space during angular movements, for example when checking blind spots in a car. It is also used during linear movements such as when in an elevator.<\/p>\t\t\t\t\t\t\t\t<\/div>\n\t\t\t\t<\/div>\n\t\t\t\t<\/div>\n\t\t\t\t\t<\/div>\n\t\t\t\t<\/div>\n\t\t<div class=\"elementor-element elementor-element-b0b033d e-flex e-con-boxed e-con e-parent\" data-id=\"b0b033d\" data-element_type=\"container\">\n\t\t\t\t\t<div class=\"e-con-inner\">\n\t\t\t\t<div class=\"elementor-element elementor-element-51d1958 elementor-widget elementor-widget-text-editor\" data-id=\"51d1958\" data-element_type=\"widget\" data-widget_type=\"text-editor.default\">\n\t\t\t\t<div class=\"elementor-widget-container\">\n\t\t\t\t\t\t\t\t\t<p>A vestibular problem can cause dizziness, vertigo, nausea, balance problems, difficulty focusing on objects and nystagmus. The good news: simple exercises can greatly improve and reduce symptoms related due to vestibular problems.<\/p>\t\t\t\t\t\t\t\t<\/div>\n\t\t\t\t<\/div>\n\t\t\t\t\t<\/div>\n\t\t\t\t<\/div>\n\t\t<div class=\"elementor-element elementor-element-266cc40 e-flex e-con-boxed e-con e-parent\" data-id=\"266cc40\" data-element_type=\"container\">\n\t\t\t\t\t<div class=\"e-con-inner\">\n\t\t<div class=\"elementor-element elementor-element-dfb844b e-con-full e-flex e-con e-child\" data-id=\"dfb844b\" data-element_type=\"container\">\n\t\t\t\t<div class=\"elementor-element elementor-element-af74a51 elementor-widget elementor-widget-text-editor\" data-id=\"af74a51\" data-element_type=\"widget\" data-widget_type=\"text-editor.default\">\n\t\t\t\t<div class=\"elementor-widget-container\">\n\t\t\t\t\t\t\t\t\t<h2><strong>Visual exercises to optimize your recovery<\/strong><\/h2><p>After a <a href=\"https:\/\/vertexcommotion.ca\/en\/concussion\/\">concussion<\/a>, it is common to have difficulty getting the eyes to converge to fixate on an object, to follow a moving object with the eyes or to adjust between targets up close and targets at a distance. One may also develop problems with visuospatial awareness, which can lead to collisions with objects due to poor perception of distances.<\/p>\t\t\t\t\t\t\t\t<\/div>\n\t\t\t\t<\/div>\n\t\t\t\t<\/div>\n\t\t<div class=\"elementor-element elementor-element-7dcf1e4 e-con-full e-flex e-con e-child\" data-id=\"7dcf1e4\" data-element_type=\"container\">\n\t\t\t\t<div class=\"elementor-element elementor-element-f8f14d4 elementor-widget elementor-widget-image\" data-id=\"f8f14d4\" data-element_type=\"widget\" data-widget_type=\"image.default\">\n\t\t\t\t<div class=\"elementor-widget-container\">\n\t\t\t\t\t\t\t\t\t\t\t\t\t\t\t<img decoding=\"async\" width=\"780\" height=\"585\" src=\"data:image\/svg+xml;charset=utf-8,%3Csvg xmlns%3D&#039;http%3A%2F%2Fwww.w3.org%2F2000%2Fsvg&#039; viewBox%3D&#039;0 0 1024 768&#039;%2F%3E\" class=\"attachment-large size-large wp-image-4834 ld-lazyload\" alt=\"Une femme qui effectue les exercices visuels recommand\u00e9s par les professionnels de Vertex, \u00e0 Mirabel\" data-src=\"https:\/\/vertexcommotion.ca\/wp-content\/uploads\/2024\/07\/readaptation-visuelle-1024x768.jpg\" data-srcset=\"https:\/\/vertexcommotion.ca\/wp-content\/uploads\/2024\/07\/readaptation-visuelle-1024x768.jpg 1024w, https:\/\/vertexcommotion.ca\/wp-content\/uploads\/2024\/07\/readaptation-visuelle-300x225.jpg 300w, https:\/\/vertexcommotion.ca\/wp-content\/uploads\/2024\/07\/readaptation-visuelle-16x12.jpg 16w, https:\/\/vertexcommotion.ca\/wp-content\/uploads\/2024\/07\/readaptation-visuelle-1536x1152.jpg 1536w, https:\/\/vertexcommotion.ca\/wp-content\/uploads\/2024\/07\/readaptation-visuelle-2048x1536.jpg 2048w\" data-sizes=\"(max-width: 780px) 100vw, 780px\" data-aspect=\"1.3333333333333\" \/>\t\t\t\t\t\t\t\t\t\t\t\t\t\t\t<\/div>\n\t\t\t\t<\/div>\n\t\t\t\t<\/div>\n\t\t\t\t\t<\/div>\n\t\t\t\t<\/div>\n\t\t<div class=\"elementor-element elementor-element-8a26d14 e-flex e-con-boxed e-con e-parent\" data-id=\"8a26d14\" data-element_type=\"container\">\n\t\t\t\t\t<div class=\"e-con-inner\">\n\t\t\t\t<div class=\"elementor-element elementor-element-e72e1e6 elementor-widget elementor-widget-text-editor\" data-id=\"e72e1e6\" data-element_type=\"widget\" data-widget_type=\"text-editor.default\">\n\t\t\t\t<div class=\"elementor-widget-container\">\n\t\t\t\t\t\t\t\t\t<p>This can affect our abilities to drive a car, buy groceries, or simply tolerate the environment in a restaurant. Visual overload can greatly deplete the energy resources of the brain as it attempts to heal. It is then important to follow a visual rehabilitation program and complete the exercises in a precise order so as not to cause compensatory imbalances.<\/p>\t\t\t\t\t\t\t\t<\/div>\n\t\t\t\t<\/div>\n\t\t\t\t\t<\/div>\n\t\t\t\t<\/div>\n\t\t<div class=\"elementor-element elementor-element-684cb05 e-flex e-con-boxed e-con e-parent\" data-id=\"684cb05\" data-element_type=\"container\" data-settings=\"{&quot;background_background&quot;:&quot;classic&quot;}\">\n\t\t\t\t\t<div class=\"e-con-inner\">\n\t\t\t\t<div class=\"elementor-element elementor-element-71983be elementor-widget elementor-widget-text-editor\" data-id=\"71983be\" data-element_type=\"widget\" data-widget_type=\"text-editor.default\">\n\t\t\t\t<div class=\"elementor-widget-container\">\n\t\t\t\t\t\t\t\t\t<h2><strong style=\"color: white;\">Visuovestibular rehabilitation<\/strong><\/h2>\n<strong>Get personalized care tailored to your needs<\/strong>\t\t\t\t\t\t\t\t<\/div>\n\t\t\t\t<\/div>\n\t\t\t\t<div class=\"elementor-element elementor-element-baaa794 elementor-align-center elementor-widget elementor-widget-ld_button\" data-id=\"baaa794\" data-element_type=\"widget\" data-widget_type=\"ld_button.default\">\n\t\t\t\t<div class=\"elementor-widget-container\">\n\t\t\t\t\t\n\t\t\t<a\n\t\t\t\thref=\"https:\/\/www.gorendezvous.com\/vertexcommotion\"class=\"elementor-button btn btn-solid btn-icon-shaped btn-has-label\"\t\t\t>\n\t\t\t\t\t\t\t\t\t<span data-text=\"Prenez rendez-vous\" class=\"btn-txt\">\n\t\t\t\t\t\tMake an appointment\t\t\t\t\t<\/span>\n\t\t\t\t\t\t\t\t\t\t\t<\/a>\n\t\t\t\t\t\t\t<\/div>\n\t\t\t\t<\/div>\n\t\t\t\t\t<\/div>\n\t\t\t\t<\/div>\n\t\t<div class=\"elementor-element elementor-element-8495e8a e-flex e-con-boxed e-con e-parent\" data-id=\"8495e8a\" data-element_type=\"container\">\n\t\t\t\t\t<div class=\"e-con-inner\">\n\t\t<div class=\"elementor-element elementor-element-6aa803e e-con-full e-flex e-con e-child\" data-id=\"6aa803e\" data-element_type=\"container\">\n\t\t\t\t<div class=\"elementor-element elementor-element-078ca62 elementor-widget elementor-widget-image\" data-id=\"078ca62\" data-element_type=\"widget\" data-widget_type=\"image.default\">\n\t\t\t\t<div class=\"elementor-widget-container\">\n\t\t\t\t\t\t\t\t\t\t\t\t\t\t\t<img decoding=\"async\" width=\"780\" height=\"520\" src=\"data:image\/svg+xml;charset=utf-8,%3Csvg xmlns%3D&#039;http%3A%2F%2Fwww.w3.org%2F2000%2Fsvg&#039; viewBox%3D&#039;0 0 1024 683&#039;%2F%3E\" class=\"attachment-large size-large wp-image-4835 ld-lazyload\" alt=\"Kyla Demers, propri\u00e9taire de Vertex, en action lors d\u2019une consultation en r\u00e9\u00e9ducation visuelle\" data-src=\"https:\/\/vertexcommotion.ca\/wp-content\/uploads\/2024\/07\/readaptation-visuo-vestibulaire-1024x683.jpg\" data-srcset=\"https:\/\/vertexcommotion.ca\/wp-content\/uploads\/2024\/07\/readaptation-visuo-vestibulaire-1024x683.jpg 1024w, https:\/\/vertexcommotion.ca\/wp-content\/uploads\/2024\/07\/readaptation-visuo-vestibulaire-300x200.jpg 300w, https:\/\/vertexcommotion.ca\/wp-content\/uploads\/2024\/07\/readaptation-visuo-vestibulaire-18x12.jpg 18w, https:\/\/vertexcommotion.ca\/wp-content\/uploads\/2024\/07\/readaptation-visuo-vestibulaire-1536x1024.jpg 1536w, https:\/\/vertexcommotion.ca\/wp-content\/uploads\/2024\/07\/readaptation-visuo-vestibulaire-2048x1365.jpg 2048w, https:\/\/vertexcommotion.ca\/wp-content\/uploads\/2024\/07\/readaptation-visuo-vestibulaire-720x480.jpg 720w\" data-sizes=\"(max-width: 780px) 100vw, 780px\" data-aspect=\"1.4992679355783\" \/>\t\t\t\t\t\t\t\t\t\t\t\t\t\t\t<\/div>\n\t\t\t\t<\/div>\n\t\t\t\t<\/div>\n\t\t<div class=\"elementor-element elementor-element-e08398d e-con-full e-flex e-con e-child\" data-id=\"e08398d\" data-element_type=\"container\">\n\t\t\t\t<div class=\"elementor-element elementor-element-7b2af83 elementor-widget elementor-widget-text-editor\" data-id=\"7b2af83\" data-element_type=\"widget\" data-widget_type=\"text-editor.default\">\n\t\t\t\t<div class=\"elementor-widget-container\">\n\t\t\t\t\t\t\t\t\t<h2><strong>Complete care<\/strong><\/h2><p>Vertex specializes in concussion management and care. Discover how our combined vestibular rehabilitation and vision rehabilitation approaches can support and transform your recovery. It is with pleasure that we will welcome you to our rehabilitation clinic in Mirabel, on the North Shore, in the Laurentians.<\/p>\t\t\t\t\t\t\t\t<\/div>\n\t\t\t\t<\/div>\n\t\t\t\t<\/div>\n\t\t\t\t\t<\/div>\n\t\t\t\t<\/div>\n\t\t<div class=\"elementor-element elementor-element-ad6a328 e-flex e-con-boxed e-con e-parent\" data-id=\"ad6a328\" data-element_type=\"container\">\n\t\t\t\t\t<div class=\"e-con-inner\">\n\t\t\t\t<div class=\"elementor-element elementor-element-c53d989 elementor-widget elementor-widget-text-editor\" data-id=\"c53d989\" data-element_type=\"widget\" data-widget_type=\"text-editor.default\">\n\t\t\t\t<div class=\"elementor-widget-container\">\n\t\t\t\t\t\t\t\t\t<p>Our team unites multiple <a href=\"https:\/\/vertexcommotion.ca\/en\/notre-equipe-vertex\/\">health care professionals<\/a> who work collaboratively for your health and well-being. Vertex also works with optometrists specializing in neuro-optometry. Optometrists provide a comprehensive and specialized assessment of eye health, visual acuity and functional visual abilities to offer a prescription adapted to the person's needs and enable personalized and integrated visual rehabilitation.<\/p>\t\t\t\t\t\t\t\t<\/div>\n\t\t\t\t<\/div>\n\t\t\t\t\t<\/div>\n\t\t\t\t<\/div>\n\t\t\t\t<\/div>","protected":false},"excerpt":{"rendered":"<p>R\u00e9\u00e9ducation vestibulaire et visuelle sur la Rive-Nord La r\u00e9adaptation vestibulaire et la r\u00e9\u00e9ducation visuelle sont des \u00e9l\u00e9ments cl\u00e9s pour restaurer votre bien-\u00eatre et votre qualit\u00e9 de vie apr\u00e8s une blessure ou une commotion. Notre \u00e9quipe met tout en \u0153uvre afin que vous puissiez reprendre vos activit\u00e9s quotidiennes en toute confiance. Qu\u2019est-ce que la r\u00e9adaptation vestibulaire? [&hellip;]<\/p>","protected":false},"author":4,"featured_media":0,"parent":26,"menu_order":0,"comment_status":"closed","ping_status":"closed","template":"","meta":{"footnotes":""},"class_list":["post-4830","page","type-page","status-publish","hentry"],"yoast_head":"<!-- This site is optimized with the Yoast SEO plugin v25.0 - https:\/\/yoast.com\/wordpress\/plugins\/seo\/ -->\n<title>R\u00e9\u00e9ducation vestibulaire et visuelle \u00e0 Mirabel \u2013 Rive-Nord, Laurentides<\/title>\n<meta name=\"description\" content=\"Am\u00e9liorez votre bien-\u00eatre avec la r\u00e9\u00e9ducation vestibulaire et visuelle. La clinique Vertex vous aide \u00e0 retrouver une vie active. \u00c0 Mirabel, sur la Rive-Nord.\" \/>\n<meta name=\"robots\" content=\"index, follow, max-snippet:-1, max-image-preview:large, max-video-preview:-1\" \/>\n<link rel=\"canonical\" href=\"https:\/\/vertexcommotion.ca\/en\/our-services\/visual-vestibular-rehabilitation\/\" \/>\n<meta property=\"og:locale\" content=\"en_US\" \/>\n<meta property=\"og:type\" content=\"article\" \/>\n<meta property=\"og:title\" content=\"R\u00e9\u00e9ducation vestibulaire et visuelle \u00e0 Mirabel \u2013 Rive-Nord, Laurentides\" \/>\n<meta property=\"og:description\" content=\"Am\u00e9liorez votre bien-\u00eatre avec la r\u00e9\u00e9ducation vestibulaire et visuelle. La clinique Vertex vous aide \u00e0 retrouver une vie active. \u00c0 Mirabel, sur la Rive-Nord.\" \/>\n<meta property=\"og:url\" content=\"https:\/\/vertexcommotion.ca\/en\/our-services\/visual-vestibular-rehabilitation\/\" \/>\n<meta property=\"og:site_name\" content=\"Vertex\" \/>\n<meta property=\"article:modified_time\" content=\"2024-07-22T15:49:37+00:00\" \/>\n<meta property=\"og:image\" content=\"https:\/\/vertexcommotion.ca\/wp-content\/uploads\/2024\/07\/readaptation-vestibulaire-1024x539.jpg\" \/>\n<meta name=\"twitter:card\" content=\"summary_large_image\" \/>\n<meta name=\"twitter:label1\" content=\"Est. reading time\" \/>\n\t<meta name=\"twitter:data1\" content=\"3 minutes\" \/>\n<script type=\"application\/ld+json\" class=\"yoast-schema-graph\">{\"@context\":\"https:\/\/schema.org\",\"@graph\":[{\"@type\":\"WebPage\",\"@id\":\"https:\/\/vertexcommotion.ca\/nos-services\/reeducation-vestibulaire-visuelle\/\",\"url\":\"https:\/\/vertexcommotion.ca\/nos-services\/reeducation-vestibulaire-visuelle\/\",\"name\":\"R\u00e9\u00e9ducation vestibulaire et visuelle \u00e0 Mirabel \u2013 Rive-Nord, Laurentides\",\"isPartOf\":{\"@id\":\"https:\/\/vertexcommotion.ca\/#website\"},\"primaryImageOfPage\":{\"@id\":\"https:\/\/vertexcommotion.ca\/nos-services\/reeducation-vestibulaire-visuelle\/#primaryimage\"},\"image\":{\"@id\":\"https:\/\/vertexcommotion.ca\/nos-services\/reeducation-vestibulaire-visuelle\/#primaryimage\"},\"thumbnailUrl\":\"https:\/\/vertexcommotion.ca\/wp-content\/uploads\/2024\/07\/readaptation-vestibulaire-1024x539.jpg\",\"datePublished\":\"2024-07-22T15:38:31+00:00\",\"dateModified\":\"2024-07-22T15:49:37+00:00\",\"description\":\"Am\u00e9liorez votre bien-\u00eatre avec la r\u00e9\u00e9ducation vestibulaire et visuelle. La clinique Vertex vous aide \u00e0 retrouver une vie active. \u00c0 Mirabel, sur la Rive-Nord.\",\"breadcrumb\":{\"@id\":\"https:\/\/vertexcommotion.ca\/nos-services\/reeducation-vestibulaire-visuelle\/#breadcrumb\"},\"inLanguage\":\"en-CA\",\"potentialAction\":[{\"@type\":\"ReadAction\",\"target\":[\"https:\/\/vertexcommotion.ca\/nos-services\/reeducation-vestibulaire-visuelle\/\"]}]},{\"@type\":\"ImageObject\",\"inLanguage\":\"en-CA\",\"@id\":\"https:\/\/vertexcommotion.ca\/nos-services\/reeducation-vestibulaire-visuelle\/#primaryimage\",\"url\":\"https:\/\/vertexcommotion.ca\/wp-content\/uploads\/2024\/07\/readaptation-vestibulaire-1024x539.jpg\",\"contentUrl\":\"https:\/\/vertexcommotion.ca\/wp-content\/uploads\/2024\/07\/readaptation-vestibulaire-1024x539.jpg\"},{\"@type\":\"BreadcrumbList\",\"@id\":\"https:\/\/vertexcommotion.ca\/nos-services\/reeducation-vestibulaire-visuelle\/#breadcrumb\",\"itemListElement\":[{\"@type\":\"ListItem\",\"position\":1,\"name\":\"Home\",\"item\":\"https:\/\/vertexcommotion.ca\/\"},{\"@type\":\"ListItem\",\"position\":2,\"name\":\"Nos Services\",\"item\":\"https:\/\/vertexcommotion.ca\/nos-services\/\"},{\"@type\":\"ListItem\",\"position\":3,\"name\":\"R\u00e9\u00e9ducation vestibulaire et visuelle\"}]},{\"@type\":\"WebSite\",\"@id\":\"https:\/\/vertexcommotion.ca\/#website\",\"url\":\"https:\/\/vertexcommotion.ca\/\",\"name\":\"Vertex\",\"description\":\"\",\"publisher\":{\"@id\":\"https:\/\/vertexcommotion.ca\/#organization\"},\"potentialAction\":[{\"@type\":\"SearchAction\",\"target\":{\"@type\":\"EntryPoint\",\"urlTemplate\":\"https:\/\/vertexcommotion.ca\/?s={search_term_string}\"},\"query-input\":{\"@type\":\"PropertyValueSpecification\",\"valueRequired\":true,\"valueName\":\"search_term_string\"}}],\"inLanguage\":\"en-CA\"},{\"@type\":\"Organization\",\"@id\":\"https:\/\/vertexcommotion.ca\/#organization\",\"name\":\"Vertex\",\"url\":\"https:\/\/vertexcommotion.ca\/\",\"logo\":{\"@type\":\"ImageObject\",\"inLanguage\":\"en-CA\",\"@id\":\"https:\/\/vertexcommotion.ca\/#\/schema\/logo\/image\/\",\"url\":\"https:\/\/vertexcommotion.ca\/wp-content\/uploads\/2023\/09\/VertexLogo.png\",\"contentUrl\":\"https:\/\/vertexcommotion.ca\/wp-content\/uploads\/2023\/09\/VertexLogo.png\",\"width\":550,\"height\":245,\"caption\":\"Vertex\"},\"image\":{\"@id\":\"https:\/\/vertexcommotion.ca\/#\/schema\/logo\/image\/\"}}]}<\/script>\n<!-- \/ Yoast SEO plugin. -->","yoast_head_json":{"title":"R\u00e9\u00e9ducation vestibulaire et visuelle \u00e0 Mirabel \u2013 Rive-Nord, Laurentides","description":"Am\u00e9liorez votre bien-\u00eatre avec la r\u00e9\u00e9ducation vestibulaire et visuelle. La clinique Vertex vous aide \u00e0 retrouver une vie active. \u00c0 Mirabel, sur la Rive-Nord.","robots":{"index":"index","follow":"follow","max-snippet":"max-snippet:-1","max-image-preview":"max-image-preview:large","max-video-preview":"max-video-preview:-1"},"canonical":"https:\/\/vertexcommotion.ca\/en\/our-services\/visual-vestibular-rehabilitation\/","og_locale":"en_US","og_type":"article","og_title":"R\u00e9\u00e9ducation vestibulaire et visuelle \u00e0 Mirabel \u2013 Rive-Nord, Laurentides","og_description":"Am\u00e9liorez votre bien-\u00eatre avec la r\u00e9\u00e9ducation vestibulaire et visuelle. La clinique Vertex vous aide \u00e0 retrouver une vie active. \u00c0 Mirabel, sur la Rive-Nord.","og_url":"https:\/\/vertexcommotion.ca\/en\/our-services\/visual-vestibular-rehabilitation\/","og_site_name":"Vertex","article_modified_time":"2024-07-22T15:49:37+00:00","og_image":[{"url":"https:\/\/vertexcommotion.ca\/wp-content\/uploads\/2024\/07\/readaptation-vestibulaire-1024x539.jpg","type":"","width":"","height":""}],"twitter_card":"summary_large_image","twitter_misc":{"Est. reading time":"3 minutes"},"schema":{"@context":"https:\/\/schema.org","@graph":[{"@type":"WebPage","@id":"https:\/\/vertexcommotion.ca\/nos-services\/reeducation-vestibulaire-visuelle\/","url":"https:\/\/vertexcommotion.ca\/nos-services\/reeducation-vestibulaire-visuelle\/","name":"R\u00e9\u00e9ducation vestibulaire et visuelle \u00e0 Mirabel \u2013 Rive-Nord, Laurentides","isPartOf":{"@id":"https:\/\/vertexcommotion.ca\/#website"},"primaryImageOfPage":{"@id":"https:\/\/vertexcommotion.ca\/nos-services\/reeducation-vestibulaire-visuelle\/#primaryimage"},"image":{"@id":"https:\/\/vertexcommotion.ca\/nos-services\/reeducation-vestibulaire-visuelle\/#primaryimage"},"thumbnailUrl":"https:\/\/vertexcommotion.ca\/wp-content\/uploads\/2024\/07\/readaptation-vestibulaire-1024x539.jpg","datePublished":"2024-07-22T15:38:31+00:00","dateModified":"2024-07-22T15:49:37+00:00","description":"Am\u00e9liorez votre bien-\u00eatre avec la r\u00e9\u00e9ducation vestibulaire et visuelle. La clinique Vertex vous aide \u00e0 retrouver une vie active. \u00c0 Mirabel, sur la Rive-Nord.","breadcrumb":{"@id":"https:\/\/vertexcommotion.ca\/nos-services\/reeducation-vestibulaire-visuelle\/#breadcrumb"},"inLanguage":"en-CA","potentialAction":[{"@type":"ReadAction","target":["https:\/\/vertexcommotion.ca\/nos-services\/reeducation-vestibulaire-visuelle\/"]}]},{"@type":"ImageObject","inLanguage":"en-CA","@id":"https:\/\/vertexcommotion.ca\/nos-services\/reeducation-vestibulaire-visuelle\/#primaryimage","url":"https:\/\/vertexcommotion.ca\/wp-content\/uploads\/2024\/07\/readaptation-vestibulaire-1024x539.jpg","contentUrl":"https:\/\/vertexcommotion.ca\/wp-content\/uploads\/2024\/07\/readaptation-vestibulaire-1024x539.jpg"},{"@type":"BreadcrumbList","@id":"https:\/\/vertexcommotion.ca\/nos-services\/reeducation-vestibulaire-visuelle\/#breadcrumb","itemListElement":[{"@type":"ListItem","position":1,"name":"Home","item":"https:\/\/vertexcommotion.ca\/"},{"@type":"ListItem","position":2,"name":"Nos Services","item":"https:\/\/vertexcommotion.ca\/nos-services\/"},{"@type":"ListItem","position":3,"name":"R\u00e9\u00e9ducation vestibulaire et visuelle"}]},{"@type":"WebSite","@id":"https:\/\/vertexcommotion.ca\/#website","url":"https:\/\/vertexcommotion.ca\/","name":"Vertex","description":"","publisher":{"@id":"https:\/\/vertexcommotion.ca\/#organization"},"potentialAction":[{"@type":"SearchAction","target":{"@type":"EntryPoint","urlTemplate":"https:\/\/vertexcommotion.ca\/?s={search_term_string}"},"query-input":{"@type":"PropertyValueSpecification","valueRequired":true,"valueName":"search_term_string"}}],"inLanguage":"en-CA"},{"@type":"Organization","@id":"https:\/\/vertexcommotion.ca\/#organization","name":"Vertex","url":"https:\/\/vertexcommotion.ca\/","logo":{"@type":"ImageObject","inLanguage":"en-CA","@id":"https:\/\/vertexcommotion.ca\/#\/schema\/logo\/image\/","url":"https:\/\/vertexcommotion.ca\/wp-content\/uploads\/2023\/09\/VertexLogo.png","contentUrl":"https:\/\/vertexcommotion.ca\/wp-content\/uploads\/2023\/09\/VertexLogo.png","width":550,"height":245,"caption":"Vertex"},"image":{"@id":"https:\/\/vertexcommotion.ca\/#\/schema\/logo\/image\/"}}]}},"_links":{"self":[{"href":"https:\/\/vertexcommotion.ca\/en\/wp-json\/wp\/v2\/pages\/4830","targetHints":{"allow":["GET"]}}],"collection":[{"href":"https:\/\/vertexcommotion.ca\/en\/wp-json\/wp\/v2\/pages"}],"about":[{"href":"https:\/\/vertexcommotion.ca\/en\/wp-json\/wp\/v2\/types\/page"}],"author":[{"embeddable":true,"href":"https:\/\/vertexcommotion.ca\/en\/wp-json\/wp\/v2\/users\/4"}],"replies":[{"embeddable":true,"href":"https:\/\/vertexcommotion.ca\/en\/wp-json\/wp\/v2\/comments?post=4830"}],"version-history":[{"count":4,"href":"https:\/\/vertexcommotion.ca\/en\/wp-json\/wp\/v2\/pages\/4830\/revisions"}],"predecessor-version":[{"id":4838,"href":"https:\/\/vertexcommotion.ca\/en\/wp-json\/wp\/v2\/pages\/4830\/revisions\/4838"}],"up":[{"embeddable":true,"href":"https:\/\/vertexcommotion.ca\/en\/wp-json\/wp\/v2\/pages\/26"}],"wp:attachment":[{"href":"https:\/\/vertexcommotion.ca\/en\/wp-json\/wp\/v2\/media?parent=4830"}],"curies":[{"name":"wp","href":"https:\/\/api.w.org\/{rel}","templated":true}]}}