{"id":4798,"date":"2024-07-22T14:59:01","date_gmt":"2024-07-22T14:59:01","guid":{"rendered":"https:\/\/vertexcommotion.ca\/?page_id=4798"},"modified":"2025-10-07T13:15:45","modified_gmt":"2025-10-07T13:15:45","slug":"neuropsychologie","status":"publish","type":"page","link":"https:\/\/vertexcommotion.ca\/en\/our-services\/neuropsychologie\/","title":{"rendered":"Neuropsychology"},"content":{"rendered":"<div data-elementor-type=\"wp-page\" data-elementor-id=\"4798\" class=\"elementor elementor-4798\">\n\t\t\t\t<div class=\"elementor-element elementor-element-7577192 e-con-full e-flex e-con e-parent\" data-id=\"7577192\" data-element_type=\"container\" data-settings=\"{&quot;background_background&quot;:&quot;classic&quot;}\">\n\t\t\t\t<div class=\"elementor-element elementor-element-6ce4200 elementor-widget elementor-widget-heading\" data-id=\"6ce4200\" data-element_type=\"widget\" data-widget_type=\"heading.default\">\n\t\t\t\t<div class=\"elementor-widget-container\">\n\t\t\t\t\t<h1 class=\"elementor-heading-title elementor-size-default\">Neuropsychologists on the North Shore<\/h1>\t\t\t\t<\/div>\n\t\t\t\t<\/div>\n\t\t\t\t<\/div>\n\t\t<div class=\"elementor-element elementor-element-341bf28 e-flex e-con-boxed e-con e-parent\" data-id=\"341bf28\" data-element_type=\"container\">\n\t\t\t\t\t<div class=\"e-con-inner\">\n\t\t\t\t<div class=\"elementor-element elementor-element-b251e02 elementor-widget elementor-widget-text-editor\" data-id=\"b251e02\" data-element_type=\"widget\" data-widget_type=\"text-editor.default\">\n\t\t\t\t<div class=\"elementor-widget-container\">\n\t\t\t\t\t\t\t\t\t<p><strong><em>Ce service n&#8217;est pas disponible pour le moment.\u00a0<\/em><\/strong><br \/>The neuropsychologist is an expert in the relationships between the brain and behaviour. Are you experiencing problems with memory, attention, language or difficulties with executive functions? Our team will be able to support you and recommend strategies adapted to your needs.<\/p>\t\t\t\t\t\t\t\t<\/div>\n\t\t\t\t<\/div>\n\t\t\t\t\t<\/div>\n\t\t\t\t<\/div>\n\t\t<div class=\"elementor-element elementor-element-83486ba e-flex e-con-boxed e-con e-parent\" data-id=\"83486ba\" data-element_type=\"container\">\n\t\t\t\t\t<div class=\"e-con-inner\">\n\t\t<div class=\"elementor-element elementor-element-0c85153 e-con-full e-flex e-con e-child\" data-id=\"0c85153\" data-element_type=\"container\">\n\t\t\t\t<div class=\"elementor-element elementor-element-7a1e1be elementor-widget elementor-widget-image\" data-id=\"7a1e1be\" data-element_type=\"widget\" data-widget_type=\"image.default\">\n\t\t\t\t<div class=\"elementor-widget-container\">\n\t\t\t\t\t\t\t\t\t\t\t\t\t\t\t<img fetchpriority=\"high\" decoding=\"async\" width=\"754\" height=\"532\" src=\"https:\/\/vertexcommotion.ca\/wp-content\/uploads\/2024\/07\/neuropsychologie.png\" class=\"attachment-large size-large wp-image-4801\" alt=\"Illustration qui repr\u00e9sente la complexit\u00e9 du cerveau humain\" srcset=\"https:\/\/vertexcommotion.ca\/wp-content\/uploads\/2024\/07\/neuropsychologie.png 754w, https:\/\/vertexcommotion.ca\/wp-content\/uploads\/2024\/07\/neuropsychologie-300x212.png 300w, https:\/\/vertexcommotion.ca\/wp-content\/uploads\/2024\/07\/neuropsychologie-18x12.png 18w\" sizes=\"(max-width: 754px) 100vw, 754px\" \/>\t\t\t\t\t\t\t\t\t\t\t\t\t\t\t<\/div>\n\t\t\t\t<\/div>\n\t\t\t\t<\/div>\n\t\t<div class=\"elementor-element elementor-element-49e82a7 e-con-full e-flex e-con e-child\" data-id=\"49e82a7\" data-element_type=\"container\">\n\t\t\t\t<div class=\"elementor-element elementor-element-9b3a4f5 elementor-widget elementor-widget-text-editor\" data-id=\"9b3a4f5\" data-element_type=\"widget\" data-widget_type=\"text-editor.default\">\n\t\t\t\t<div class=\"elementor-widget-container\">\n\t\t\t\t\t\t\t\t\t<h2><strong>What is neuropsychology?<\/strong><\/h2><p>Neuropsychology is a branch of psychology that focuses on the connection between the brain and human behaviours. It explores how dysfunctions of the central nervous system can affect cognitive, emotional and behavioural functions.<\/p>\t\t\t\t\t\t\t\t<\/div>\n\t\t\t\t<\/div>\n\t\t\t\t<\/div>\n\t\t\t\t\t<\/div>\n\t\t\t\t<\/div>\n\t\t<div class=\"elementor-element elementor-element-266cc40 e-flex e-con-boxed e-con e-parent\" data-id=\"266cc40\" data-element_type=\"container\">\n\t\t\t\t\t<div class=\"e-con-inner\">\n\t\t<div class=\"elementor-element elementor-element-dfb844b e-con-full e-flex e-con e-child\" data-id=\"dfb844b\" data-element_type=\"container\">\n\t\t\t\t<div class=\"elementor-element elementor-element-af74a51 elementor-widget elementor-widget-text-editor\" data-id=\"af74a51\" data-element_type=\"widget\" data-widget_type=\"text-editor.default\">\n\t\t\t\t<div class=\"elementor-widget-container\">\n\t\t\t\t\t\t\t\t\t<h2><strong>Why consult a neuropsychologist?<\/strong><\/h2><p>The neuropsychologist specializes in the assessment and treatment of neuropsychological and cognitive disorders. They are able to provide tools and recommendations based on the difficulties that the patient may be experiencing. It can also help a person in rehabilitation to better understand the cognitive and\/or behavioural changes that represent obstacles to their adaptation to their new reality.<\/p>\t\t\t\t\t\t\t\t<\/div>\n\t\t\t\t<\/div>\n\t\t\t\t<\/div>\n\t\t<div class=\"elementor-element elementor-element-7dcf1e4 e-con-full e-flex e-con e-child\" data-id=\"7dcf1e4\" data-element_type=\"container\">\n\t\t\t\t<div class=\"elementor-element elementor-element-f8f14d4 elementor-widget elementor-widget-image\" data-id=\"f8f14d4\" data-element_type=\"widget\" data-widget_type=\"image.default\">\n\t\t\t\t<div class=\"elementor-widget-container\">\n\t\t\t\t\t\t\t\t\t\t\t\t\t\t\t<img decoding=\"async\" width=\"780\" height=\"520\" src=\"data:image\/svg+xml;charset=utf-8,%3Csvg xmlns%3D&#039;http%3A%2F%2Fwww.w3.org%2F2000%2Fsvg&#039; viewBox%3D&#039;0 0 1024 683&#039;%2F%3E\" class=\"attachment-large size-large wp-image-4802 ld-lazyload\" alt=\"\" data-src=\"https:\/\/vertexcommotion.ca\/wp-content\/uploads\/2024\/07\/neuropsy-laurentides-1024x683.jpg\" data-srcset=\"https:\/\/vertexcommotion.ca\/wp-content\/uploads\/2024\/07\/neuropsy-laurentides-1024x683.jpg 1024w, https:\/\/vertexcommotion.ca\/wp-content\/uploads\/2024\/07\/neuropsy-laurentides-300x200.jpg 300w, https:\/\/vertexcommotion.ca\/wp-content\/uploads\/2024\/07\/neuropsy-laurentides-18x12.jpg 18w, https:\/\/vertexcommotion.ca\/wp-content\/uploads\/2024\/07\/neuropsy-laurentides-720x480.jpg 720w, https:\/\/vertexcommotion.ca\/wp-content\/uploads\/2024\/07\/neuropsy-laurentides.jpg 1254w\" data-sizes=\"(max-width: 780px) 100vw, 780px\" data-aspect=\"1.4992679355783\" \/>\t\t\t\t\t\t\t\t\t\t\t\t\t\t\t<\/div>\n\t\t\t\t<\/div>\n\t\t\t\t<\/div>\n\t\t\t\t\t<\/div>\n\t\t\t\t<\/div>\n\t\t<div class=\"elementor-element elementor-element-b0b033d e-flex e-con-boxed e-con e-parent\" data-id=\"b0b033d\" data-element_type=\"container\">\n\t\t\t\t\t<div class=\"e-con-inner\">\n\t\t\t\t<div class=\"elementor-element elementor-element-51d1958 elementor-widget elementor-widget-text-editor\" data-id=\"51d1958\" data-element_type=\"widget\" data-widget_type=\"text-editor.default\">\n\t\t\t\t<div class=\"elementor-widget-container\">\n\t\t\t\t\t\t\t\t\t<p>Several reasons may justify a consultation:<\/p><ul><li>Memory problems<\/li><li>Probl\u00e8me d&#8217;attention<\/li><li>Difficulties with language<\/li><li>Difficulties with executive functions<\/li><li><a href=\"https:\/\/vertexcommotion.ca\/en\/concussion\/\">Concussion<\/a><\/li><li>Neurodegenerative diseases<\/li><\/ul>\t\t\t\t\t\t\t\t<\/div>\n\t\t\t\t<\/div>\n\t\t\t\t\t<\/div>\n\t\t\t\t<\/div>\n\t\t<div class=\"elementor-element elementor-element-684cb05 e-flex e-con-boxed e-con e-parent\" data-id=\"684cb05\" data-element_type=\"container\" data-settings=\"{&quot;background_background&quot;:&quot;classic&quot;}\">\n\t\t\t\t\t<div class=\"e-con-inner\">\n\t\t\t\t<div class=\"elementor-element elementor-element-71983be elementor-widget elementor-widget-text-editor\" data-id=\"71983be\" data-element_type=\"widget\" data-widget_type=\"text-editor.default\">\n\t\t\t\t<div class=\"elementor-widget-container\">\n\t\t\t\t\t\t\t\t\t<h2><strong style=\"color: white;\">Get strategies tailored to your needs<\/strong><\/h2>\n<strong>See how our neuropsychologists can help you.<\/strong>\t\t\t\t\t\t\t\t<\/div>\n\t\t\t\t<\/div>\n\t\t\t\t<div class=\"elementor-element elementor-element-baaa794 elementor-align-center elementor-widget elementor-widget-ld_button\" data-id=\"baaa794\" data-element_type=\"widget\" data-widget_type=\"ld_button.default\">\n\t\t\t\t<div class=\"elementor-widget-container\">\n\t\t\t\t\t\n\t\t\t<a\n\t\t\t\thref=\"https:\/\/www.gorendezvous.com\/vertexcommotion\"class=\"elementor-button btn btn-solid btn-icon-shaped btn-has-label\"\t\t\t>\n\t\t\t\t\t\t\t\t\t<span data-text=\"Prenez rendez-vous\" class=\"btn-txt\">\n\t\t\t\t\t\tMake an appointment\t\t\t\t\t<\/span>\n\t\t\t\t\t\t\t\t\t\t\t<\/a>\n\t\t\t\t\t\t\t<\/div>\n\t\t\t\t<\/div>\n\t\t\t\t\t<\/div>\n\t\t\t\t<\/div>\n\t\t<div class=\"elementor-element elementor-element-8495e8a e-flex e-con-boxed e-con e-parent\" data-id=\"8495e8a\" data-element_type=\"container\">\n\t\t\t\t\t<div class=\"e-con-inner\">\n\t\t<div class=\"elementor-element elementor-element-6aa803e e-con-full e-flex e-con e-child\" data-id=\"6aa803e\" data-element_type=\"container\">\n\t\t\t\t<div class=\"elementor-element elementor-element-078ca62 elementor-widget elementor-widget-image\" data-id=\"078ca62\" data-element_type=\"widget\" data-widget_type=\"image.default\">\n\t\t\t\t<div class=\"elementor-widget-container\">\n\t\t\t\t\t\t\t\t\t\t\t\t\t\t\t<img decoding=\"async\" width=\"780\" height=\"564\" src=\"data:image\/svg+xml;charset=utf-8,%3Csvg xmlns%3D&#039;http%3A%2F%2Fwww.w3.org%2F2000%2Fsvg&#039; viewBox%3D&#039;0 0 1024 741&#039;%2F%3E\" class=\"attachment-large size-large wp-image-4803 ld-lazyload\" alt=\"\" data-src=\"https:\/\/vertexcommotion.ca\/wp-content\/uploads\/2024\/07\/evaluation-neuropsychologique-1024x741.jpg\" data-srcset=\"https:\/\/vertexcommotion.ca\/wp-content\/uploads\/2024\/07\/evaluation-neuropsychologique-1024x741.jpg 1024w, https:\/\/vertexcommotion.ca\/wp-content\/uploads\/2024\/07\/evaluation-neuropsychologique-300x217.jpg 300w, https:\/\/vertexcommotion.ca\/wp-content\/uploads\/2024\/07\/evaluation-neuropsychologique-18x12.jpg 18w, https:\/\/vertexcommotion.ca\/wp-content\/uploads\/2024\/07\/evaluation-neuropsychologique.jpg 1204w\" data-sizes=\"(max-width: 780px) 100vw, 780px\" data-aspect=\"1.3819163292848\" \/>\t\t\t\t\t\t\t\t\t\t\t\t\t\t\t<\/div>\n\t\t\t\t<\/div>\n\t\t\t\t<\/div>\n\t\t<div class=\"elementor-element elementor-element-e08398d e-con-full e-flex e-con e-child\" data-id=\"e08398d\" data-element_type=\"container\">\n\t\t\t\t<div class=\"elementor-element elementor-element-7b2af83 elementor-widget elementor-widget-text-editor\" data-id=\"7b2af83\" data-element_type=\"widget\" data-widget_type=\"text-editor.default\">\n\t\t\t\t<div class=\"elementor-widget-container\">\n\t\t\t\t\t\t\t\t\t<h2><strong>Neuropsychology assessent<\/strong><\/h2><p>The neuropsychologist uses psychometric tests to measure the presence and extent of cognitive impairment. Its evaluation process can also include analysis of the medical history, a clinical interview, observations, as well as questionnaires to interpret the results according to the individual's context.<\/p>\t\t\t\t\t\t\t\t<\/div>\n\t\t\t\t<\/div>\n\t\t\t\t<\/div>\n\t\t\t\t\t<\/div>\n\t\t\t\t<\/div>\n\t\t<div class=\"elementor-element elementor-element-8a26d14 e-flex e-con-boxed e-con e-parent\" data-id=\"8a26d14\" data-element_type=\"container\">\n\t\t\t\t\t<div class=\"e-con-inner\">\n\t\t\t\t<div class=\"elementor-element elementor-element-e72e1e6 elementor-widget elementor-widget-text-editor\" data-id=\"e72e1e6\" data-element_type=\"widget\" data-widget_type=\"text-editor.default\">\n\t\t\t\t<div class=\"elementor-widget-container\">\n\t\t\t\t\t\t\t\t\t<p>The neuropsychologist aims for a global understanding of cognitive functioning and can sometimes make a clinical judgment on the nature of the cognitive impairments presented.<\/p><p>\u00a0<\/p><h2><strong>In action mode<\/strong><\/h2><p>Les interventions propos\u00e9es sont personnalis\u00e9es en fonction des besoins de chacun. Elles peuvent inclure des programmes de r\u00e9\u00e9ducation visant \u00e0 am\u00e9liorer les fonctions cognitives, comme la m\u00e9moire et l&#8217;attention. Dans d\u2019autres cas, des strat\u00e9gies de gestion et de compensation peuvent \u00eatre recommand\u00e9es pour tenter de limiter l\u2019impact des d\u00e9ficits cognitifs sur le fonctionnement de la personne au quotidien.<\/p>\t\t\t\t\t\t\t\t<\/div>\n\t\t\t\t<\/div>\n\t\t\t\t\t<\/div>\n\t\t\t\t<\/div>\n\t\t<div class=\"elementor-element elementor-element-124c0f3 e-flex e-con-boxed e-con e-parent\" data-id=\"124c0f3\" data-element_type=\"container\" data-settings=\"{&quot;background_background&quot;:&quot;classic&quot;}\">\n\t\t\t\t\t<div class=\"e-con-inner\">\n\t\t\t\t<div class=\"elementor-element elementor-element-4d81f3b elementor-widget elementor-widget-text-editor\" data-id=\"4d81f3b\" data-element_type=\"widget\" data-widget_type=\"text-editor.default\">\n\t\t\t\t<div class=\"elementor-widget-container\">\n\t\t\t\t\t\t\t\t\t<p>Consultations with our neuropsychologists take place in our clinic located in Mirabel, on the North Shore, in the Laurentians.<\/p>\t\t\t\t\t\t\t\t<\/div>\n\t\t\t\t<\/div>\n\t\t\t\t<div class=\"elementor-element elementor-element-9b70618 elementor-align-center elementor-widget elementor-widget-ld_button\" data-id=\"9b70618\" data-element_type=\"widget\" data-widget_type=\"ld_button.default\">\n\t\t\t\t<div class=\"elementor-widget-container\">\n\t\t\t\t\t\n\t\t\t<a\n\t\t\t\thref=\"https:\/\/www.gorendezvous.com\/vertexcommotion\"class=\"elementor-button btn btn-solid btn-icon-shaped btn-has-label\"\t\t\t>\n\t\t\t\t\t\t\t\t\t<span data-text=\"Prenez rendez-vous\" class=\"btn-txt\">\n\t\t\t\t\t\tMake an appointment\t\t\t\t\t<\/span>\n\t\t\t\t\t\t\t\t\t\t\t<\/a>\n\t\t\t\t\t\t\t<\/div>\n\t\t\t\t<\/div>\n\t\t\t\t\t<\/div>\n\t\t\t\t<\/div>\n\t\t<div class=\"elementor-element elementor-element-7ae659b e-flex e-con-boxed e-con e-parent\" data-id=\"7ae659b\" data-element_type=\"container\">\n\t\t\t\t\t<div class=\"e-con-inner\">\n\t\t<div class=\"elementor-element elementor-element-13cfd8c e-con-full e-flex e-con e-child\" data-id=\"13cfd8c\" data-element_type=\"container\">\n\t\t\t\t<div class=\"elementor-element elementor-element-4ee7824 elementor-widget elementor-widget-text-editor\" data-id=\"4ee7824\" data-element_type=\"widget\" data-widget_type=\"text-editor.default\">\n\t\t\t\t<div class=\"elementor-widget-container\">\n\t\t\t\t\t\t\t\t\t<h2><strong>Team work<\/strong><\/h2><p>Chez Vertex, les neuropsychologues travaillent en collaboration avec d&#8217;autres professionnels de la sant\u00e9, tels que les <a href=\"https:\/\/vertexcommotion.ca\/en\/our-services\/psychologie\/\">psychologists,<\/a> and <a href=\"https:\/\/vertexcommotion.ca\/en\/our-services\/occupational-therapy\/\">occupational therapists<\/a>, to offer a comprehensive and coherent treatment plan. This multidisciplinary approach ensures complete and effective management of neuropsychological disorders.<\/p>\t\t\t\t\t\t\t\t<\/div>\n\t\t\t\t<\/div>\n\t\t\t\t<\/div>\n\t\t<div class=\"elementor-element elementor-element-f25fc55 e-con-full e-flex e-con e-child\" data-id=\"f25fc55\" data-element_type=\"container\">\n\t\t\t\t<div class=\"elementor-element elementor-element-162bbb5 elementor-widget elementor-widget-image\" data-id=\"162bbb5\" data-element_type=\"widget\" data-widget_type=\"image.default\">\n\t\t\t\t<div class=\"elementor-widget-container\">\n\t\t\t\t\t\t\t\t\t\t\t\t\t\t\t<img loading=\"lazy\" decoding=\"async\" width=\"1140\" height=\"740\" src=\"data:image\/svg+xml;charset=utf-8,%3Csvg xmlns%3D&#039;http%3A%2F%2Fwww.w3.org%2F2000%2Fsvg&#039; viewBox%3D&#039;0 0 1140 740&#039;%2F%3E\" class=\"attachment-liquid-packery-wide size-liquid-packery-wide wp-image-4805 ld-lazyload\" alt=\"Bureau de consultation en neuropsychologie chez Vertex, sur la Rive-Nord\" data-src=\"https:\/\/vertexcommotion.ca\/wp-content\/uploads\/2024\/07\/neuropsy-1140x740.jpg\" data-srcset=\"https:\/\/vertexcommotion.ca\/wp-content\/uploads\/2024\/07\/neuropsy-1140x740.jpg 1140w, https:\/\/vertexcommotion.ca\/wp-content\/uploads\/2024\/07\/neuropsy-18x12.jpg 18w\" data-sizes=\"(max-width: 1140px) 100vw, 1140px\" data-aspect=\"1.5405405405405\" \/>\t\t\t\t\t\t\t\t\t\t\t\t\t\t\t<\/div>\n\t\t\t\t<\/div>\n\t\t\t\t<\/div>\n\t\t\t\t\t<\/div>\n\t\t\t\t<\/div>\n\t\t\t\t<\/div>","protected":false},"excerpt":{"rendered":"<p>Neuropsychologues sur la Rive-Nord Ce service n&#8217;est pas disponible pour le moment.\u00a0Le\u00a0neuropsychologue\u00a0est un expert des relations entre le cerveau et les comportements. Vous \u00e9prouvez des probl\u00e8mes de m\u00e9moire, d\u2019attention, de langage ou des difficult\u00e9s au niveau des fonctions ex\u00e9cutives? Notre \u00e9quipe saura vous accompagner et vous recommander des strat\u00e9gies adapt\u00e9es \u00e0 vos besoins. Qu\u2019est-ce que [&hellip;]<\/p>","protected":false},"author":4,"featured_media":0,"parent":26,"menu_order":0,"comment_status":"closed","ping_status":"closed","template":"","meta":{"footnotes":""},"class_list":["post-4798","page","type-page","status-publish","hentry"],"yoast_head":"<!-- This site is optimized with the Yoast SEO plugin v25.0 - https:\/\/yoast.com\/wordpress\/plugins\/seo\/ -->\n<title>Neuropsychologue sur la Rive-Nord: \u00e9valuation et traitement<\/title>\n<meta name=\"description\" content=\"Consultez un neuropsychologue pour \u00e9valuer et traiter les troubles cognitifs et neuropsychologiques. Prenez rendez-vous \u00e0 Mirabel, Laurentides.\" \/>\n<meta name=\"robots\" content=\"index, follow, max-snippet:-1, max-image-preview:large, max-video-preview:-1\" \/>\n<link rel=\"canonical\" href=\"https:\/\/vertexcommotion.ca\/en\/our-services\/neuropsychologie\/\" \/>\n<meta property=\"og:locale\" content=\"en_US\" \/>\n<meta property=\"og:type\" content=\"article\" \/>\n<meta property=\"og:title\" content=\"Neuropsychologue sur la Rive-Nord: \u00e9valuation et traitement\" \/>\n<meta property=\"og:description\" content=\"Consultez un neuropsychologue pour \u00e9valuer et traiter les troubles cognitifs et neuropsychologiques. Prenez rendez-vous \u00e0 Mirabel, Laurentides.\" \/>\n<meta property=\"og:url\" content=\"https:\/\/vertexcommotion.ca\/en\/our-services\/neuropsychologie\/\" \/>\n<meta property=\"og:site_name\" content=\"Vertex\" \/>\n<meta property=\"article:modified_time\" content=\"2025-10-07T13:15:45+00:00\" \/>\n<meta property=\"og:image\" content=\"https:\/\/vertexcommotion.ca\/wp-content\/uploads\/2024\/07\/neuropsychologie.png\" \/>\n\t<meta property=\"og:image:width\" content=\"754\" \/>\n\t<meta property=\"og:image:height\" content=\"532\" \/>\n\t<meta property=\"og:image:type\" content=\"image\/png\" \/>\n<meta name=\"twitter:card\" content=\"summary_large_image\" \/>\n<meta name=\"twitter:label1\" content=\"Est. reading time\" \/>\n\t<meta name=\"twitter:data1\" content=\"3 minutes\" \/>\n<script type=\"application\/ld+json\" class=\"yoast-schema-graph\">{\"@context\":\"https:\/\/schema.org\",\"@graph\":[{\"@type\":\"WebPage\",\"@id\":\"https:\/\/vertexcommotion.ca\/nos-services\/neuropsychologie\/\",\"url\":\"https:\/\/vertexcommotion.ca\/nos-services\/neuropsychologie\/\",\"name\":\"Neuropsychologue sur la Rive-Nord: \u00e9valuation et traitement\",\"isPartOf\":{\"@id\":\"https:\/\/vertexcommotion.ca\/#website\"},\"primaryImageOfPage\":{\"@id\":\"https:\/\/vertexcommotion.ca\/nos-services\/neuropsychologie\/#primaryimage\"},\"image\":{\"@id\":\"https:\/\/vertexcommotion.ca\/nos-services\/neuropsychologie\/#primaryimage\"},\"thumbnailUrl\":\"https:\/\/vertexcommotion.ca\/wp-content\/uploads\/2024\/07\/neuropsychologie.png\",\"datePublished\":\"2024-07-22T14:59:01+00:00\",\"dateModified\":\"2025-10-07T13:15:45+00:00\",\"description\":\"Consultez un neuropsychologue pour \u00e9valuer et traiter les troubles cognitifs et neuropsychologiques. Prenez rendez-vous \u00e0 Mirabel, Laurentides.\",\"breadcrumb\":{\"@id\":\"https:\/\/vertexcommotion.ca\/nos-services\/neuropsychologie\/#breadcrumb\"},\"inLanguage\":\"en-CA\",\"potentialAction\":[{\"@type\":\"ReadAction\",\"target\":[\"https:\/\/vertexcommotion.ca\/nos-services\/neuropsychologie\/\"]}]},{\"@type\":\"ImageObject\",\"inLanguage\":\"en-CA\",\"@id\":\"https:\/\/vertexcommotion.ca\/nos-services\/neuropsychologie\/#primaryimage\",\"url\":\"https:\/\/vertexcommotion.ca\/wp-content\/uploads\/2024\/07\/neuropsychologie.png\",\"contentUrl\":\"https:\/\/vertexcommotion.ca\/wp-content\/uploads\/2024\/07\/neuropsychologie.png\"},{\"@type\":\"BreadcrumbList\",\"@id\":\"https:\/\/vertexcommotion.ca\/nos-services\/neuropsychologie\/#breadcrumb\",\"itemListElement\":[{\"@type\":\"ListItem\",\"position\":1,\"name\":\"Home\",\"item\":\"https:\/\/vertexcommotion.ca\/\"},{\"@type\":\"ListItem\",\"position\":2,\"name\":\"Nos Services\",\"item\":\"https:\/\/vertexcommotion.ca\/nos-services\/\"},{\"@type\":\"ListItem\",\"position\":3,\"name\":\"Neuropsychologie\"}]},{\"@type\":\"WebSite\",\"@id\":\"https:\/\/vertexcommotion.ca\/#website\",\"url\":\"https:\/\/vertexcommotion.ca\/\",\"name\":\"Vertex\",\"description\":\"\",\"publisher\":{\"@id\":\"https:\/\/vertexcommotion.ca\/#organization\"},\"potentialAction\":[{\"@type\":\"SearchAction\",\"target\":{\"@type\":\"EntryPoint\",\"urlTemplate\":\"https:\/\/vertexcommotion.ca\/?s={search_term_string}\"},\"query-input\":{\"@type\":\"PropertyValueSpecification\",\"valueRequired\":true,\"valueName\":\"search_term_string\"}}],\"inLanguage\":\"en-CA\"},{\"@type\":\"Organization\",\"@id\":\"https:\/\/vertexcommotion.ca\/#organization\",\"name\":\"Vertex\",\"url\":\"https:\/\/vertexcommotion.ca\/\",\"logo\":{\"@type\":\"ImageObject\",\"inLanguage\":\"en-CA\",\"@id\":\"https:\/\/vertexcommotion.ca\/#\/schema\/logo\/image\/\",\"url\":\"https:\/\/vertexcommotion.ca\/wp-content\/uploads\/2023\/09\/VertexLogo.png\",\"contentUrl\":\"https:\/\/vertexcommotion.ca\/wp-content\/uploads\/2023\/09\/VertexLogo.png\",\"width\":550,\"height\":245,\"caption\":\"Vertex\"},\"image\":{\"@id\":\"https:\/\/vertexcommotion.ca\/#\/schema\/logo\/image\/\"}}]}<\/script>\n<!-- \/ Yoast SEO plugin. -->","yoast_head_json":{"title":"Neuropsychologue sur la Rive-Nord: \u00e9valuation et traitement","description":"Consultez un neuropsychologue pour \u00e9valuer et traiter les troubles cognitifs et neuropsychologiques. Prenez rendez-vous \u00e0 Mirabel, Laurentides.","robots":{"index":"index","follow":"follow","max-snippet":"max-snippet:-1","max-image-preview":"max-image-preview:large","max-video-preview":"max-video-preview:-1"},"canonical":"https:\/\/vertexcommotion.ca\/en\/our-services\/neuropsychologie\/","og_locale":"en_US","og_type":"article","og_title":"Neuropsychologue sur la Rive-Nord: \u00e9valuation et traitement","og_description":"Consultez un neuropsychologue pour \u00e9valuer et traiter les troubles cognitifs et neuropsychologiques. Prenez rendez-vous \u00e0 Mirabel, Laurentides.","og_url":"https:\/\/vertexcommotion.ca\/en\/our-services\/neuropsychologie\/","og_site_name":"Vertex","article_modified_time":"2025-10-07T13:15:45+00:00","og_image":[{"width":754,"height":532,"url":"https:\/\/vertexcommotion.ca\/wp-content\/uploads\/2024\/07\/neuropsychologie.png","type":"image\/png"}],"twitter_card":"summary_large_image","twitter_misc":{"Est. reading time":"3 minutes"},"schema":{"@context":"https:\/\/schema.org","@graph":[{"@type":"WebPage","@id":"https:\/\/vertexcommotion.ca\/nos-services\/neuropsychologie\/","url":"https:\/\/vertexcommotion.ca\/nos-services\/neuropsychologie\/","name":"Neuropsychologue sur la Rive-Nord: \u00e9valuation et traitement","isPartOf":{"@id":"https:\/\/vertexcommotion.ca\/#website"},"primaryImageOfPage":{"@id":"https:\/\/vertexcommotion.ca\/nos-services\/neuropsychologie\/#primaryimage"},"image":{"@id":"https:\/\/vertexcommotion.ca\/nos-services\/neuropsychologie\/#primaryimage"},"thumbnailUrl":"https:\/\/vertexcommotion.ca\/wp-content\/uploads\/2024\/07\/neuropsychologie.png","datePublished":"2024-07-22T14:59:01+00:00","dateModified":"2025-10-07T13:15:45+00:00","description":"Consultez un neuropsychologue pour \u00e9valuer et traiter les troubles cognitifs et neuropsychologiques. Prenez rendez-vous \u00e0 Mirabel, Laurentides.","breadcrumb":{"@id":"https:\/\/vertexcommotion.ca\/nos-services\/neuropsychologie\/#breadcrumb"},"inLanguage":"en-CA","potentialAction":[{"@type":"ReadAction","target":["https:\/\/vertexcommotion.ca\/nos-services\/neuropsychologie\/"]}]},{"@type":"ImageObject","inLanguage":"en-CA","@id":"https:\/\/vertexcommotion.ca\/nos-services\/neuropsychologie\/#primaryimage","url":"https:\/\/vertexcommotion.ca\/wp-content\/uploads\/2024\/07\/neuropsychologie.png","contentUrl":"https:\/\/vertexcommotion.ca\/wp-content\/uploads\/2024\/07\/neuropsychologie.png"},{"@type":"BreadcrumbList","@id":"https:\/\/vertexcommotion.ca\/nos-services\/neuropsychologie\/#breadcrumb","itemListElement":[{"@type":"ListItem","position":1,"name":"Home","item":"https:\/\/vertexcommotion.ca\/"},{"@type":"ListItem","position":2,"name":"Nos Services","item":"https:\/\/vertexcommotion.ca\/nos-services\/"},{"@type":"ListItem","position":3,"name":"Neuropsychologie"}]},{"@type":"WebSite","@id":"https:\/\/vertexcommotion.ca\/#website","url":"https:\/\/vertexcommotion.ca\/","name":"Vertex","description":"","publisher":{"@id":"https:\/\/vertexcommotion.ca\/#organization"},"potentialAction":[{"@type":"SearchAction","target":{"@type":"EntryPoint","urlTemplate":"https:\/\/vertexcommotion.ca\/?s={search_term_string}"},"query-input":{"@type":"PropertyValueSpecification","valueRequired":true,"valueName":"search_term_string"}}],"inLanguage":"en-CA"},{"@type":"Organization","@id":"https:\/\/vertexcommotion.ca\/#organization","name":"Vertex","url":"https:\/\/vertexcommotion.ca\/","logo":{"@type":"ImageObject","inLanguage":"en-CA","@id":"https:\/\/vertexcommotion.ca\/#\/schema\/logo\/image\/","url":"https:\/\/vertexcommotion.ca\/wp-content\/uploads\/2023\/09\/VertexLogo.png","contentUrl":"https:\/\/vertexcommotion.ca\/wp-content\/uploads\/2023\/09\/VertexLogo.png","width":550,"height":245,"caption":"Vertex"},"image":{"@id":"https:\/\/vertexcommotion.ca\/#\/schema\/logo\/image\/"}}]}},"_links":{"self":[{"href":"https:\/\/vertexcommotion.ca\/en\/wp-json\/wp\/v2\/pages\/4798","targetHints":{"allow":["GET"]}}],"collection":[{"href":"https:\/\/vertexcommotion.ca\/en\/wp-json\/wp\/v2\/pages"}],"about":[{"href":"https:\/\/vertexcommotion.ca\/en\/wp-json\/wp\/v2\/types\/page"}],"author":[{"embeddable":true,"href":"https:\/\/vertexcommotion.ca\/en\/wp-json\/wp\/v2\/users\/4"}],"replies":[{"embeddable":true,"href":"https:\/\/vertexcommotion.ca\/en\/wp-json\/wp\/v2\/comments?post=4798"}],"version-history":[{"count":7,"href":"https:\/\/vertexcommotion.ca\/en\/wp-json\/wp\/v2\/pages\/4798\/revisions"}],"predecessor-version":[{"id":5178,"href":"https:\/\/vertexcommotion.ca\/en\/wp-json\/wp\/v2\/pages\/4798\/revisions\/5178"}],"up":[{"embeddable":true,"href":"https:\/\/vertexcommotion.ca\/en\/wp-json\/wp\/v2\/pages\/26"}],"wp:attachment":[{"href":"https:\/\/vertexcommotion.ca\/en\/wp-json\/wp\/v2\/media?parent=4798"}],"curies":[{"name":"wp","href":"https:\/\/api.w.org\/{rel}","templated":true}]}}