{"id":4628,"date":"2024-06-25T18:13:43","date_gmt":"2024-06-25T18:13:43","guid":{"rendered":"https:\/\/vertexcommotion.ca\/?page_id=4628"},"modified":"2024-08-27T15:43:43","modified_gmt":"2024-08-27T15:43:43","slug":"acupuncture","status":"publish","type":"page","link":"https:\/\/vertexcommotion.ca\/en\/our-services\/acupuncture\/","title":{"rendered":"Acupuncture"},"content":{"rendered":"<div data-elementor-type=\"wp-page\" data-elementor-id=\"4628\" class=\"elementor elementor-4628\">\n\t\t\t\t<div class=\"elementor-element elementor-element-7577192 e-con-full e-flex e-con e-parent\" data-id=\"7577192\" data-element_type=\"container\" data-settings=\"{&quot;background_background&quot;:&quot;classic&quot;}\">\n\t\t\t\t<div class=\"elementor-element elementor-element-6ce4200 elementor-widget elementor-widget-heading\" data-id=\"6ce4200\" data-element_type=\"widget\" data-widget_type=\"heading.default\">\n\t\t\t\t<div class=\"elementor-widget-container\">\n\t\t\t\t\t<h1 class=\"elementor-heading-title elementor-size-default\">Acupuncture Clinic<\/h1>\t\t\t\t<\/div>\n\t\t\t\t<\/div>\n\t\t\t\t<\/div>\n\t\t<div class=\"elementor-element elementor-element-341bf28 e-flex e-con-boxed e-con e-parent\" data-id=\"341bf28\" data-element_type=\"container\">\n\t\t\t\t\t<div class=\"e-con-inner\">\n\t\t\t\t<div class=\"elementor-element elementor-element-b251e02 elementor-widget elementor-widget-text-editor\" data-id=\"b251e02\" data-element_type=\"widget\" data-widget_type=\"text-editor.default\">\n\t\t\t\t<div class=\"elementor-widget-container\">\n\t\t\t\t\t\t\t\t\t<p>The Vertex clinic in Mirabel offers acupuncture treatments to improve general health as well as several ailments. Whether it's to improve your health or relieve pain, we are at your side.<\/p>\t\t\t\t\t\t\t\t<\/div>\n\t\t\t\t<\/div>\n\t\t\t\t\t<\/div>\n\t\t\t\t<\/div>\n\t\t<div class=\"elementor-element elementor-element-83486ba e-flex e-con-boxed e-con e-parent\" data-id=\"83486ba\" data-element_type=\"container\">\n\t\t\t\t\t<div class=\"e-con-inner\">\n\t\t<div class=\"elementor-element elementor-element-0c85153 e-con-full e-flex e-con e-child\" data-id=\"0c85153\" data-element_type=\"container\">\n\t\t\t\t<div class=\"elementor-element elementor-element-7a1e1be elementor-widget elementor-widget-image\" data-id=\"7a1e1be\" data-element_type=\"widget\" data-widget_type=\"image.default\">\n\t\t\t\t<div class=\"elementor-widget-container\">\n\t\t\t\t\t\t\t\t\t\t\t\t\t\t\t<img fetchpriority=\"high\" decoding=\"async\" width=\"780\" height=\"456\" src=\"https:\/\/vertexcommotion.ca\/wp-content\/uploads\/2024\/06\/acupuncteur-1024x598.jpeg\" class=\"attachment-large size-large wp-image-4631\" alt=\"Insertion d\u2019aiguilles lors d\u2019une s\u00e9ance dans une clinique d\u2019acupuncture\" srcset=\"https:\/\/vertexcommotion.ca\/wp-content\/uploads\/2024\/06\/acupuncteur-1024x598.jpeg 1024w, https:\/\/vertexcommotion.ca\/wp-content\/uploads\/2024\/06\/acupuncteur-300x175.jpeg 300w, https:\/\/vertexcommotion.ca\/wp-content\/uploads\/2024\/06\/acupuncteur-18x12.jpeg 18w, https:\/\/vertexcommotion.ca\/wp-content\/uploads\/2024\/06\/acupuncteur.jpeg 1262w\" sizes=\"(max-width: 780px) 100vw, 780px\" \/>\t\t\t\t\t\t\t\t\t\t\t\t\t\t\t<\/div>\n\t\t\t\t<\/div>\n\t\t\t\t<\/div>\n\t\t<div class=\"elementor-element elementor-element-49e82a7 e-con-full e-flex e-con e-child\" data-id=\"49e82a7\" data-element_type=\"container\">\n\t\t\t\t<div class=\"elementor-element elementor-element-9b3a4f5 elementor-widget elementor-widget-text-editor\" data-id=\"9b3a4f5\" data-element_type=\"widget\" data-widget_type=\"text-editor.default\">\n\t\t\t\t<div class=\"elementor-widget-container\">\n\t\t\t\t\t\t\t\t\t<h2><strong>What is acupuncture?<\/strong><\/h2><p>Acupuncture consists of any act of stimulation, generally by means of fine needles, of certain specific sites on the skin, mucous membranes or subcutaneous tissues of the human body with the aim of improving health or relieving pain.<\/p>\t\t\t\t\t\t\t\t<\/div>\n\t\t\t\t<\/div>\n\t\t\t\t<\/div>\n\t\t\t\t\t<\/div>\n\t\t\t\t<\/div>\n\t\t<div class=\"elementor-element elementor-element-0a9d062 e-flex e-con-boxed e-con e-parent\" data-id=\"0a9d062\" data-element_type=\"container\">\n\t\t\t\t\t<div class=\"e-con-inner\">\n\t\t\t\t<div class=\"elementor-element elementor-element-8c001f6 elementor-widget elementor-widget-text-editor\" data-id=\"8c001f6\" data-element_type=\"widget\" data-widget_type=\"text-editor.default\">\n\t\t\t\t<div class=\"elementor-widget-container\">\n\t\t\t\t\t\t\t\t\t<h2><strong>Why consult an acupuncturist?<\/strong><\/h2><p>Acupuncture treatments can effectively treat several health conditions, including:<\/p><ul><li>Discomfort related to digestive issues<\/li><li>Headaches \/ migrains<\/li><li>Issues related to the menstrual cycle and fertility<\/li><li>Pregnancy follow-ups<\/li><li>Epicondylitis\/tendinitis<\/li><li>Musculoskeletal pain\u00a0<\/li><li>Osteoarthritis\/arthritis<\/li><li>Low back pain\/sciatica<\/li><li>Syndrome du tunnel carpien<\/li><li>Asthma and allergies<\/li><li>Stress and anxiety<\/li><li>Sleep related problems<\/li><li>Issues with perimenopause<\/li><\/ul><p>Acupuncture is also used in rehabilitation after a stroke or a <a href=\"https:\/\/vertexcommotion.ca\/en\/concussion\/\">mild traumatic brain injury<\/a> (mTBI).<\/p>\t\t\t\t\t\t\t\t<\/div>\n\t\t\t\t<\/div>\n\t\t\t\t\t<\/div>\n\t\t\t\t<\/div>\n\t\t<div class=\"elementor-element elementor-element-684cb05 e-flex e-con-boxed e-con e-parent\" data-id=\"684cb05\" data-element_type=\"container\" data-settings=\"{&quot;background_background&quot;:&quot;classic&quot;}\">\n\t\t\t\t\t<div class=\"e-con-inner\">\n\t\t\t\t<div class=\"elementor-element elementor-element-71983be elementor-widget elementor-widget-text-editor\" data-id=\"71983be\" data-element_type=\"widget\" data-widget_type=\"text-editor.default\">\n\t\t\t\t<div class=\"elementor-widget-container\">\n\t\t\t\t\t\t\t\t\t<h2><strong style=\"color: white;\">Obtain a personalized treatment<\/strong><\/h2>\n<strong>Discover the benefits of acupuncture.<\/strong>\t\t\t\t\t\t\t\t<\/div>\n\t\t\t\t<\/div>\n\t\t\t\t<div class=\"elementor-element elementor-element-baaa794 elementor-align-center elementor-widget elementor-widget-ld_button\" data-id=\"baaa794\" data-element_type=\"widget\" data-widget_type=\"ld_button.default\">\n\t\t\t\t<div class=\"elementor-widget-container\">\n\t\t\t\t\t\n\t\t\t<a\n\t\t\t\thref=\"https:\/\/www.gorendezvous.com\/vertexcommotion\"class=\"elementor-button btn btn-solid btn-icon-shaped btn-has-label\"\t\t\t>\n\t\t\t\t\t\t\t\t\t<span data-text=\"Prenez rendez-vous\" class=\"btn-txt\">\n\t\t\t\t\t\tMake an appointment\t\t\t\t\t<\/span>\n\t\t\t\t\t\t\t\t\t\t\t<\/a>\n\t\t\t\t\t\t\t<\/div>\n\t\t\t\t<\/div>\n\t\t\t\t\t<\/div>\n\t\t\t\t<\/div>\n\t\t<div class=\"elementor-element elementor-element-266cc40 e-flex e-con-boxed e-con e-parent\" data-id=\"266cc40\" data-element_type=\"container\">\n\t\t\t\t\t<div class=\"e-con-inner\">\n\t\t<div class=\"elementor-element elementor-element-dfb844b e-con-full e-flex e-con e-child\" data-id=\"dfb844b\" data-element_type=\"container\">\n\t\t\t\t<div class=\"elementor-element elementor-element-af74a51 elementor-widget elementor-widget-text-editor\" data-id=\"af74a51\" data-element_type=\"widget\" data-widget_type=\"text-editor.default\">\n\t\t\t\t<div class=\"elementor-widget-container\">\n\t\t\t\t\t\t\t\t\t<h2><strong>How does an acupuncture session take place?<\/strong><\/h2><p>Lors de votre premi\u00e8re visite, l&#8217;acupuncteur effectuera une \u00e9valuation compl\u00e8te de votre \u00e9tat de sant\u00e9 et \u00e9tablira un bilan \u00e9nerg\u00e9tique. En plus de questionner en d\u00e9tail la raison de consultation, il prendra en consid\u00e9ration vos ant\u00e9c\u00e9dents m\u00e9dicaux et votre mode de vie. Ce bilan servira \u00e0 d\u00e9terminer les points d\u2019acupuncture \u00e0 utiliser selon les principes de la m\u00e9decine traditionnelle chinoise.<\/p>\t\t\t\t\t\t\t\t<\/div>\n\t\t\t\t<\/div>\n\t\t\t\t<\/div>\n\t\t<div class=\"elementor-element elementor-element-7dcf1e4 e-con-full e-flex e-con e-child\" data-id=\"7dcf1e4\" data-element_type=\"container\">\n\t\t\t\t<div class=\"elementor-element elementor-element-f8f14d4 elementor-widget elementor-widget-image\" data-id=\"f8f14d4\" data-element_type=\"widget\" data-widget_type=\"image.default\">\n\t\t\t\t<div class=\"elementor-widget-container\">\n\t\t\t\t\t\t\t\t\t\t\t\t\t\t\t<img decoding=\"async\" width=\"780\" height=\"520\" src=\"data:image\/svg+xml;charset=utf-8,%3Csvg xmlns%3D&#039;http%3A%2F%2Fwww.w3.org%2F2000%2Fsvg&#039; viewBox%3D&#039;0 0 1024 683&#039;%2F%3E\" class=\"attachment-large size-large wp-image-4632 ld-lazyload\" alt=\"Salle de consultation chez Vertex, sur la Rive-Nord, dans les Laurentides\" data-src=\"https:\/\/vertexcommotion.ca\/wp-content\/uploads\/2024\/06\/consultation-acupuncture-1024x683.jpg\" data-srcset=\"https:\/\/vertexcommotion.ca\/wp-content\/uploads\/2024\/06\/consultation-acupuncture-1024x683.jpg 1024w, https:\/\/vertexcommotion.ca\/wp-content\/uploads\/2024\/06\/consultation-acupuncture-300x200.jpg 300w, https:\/\/vertexcommotion.ca\/wp-content\/uploads\/2024\/06\/consultation-acupuncture-18x12.jpg 18w, https:\/\/vertexcommotion.ca\/wp-content\/uploads\/2024\/06\/consultation-acupuncture-1536x1024.jpg 1536w, https:\/\/vertexcommotion.ca\/wp-content\/uploads\/2024\/06\/consultation-acupuncture-2048x1366.jpg 2048w, https:\/\/vertexcommotion.ca\/wp-content\/uploads\/2024\/06\/consultation-acupuncture-720x480.jpg 720w\" data-sizes=\"(max-width: 780px) 100vw, 780px\" data-aspect=\"1.4992679355783\" \/>\t\t\t\t\t\t\t\t\t\t\t\t\t\t\t<\/div>\n\t\t\t\t<\/div>\n\t\t\t\t<\/div>\n\t\t\t\t\t<\/div>\n\t\t\t\t<\/div>\n\t\t<div class=\"elementor-element elementor-element-802df5e e-flex e-con-boxed e-con e-parent\" data-id=\"802df5e\" data-element_type=\"container\">\n\t\t\t\t\t<div class=\"e-con-inner\">\n\t\t\t\t<div class=\"elementor-element elementor-element-c043792 elementor-widget elementor-widget-text-editor\" data-id=\"c043792\" data-element_type=\"widget\" data-widget_type=\"text-editor.default\">\n\t\t\t\t<div class=\"elementor-widget-container\">\n\t\t\t\t\t\t\t\t\t<p>Ensuite, l&#8217;acupuncteur ins\u00e9rera les aiguilles en ces points sp\u00e9cifiques. Les aiguilles utilis\u00e9es sont st\u00e9rilis\u00e9es et tr\u00e8s fines. Leurs punctures peuvent provoquer un l\u00e9ger pincement ou rien du tout.<\/p><p>The appointments take place in the <a href=\"https:\/\/vertexcommotion.ca\/en\/about-us\/\" target=\"_blank\" rel=\"noopener\">Vertex<\/a> situ\u00e9e \u00e0 Mirabel, sur la Rive-Nord, dans les Laurentides. Nous acceptons les dossiers des tiers payeurs (IVAQ, SAAQ anciens combattants (ACC), assureurs priv\u00e9s, etc.).<\/p>\t\t\t\t\t\t\t\t<\/div>\n\t\t\t\t<\/div>\n\t\t\t\t\t<\/div>\n\t\t\t\t<\/div>\n\t\t<div class=\"elementor-element elementor-element-8495e8a e-flex e-con-boxed e-con e-parent\" data-id=\"8495e8a\" data-element_type=\"container\">\n\t\t\t\t\t<div class=\"e-con-inner\">\n\t\t<div class=\"elementor-element elementor-element-6aa803e e-con-full e-flex e-con e-child\" data-id=\"6aa803e\" data-element_type=\"container\">\n\t\t\t\t<div class=\"elementor-element elementor-element-078ca62 elementor-widget elementor-widget-image\" data-id=\"078ca62\" data-element_type=\"widget\" data-widget_type=\"image.default\">\n\t\t\t\t<div class=\"elementor-widget-container\">\n\t\t\t\t\t\t\t\t\t\t\t\t\t\t\t<img decoding=\"async\" width=\"780\" height=\"520\" src=\"data:image\/svg+xml;charset=utf-8,%3Csvg xmlns%3D&#039;http%3A%2F%2Fwww.w3.org%2F2000%2Fsvg&#039; viewBox%3D&#039;0 0 1000 667&#039;%2F%3E\" class=\"attachment-large size-large wp-image-4633 ld-lazyload\" alt=\"Bol et aiguilles d\u2019acupuncture\" data-src=\"https:\/\/vertexcommotion.ca\/wp-content\/uploads\/2024\/06\/acupuncture-laurentides.jpg\" data-srcset=\"https:\/\/vertexcommotion.ca\/wp-content\/uploads\/2024\/06\/acupuncture-laurentides.jpg 1000w, https:\/\/vertexcommotion.ca\/wp-content\/uploads\/2024\/06\/acupuncture-laurentides-300x200.jpg 300w, https:\/\/vertexcommotion.ca\/wp-content\/uploads\/2024\/06\/acupuncture-laurentides-18x12.jpg 18w, https:\/\/vertexcommotion.ca\/wp-content\/uploads\/2024\/06\/acupuncture-laurentides-720x480.jpg 720w\" data-sizes=\"(max-width: 780px) 100vw, 780px\" data-aspect=\"1.4992503748126\" \/>\t\t\t\t\t\t\t\t\t\t\t\t\t\t\t<\/div>\n\t\t\t\t<\/div>\n\t\t\t\t<\/div>\n\t\t<div class=\"elementor-element elementor-element-e08398d e-con-full e-flex e-con e-child\" data-id=\"e08398d\" data-element_type=\"container\">\n\t\t\t\t<div class=\"elementor-element elementor-element-7b2af83 elementor-widget elementor-widget-text-editor\" data-id=\"7b2af83\" data-element_type=\"widget\" data-widget_type=\"text-editor.default\">\n\t\t\t\t<div class=\"elementor-widget-container\">\n\t\t\t\t\t\t\t\t\t<h2><strong>A clinic focused on your well-being<\/strong><\/h2><p>Vertex r\u00e9unit plusieurs professionnels de la sant\u00e9 sous un m\u00eame toit. En plus de la clinique d\u2019acupuncture, vous avez acc\u00e8s aux services d\u2019<a href=\"https:\/\/vertexcommotion.ca\/en\/our-services\/osteopathy\/\">osteopaths<\/a>, <a href=\"https:\/\/vertexcommotion.ca\/en\/our-services\/physiotherapy\/\">physiotherapists<\/a>, <a href=\"https:\/\/vertexcommotion.ca\/en\/our-services\/naturopathy\/\">naturopaths<\/a>, <a href=\"https:\/\/vertexcommotion.ca\/en\/our-services\/occupational-therapy\/\">occupational therapists<\/a>, <a href=\"https:\/\/vertexcommotion.ca\/en\/our-services\/psychologie\/\">psychologues,<\/a> <a href=\"https:\/\/vertexcommotion.ca\/en\/our-services\/nlp-coach-on-the-north-shore\/\">coachs PNL<\/a><a href=\"https:\/\/vertexcommotion.ca\/en\/our-services\/psychologie\/\">, <\/a><a href=\"https:\/\/vertexcommotion.ca\/en\/our-services\/massotherapie\/\">massoth\u00e9rapeutes<\/a>, <a href=\"https:\/\/vertexcommotion.ca\/en\/neuroperformance\/\">neuroperformance<\/a> et plus encore. Ici, tous travaillent en collaboration afin de vous offrir les <a href=\"https:\/\/vertexcommotion.ca\/en\/our-services\/\">soins et services<\/a> dont vous avez besoin. Votre sant\u00e9 est au c\u0153ur de nos priorit\u00e9s.<\/p>\t\t\t\t\t\t\t\t<\/div>\n\t\t\t\t<\/div>\n\t\t\t\t<\/div>\n\t\t\t\t\t<\/div>\n\t\t\t\t<\/div>\n\t\t\t\t<\/div>","protected":false},"excerpt":{"rendered":"<p>Clinique d\u2019acupuncture La clinique Vertex \u00e0 Mirabel offre des traitements d\u2019acupuncture afin d\u2019am\u00e9liorer l\u2019\u00e9tat de sant\u00e9 g\u00e9n\u00e9rale ainsi que plusieurs maux. Que ce soit pour am\u00e9liorer votre sant\u00e9 ou soulager la douleur, nous sommes \u00e0 vos c\u00f4t\u00e9s. Qu\u2019est-ce que l\u2019acupuncture? L\u2019acupuncture consiste en tout acte de stimulation, g\u00e9n\u00e9ralement au moyen de fines aiguilles, de certains [&hellip;]<\/p>","protected":false},"author":4,"featured_media":0,"parent":26,"menu_order":0,"comment_status":"closed","ping_status":"closed","template":"","meta":{"footnotes":""},"class_list":["post-4628","page","type-page","status-publish","hentry"],"yoast_head":"<!-- This site is optimized with the Yoast SEO plugin v25.0 - https:\/\/yoast.com\/wordpress\/plugins\/seo\/ -->\n<title>Clinique acupuncture \u00e0 Mirabel sur la Rive-Nord, Laurentides<\/title>\n<meta name=\"description\" content=\"D\u00e9couvrez notre clinique d\u2019acupuncture \u00e0 Mirabel, sur la Rive-Nord. Obtenez des soins de qualit\u00e9 pour soulager la douleur et am\u00e9liorer votre sant\u00e9 globale!\" \/>\n<meta name=\"robots\" content=\"index, follow, max-snippet:-1, max-image-preview:large, max-video-preview:-1\" \/>\n<link rel=\"canonical\" href=\"https:\/\/vertexcommotion.ca\/en\/our-services\/acupuncture\/\" \/>\n<meta property=\"og:locale\" content=\"en_US\" \/>\n<meta property=\"og:type\" content=\"article\" \/>\n<meta property=\"og:title\" content=\"Clinique acupuncture \u00e0 Mirabel sur la Rive-Nord, Laurentides\" \/>\n<meta property=\"og:description\" content=\"D\u00e9couvrez notre clinique d\u2019acupuncture \u00e0 Mirabel, sur la Rive-Nord. Obtenez des soins de qualit\u00e9 pour soulager la douleur et am\u00e9liorer votre sant\u00e9 globale!\" \/>\n<meta property=\"og:url\" content=\"https:\/\/vertexcommotion.ca\/en\/our-services\/acupuncture\/\" \/>\n<meta property=\"og:site_name\" content=\"Vertex\" \/>\n<meta property=\"article:modified_time\" content=\"2024-08-27T15:43:43+00:00\" \/>\n<meta property=\"og:image\" content=\"https:\/\/vertexcommotion.ca\/wp-content\/uploads\/2024\/06\/acupuncteur-1024x598.jpeg\" \/>\n<meta name=\"twitter:card\" content=\"summary_large_image\" \/>\n<meta name=\"twitter:label1\" content=\"Est. reading time\" \/>\n\t<meta name=\"twitter:data1\" content=\"3 minutes\" \/>\n<script type=\"application\/ld+json\" class=\"yoast-schema-graph\">{\"@context\":\"https:\/\/schema.org\",\"@graph\":[{\"@type\":\"WebPage\",\"@id\":\"https:\/\/vertexcommotion.ca\/nos-services\/acupuncture\/\",\"url\":\"https:\/\/vertexcommotion.ca\/nos-services\/acupuncture\/\",\"name\":\"Clinique acupuncture \u00e0 Mirabel sur la Rive-Nord, Laurentides\",\"isPartOf\":{\"@id\":\"https:\/\/vertexcommotion.ca\/#website\"},\"primaryImageOfPage\":{\"@id\":\"https:\/\/vertexcommotion.ca\/nos-services\/acupuncture\/#primaryimage\"},\"image\":{\"@id\":\"https:\/\/vertexcommotion.ca\/nos-services\/acupuncture\/#primaryimage\"},\"thumbnailUrl\":\"https:\/\/vertexcommotion.ca\/wp-content\/uploads\/2024\/06\/acupuncteur-1024x598.jpeg\",\"datePublished\":\"2024-06-25T18:13:43+00:00\",\"dateModified\":\"2024-08-27T15:43:43+00:00\",\"description\":\"D\u00e9couvrez notre clinique d\u2019acupuncture \u00e0 Mirabel, sur la Rive-Nord. Obtenez des soins de qualit\u00e9 pour soulager la douleur et am\u00e9liorer votre sant\u00e9 globale!\",\"breadcrumb\":{\"@id\":\"https:\/\/vertexcommotion.ca\/nos-services\/acupuncture\/#breadcrumb\"},\"inLanguage\":\"en-CA\",\"potentialAction\":[{\"@type\":\"ReadAction\",\"target\":[\"https:\/\/vertexcommotion.ca\/nos-services\/acupuncture\/\"]}]},{\"@type\":\"ImageObject\",\"inLanguage\":\"en-CA\",\"@id\":\"https:\/\/vertexcommotion.ca\/nos-services\/acupuncture\/#primaryimage\",\"url\":\"https:\/\/vertexcommotion.ca\/wp-content\/uploads\/2024\/06\/acupuncteur-1024x598.jpeg\",\"contentUrl\":\"https:\/\/vertexcommotion.ca\/wp-content\/uploads\/2024\/06\/acupuncteur-1024x598.jpeg\"},{\"@type\":\"BreadcrumbList\",\"@id\":\"https:\/\/vertexcommotion.ca\/nos-services\/acupuncture\/#breadcrumb\",\"itemListElement\":[{\"@type\":\"ListItem\",\"position\":1,\"name\":\"Home\",\"item\":\"https:\/\/vertexcommotion.ca\/\"},{\"@type\":\"ListItem\",\"position\":2,\"name\":\"Nos Services\",\"item\":\"https:\/\/vertexcommotion.ca\/nos-services\/\"},{\"@type\":\"ListItem\",\"position\":3,\"name\":\"Acupuncture\"}]},{\"@type\":\"WebSite\",\"@id\":\"https:\/\/vertexcommotion.ca\/#website\",\"url\":\"https:\/\/vertexcommotion.ca\/\",\"name\":\"Vertex\",\"description\":\"\",\"publisher\":{\"@id\":\"https:\/\/vertexcommotion.ca\/#organization\"},\"potentialAction\":[{\"@type\":\"SearchAction\",\"target\":{\"@type\":\"EntryPoint\",\"urlTemplate\":\"https:\/\/vertexcommotion.ca\/?s={search_term_string}\"},\"query-input\":{\"@type\":\"PropertyValueSpecification\",\"valueRequired\":true,\"valueName\":\"search_term_string\"}}],\"inLanguage\":\"en-CA\"},{\"@type\":\"Organization\",\"@id\":\"https:\/\/vertexcommotion.ca\/#organization\",\"name\":\"Vertex\",\"url\":\"https:\/\/vertexcommotion.ca\/\",\"logo\":{\"@type\":\"ImageObject\",\"inLanguage\":\"en-CA\",\"@id\":\"https:\/\/vertexcommotion.ca\/#\/schema\/logo\/image\/\",\"url\":\"https:\/\/vertexcommotion.ca\/wp-content\/uploads\/2023\/09\/VertexLogo.png\",\"contentUrl\":\"https:\/\/vertexcommotion.ca\/wp-content\/uploads\/2023\/09\/VertexLogo.png\",\"width\":550,\"height\":245,\"caption\":\"Vertex\"},\"image\":{\"@id\":\"https:\/\/vertexcommotion.ca\/#\/schema\/logo\/image\/\"}}]}<\/script>\n<!-- \/ Yoast SEO plugin. -->","yoast_head_json":{"title":"Clinique acupuncture \u00e0 Mirabel sur la Rive-Nord, Laurentides","description":"D\u00e9couvrez notre clinique d\u2019acupuncture \u00e0 Mirabel, sur la Rive-Nord. Obtenez des soins de qualit\u00e9 pour soulager la douleur et am\u00e9liorer votre sant\u00e9 globale!","robots":{"index":"index","follow":"follow","max-snippet":"max-snippet:-1","max-image-preview":"max-image-preview:large","max-video-preview":"max-video-preview:-1"},"canonical":"https:\/\/vertexcommotion.ca\/en\/our-services\/acupuncture\/","og_locale":"en_US","og_type":"article","og_title":"Clinique acupuncture \u00e0 Mirabel sur la Rive-Nord, Laurentides","og_description":"D\u00e9couvrez notre clinique d\u2019acupuncture \u00e0 Mirabel, sur la Rive-Nord. Obtenez des soins de qualit\u00e9 pour soulager la douleur et am\u00e9liorer votre sant\u00e9 globale!","og_url":"https:\/\/vertexcommotion.ca\/en\/our-services\/acupuncture\/","og_site_name":"Vertex","article_modified_time":"2024-08-27T15:43:43+00:00","og_image":[{"url":"https:\/\/vertexcommotion.ca\/wp-content\/uploads\/2024\/06\/acupuncteur-1024x598.jpeg","type":"","width":"","height":""}],"twitter_card":"summary_large_image","twitter_misc":{"Est. reading time":"3 minutes"},"schema":{"@context":"https:\/\/schema.org","@graph":[{"@type":"WebPage","@id":"https:\/\/vertexcommotion.ca\/nos-services\/acupuncture\/","url":"https:\/\/vertexcommotion.ca\/nos-services\/acupuncture\/","name":"Clinique acupuncture \u00e0 Mirabel sur la Rive-Nord, Laurentides","isPartOf":{"@id":"https:\/\/vertexcommotion.ca\/#website"},"primaryImageOfPage":{"@id":"https:\/\/vertexcommotion.ca\/nos-services\/acupuncture\/#primaryimage"},"image":{"@id":"https:\/\/vertexcommotion.ca\/nos-services\/acupuncture\/#primaryimage"},"thumbnailUrl":"https:\/\/vertexcommotion.ca\/wp-content\/uploads\/2024\/06\/acupuncteur-1024x598.jpeg","datePublished":"2024-06-25T18:13:43+00:00","dateModified":"2024-08-27T15:43:43+00:00","description":"D\u00e9couvrez notre clinique d\u2019acupuncture \u00e0 Mirabel, sur la Rive-Nord. Obtenez des soins de qualit\u00e9 pour soulager la douleur et am\u00e9liorer votre sant\u00e9 globale!","breadcrumb":{"@id":"https:\/\/vertexcommotion.ca\/nos-services\/acupuncture\/#breadcrumb"},"inLanguage":"en-CA","potentialAction":[{"@type":"ReadAction","target":["https:\/\/vertexcommotion.ca\/nos-services\/acupuncture\/"]}]},{"@type":"ImageObject","inLanguage":"en-CA","@id":"https:\/\/vertexcommotion.ca\/nos-services\/acupuncture\/#primaryimage","url":"https:\/\/vertexcommotion.ca\/wp-content\/uploads\/2024\/06\/acupuncteur-1024x598.jpeg","contentUrl":"https:\/\/vertexcommotion.ca\/wp-content\/uploads\/2024\/06\/acupuncteur-1024x598.jpeg"},{"@type":"BreadcrumbList","@id":"https:\/\/vertexcommotion.ca\/nos-services\/acupuncture\/#breadcrumb","itemListElement":[{"@type":"ListItem","position":1,"name":"Home","item":"https:\/\/vertexcommotion.ca\/"},{"@type":"ListItem","position":2,"name":"Nos Services","item":"https:\/\/vertexcommotion.ca\/nos-services\/"},{"@type":"ListItem","position":3,"name":"Acupuncture"}]},{"@type":"WebSite","@id":"https:\/\/vertexcommotion.ca\/#website","url":"https:\/\/vertexcommotion.ca\/","name":"Vertex","description":"","publisher":{"@id":"https:\/\/vertexcommotion.ca\/#organization"},"potentialAction":[{"@type":"SearchAction","target":{"@type":"EntryPoint","urlTemplate":"https:\/\/vertexcommotion.ca\/?s={search_term_string}"},"query-input":{"@type":"PropertyValueSpecification","valueRequired":true,"valueName":"search_term_string"}}],"inLanguage":"en-CA"},{"@type":"Organization","@id":"https:\/\/vertexcommotion.ca\/#organization","name":"Vertex","url":"https:\/\/vertexcommotion.ca\/","logo":{"@type":"ImageObject","inLanguage":"en-CA","@id":"https:\/\/vertexcommotion.ca\/#\/schema\/logo\/image\/","url":"https:\/\/vertexcommotion.ca\/wp-content\/uploads\/2023\/09\/VertexLogo.png","contentUrl":"https:\/\/vertexcommotion.ca\/wp-content\/uploads\/2023\/09\/VertexLogo.png","width":550,"height":245,"caption":"Vertex"},"image":{"@id":"https:\/\/vertexcommotion.ca\/#\/schema\/logo\/image\/"}}]}},"_links":{"self":[{"href":"https:\/\/vertexcommotion.ca\/en\/wp-json\/wp\/v2\/pages\/4628","targetHints":{"allow":["GET"]}}],"collection":[{"href":"https:\/\/vertexcommotion.ca\/en\/wp-json\/wp\/v2\/pages"}],"about":[{"href":"https:\/\/vertexcommotion.ca\/en\/wp-json\/wp\/v2\/types\/page"}],"author":[{"embeddable":true,"href":"https:\/\/vertexcommotion.ca\/en\/wp-json\/wp\/v2\/users\/4"}],"replies":[{"embeddable":true,"href":"https:\/\/vertexcommotion.ca\/en\/wp-json\/wp\/v2\/comments?post=4628"}],"version-history":[{"count":19,"href":"https:\/\/vertexcommotion.ca\/en\/wp-json\/wp\/v2\/pages\/4628\/revisions"}],"predecessor-version":[{"id":4957,"href":"https:\/\/vertexcommotion.ca\/en\/wp-json\/wp\/v2\/pages\/4628\/revisions\/4957"}],"up":[{"embeddable":true,"href":"https:\/\/vertexcommotion.ca\/en\/wp-json\/wp\/v2\/pages\/26"}],"wp:attachment":[{"href":"https:\/\/vertexcommotion.ca\/en\/wp-json\/wp\/v2\/media?parent=4628"}],"curies":[{"name":"wp","href":"https:\/\/api.w.org\/{rel}","templated":true}]}}