{"id":4588,"date":"2024-06-20T19:54:51","date_gmt":"2024-06-20T19:54:51","guid":{"rendered":"https:\/\/vertexcommotion.ca\/?page_id=4588"},"modified":"2025-04-11T01:44:03","modified_gmt":"2025-04-11T01:44:03","slug":"kinesiology","status":"publish","type":"page","link":"https:\/\/vertexcommotion.ca\/en\/our-services\/kinesiology\/","title":{"rendered":"Kinesiology"},"content":{"rendered":"<h1>Kinesiology on the North Shore<\/h1>\n<p>Kinesiology uses human movement to prevent, treat and improve health, well-being and physical performance. Listening to your needs, our team of experts will offer you a <strong>plan adapted to your rehabilitation<\/strong> or training objectives.<\/p>\n<p><img fetchpriority=\"high\" decoding=\"async\" src=\"https:\/\/vertexcommotion.ca\/wp-content\/uploads\/2024\/06\/kinesiologue.jpeg\" sizes=\"(max-width: 780px) 100vw, 780px\" srcset=\"https:\/\/vertexcommotion.ca\/wp-content\/uploads\/2024\/06\/kinesiologue.jpeg 784w, https:\/\/vertexcommotion.ca\/wp-content\/uploads\/2024\/06\/kinesiologue-300x257.jpeg 300w, https:\/\/vertexcommotion.ca\/wp-content\/uploads\/2024\/06\/kinesiologue-14x12.jpeg 14w\" alt=\"\" width=\"780\" height=\"669\" \/><\/p>\n<h2><strong>The exercise specialist<\/strong><\/h2>\n<p>A kinesiologist is a recognized <strong>health care professional<\/strong> who specializes in physical activity and human movement. He intervenes in prevention, rehabilitation and performance. His actions are based on a personalized approach based on scientific evidence. People of all ages can benefit from his expertise.<\/p>\n<h2><strong>Why consult a kinesiologist?<\/strong><\/h2>\n<p>Several reasons may motivate a kinesiology consultation:<\/p>\n<ul>\n<li><a href=\"https:\/\/vertexcommotion.ca\/en\/concussion\/\">Concussion rehabilitation<\/a><\/li>\n<li>Musculoskeletal injuries<\/li>\n<li>Pain management<\/li>\n<li>Physical fitness assessment<\/li>\n<li><a href=\"https:\/\/vertexcommotion.ca\/en\/neuroperformance\/\">Optimization of athletic performance<\/a><\/li>\n<li>Adopting an active and healthy lifestyle<\/li>\n<\/ul>\n<p>Nos kin\u00e9siologues travaillent de mani\u00e8re holistique. Ils prennent en consid\u00e9ration non seulement votre condition sp\u00e9cifique, mais aussi l&#8217;ensemble de votre corps et de votre mode de vie. Cela leur permet de d\u00e9velopper des <strong>personalized exercise programs<\/strong>, efficient and adapted to your needs.<\/p>\n<h2>Forfait en pr\u00e9paration physique<\/h2>\n<p><img decoding=\"async\" class=\"alignnone wp-image-5085 size-full\" src=\"https:\/\/vertexcommotion.ca\/wp-content\/uploads\/2025\/04\/3.png\" alt=\"\" width=\"1366\" height=\"768\" srcset=\"https:\/\/vertexcommotion.ca\/wp-content\/uploads\/2025\/04\/3.png 1366w, https:\/\/vertexcommotion.ca\/wp-content\/uploads\/2025\/04\/3-300x169.png 300w, https:\/\/vertexcommotion.ca\/wp-content\/uploads\/2025\/04\/3-1024x576.png 1024w, https:\/\/vertexcommotion.ca\/wp-content\/uploads\/2025\/04\/3-18x10.png 18w\" sizes=\"(max-width: 1366px) 100vw, 1366px\" \/><\/p>\n<h2><strong style=\"color: white;\">Ready to take action?<\/strong><\/h2>\n<p><strong>Optimize your physical condition<\/strong><br \/>\n<a class=\"elementor-button btn btn-solid btn-icon-shaped btn-has-label\" href=\"https:\/\/www.gorendezvous.com\/vertexcommotion\"><br \/>\nMake an appointment<br \/>\n<\/a><\/p>\n<h2><strong>A methodical approach<\/strong><\/h2>\n<p>In the context of training or injuries to the musculoskeletal system, the kinesiologist must first assess the quality and quantity of movement as well as the biomechanics. Then, he develops a progressive exercise program personalized according to your training or rehabilitation objectives. This methodical approach ensures that each exercise is tailored to your specific abilities and needs.<\/p>\n<h2><strong>Traitement des sympt\u00f4mes suite \u00e0 une commotion<\/strong><\/h2>\n<p>L\u2019activit\u00e9 physique constitue un traitement de choix dans la r\u00e9adaptation des personnes pr\u00e9sentant des sympt\u00f4mes persistant suite \u00e0 une commotion. Elle permet la r\u00e9gulation des dysfonctions physiologiques caus\u00e9es par la commotion c\u00e9r\u00e9brale en am\u00e9liorant la circulation sanguine au niveau du cerveau et \u00e9quilibrant le syst\u00e8me nerveux autonome. Elle favorise aussi la gestion des sympt\u00f4mes au quotidien, la tol\u00e9rance \u00e0 l\u2019effort et le sommeil (qui a un effet r\u00e9parateur sur le cerveau). Cela facilite une r\u00e9cup\u00e9ration plus rapide et efficace.<\/p>\n<p><img decoding=\"async\" src=\"https:\/\/vertexcommotion.ca\/wp-content\/uploads\/2024\/06\/kinesiologie-commotion-1024x683.jpg\" sizes=\"(max-width: 780px) 100vw, 780px\" srcset=\"https:\/\/vertexcommotion.ca\/wp-content\/uploads\/2024\/06\/kinesiologie-commotion-1024x683.jpg 1024w, https:\/\/vertexcommotion.ca\/wp-content\/uploads\/2024\/06\/kinesiologie-commotion-300x200.jpg 300w, https:\/\/vertexcommotion.ca\/wp-content\/uploads\/2024\/06\/kinesiologie-commotion-18x12.jpg 18w, https:\/\/vertexcommotion.ca\/wp-content\/uploads\/2024\/06\/kinesiologie-commotion-720x480.jpg 720w, https:\/\/vertexcommotion.ca\/wp-content\/uploads\/2024\/06\/kinesiologie-commotion.jpg 1254w\" alt=\"\" width=\"780\" height=\"520\" \/><\/p>\n<h2><strong>Active rehabilitation program<\/strong><\/h2>\n<p>An active rehabilitation program, adapted to your condition by the kinesiologist, will help you improve the management of your symptoms and push back the threshold for their appearance. The goal is to gradually return to your daily and sporting activities. This program is designed to be scalable, adjusting to your progress and aiming to optimize your recovery and performance.<\/p>\n<p><img loading=\"lazy\" decoding=\"async\" src=\"https:\/\/vertexcommotion.ca\/wp-content\/uploads\/2024\/06\/salle-exercice-kinesiologie-1024x683.jpg\" sizes=\"(max-width: 780px) 100vw, 780px\" srcset=\"https:\/\/vertexcommotion.ca\/wp-content\/uploads\/2024\/06\/salle-exercice-kinesiologie-1024x683.jpg 1024w, https:\/\/vertexcommotion.ca\/wp-content\/uploads\/2024\/06\/salle-exercice-kinesiologie-300x200.jpg 300w, https:\/\/vertexcommotion.ca\/wp-content\/uploads\/2024\/06\/salle-exercice-kinesiologie-18x12.jpg 18w, https:\/\/vertexcommotion.ca\/wp-content\/uploads\/2024\/06\/salle-exercice-kinesiologie-1536x1024.jpg 1536w, https:\/\/vertexcommotion.ca\/wp-content\/uploads\/2024\/06\/salle-exercice-kinesiologie-2048x1366.jpg 2048w, https:\/\/vertexcommotion.ca\/wp-content\/uploads\/2024\/06\/salle-exercice-kinesiologie-720x480.jpg 720w\" alt=\"Salle d\u2019exercice utilis\u00e9e en kin\u00e9siologie \u00e0 la clinique Vertex, \u00e0 Mirabel\" width=\"780\" height=\"520\" \/><\/p>\n<h2><strong>Personalized follow-up<\/strong><\/h2>\n<p>Through regular monitoring, the kinesiologist can adapt your exercise program according to your progress and your changing needs. This includes adjustments in exercise intensity, frequency and duration to maximize therapeutic and athletic benefits.<\/p>\n<h2><strong style=\"color: white;\">Reserve your kinesiology consult<\/strong><\/h2>\n<p><strong>Our offices are situated in Mirabel, on the north shore!<\/strong><br \/>\n<a class=\"elementor-button btn btn-solid btn-icon-shaped btn-has-label\" href=\"https:\/\/www.gorendezvous.com\/vertexcommotion\"><br \/>\nMake an appointment<br \/>\n<\/a><\/p>\n<h2><strong>Our commitment to excellence<\/strong><\/h2>\n<p>In choosing <a href=\"https:\/\/vertexcommotion.ca\/en\/about-us\/\">Vertex<\/a> pour vos besoins en kin\u00e9siologie, vous b\u00e9n\u00e9ficiez des services d\u2019une \u00e9quipe hautement qualifi\u00e9e. Nos kin\u00e9siologues sont form\u00e9s pour offrir des soins de la plus haute qualit\u00e9, en utilisant des approches bas\u00e9es sur la science et des technologies de pointe. Ils travaillent en collaboration avec les <a href=\"https:\/\/vertexcommotion.ca\/en\/our-services\/occupational-therapy\/\">occupational therapists<\/a>, <a href=\"https:\/\/vertexcommotion.ca\/en\/our-services\/osteopathy\/\">osteopaths<\/a>, <a href=\"https:\/\/vertexcommotion.ca\/en\/our-services\/acupuncture\/\">acupuncturists<\/a>, <a href=\"https:\/\/vertexcommotion.ca\/en\/our-services\/naturopathy\/\">naturopaths<\/a>, <a href=\"https:\/\/vertexcommotion.ca\/en\/our-services\/therapeute-du-sport\/\">athletic therapists<\/a>, et autres professionnels de la clinique, dans une optique de sant\u00e9 globale. \u00c0 noter que nous acceptons les dossiers des tiers payeurs : SAAQ, anciens combattants (ACC), assureurs priv\u00e9s.<\/p>","protected":false},"excerpt":{"rendered":"<p>Kin\u00e9siologie sur la Rive-Nord La kin\u00e9siologie utilise le mouvement humain pour pr\u00e9venir, traiter et am\u00e9liorer la sant\u00e9, le bien-\u00eatre et la performance physique. \u00c0 l\u2019\u00e9coute de vos besoins, notre \u00e9quipe d\u2019experts vous proposera un plan adapt\u00e9 \u00e0 vos objectifs de r\u00e9adaptation ou d\u2019entra\u00eenement. Le sp\u00e9cialiste de l\u2019activit\u00e9 physique Le kin\u00e9siologue est un professionnel de la [&hellip;]<\/p>","protected":false},"author":4,"featured_media":0,"parent":26,"menu_order":0,"comment_status":"closed","ping_status":"closed","template":"","meta":{"footnotes":""},"class_list":["post-4588","page","type-page","status-publish","hentry"],"yoast_head":"<!-- This site is optimized with the Yoast SEO plugin v25.0 - https:\/\/yoast.com\/wordpress\/plugins\/seo\/ -->\n<title>Kin\u00e9siologie: r\u00e9adaptation et performance \u2013 Rive-Nord, Laurentides<\/title>\n<meta name=\"description\" content=\"La kin\u00e9siologie vise \u00e0 am\u00e9liorer la sant\u00e9, le bien-\u00eatre et les performances physiques. Obtenez un plan personnalis\u00e9 \u00e0 Mirabel, sur la Rive-Nord!\" \/>\n<meta name=\"robots\" content=\"index, follow, max-snippet:-1, max-image-preview:large, max-video-preview:-1\" \/>\n<link rel=\"canonical\" href=\"https:\/\/vertexcommotion.ca\/en\/our-services\/kinesiology\/\" \/>\n<meta property=\"og:locale\" content=\"en_US\" \/>\n<meta property=\"og:type\" content=\"article\" \/>\n<meta property=\"og:title\" content=\"Kin\u00e9siologie: r\u00e9adaptation et performance \u2013 Rive-Nord, Laurentides\" \/>\n<meta property=\"og:description\" content=\"La kin\u00e9siologie vise \u00e0 am\u00e9liorer la sant\u00e9, le bien-\u00eatre et les performances physiques. Obtenez un plan personnalis\u00e9 \u00e0 Mirabel, sur la Rive-Nord!\" \/>\n<meta property=\"og:url\" content=\"https:\/\/vertexcommotion.ca\/en\/our-services\/kinesiology\/\" \/>\n<meta property=\"og:site_name\" content=\"Vertex\" \/>\n<meta property=\"article:modified_time\" content=\"2025-04-11T01:44:03+00:00\" \/>\n<meta property=\"og:image\" content=\"https:\/\/vertexcommotion.ca\/wp-content\/uploads\/2024\/06\/kinesiologue.jpeg\" \/>\n<meta name=\"twitter:card\" content=\"summary_large_image\" \/>\n<meta name=\"twitter:label1\" content=\"Est. reading time\" \/>\n\t<meta name=\"twitter:data1\" content=\"4 minutes\" \/>\n<script type=\"application\/ld+json\" class=\"yoast-schema-graph\">{\"@context\":\"https:\/\/schema.org\",\"@graph\":[{\"@type\":\"WebPage\",\"@id\":\"https:\/\/vertexcommotion.ca\/nos-services\/kinesiologie\/\",\"url\":\"https:\/\/vertexcommotion.ca\/nos-services\/kinesiologie\/\",\"name\":\"Kin\u00e9siologie: r\u00e9adaptation et performance \u2013 Rive-Nord, Laurentides\",\"isPartOf\":{\"@id\":\"https:\/\/vertexcommotion.ca\/#website\"},\"primaryImageOfPage\":{\"@id\":\"https:\/\/vertexcommotion.ca\/nos-services\/kinesiologie\/#primaryimage\"},\"image\":{\"@id\":\"https:\/\/vertexcommotion.ca\/nos-services\/kinesiologie\/#primaryimage\"},\"thumbnailUrl\":\"https:\/\/vertexcommotion.ca\/wp-content\/uploads\/2024\/06\/kinesiologue.jpeg\",\"datePublished\":\"2024-06-20T19:54:51+00:00\",\"dateModified\":\"2025-04-11T01:44:03+00:00\",\"description\":\"La kin\u00e9siologie vise \u00e0 am\u00e9liorer la sant\u00e9, le bien-\u00eatre et les performances physiques. Obtenez un plan personnalis\u00e9 \u00e0 Mirabel, sur la Rive-Nord!\",\"breadcrumb\":{\"@id\":\"https:\/\/vertexcommotion.ca\/nos-services\/kinesiologie\/#breadcrumb\"},\"inLanguage\":\"en-CA\",\"potentialAction\":[{\"@type\":\"ReadAction\",\"target\":[\"https:\/\/vertexcommotion.ca\/nos-services\/kinesiologie\/\"]}]},{\"@type\":\"ImageObject\",\"inLanguage\":\"en-CA\",\"@id\":\"https:\/\/vertexcommotion.ca\/nos-services\/kinesiologie\/#primaryimage\",\"url\":\"https:\/\/vertexcommotion.ca\/wp-content\/uploads\/2024\/06\/kinesiologue.jpeg\",\"contentUrl\":\"https:\/\/vertexcommotion.ca\/wp-content\/uploads\/2024\/06\/kinesiologue.jpeg\"},{\"@type\":\"BreadcrumbList\",\"@id\":\"https:\/\/vertexcommotion.ca\/nos-services\/kinesiologie\/#breadcrumb\",\"itemListElement\":[{\"@type\":\"ListItem\",\"position\":1,\"name\":\"Home\",\"item\":\"https:\/\/vertexcommotion.ca\/\"},{\"@type\":\"ListItem\",\"position\":2,\"name\":\"Nos Services\",\"item\":\"https:\/\/vertexcommotion.ca\/nos-services\/\"},{\"@type\":\"ListItem\",\"position\":3,\"name\":\"Kin\u00e9siologie\"}]},{\"@type\":\"WebSite\",\"@id\":\"https:\/\/vertexcommotion.ca\/#website\",\"url\":\"https:\/\/vertexcommotion.ca\/\",\"name\":\"Vertex\",\"description\":\"\",\"publisher\":{\"@id\":\"https:\/\/vertexcommotion.ca\/#organization\"},\"potentialAction\":[{\"@type\":\"SearchAction\",\"target\":{\"@type\":\"EntryPoint\",\"urlTemplate\":\"https:\/\/vertexcommotion.ca\/?s={search_term_string}\"},\"query-input\":{\"@type\":\"PropertyValueSpecification\",\"valueRequired\":true,\"valueName\":\"search_term_string\"}}],\"inLanguage\":\"en-CA\"},{\"@type\":\"Organization\",\"@id\":\"https:\/\/vertexcommotion.ca\/#organization\",\"name\":\"Vertex\",\"url\":\"https:\/\/vertexcommotion.ca\/\",\"logo\":{\"@type\":\"ImageObject\",\"inLanguage\":\"en-CA\",\"@id\":\"https:\/\/vertexcommotion.ca\/#\/schema\/logo\/image\/\",\"url\":\"https:\/\/vertexcommotion.ca\/wp-content\/uploads\/2023\/09\/VertexLogo.png\",\"contentUrl\":\"https:\/\/vertexcommotion.ca\/wp-content\/uploads\/2023\/09\/VertexLogo.png\",\"width\":550,\"height\":245,\"caption\":\"Vertex\"},\"image\":{\"@id\":\"https:\/\/vertexcommotion.ca\/#\/schema\/logo\/image\/\"}}]}<\/script>\n<!-- \/ Yoast SEO plugin. -->","yoast_head_json":{"title":"Kin\u00e9siologie: r\u00e9adaptation et performance \u2013 Rive-Nord, Laurentides","description":"La kin\u00e9siologie vise \u00e0 am\u00e9liorer la sant\u00e9, le bien-\u00eatre et les performances physiques. Obtenez un plan personnalis\u00e9 \u00e0 Mirabel, sur la Rive-Nord!","robots":{"index":"index","follow":"follow","max-snippet":"max-snippet:-1","max-image-preview":"max-image-preview:large","max-video-preview":"max-video-preview:-1"},"canonical":"https:\/\/vertexcommotion.ca\/en\/our-services\/kinesiology\/","og_locale":"en_US","og_type":"article","og_title":"Kin\u00e9siologie: r\u00e9adaptation et performance \u2013 Rive-Nord, Laurentides","og_description":"La kin\u00e9siologie vise \u00e0 am\u00e9liorer la sant\u00e9, le bien-\u00eatre et les performances physiques. Obtenez un plan personnalis\u00e9 \u00e0 Mirabel, sur la Rive-Nord!","og_url":"https:\/\/vertexcommotion.ca\/en\/our-services\/kinesiology\/","og_site_name":"Vertex","article_modified_time":"2025-04-11T01:44:03+00:00","og_image":[{"url":"https:\/\/vertexcommotion.ca\/wp-content\/uploads\/2024\/06\/kinesiologue.jpeg","type":"","width":"","height":""}],"twitter_card":"summary_large_image","twitter_misc":{"Est. reading time":"4 minutes"},"schema":{"@context":"https:\/\/schema.org","@graph":[{"@type":"WebPage","@id":"https:\/\/vertexcommotion.ca\/nos-services\/kinesiologie\/","url":"https:\/\/vertexcommotion.ca\/nos-services\/kinesiologie\/","name":"Kin\u00e9siologie: r\u00e9adaptation et performance \u2013 Rive-Nord, Laurentides","isPartOf":{"@id":"https:\/\/vertexcommotion.ca\/#website"},"primaryImageOfPage":{"@id":"https:\/\/vertexcommotion.ca\/nos-services\/kinesiologie\/#primaryimage"},"image":{"@id":"https:\/\/vertexcommotion.ca\/nos-services\/kinesiologie\/#primaryimage"},"thumbnailUrl":"https:\/\/vertexcommotion.ca\/wp-content\/uploads\/2024\/06\/kinesiologue.jpeg","datePublished":"2024-06-20T19:54:51+00:00","dateModified":"2025-04-11T01:44:03+00:00","description":"La kin\u00e9siologie vise \u00e0 am\u00e9liorer la sant\u00e9, le bien-\u00eatre et les performances physiques. Obtenez un plan personnalis\u00e9 \u00e0 Mirabel, sur la Rive-Nord!","breadcrumb":{"@id":"https:\/\/vertexcommotion.ca\/nos-services\/kinesiologie\/#breadcrumb"},"inLanguage":"en-CA","potentialAction":[{"@type":"ReadAction","target":["https:\/\/vertexcommotion.ca\/nos-services\/kinesiologie\/"]}]},{"@type":"ImageObject","inLanguage":"en-CA","@id":"https:\/\/vertexcommotion.ca\/nos-services\/kinesiologie\/#primaryimage","url":"https:\/\/vertexcommotion.ca\/wp-content\/uploads\/2024\/06\/kinesiologue.jpeg","contentUrl":"https:\/\/vertexcommotion.ca\/wp-content\/uploads\/2024\/06\/kinesiologue.jpeg"},{"@type":"BreadcrumbList","@id":"https:\/\/vertexcommotion.ca\/nos-services\/kinesiologie\/#breadcrumb","itemListElement":[{"@type":"ListItem","position":1,"name":"Home","item":"https:\/\/vertexcommotion.ca\/"},{"@type":"ListItem","position":2,"name":"Nos Services","item":"https:\/\/vertexcommotion.ca\/nos-services\/"},{"@type":"ListItem","position":3,"name":"Kin\u00e9siologie"}]},{"@type":"WebSite","@id":"https:\/\/vertexcommotion.ca\/#website","url":"https:\/\/vertexcommotion.ca\/","name":"Vertex","description":"","publisher":{"@id":"https:\/\/vertexcommotion.ca\/#organization"},"potentialAction":[{"@type":"SearchAction","target":{"@type":"EntryPoint","urlTemplate":"https:\/\/vertexcommotion.ca\/?s={search_term_string}"},"query-input":{"@type":"PropertyValueSpecification","valueRequired":true,"valueName":"search_term_string"}}],"inLanguage":"en-CA"},{"@type":"Organization","@id":"https:\/\/vertexcommotion.ca\/#organization","name":"Vertex","url":"https:\/\/vertexcommotion.ca\/","logo":{"@type":"ImageObject","inLanguage":"en-CA","@id":"https:\/\/vertexcommotion.ca\/#\/schema\/logo\/image\/","url":"https:\/\/vertexcommotion.ca\/wp-content\/uploads\/2023\/09\/VertexLogo.png","contentUrl":"https:\/\/vertexcommotion.ca\/wp-content\/uploads\/2023\/09\/VertexLogo.png","width":550,"height":245,"caption":"Vertex"},"image":{"@id":"https:\/\/vertexcommotion.ca\/#\/schema\/logo\/image\/"}}]}},"_links":{"self":[{"href":"https:\/\/vertexcommotion.ca\/en\/wp-json\/wp\/v2\/pages\/4588","targetHints":{"allow":["GET"]}}],"collection":[{"href":"https:\/\/vertexcommotion.ca\/en\/wp-json\/wp\/v2\/pages"}],"about":[{"href":"https:\/\/vertexcommotion.ca\/en\/wp-json\/wp\/v2\/types\/page"}],"author":[{"embeddable":true,"href":"https:\/\/vertexcommotion.ca\/en\/wp-json\/wp\/v2\/users\/4"}],"replies":[{"embeddable":true,"href":"https:\/\/vertexcommotion.ca\/en\/wp-json\/wp\/v2\/comments?post=4588"}],"version-history":[{"count":15,"href":"https:\/\/vertexcommotion.ca\/en\/wp-json\/wp\/v2\/pages\/4588\/revisions"}],"predecessor-version":[{"id":5086,"href":"https:\/\/vertexcommotion.ca\/en\/wp-json\/wp\/v2\/pages\/4588\/revisions\/5086"}],"up":[{"embeddable":true,"href":"https:\/\/vertexcommotion.ca\/en\/wp-json\/wp\/v2\/pages\/26"}],"wp:attachment":[{"href":"https:\/\/vertexcommotion.ca\/en\/wp-json\/wp\/v2\/media?parent=4588"}],"curies":[{"name":"wp","href":"https:\/\/api.w.org\/{rel}","templated":true}]}}