{"id":4480,"date":"2024-06-05T15:39:45","date_gmt":"2024-06-05T15:39:45","guid":{"rendered":"https:\/\/vertexcommotion.ca\/?page_id=4480"},"modified":"2025-04-11T00:50:37","modified_gmt":"2025-04-11T00:50:37","slug":"physiotherapy","status":"publish","type":"page","link":"https:\/\/vertexcommotion.ca\/en\/our-services\/physiotherapy\/","title":{"rendered":"Physiotherapy"},"content":{"rendered":"<h1>Physiotherapy in the Laurentians<\/h1>\n<p>Our physiotherapists will help you restore your optimal level of function. Back pain, concussion, sports injuries, we offer you services centred on your needs. Everything is done so that you can finally resume your activities and sports.<\/p>\n<p><img fetchpriority=\"high\" decoding=\"async\" src=\"https:\/\/vertexcommotion.ca\/wp-content\/uploads\/2024\/06\/physiotherapeute-laurentides-1024x661.jpg\" sizes=\"(max-width: 780px) 100vw, 780px\" srcset=\"https:\/\/vertexcommotion.ca\/wp-content\/uploads\/2024\/06\/physiotherapeute-laurentides-1024x661.jpg 1024w, https:\/\/vertexcommotion.ca\/wp-content\/uploads\/2024\/06\/physiotherapeute-laurentides-300x194.jpg 300w, https:\/\/vertexcommotion.ca\/wp-content\/uploads\/2024\/06\/physiotherapeute-laurentides-18x12.jpg 18w, https:\/\/vertexcommotion.ca\/wp-content\/uploads\/2024\/06\/physiotherapeute-laurentides-700x450.jpg 700w, https:\/\/vertexcommotion.ca\/wp-content\/uploads\/2024\/06\/physiotherapeute-laurentides.jpg 1275w\" alt=\"\" width=\"780\" height=\"503\" \/><\/p>\n<h2><strong>What is physiotherapy?<\/strong><\/h2>\n<p>Physiotherapy contributes to preventing, relieving, and treating several problems related to physical health. With the use of manual therapy and specific exercises, they aim to help you restore your mobility and autonomy.<\/p>\n<h2><strong>Our spec<\/strong><strong>ialties<\/strong><\/h2>\n<p>Our team of professionals, throughout the years, have become specialized in several fields of physiotherapy.  Our patient's reasons for consulting vary and include :<\/p>\n<ul>\n<li><a href=\"https:\/\/vertexcommotion.ca\/en\/concussion\/\">Concussion rehabilitation<\/a><\/li>\n<li>Vestibular and dizziness problems<\/li>\n<li>Sports injuries<\/li>\n<li>Musculoskeletal problems<\/li>\n<li>Orthopedic problems<\/li>\n<li>Post-operative rehabilitation<\/li>\n<li>Functional neurological disorder<\/li>\n<li>Motor vehicle accidents (SAAQ)<\/li>\n<li>Plagiocephaly and torticolis in pediatric care<\/li>\n<\/ul>\n<p>No matter your age, or level of activity, our physiotherapists will propose a rehabilitation plan tailored for your needs. We aim to improve your physical capacities and your quality of life.<\/p>\n<h2><strong>Prescription de radiographies <\/strong><\/h2>\n<p>Certains crit\u00e8res doivent \u00eatre respect\u00e9s afin d&#8217;obtenir une prescription de radiographies par un de nos phytoth\u00e9rapeutes :<\/p>\n<ul>\n<li>Le trauma s&#8217;est produit il y a moins de 72 heures (3 jours);<\/li>\n<li>Vous devez \u00eatre \u00e9valu\u00e9 par le sp\u00e9cialiste;<\/li>\n<li>Vous devez avoir un m\u00e9decin de famille ou tout autre m\u00e9decin \u00e0 votre dossier (la prescription doit avoir un m\u00e9decin en &#8220;cc&#8221;.).<\/li>\n<\/ul>\n<p><strong>\u00a0<\/strong><\/p>\n<h2><strong style=\"color: white;\">Solutions adapted to your needs<\/strong><\/h2>\n<p><strong>Restore your mobility<\/strong><br \/>\n<a class=\"elementor-button btn btn-solid btn-icon-shaped btn-has-label\" href=\"https:\/\/www.gorendezvous.com\/vertexcommotion\"><br \/>\nMake an appointment<br \/>\n<\/a><\/p>\n<h2><strong>Concussion care<\/strong><\/h2>\n<p>Our physiotherapists have developed an expertise in the treatment of <a href=\"https:\/\/vertexcommotion.ca\/en\/concussion\/\">concussions<\/a>, which includes vestibular problems, dizziness and oculomotor deficits. With specific exercises, it is possible to reduce the symptoms and improve balance and coordination. Physiotherapy favours the rehabilitation process following a mild traumatic brain injury (mTBI).<\/p>\n<p><img decoding=\"async\" src=\"https:\/\/vertexcommotion.ca\/wp-content\/uploads\/2024\/06\/commotion-cerebrale-douleurs-1024x683.jpg\" sizes=\"(max-width: 780px) 100vw, 780px\" srcset=\"https:\/\/vertexcommotion.ca\/wp-content\/uploads\/2024\/06\/commotion-cerebrale-douleurs-1024x683.jpg 1024w, https:\/\/vertexcommotion.ca\/wp-content\/uploads\/2024\/06\/commotion-cerebrale-douleurs-300x200.jpg 300w, https:\/\/vertexcommotion.ca\/wp-content\/uploads\/2024\/06\/commotion-cerebrale-douleurs-18x12.jpg 18w, https:\/\/vertexcommotion.ca\/wp-content\/uploads\/2024\/06\/commotion-cerebrale-douleurs-720x480.jpg 720w, https:\/\/vertexcommotion.ca\/wp-content\/uploads\/2024\/06\/commotion-cerebrale-douleurs.jpg 1254w\" alt=\"La commotion c\u00e9r\u00e9brale est une blessure s\u00e9rieuse. On voit ici une femme qui a des maux de t\u00eate\" width=\"780\" height=\"520\" \/><br \/>\n<img decoding=\"async\" src=\"https:\/\/vertexcommotion.ca\/wp-content\/uploads\/2024\/06\/physiotherapie-pediatrique-1024x683.jpg\" sizes=\"(max-width: 780px) 100vw, 780px\" srcset=\"https:\/\/vertexcommotion.ca\/wp-content\/uploads\/2024\/06\/physiotherapie-pediatrique-1024x683.jpg 1024w, https:\/\/vertexcommotion.ca\/wp-content\/uploads\/2024\/06\/physiotherapie-pediatrique-300x200.jpg 300w, https:\/\/vertexcommotion.ca\/wp-content\/uploads\/2024\/06\/physiotherapie-pediatrique-18x12.jpg 18w, https:\/\/vertexcommotion.ca\/wp-content\/uploads\/2024\/06\/physiotherapie-pediatrique-720x480.jpg 720w, https:\/\/vertexcommotion.ca\/wp-content\/uploads\/2024\/06\/physiotherapie-pediatrique.jpg 1254w\" alt=\"\" width=\"780\" height=\"520\" \/><\/p>\n<h2><strong>Pediatric physiotherapy<\/strong><\/h2>\n<p>Our team is trained to work with babies and young children. Physiotherapy provides effective and simple solutions for flat head syndrome (plagiocephaly) and torticollis. With us, your little one will be in good hands!<\/p>\n<h2><strong>The benefits of physiotherapy<\/strong><\/h2>\n<p>Pour les patients souffrant de douleurs chroniques, les interventions en physioth\u00e9rapie peuvent significativement am\u00e9liorer leur confort et leur fonction physique. Pour ceux qui se remettent d&#8217;une chirurgie ou d&#8217;une blessure, un programme de r\u00e9habilitation bien con\u00e7u peut acc\u00e9l\u00e9rer le processus de gu\u00e9rison et r\u00e9duire le risque de complications.<\/p>\n<p><img loading=\"lazy\" decoding=\"async\" src=\"https:\/\/vertexcommotion.ca\/wp-content\/uploads\/2024\/06\/physiotherapie.png\" sizes=\"(max-width: 780px) 100vw, 780px\" srcset=\"https:\/\/vertexcommotion.ca\/wp-content\/uploads\/2024\/06\/physiotherapie.png 920w, https:\/\/vertexcommotion.ca\/wp-content\/uploads\/2024\/06\/physiotherapie-300x187.png 300w, https:\/\/vertexcommotion.ca\/wp-content\/uploads\/2024\/06\/physiotherapie-18x12.png 18w, https:\/\/vertexcommotion.ca\/wp-content\/uploads\/2024\/06\/physiotherapie-480x300.png 480w\" alt=\"Homme recevant un traitement de physioth\u00e9rapie\" width=\"780\" height=\"487\" \/><\/p>\n<h2><strong style=\"color: white;\">You wish to consult a physiotherapist?<\/strong><\/h2>\n<p><strong>Our clinic, situated in Mirabel in the Laurentians, offers you personalized care.<\/strong><br \/>\n<a class=\"elementor-button btn btn-solid btn-icon-shaped btn-has-label\" href=\"https:\/\/www.gorendezvous.com\/vertexcommotion\"><br \/>\nMake an appointment<br \/>\n<\/a><\/p>\n<h2><strong>Our team, our strength<\/strong><\/h2>\n<p>At <a href=\"https:\/\/vertexcommotion.ca\/en\/about-us\/\">Vertex<\/a>, les physioth\u00e9rapeutes oeuvrent en collaboration avec les <a href=\"https:\/\/vertexcommotion.ca\/en\/our-services\/naturopathy\/\">naturopaths<\/a>, <a href=\"https:\/\/vertexcommotion.ca\/en\/our-services\/osteopathy\/\">osteopaths<\/a>, <a href=\"https:\/\/vertexcommotion.ca\/en\/our-services\/acupuncture\/\">acupuncturists<\/a>, <a href=\"https:\/\/vertexcommotion.ca\/en\/our-services\/therapeute-du-sport\/\">athletic therapists<\/a>, <a href=\"https:\/\/vertexcommotion.ca\/en\/our-services\/kinesiology\/\">kinesiologists<\/a>, <a href=\"https:\/\/vertexcommotion.ca\/en\/our-services\/occupational-therapy\/\">occupational therapists<\/a> et autres professionnels de la sant\u00e9. La force de notre clinique de r\u00e9adaptation r\u00e9side dans cette synergie. Tous travaillent dans le m\u00eame sens afin de vous offrir des soins adapt\u00e9s \u00e0 vos besoins. Nous desservons une client\u00e8le de tout \u00e2ge et acceptons les dossiers des tiers payeurs (SAAQ, IVAQ, anciens combattants (ACC), assureurs priv\u00e9s, etc.).<\/p>","protected":false},"excerpt":{"rendered":"<p>Physioth\u00e9rapeutes sur la Rive-Nord Nos physioth\u00e9rapeutes vous aident \u00e0 retrouver une fonction optimale. Maux de dos, commotion c\u00e9r\u00e9brale, blessure sportive, nous vous offrons des services centr\u00e9s sur vos besoins. Tout est mis en \u0153uvre afin que vous puissiez enfin reprendre vos activit\u00e9s et vos sports. Qu\u2019est-ce que la physioth\u00e9rapie? La physioth\u00e9rapie contribue \u00e0 pr\u00e9venir, soulager [&hellip;]<\/p>","protected":false},"author":6,"featured_media":0,"parent":26,"menu_order":0,"comment_status":"closed","ping_status":"closed","template":"","meta":{"footnotes":""},"class_list":["post-4480","page","type-page","status-publish","hentry"],"yoast_head":"<!-- This site is optimized with the Yoast SEO plugin v25.0 - https:\/\/yoast.com\/wordpress\/plugins\/seo\/ -->\n<title>Physioth\u00e9rapeute: r\u00e9adaptation et soins sp\u00e9cialis\u00e9s \u2013 Rive-Nord, Laurentides<\/title>\n<meta name=\"description\" content=\"Nos physioth\u00e9rapeutes sur la Rive-Nord vous aident \u00e0 retrouver mobilit\u00e9 et bien-\u00eatre pour maux de dos, commotions c\u00e9r\u00e9brales, blessures sportives et plus!\" \/>\n<meta name=\"robots\" content=\"index, follow, max-snippet:-1, max-image-preview:large, max-video-preview:-1\" \/>\n<link rel=\"canonical\" href=\"https:\/\/vertexcommotion.ca\/en\/our-services\/physiotherapy\/\" \/>\n<meta property=\"og:locale\" content=\"en_US\" \/>\n<meta property=\"og:type\" content=\"article\" \/>\n<meta property=\"og:title\" content=\"Physioth\u00e9rapeute: r\u00e9adaptation et soins sp\u00e9cialis\u00e9s \u2013 Rive-Nord, Laurentides\" \/>\n<meta property=\"og:description\" content=\"Nos physioth\u00e9rapeutes sur la Rive-Nord vous aident \u00e0 retrouver mobilit\u00e9 et bien-\u00eatre pour maux de dos, commotions c\u00e9r\u00e9brales, blessures sportives et plus!\" \/>\n<meta property=\"og:url\" content=\"https:\/\/vertexcommotion.ca\/en\/our-services\/physiotherapy\/\" \/>\n<meta property=\"og:site_name\" content=\"Vertex\" \/>\n<meta property=\"article:modified_time\" content=\"2025-04-11T00:50:37+00:00\" \/>\n<meta property=\"og:image\" content=\"https:\/\/vertexcommotion.ca\/wp-content\/uploads\/2024\/06\/physiotherapeute-laurentides-1024x661.jpg\" \/>\n<meta name=\"twitter:card\" content=\"summary_large_image\" \/>\n<meta name=\"twitter:label1\" content=\"Est. reading time\" \/>\n\t<meta name=\"twitter:data1\" content=\"4 minutes\" \/>\n<script type=\"application\/ld+json\" class=\"yoast-schema-graph\">{\"@context\":\"https:\/\/schema.org\",\"@graph\":[{\"@type\":\"WebPage\",\"@id\":\"https:\/\/vertexcommotion.ca\/nos-services\/physiotherapie\/\",\"url\":\"https:\/\/vertexcommotion.ca\/nos-services\/physiotherapie\/\",\"name\":\"Physioth\u00e9rapeute: r\u00e9adaptation et soins sp\u00e9cialis\u00e9s \u2013 Rive-Nord, Laurentides\",\"isPartOf\":{\"@id\":\"https:\/\/vertexcommotion.ca\/#website\"},\"primaryImageOfPage\":{\"@id\":\"https:\/\/vertexcommotion.ca\/nos-services\/physiotherapie\/#primaryimage\"},\"image\":{\"@id\":\"https:\/\/vertexcommotion.ca\/nos-services\/physiotherapie\/#primaryimage\"},\"thumbnailUrl\":\"https:\/\/vertexcommotion.ca\/wp-content\/uploads\/2024\/06\/physiotherapeute-laurentides-1024x661.jpg\",\"datePublished\":\"2024-06-05T15:39:45+00:00\",\"dateModified\":\"2025-04-11T00:50:37+00:00\",\"description\":\"Nos physioth\u00e9rapeutes sur la Rive-Nord vous aident \u00e0 retrouver mobilit\u00e9 et bien-\u00eatre pour maux de dos, commotions c\u00e9r\u00e9brales, blessures sportives et plus!\",\"breadcrumb\":{\"@id\":\"https:\/\/vertexcommotion.ca\/nos-services\/physiotherapie\/#breadcrumb\"},\"inLanguage\":\"en-CA\",\"potentialAction\":[{\"@type\":\"ReadAction\",\"target\":[\"https:\/\/vertexcommotion.ca\/nos-services\/physiotherapie\/\"]}]},{\"@type\":\"ImageObject\",\"inLanguage\":\"en-CA\",\"@id\":\"https:\/\/vertexcommotion.ca\/nos-services\/physiotherapie\/#primaryimage\",\"url\":\"https:\/\/vertexcommotion.ca\/wp-content\/uploads\/2024\/06\/physiotherapeute-laurentides-1024x661.jpg\",\"contentUrl\":\"https:\/\/vertexcommotion.ca\/wp-content\/uploads\/2024\/06\/physiotherapeute-laurentides-1024x661.jpg\"},{\"@type\":\"BreadcrumbList\",\"@id\":\"https:\/\/vertexcommotion.ca\/nos-services\/physiotherapie\/#breadcrumb\",\"itemListElement\":[{\"@type\":\"ListItem\",\"position\":1,\"name\":\"Home\",\"item\":\"https:\/\/vertexcommotion.ca\/\"},{\"@type\":\"ListItem\",\"position\":2,\"name\":\"Nos Services\",\"item\":\"https:\/\/vertexcommotion.ca\/nos-services\/\"},{\"@type\":\"ListItem\",\"position\":3,\"name\":\"Physioth\u00e9rapie\"}]},{\"@type\":\"WebSite\",\"@id\":\"https:\/\/vertexcommotion.ca\/#website\",\"url\":\"https:\/\/vertexcommotion.ca\/\",\"name\":\"Vertex\",\"description\":\"\",\"publisher\":{\"@id\":\"https:\/\/vertexcommotion.ca\/#organization\"},\"potentialAction\":[{\"@type\":\"SearchAction\",\"target\":{\"@type\":\"EntryPoint\",\"urlTemplate\":\"https:\/\/vertexcommotion.ca\/?s={search_term_string}\"},\"query-input\":{\"@type\":\"PropertyValueSpecification\",\"valueRequired\":true,\"valueName\":\"search_term_string\"}}],\"inLanguage\":\"en-CA\"},{\"@type\":\"Organization\",\"@id\":\"https:\/\/vertexcommotion.ca\/#organization\",\"name\":\"Vertex\",\"url\":\"https:\/\/vertexcommotion.ca\/\",\"logo\":{\"@type\":\"ImageObject\",\"inLanguage\":\"en-CA\",\"@id\":\"https:\/\/vertexcommotion.ca\/#\/schema\/logo\/image\/\",\"url\":\"https:\/\/vertexcommotion.ca\/wp-content\/uploads\/2023\/09\/VertexLogo.png\",\"contentUrl\":\"https:\/\/vertexcommotion.ca\/wp-content\/uploads\/2023\/09\/VertexLogo.png\",\"width\":550,\"height\":245,\"caption\":\"Vertex\"},\"image\":{\"@id\":\"https:\/\/vertexcommotion.ca\/#\/schema\/logo\/image\/\"}}]}<\/script>\n<!-- \/ Yoast SEO plugin. -->","yoast_head_json":{"title":"Physioth\u00e9rapeute: r\u00e9adaptation et soins sp\u00e9cialis\u00e9s \u2013 Rive-Nord, Laurentides","description":"Nos physioth\u00e9rapeutes sur la Rive-Nord vous aident \u00e0 retrouver mobilit\u00e9 et bien-\u00eatre pour maux de dos, commotions c\u00e9r\u00e9brales, blessures sportives et plus!","robots":{"index":"index","follow":"follow","max-snippet":"max-snippet:-1","max-image-preview":"max-image-preview:large","max-video-preview":"max-video-preview:-1"},"canonical":"https:\/\/vertexcommotion.ca\/en\/our-services\/physiotherapy\/","og_locale":"en_US","og_type":"article","og_title":"Physioth\u00e9rapeute: r\u00e9adaptation et soins sp\u00e9cialis\u00e9s \u2013 Rive-Nord, Laurentides","og_description":"Nos physioth\u00e9rapeutes sur la Rive-Nord vous aident \u00e0 retrouver mobilit\u00e9 et bien-\u00eatre pour maux de dos, commotions c\u00e9r\u00e9brales, blessures sportives et plus!","og_url":"https:\/\/vertexcommotion.ca\/en\/our-services\/physiotherapy\/","og_site_name":"Vertex","article_modified_time":"2025-04-11T00:50:37+00:00","og_image":[{"url":"https:\/\/vertexcommotion.ca\/wp-content\/uploads\/2024\/06\/physiotherapeute-laurentides-1024x661.jpg","type":"","width":"","height":""}],"twitter_card":"summary_large_image","twitter_misc":{"Est. reading time":"4 minutes"},"schema":{"@context":"https:\/\/schema.org","@graph":[{"@type":"WebPage","@id":"https:\/\/vertexcommotion.ca\/nos-services\/physiotherapie\/","url":"https:\/\/vertexcommotion.ca\/nos-services\/physiotherapie\/","name":"Physioth\u00e9rapeute: r\u00e9adaptation et soins sp\u00e9cialis\u00e9s \u2013 Rive-Nord, Laurentides","isPartOf":{"@id":"https:\/\/vertexcommotion.ca\/#website"},"primaryImageOfPage":{"@id":"https:\/\/vertexcommotion.ca\/nos-services\/physiotherapie\/#primaryimage"},"image":{"@id":"https:\/\/vertexcommotion.ca\/nos-services\/physiotherapie\/#primaryimage"},"thumbnailUrl":"https:\/\/vertexcommotion.ca\/wp-content\/uploads\/2024\/06\/physiotherapeute-laurentides-1024x661.jpg","datePublished":"2024-06-05T15:39:45+00:00","dateModified":"2025-04-11T00:50:37+00:00","description":"Nos physioth\u00e9rapeutes sur la Rive-Nord vous aident \u00e0 retrouver mobilit\u00e9 et bien-\u00eatre pour maux de dos, commotions c\u00e9r\u00e9brales, blessures sportives et plus!","breadcrumb":{"@id":"https:\/\/vertexcommotion.ca\/nos-services\/physiotherapie\/#breadcrumb"},"inLanguage":"en-CA","potentialAction":[{"@type":"ReadAction","target":["https:\/\/vertexcommotion.ca\/nos-services\/physiotherapie\/"]}]},{"@type":"ImageObject","inLanguage":"en-CA","@id":"https:\/\/vertexcommotion.ca\/nos-services\/physiotherapie\/#primaryimage","url":"https:\/\/vertexcommotion.ca\/wp-content\/uploads\/2024\/06\/physiotherapeute-laurentides-1024x661.jpg","contentUrl":"https:\/\/vertexcommotion.ca\/wp-content\/uploads\/2024\/06\/physiotherapeute-laurentides-1024x661.jpg"},{"@type":"BreadcrumbList","@id":"https:\/\/vertexcommotion.ca\/nos-services\/physiotherapie\/#breadcrumb","itemListElement":[{"@type":"ListItem","position":1,"name":"Home","item":"https:\/\/vertexcommotion.ca\/"},{"@type":"ListItem","position":2,"name":"Nos Services","item":"https:\/\/vertexcommotion.ca\/nos-services\/"},{"@type":"ListItem","position":3,"name":"Physioth\u00e9rapie"}]},{"@type":"WebSite","@id":"https:\/\/vertexcommotion.ca\/#website","url":"https:\/\/vertexcommotion.ca\/","name":"Vertex","description":"","publisher":{"@id":"https:\/\/vertexcommotion.ca\/#organization"},"potentialAction":[{"@type":"SearchAction","target":{"@type":"EntryPoint","urlTemplate":"https:\/\/vertexcommotion.ca\/?s={search_term_string}"},"query-input":{"@type":"PropertyValueSpecification","valueRequired":true,"valueName":"search_term_string"}}],"inLanguage":"en-CA"},{"@type":"Organization","@id":"https:\/\/vertexcommotion.ca\/#organization","name":"Vertex","url":"https:\/\/vertexcommotion.ca\/","logo":{"@type":"ImageObject","inLanguage":"en-CA","@id":"https:\/\/vertexcommotion.ca\/#\/schema\/logo\/image\/","url":"https:\/\/vertexcommotion.ca\/wp-content\/uploads\/2023\/09\/VertexLogo.png","contentUrl":"https:\/\/vertexcommotion.ca\/wp-content\/uploads\/2023\/09\/VertexLogo.png","width":550,"height":245,"caption":"Vertex"},"image":{"@id":"https:\/\/vertexcommotion.ca\/#\/schema\/logo\/image\/"}}]}},"_links":{"self":[{"href":"https:\/\/vertexcommotion.ca\/en\/wp-json\/wp\/v2\/pages\/4480","targetHints":{"allow":["GET"]}}],"collection":[{"href":"https:\/\/vertexcommotion.ca\/en\/wp-json\/wp\/v2\/pages"}],"about":[{"href":"https:\/\/vertexcommotion.ca\/en\/wp-json\/wp\/v2\/types\/page"}],"author":[{"embeddable":true,"href":"https:\/\/vertexcommotion.ca\/en\/wp-json\/wp\/v2\/users\/6"}],"replies":[{"embeddable":true,"href":"https:\/\/vertexcommotion.ca\/en\/wp-json\/wp\/v2\/comments?post=4480"}],"version-history":[{"count":26,"href":"https:\/\/vertexcommotion.ca\/en\/wp-json\/wp\/v2\/pages\/4480\/revisions"}],"predecessor-version":[{"id":5083,"href":"https:\/\/vertexcommotion.ca\/en\/wp-json\/wp\/v2\/pages\/4480\/revisions\/5083"}],"up":[{"embeddable":true,"href":"https:\/\/vertexcommotion.ca\/en\/wp-json\/wp\/v2\/pages\/26"}],"wp:attachment":[{"href":"https:\/\/vertexcommotion.ca\/en\/wp-json\/wp\/v2\/media?parent=4480"}],"curies":[{"name":"wp","href":"https:\/\/api.w.org\/{rel}","templated":true}]}}