{"id":4368,"date":"2024-06-04T15:37:16","date_gmt":"2024-06-04T15:37:16","guid":{"rendered":"https:\/\/vertexcommotion.ca\/?page_id=4368"},"modified":"2025-10-16T18:58:55","modified_gmt":"2025-10-16T18:58:55","slug":"notre-equipe-marie-france-castillo-kinesiologue","status":"publish","type":"page","link":"https:\/\/vertexcommotion.ca\/en\/notre-equipe-marie-france-castillo-kinesiologue\/","title":{"rendered":"Notre \u00c9quipe: Marie-France Castillo, Kin\u00e9siologue"},"content":{"rendered":"<div data-elementor-type=\"wp-page\" data-elementor-id=\"4368\" class=\"elementor elementor-4368\">\n\t\t\t\t<div class=\"elementor-element elementor-element-3ce6695 gradiant-emma e-flex e-con-boxed e-con e-parent\" data-id=\"3ce6695\" data-element_type=\"container\">\n\t\t\t\t\t<div class=\"e-con-inner\">\n\t\t\t\t<div class=\"elementor-element elementor-element-c93bc99 elementor-widget__width-inherit elementor-widget elementor-widget-hub_fancy_heading\" data-id=\"c93bc99\" data-element_type=\"widget\" data-widget_type=\"hub_fancy_heading.default\">\n\t\t\t\t<div class=\"elementor-widget-container\">\n\t\t\t\t\t\n\t\t<div id=\"ld-fancy-heading-69daa3d2beee0\" class=\"ld-fancy-heading pos-rel\">\n\t\t\t<h2 class=\"ld-fh-element d-inline-block pos-rel  elementor-heading-title lqd-highlight-classic lqd-highlight-grow-left h2\"  > Our Team<\/h2>\t\t<\/div>\n\n\t\t\t\t\t\t<\/div>\n\t\t\t\t<\/div>\n\t\t\t\t<div class=\"elementor-element elementor-element-c5061e6 elementor-widget__width-initial elementor-widget elementor-widget-hub_fancy_heading\" data-id=\"c5061e6\" data-element_type=\"widget\" data-widget_type=\"hub_fancy_heading.default\">\n\t\t\t\t<div class=\"elementor-widget-container\">\n\t\t\t\t\t\n\t\t<div id=\"ld-fancy-heading-69daa3d2bf2b2\" class=\"ld-fancy-heading pos-rel\">\n\t\t\t<h2 class=\"ld-fh-element d-inline-block pos-rel  elementor-heading-title lqd-highlight-classic lqd-highlight-grow-left h2\"  > AT VERTEX, WE ARE A TEAM OF DEDICATED PROFESSIONALS AND WE COLLABORATE TO ENSURE THE OPTIMUM INDIVIDUALIZED REHABILITATION OF EACH OF OUR PATIENTS.<\/h2>\t\t<\/div>\n\n\t\t\t\t\t\t<\/div>\n\t\t\t\t<\/div>\n\t\t\t\t\t<\/div>\n\t\t\t\t<\/div>\n\t\t<div class=\"elementor-element elementor-element-d7b686a e-con-full notre-equpe-emma e-flex e-con e-parent\" data-id=\"d7b686a\" data-element_type=\"container\">\n\t\t<div data-lqd-section-scroll=\"true\" class=\"elementor-element elementor-element-4f532db e-con-full left-side-scroll e-flex e-con e-child\" data-id=\"4f532db\" data-element_type=\"container\">\n\t\t\t\t<div class=\"elementor-element elementor-element-4dfef9a elementor-widget elementor-widget-hub_fancy_heading\" data-id=\"4dfef9a\" data-element_type=\"widget\" data-widget_type=\"hub_fancy_heading.default\">\n\t\t\t\t<div class=\"elementor-widget-container\">\n\t\t\t\t\t\n\t\t<div id=\"ld-fancy-heading-69daa3d2bfb6b\" class=\"ld-fancy-heading pos-rel\">\n\t\t\t<h2 class=\"ld-fh-element d-inline-block pos-rel  elementor-heading-title lqd-highlight-classic lqd-highlight-grow-left h2\"  > LAWRENCE BRACCIA \nB.Sc CAT(C)<\/h2>\t\t<\/div>\n\n\t\t\t\t\t\t<\/div>\n\t\t\t\t<\/div>\n\t\t\t\t<div class=\"elementor-element elementor-element-98d4533 elementor-widget elementor-widget-hub_fancy_heading\" data-id=\"98d4533\" data-element_type=\"widget\" data-widget_type=\"hub_fancy_heading.default\">\n\t\t\t\t<div class=\"elementor-widget-container\">\n\t\t\t\t\t\n\t\t<div id=\"ld-fancy-heading-69daa3d2bfec9\" class=\"ld-fancy-heading pos-rel\">\n\t\t\t<h2 class=\"ld-fh-element d-inline-block pos-rel  elementor-heading-title lqd-highlight-classic lqd-highlight-grow-left h2\"  > TH\u00c9RAPEUTE DU SPORT<\/h2>\t\t<\/div>\n\n\t\t\t\t\t\t<\/div>\n\t\t\t\t<\/div>\n\t\t\t\t<div class=\"elementor-element elementor-element-1e76199 elementor-widget elementor-widget-hub_fancy_heading\" data-id=\"1e76199\" data-element_type=\"widget\" data-widget_type=\"hub_fancy_heading.default\">\n\t\t\t\t<div class=\"elementor-widget-container\">\n\t\t\t\t\t\n\t\t<div id=\"ld-fancy-heading-69daa3d2c01ff\" class=\"ld-fancy-heading pos-rel\">\n\t\t\t<h2 class=\"ld-fh-element d-inline-block pos-rel  elementor-heading-title lqd-highlight-classic lqd-highlight-grow-left h2\"  > **Lawrence est un th\u00e9rapeute du sport certifi\u00e9 (Athletic Therapist) et en fin d'\u00e9tudes en ost\u00e9opathie, multilingue (anglais, fran\u00e7ais, italien et espagnol), avec plus de trois ans d\u2019exp\u00e9rience clinique. Il offre une combinaison unique de soins ost\u00e9opathiques pratiques et de m\u00e9decine du sport fond\u00e9e sur des donn\u00e9es probantes. Il est dipl\u00f4m\u00e9 en Th\u00e9rapie du Sport de l\u2019Universit\u00e9 Concordia et est en 4e ann\u00e9e en ost\u00e9opathie au Centre d\u2019Enseignement d\u2019Ost\u00e9opathie.**\n\nLawrence propose des traitements individualis\u00e9s adapt\u00e9s aussi bien \u00e0 la population g\u00e9n\u00e9rale qu\u2019aux sportifs. Son approche combine des techniques de th\u00e9rapie manuelle\u2014telles que les mobilisations articulaires, le rel\u00e2chement des tissus mous et fasciaux\u2014avec des strat\u00e9gies de r\u00e9\u00e9ducation cibl\u00e9es, incluant la les exercices et le conditionnement physique.\n\n**Ses expertises cliniques incluent :**\n\n* R\u00e9habilitation physique\n* Mobilisations et th\u00e9rapie manuelle ost\u00e9o-articulaires\n* Conditions cr\u00e2niennes \/ c\u00e9phaliques\n* Mobilisation visc\u00e9rale (organes)\n* Prise en charge des blessures sportives\n* Programmes personnalis\u00e9s de r\u00e9\u00e9ducation et d\u2019exercices\n\nLawrence a travaill\u00e9 avec un large \u00e9ventail d\u2019athl\u00e8tes dans divers sports, notamment le soccer, le hockey, le basketball, le football et le rugby\u2014du niveau amateur au niveau comp\u00e9titif. Son savoir-faire multidisciplinaire lui permet de traiter efficacement les blessures musculosquelettiques et d\u2019optimiser le mouvement fonctionnel ainsi que la performance.\n\nQu\u2019il s\u2019agisse d\u2019accompagner un athl\u00e8te dans son retour au jeu ou d\u2019aider une personne \u00e0 soulager une douleur chronique, Lawrence s\u2019engage \u00e0 offrir des soins global et personnalis\u00e9s, adapt\u00e9s aux besoins de chaque personne.<\/h2>\t\t<\/div>\n\n\t\t\t\t\t\t<\/div>\n\t\t\t\t<\/div>\n\t\t\t\t<\/div>\n\t\t<div class=\"elementor-element elementor-element-974b682 e-con-full e-flex e-con e-child\" data-id=\"974b682\" data-element_type=\"container\" data-settings=\"{&quot;background_background&quot;:&quot;classic&quot;}\">\n\t\t\t\t<div class=\"elementor-element elementor-element-7e6063e elementor-widget elementor-widget-ld_fancy_image\" data-id=\"7e6063e\" data-element_type=\"widget\" data-widget_type=\"ld_fancy_image.default\">\n\t\t\t\t<div class=\"elementor-widget-container\">\n\t\t\t\t\t\n\t\t<div class=\"lqd-imggrp-single d-block pos-rel\">\n\t\t\t<div class=\"lqd-imggrp-img-container d-inline-flex pos-rel align-items-center justify-content-center\">\n\t\t\t\t\t\t\t\t<figure class=\"w-100 pos-rel\">\n\t\t\t\t\t<img fetchpriority=\"high\" decoding=\"async\" width=\"642\" height=\"714\" src=\"https:\/\/vertexcommotion.ca\/wp-content\/uploads\/2025\/02\/Screenshot-2025-02-03-at-5.26.34-PM.png\" class=\"attachment-full size-full wp-image-5014\" alt=\"\" srcset=\"https:\/\/vertexcommotion.ca\/wp-content\/uploads\/2025\/02\/Screenshot-2025-02-03-at-5.26.34-PM.png 642w, https:\/\/vertexcommotion.ca\/wp-content\/uploads\/2025\/02\/Screenshot-2025-02-03-at-5.26.34-PM-270x300.png 270w, https:\/\/vertexcommotion.ca\/wp-content\/uploads\/2025\/02\/Screenshot-2025-02-03-at-5.26.34-PM-11x12.png 11w\" sizes=\"(max-width: 642px) 100vw, 642px\" itemprop=\"image\" \/>\t\t\t\t\t\t\t\t\t\t\t\t\t\t\t\t\t\t\t\t\t\t\t\t\t\t\t\t\t<\/figure>\n\t\t\t<\/div>\n\t\t<\/div>\n\n\t\t\t\t\t<\/div>\n\t\t\t\t<\/div>\n\t\t\t\t<\/div>\n\t\t\t\t<\/div>\n\t\t\t\t<\/div>","protected":false},"excerpt":{"rendered":"<p>Notre \u00c9quipe Chez Vertex, nous sommes une \u00e9quipe de professionnels d\u00e9vou\u00e9s et nous collaborons afin d\u2019assurer la r\u00e9adaptation individualis\u00e9e optimale de chacun de nos patients. LAWRENCE BRACCIA B.Sc CAT(C) TH\u00c9RAPEUTE DU SPORT **Lawrence est un th\u00e9rapeute du sport certifi\u00e9 (Athletic Therapist) et en fin d&#8217;\u00e9tudes en ost\u00e9opathie, multilingue (anglais, fran\u00e7ais, italien et espagnol), avec plus [&hellip;]<\/p>","protected":false},"author":4,"featured_media":0,"parent":0,"menu_order":0,"comment_status":"closed","ping_status":"closed","template":"","meta":{"footnotes":""},"class_list":["post-4368","page","type-page","status-publish","hentry"],"yoast_head":"<!-- This site is optimized with the Yoast SEO plugin v25.0 - https:\/\/yoast.com\/wordpress\/plugins\/seo\/ -->\n<title>Notre \u00c9quipe: Marie-France Castillo Kin\u00e9siologue - Vertex<\/title>\n<meta name=\"description\" content=\"MARIE-FRANCE CASTILLO KIN\u00c9SIOLOGUE Titulaire d&#039;un baccalaur\u00e9ate en Kin\u00e9siologie et entra\u00eeneure certifi\u00e9e PNCE.\" \/>\n<meta name=\"robots\" content=\"index, follow, max-snippet:-1, max-image-preview:large, max-video-preview:-1\" \/>\n<link rel=\"canonical\" href=\"https:\/\/vertexcommotion.ca\/en\/notre-equipe-marie-france-castillo-kinesiologue\/\" \/>\n<meta property=\"og:locale\" content=\"en_US\" \/>\n<meta property=\"og:type\" content=\"article\" \/>\n<meta property=\"og:title\" content=\"Notre \u00c9quipe: Marie-France Castillo Kin\u00e9siologue - Vertex\" \/>\n<meta property=\"og:description\" content=\"MARIE-FRANCE CASTILLO KIN\u00c9SIOLOGUE Titulaire d&#039;un baccalaur\u00e9ate en Kin\u00e9siologie et entra\u00eeneure certifi\u00e9e PNCE.\" \/>\n<meta property=\"og:url\" content=\"https:\/\/vertexcommotion.ca\/en\/notre-equipe-marie-france-castillo-kinesiologue\/\" \/>\n<meta property=\"og:site_name\" content=\"Vertex\" \/>\n<meta property=\"article:modified_time\" content=\"2025-10-16T18:58:55+00:00\" \/>\n<meta property=\"og:image\" content=\"https:\/\/vertexcommotion.ca\/wp-content\/uploads\/2025\/02\/Screenshot-2025-02-03-at-5.26.34-PM.png\" \/>\n\t<meta property=\"og:image:width\" content=\"642\" \/>\n\t<meta property=\"og:image:height\" content=\"714\" \/>\n\t<meta property=\"og:image:type\" content=\"image\/png\" \/>\n<meta name=\"twitter:card\" content=\"summary_large_image\" \/>\n<meta name=\"twitter:label1\" content=\"Est. reading time\" \/>\n\t<meta name=\"twitter:data1\" content=\"2 minutes\" \/>\n<script type=\"application\/ld+json\" class=\"yoast-schema-graph\">{\"@context\":\"https:\/\/schema.org\",\"@graph\":[{\"@type\":\"WebPage\",\"@id\":\"https:\/\/vertexcommotion.ca\/notre-equipe-marie-france-castillo-kinesiologue\/\",\"url\":\"https:\/\/vertexcommotion.ca\/notre-equipe-marie-france-castillo-kinesiologue\/\",\"name\":\"Notre \u00c9quipe: Marie-France Castillo Kin\u00e9siologue - Vertex\",\"isPartOf\":{\"@id\":\"https:\/\/vertexcommotion.ca\/#website\"},\"primaryImageOfPage\":{\"@id\":\"https:\/\/vertexcommotion.ca\/notre-equipe-marie-france-castillo-kinesiologue\/#primaryimage\"},\"image\":{\"@id\":\"https:\/\/vertexcommotion.ca\/notre-equipe-marie-france-castillo-kinesiologue\/#primaryimage\"},\"thumbnailUrl\":\"https:\/\/vertexcommotion.ca\/wp-content\/uploads\/2025\/02\/Screenshot-2025-02-03-at-5.26.34-PM.png\",\"datePublished\":\"2024-06-04T15:37:16+00:00\",\"dateModified\":\"2025-10-16T18:58:55+00:00\",\"description\":\"MARIE-FRANCE CASTILLO KIN\u00c9SIOLOGUE Titulaire d'un baccalaur\u00e9ate en Kin\u00e9siologie et entra\u00eeneure certifi\u00e9e PNCE.\",\"breadcrumb\":{\"@id\":\"https:\/\/vertexcommotion.ca\/notre-equipe-marie-france-castillo-kinesiologue\/#breadcrumb\"},\"inLanguage\":\"en-CA\",\"potentialAction\":[{\"@type\":\"ReadAction\",\"target\":[\"https:\/\/vertexcommotion.ca\/notre-equipe-marie-france-castillo-kinesiologue\/\"]}]},{\"@type\":\"ImageObject\",\"inLanguage\":\"en-CA\",\"@id\":\"https:\/\/vertexcommotion.ca\/notre-equipe-marie-france-castillo-kinesiologue\/#primaryimage\",\"url\":\"https:\/\/vertexcommotion.ca\/wp-content\/uploads\/2025\/02\/Screenshot-2025-02-03-at-5.26.34-PM.png\",\"contentUrl\":\"https:\/\/vertexcommotion.ca\/wp-content\/uploads\/2025\/02\/Screenshot-2025-02-03-at-5.26.34-PM.png\"},{\"@type\":\"BreadcrumbList\",\"@id\":\"https:\/\/vertexcommotion.ca\/notre-equipe-marie-france-castillo-kinesiologue\/#breadcrumb\",\"itemListElement\":[{\"@type\":\"ListItem\",\"position\":1,\"name\":\"Home\",\"item\":\"https:\/\/vertexcommotion.ca\/\"},{\"@type\":\"ListItem\",\"position\":2,\"name\":\"Notre \u00c9quipe: Marie-France Castillo, Kin\u00e9siologue\"}]},{\"@type\":\"WebSite\",\"@id\":\"https:\/\/vertexcommotion.ca\/#website\",\"url\":\"https:\/\/vertexcommotion.ca\/\",\"name\":\"Vertex\",\"description\":\"\",\"publisher\":{\"@id\":\"https:\/\/vertexcommotion.ca\/#organization\"},\"potentialAction\":[{\"@type\":\"SearchAction\",\"target\":{\"@type\":\"EntryPoint\",\"urlTemplate\":\"https:\/\/vertexcommotion.ca\/?s={search_term_string}\"},\"query-input\":{\"@type\":\"PropertyValueSpecification\",\"valueRequired\":true,\"valueName\":\"search_term_string\"}}],\"inLanguage\":\"en-CA\"},{\"@type\":\"Organization\",\"@id\":\"https:\/\/vertexcommotion.ca\/#organization\",\"name\":\"Vertex\",\"url\":\"https:\/\/vertexcommotion.ca\/\",\"logo\":{\"@type\":\"ImageObject\",\"inLanguage\":\"en-CA\",\"@id\":\"https:\/\/vertexcommotion.ca\/#\/schema\/logo\/image\/\",\"url\":\"https:\/\/vertexcommotion.ca\/wp-content\/uploads\/2023\/09\/VertexLogo.png\",\"contentUrl\":\"https:\/\/vertexcommotion.ca\/wp-content\/uploads\/2023\/09\/VertexLogo.png\",\"width\":550,\"height\":245,\"caption\":\"Vertex\"},\"image\":{\"@id\":\"https:\/\/vertexcommotion.ca\/#\/schema\/logo\/image\/\"}}]}<\/script>\n<!-- \/ Yoast SEO plugin. -->","yoast_head_json":{"title":"Notre \u00c9quipe: Marie-France Castillo Kin\u00e9siologue - Vertex","description":"MARIE-FRANCE CASTILLO KIN\u00c9SIOLOGUE Titulaire d'un baccalaur\u00e9ate en Kin\u00e9siologie et entra\u00eeneure certifi\u00e9e PNCE.","robots":{"index":"index","follow":"follow","max-snippet":"max-snippet:-1","max-image-preview":"max-image-preview:large","max-video-preview":"max-video-preview:-1"},"canonical":"https:\/\/vertexcommotion.ca\/en\/notre-equipe-marie-france-castillo-kinesiologue\/","og_locale":"en_US","og_type":"article","og_title":"Notre \u00c9quipe: Marie-France Castillo Kin\u00e9siologue - Vertex","og_description":"MARIE-FRANCE CASTILLO KIN\u00c9SIOLOGUE Titulaire d'un baccalaur\u00e9ate en Kin\u00e9siologie et entra\u00eeneure certifi\u00e9e PNCE.","og_url":"https:\/\/vertexcommotion.ca\/en\/notre-equipe-marie-france-castillo-kinesiologue\/","og_site_name":"Vertex","article_modified_time":"2025-10-16T18:58:55+00:00","og_image":[{"width":642,"height":714,"url":"https:\/\/vertexcommotion.ca\/wp-content\/uploads\/2025\/02\/Screenshot-2025-02-03-at-5.26.34-PM.png","type":"image\/png"}],"twitter_card":"summary_large_image","twitter_misc":{"Est. reading time":"2 minutes"},"schema":{"@context":"https:\/\/schema.org","@graph":[{"@type":"WebPage","@id":"https:\/\/vertexcommotion.ca\/notre-equipe-marie-france-castillo-kinesiologue\/","url":"https:\/\/vertexcommotion.ca\/notre-equipe-marie-france-castillo-kinesiologue\/","name":"Notre \u00c9quipe: Marie-France Castillo Kin\u00e9siologue - Vertex","isPartOf":{"@id":"https:\/\/vertexcommotion.ca\/#website"},"primaryImageOfPage":{"@id":"https:\/\/vertexcommotion.ca\/notre-equipe-marie-france-castillo-kinesiologue\/#primaryimage"},"image":{"@id":"https:\/\/vertexcommotion.ca\/notre-equipe-marie-france-castillo-kinesiologue\/#primaryimage"},"thumbnailUrl":"https:\/\/vertexcommotion.ca\/wp-content\/uploads\/2025\/02\/Screenshot-2025-02-03-at-5.26.34-PM.png","datePublished":"2024-06-04T15:37:16+00:00","dateModified":"2025-10-16T18:58:55+00:00","description":"MARIE-FRANCE CASTILLO KIN\u00c9SIOLOGUE Titulaire d'un baccalaur\u00e9ate en Kin\u00e9siologie et entra\u00eeneure certifi\u00e9e PNCE.","breadcrumb":{"@id":"https:\/\/vertexcommotion.ca\/notre-equipe-marie-france-castillo-kinesiologue\/#breadcrumb"},"inLanguage":"en-CA","potentialAction":[{"@type":"ReadAction","target":["https:\/\/vertexcommotion.ca\/notre-equipe-marie-france-castillo-kinesiologue\/"]}]},{"@type":"ImageObject","inLanguage":"en-CA","@id":"https:\/\/vertexcommotion.ca\/notre-equipe-marie-france-castillo-kinesiologue\/#primaryimage","url":"https:\/\/vertexcommotion.ca\/wp-content\/uploads\/2025\/02\/Screenshot-2025-02-03-at-5.26.34-PM.png","contentUrl":"https:\/\/vertexcommotion.ca\/wp-content\/uploads\/2025\/02\/Screenshot-2025-02-03-at-5.26.34-PM.png"},{"@type":"BreadcrumbList","@id":"https:\/\/vertexcommotion.ca\/notre-equipe-marie-france-castillo-kinesiologue\/#breadcrumb","itemListElement":[{"@type":"ListItem","position":1,"name":"Home","item":"https:\/\/vertexcommotion.ca\/"},{"@type":"ListItem","position":2,"name":"Notre \u00c9quipe: Marie-France Castillo, Kin\u00e9siologue"}]},{"@type":"WebSite","@id":"https:\/\/vertexcommotion.ca\/#website","url":"https:\/\/vertexcommotion.ca\/","name":"Vertex","description":"","publisher":{"@id":"https:\/\/vertexcommotion.ca\/#organization"},"potentialAction":[{"@type":"SearchAction","target":{"@type":"EntryPoint","urlTemplate":"https:\/\/vertexcommotion.ca\/?s={search_term_string}"},"query-input":{"@type":"PropertyValueSpecification","valueRequired":true,"valueName":"search_term_string"}}],"inLanguage":"en-CA"},{"@type":"Organization","@id":"https:\/\/vertexcommotion.ca\/#organization","name":"Vertex","url":"https:\/\/vertexcommotion.ca\/","logo":{"@type":"ImageObject","inLanguage":"en-CA","@id":"https:\/\/vertexcommotion.ca\/#\/schema\/logo\/image\/","url":"https:\/\/vertexcommotion.ca\/wp-content\/uploads\/2023\/09\/VertexLogo.png","contentUrl":"https:\/\/vertexcommotion.ca\/wp-content\/uploads\/2023\/09\/VertexLogo.png","width":550,"height":245,"caption":"Vertex"},"image":{"@id":"https:\/\/vertexcommotion.ca\/#\/schema\/logo\/image\/"}}]}},"_links":{"self":[{"href":"https:\/\/vertexcommotion.ca\/en\/wp-json\/wp\/v2\/pages\/4368","targetHints":{"allow":["GET"]}}],"collection":[{"href":"https:\/\/vertexcommotion.ca\/en\/wp-json\/wp\/v2\/pages"}],"about":[{"href":"https:\/\/vertexcommotion.ca\/en\/wp-json\/wp\/v2\/types\/page"}],"author":[{"embeddable":true,"href":"https:\/\/vertexcommotion.ca\/en\/wp-json\/wp\/v2\/users\/4"}],"replies":[{"embeddable":true,"href":"https:\/\/vertexcommotion.ca\/en\/wp-json\/wp\/v2\/comments?post=4368"}],"version-history":[{"count":25,"href":"https:\/\/vertexcommotion.ca\/en\/wp-json\/wp\/v2\/pages\/4368\/revisions"}],"predecessor-version":[{"id":5193,"href":"https:\/\/vertexcommotion.ca\/en\/wp-json\/wp\/v2\/pages\/4368\/revisions\/5193"}],"wp:attachment":[{"href":"https:\/\/vertexcommotion.ca\/en\/wp-json\/wp\/v2\/media?parent=4368"}],"curies":[{"name":"wp","href":"https:\/\/api.w.org\/{rel}","templated":true}]}}