{"id":4324,"date":"2024-05-31T17:04:47","date_gmt":"2024-05-31T17:04:47","guid":{"rendered":"https:\/\/vertexcommotion.ca\/?page_id=4324"},"modified":"2024-08-27T17:27:26","modified_gmt":"2024-08-27T17:27:26","slug":"therapeute-du-sport","status":"publish","type":"page","link":"https:\/\/vertexcommotion.ca\/en\/our-services\/therapeute-du-sport\/","title":{"rendered":"Athletic therapy"},"content":{"rendered":"<div data-elementor-type=\"wp-page\" data-elementor-id=\"4324\" class=\"elementor elementor-4324\">\n\t\t\t\t<div class=\"elementor-element elementor-element-f6a19c2 e-con-full e-flex e-con e-parent\" data-id=\"f6a19c2\" data-element_type=\"container\" data-settings=\"{&quot;background_background&quot;:&quot;classic&quot;}\">\n\t\t\t\t<div class=\"elementor-element elementor-element-61627c3 elementor-widget elementor-widget-heading\" data-id=\"61627c3\" data-element_type=\"widget\" data-widget_type=\"heading.default\">\n\t\t\t\t<div class=\"elementor-widget-container\">\n\t\t\t\t\t<h1 class=\"elementor-heading-title elementor-size-default\">Athletic therapy<\/h1>\t\t\t\t<\/div>\n\t\t\t\t<\/div>\n\t\t\t\t<\/div>\n\t\t<div class=\"elementor-element elementor-element-8f8641a e-flex e-con-boxed e-con e-parent\" data-id=\"8f8641a\" data-element_type=\"container\">\n\t\t\t\t\t<div class=\"e-con-inner\">\n\t\t<div class=\"elementor-element elementor-element-d2a3a2f e-con-full e-flex e-con e-child\" data-id=\"d2a3a2f\" data-element_type=\"container\">\n\t\t\t\t<div class=\"elementor-element elementor-element-a2edeff elementor-widget elementor-widget-image\" data-id=\"a2edeff\" data-element_type=\"widget\" data-widget_type=\"image.default\">\n\t\t\t\t<div class=\"elementor-widget-container\">\n\t\t\t\t\t\t\t\t\t\t\t\t\t\t\t<img fetchpriority=\"high\" decoding=\"async\" width=\"780\" height=\"513\" src=\"https:\/\/vertexcommotion.ca\/wp-content\/uploads\/2024\/05\/therapie-du-sport.png\" class=\"attachment-large size-large wp-image-4332\" alt=\"Th\u00e9rapeute du sport qui intervient aupr\u00e8s d\u2019un athl\u00e8te lors d\u2019un match de soccer\" srcset=\"https:\/\/vertexcommotion.ca\/wp-content\/uploads\/2024\/05\/therapie-du-sport.png 858w, https:\/\/vertexcommotion.ca\/wp-content\/uploads\/2024\/05\/therapie-du-sport-300x197.png 300w, https:\/\/vertexcommotion.ca\/wp-content\/uploads\/2024\/05\/therapie-du-sport-18x12.png 18w\" sizes=\"(max-width: 780px) 100vw, 780px\" \/>\t\t\t\t\t\t\t\t\t\t\t\t\t\t\t<\/div>\n\t\t\t\t<\/div>\n\t\t\t\t<\/div>\n\t\t<div class=\"elementor-element elementor-element-d6c9814 e-con-full e-flex e-con e-child\" data-id=\"d6c9814\" data-element_type=\"container\">\n\t\t\t\t<div class=\"elementor-element elementor-element-af7b97b elementor-widget elementor-widget-text-editor\" data-id=\"af7b97b\" data-element_type=\"widget\" data-widget_type=\"text-editor.default\">\n\t\t\t\t<div class=\"elementor-widget-container\">\n\t\t\t\t\t\t\t\t\t<h2><strong>What is an athletic therapist?<\/strong><\/h2><p>The certified athletic therapist specializes in the prevention, evaluation, rehabilitation and physical reconditioning as well as management of musculoskeletal injuries. This health care professional intervenes as much with athletes  as with individuals who have had a surgery or a <a href=\"https:\/\/vertexcommotion.ca\/en\/concussion\/\">concussion<\/a>.<\/p>\t\t\t\t\t\t\t\t<\/div>\n\t\t\t\t<\/div>\n\t\t\t\t<\/div>\n\t\t\t\t\t<\/div>\n\t\t\t\t<\/div>\n\t\t<div class=\"elementor-element elementor-element-118f718 e-flex e-con-boxed e-con e-parent\" data-id=\"118f718\" data-element_type=\"container\">\n\t\t\t\t\t<div class=\"e-con-inner\">\n\t\t\t\t<div class=\"elementor-element elementor-element-353ef69 elementor-widget elementor-widget-text-editor\" data-id=\"353ef69\" data-element_type=\"widget\" data-widget_type=\"text-editor.default\">\n\t\t\t\t<div class=\"elementor-widget-container\">\n\t\t\t\t\t\t\t\t\t<p>Their scope of practice includes :<\/p><ul><li>Le traitement et la r\u00e9adaptation de blessures musculosquelettiques pour un retour rapide \u00e0 l&#8217;activit\u00e9 et au sport<\/li><li>The identification, assessment and treatment of acute injuries<\/li><li>The prevention of musculoskeletal injuries : sprains, strains, pain, inflammation<\/li><li>Reconditioning and physical training : posture, strength, endurance, agility<\/li><li>The evaluation, management and rehabilitation of concussions and visual-vestibular deficits<\/li><li>The preseason (baseline) assessments for athletes<\/li><\/ul>\t\t\t\t\t\t\t\t<\/div>\n\t\t\t\t<\/div>\n\t\t\t\t\t<\/div>\n\t\t\t\t<\/div>\n\t\t<div class=\"elementor-element elementor-element-52bb01b e-flex e-con-boxed e-con e-parent\" data-id=\"52bb01b\" data-element_type=\"container\" data-settings=\"{&quot;background_background&quot;:&quot;classic&quot;}\">\n\t\t\t\t\t<div class=\"e-con-inner\">\n\t\t\t\t<div class=\"elementor-element elementor-element-714b921 elementor-widget elementor-widget-text-editor\" data-id=\"714b921\" data-element_type=\"widget\" data-widget_type=\"text-editor.default\">\n\t\t\t\t<div class=\"elementor-widget-container\">\n\t\t\t\t\t\t\t\t\t<p>Vertex unites a <a href=\"https:\/\/vertexcommotion.ca\/en\/notre-equipe-vertex\/\">multidisciplinary team<\/a> focused on your health and well-being. Consult an athletic therapist in our Mirabel offices, on the north shore in the Laurentians.<\/p>\t\t\t\t\t\t\t\t<\/div>\n\t\t\t\t<\/div>\n\t\t\t\t<div class=\"elementor-element elementor-element-3e23583 elementor-align-center elementor-widget elementor-widget-ld_button\" data-id=\"3e23583\" data-element_type=\"widget\" data-widget_type=\"ld_button.default\">\n\t\t\t\t<div class=\"elementor-widget-container\">\n\t\t\t\t\t\n\t\t\t<a\n\t\t\t\thref=\"https:\/\/www.gorendezvous.com\/vertexcommotion\"class=\"elementor-button btn btn-solid btn-icon-shaped btn-has-label\"\t\t\t>\n\t\t\t\t\t\t\t\t\t<span data-text=\"Prenez rendez-vous\" class=\"btn-txt\">\n\t\t\t\t\t\tMake an appointment\t\t\t\t\t<\/span>\n\t\t\t\t\t\t\t\t\t\t\t<\/a>\n\t\t\t\t\t\t\t<\/div>\n\t\t\t\t<\/div>\n\t\t\t\t\t<\/div>\n\t\t\t\t<\/div>\n\t\t<div class=\"elementor-element elementor-element-73a004f e-flex e-con-boxed e-con e-parent\" data-id=\"73a004f\" data-element_type=\"container\">\n\t\t\t\t\t<div class=\"e-con-inner\">\n\t\t\t\t<div class=\"elementor-element elementor-element-4c1a1e1 elementor-widget elementor-widget-text-editor\" data-id=\"4c1a1e1\" data-element_type=\"widget\" data-widget_type=\"text-editor.default\">\n\t\t\t\t<div class=\"elementor-widget-container\">\n\t\t\t\t\t\t\t\t\t<h2><strong>Recognized efficiency<\/strong><\/h2><p>The athletic therapist uses specialized rehabilitation techniques. In the case of cervical tension or chronic pain, for example, they can use manual therapy techniques or recommend exercises. They can also assess the vestibular system which includes balance, proprioception and reaction time. Many people consult athletic therapists because of their expertise in the management and rehabilitation of concussions.<\/p>\t\t\t\t\t\t\t\t<\/div>\n\t\t\t\t<\/div>\n\t\t\t\t\t<\/div>\n\t\t\t\t<\/div>\n\t\t<div class=\"elementor-element elementor-element-a6df99b e-flex e-con-boxed e-con e-parent\" data-id=\"a6df99b\" data-element_type=\"container\">\n\t\t\t\t\t<div class=\"e-con-inner\">\n\t\t<div class=\"elementor-element elementor-element-d4788cf e-con-full e-flex e-con e-child\" data-id=\"d4788cf\" data-element_type=\"container\">\n\t\t\t\t<div class=\"elementor-element elementor-element-3276163 elementor-widget elementor-widget-text-editor\" data-id=\"3276163\" data-element_type=\"widget\" data-widget_type=\"text-editor.default\">\n\t\t\t\t<div class=\"elementor-widget-container\">\n\t\t\t\t\t\t\t\t\t<h2><strong>The athlete's ally<\/strong><\/h2><p>Dans les sports de contact et \u00e0 haut risque de chute, comme le football, le hockey, le soccer, le ski alpin, la planche \u00e0 neige et la gymnastique, il est recommand\u00e9 de proc\u00e9der \u00e0 une <a href=\"https:\/\/vertexcommotion.ca\/en\/our-services\/concussion-testing\/\">\u00e9valuation de d\u00e9pistage en pr\u00e9saison (baseline)<\/a> pour les commotions et les blessures musculosquelettiques. Le th\u00e9rapeute du sport est la r\u00e9f\u00e9rence en ce domaine.<\/p>\t\t\t\t\t\t\t\t<\/div>\n\t\t\t\t<\/div>\n\t\t\t\t<\/div>\n\t\t<div class=\"elementor-element elementor-element-5722f21 e-con-full e-flex e-con e-child\" data-id=\"5722f21\" data-element_type=\"container\">\n\t\t\t\t<div class=\"elementor-element elementor-element-ff62301 elementor-widget elementor-widget-image\" data-id=\"ff62301\" data-element_type=\"widget\" data-widget_type=\"image.default\">\n\t\t\t\t<div class=\"elementor-widget-container\">\n\t\t\t\t\t\t\t\t\t\t\t\t\t\t\t<img decoding=\"async\" width=\"780\" height=\"520\" src=\"data:image\/svg+xml;charset=utf-8,%3Csvg xmlns%3D&#039;http%3A%2F%2Fwww.w3.org%2F2000%2Fsvg&#039; viewBox%3D&#039;0 0 1024 683&#039;%2F%3E\" class=\"attachment-large size-large wp-image-4333 ld-lazyload\" alt=\"Groupe de femmes jouant au rugby\" data-src=\"https:\/\/vertexcommotion.ca\/wp-content\/uploads\/2024\/05\/therapie-sport-athlete-1024x683.jpg\" data-srcset=\"https:\/\/vertexcommotion.ca\/wp-content\/uploads\/2024\/05\/therapie-sport-athlete-1024x683.jpg 1024w, https:\/\/vertexcommotion.ca\/wp-content\/uploads\/2024\/05\/therapie-sport-athlete-300x200.jpg 300w, https:\/\/vertexcommotion.ca\/wp-content\/uploads\/2024\/05\/therapie-sport-athlete-18x12.jpg 18w, https:\/\/vertexcommotion.ca\/wp-content\/uploads\/2024\/05\/therapie-sport-athlete-1536x1024.jpg 1536w, https:\/\/vertexcommotion.ca\/wp-content\/uploads\/2024\/05\/therapie-sport-athlete-720x480.jpg 720w, https:\/\/vertexcommotion.ca\/wp-content\/uploads\/2024\/05\/therapie-sport-athlete.jpg 1897w\" data-sizes=\"(max-width: 780px) 100vw, 780px\" data-aspect=\"1.4992679355783\" \/>\t\t\t\t\t\t\t\t\t\t\t\t\t\t\t<\/div>\n\t\t\t\t<\/div>\n\t\t\t\t<\/div>\n\t\t\t\t\t<\/div>\n\t\t\t\t<\/div>\n\t\t<div class=\"elementor-element elementor-element-db19acd e-flex e-con-boxed e-con e-parent\" data-id=\"db19acd\" data-element_type=\"container\" data-settings=\"{&quot;background_background&quot;:&quot;classic&quot;}\">\n\t\t\t\t\t<div class=\"e-con-inner\">\n\t\t\t\t<div class=\"elementor-element elementor-element-2878193 elementor-widget elementor-widget-text-editor\" data-id=\"2878193\" data-element_type=\"widget\" data-widget_type=\"text-editor.default\">\n\t\t\t\t<div class=\"elementor-widget-container\">\n\t\t\t\t\t\t\t\t\t<h2><strong style=\"color: white;\">Prevention, assessment and treatment of musculoskeletal injuries<\/strong><\/h2>\n<strong>Come see how our athletic therapists can help you.<\/strong>\t\t\t\t\t\t\t\t<\/div>\n\t\t\t\t<\/div>\n\t\t\t\t<div class=\"elementor-element elementor-element-74a29f0 elementor-align-center elementor-widget elementor-widget-ld_button\" data-id=\"74a29f0\" data-element_type=\"widget\" data-widget_type=\"ld_button.default\">\n\t\t\t\t<div class=\"elementor-widget-container\">\n\t\t\t\t\t\n\t\t\t<a\n\t\t\t\thref=\"https:\/\/www.gorendezvous.com\/vertexcommotion\"class=\"elementor-button btn btn-solid btn-icon-shaped btn-has-label\"\t\t\t>\n\t\t\t\t\t\t\t\t\t<span data-text=\"Prenez rendez-vous\" class=\"btn-txt\">\n\t\t\t\t\t\tMake an appointment\t\t\t\t\t<\/span>\n\t\t\t\t\t\t\t\t\t\t\t<\/a>\n\t\t\t\t\t\t\t<\/div>\n\t\t\t\t<\/div>\n\t\t\t\t\t<\/div>\n\t\t\t\t<\/div>\n\t\t<div class=\"elementor-element elementor-element-3c22603 e-flex e-con-boxed e-con e-parent\" data-id=\"3c22603\" data-element_type=\"container\">\n\t\t\t\t\t<div class=\"e-con-inner\">\n\t\t\t\t<div class=\"elementor-element elementor-element-caaae90 elementor-widget elementor-widget-text-editor\" data-id=\"caaae90\" data-element_type=\"widget\" data-widget_type=\"text-editor.default\">\n\t\t\t\t<div class=\"elementor-widget-container\">\n\t\t\t\t\t\t\t\t\t<h2><strong>Post-operative rehabilitation<\/strong><\/h2><p>Whether its a surgery involving the shoulder, the anterior crutiate ligament (ACL), a ruptured Achilles tendon or a patellar-femoral syndrome, an athletic therapist can help you restore your mobility and strength.<\/p><h2><strong>Athletic therapy consultations are covered by insurance<\/strong><\/h2><p>Toute compagnie d\u2019assurance au Qu\u00e9bec couvre les consultations en th\u00e9rapie du sport. Si cela n\u2019est pas indiqu\u00e9 sur votre couverture, demandez \u00e0 votre employeur d\u2019en faire l\u2019ajout. Une petite action au service de plusieurs! \u00c0 noter que nous acceptons les dossiers des tiers payeurs (anciens combattants &#8211; ACC).<\/p>\t\t\t\t\t\t\t\t<\/div>\n\t\t\t\t<\/div>\n\t\t\t\t\t<\/div>\n\t\t\t\t<\/div>\n\t\t\t\t<\/div>","protected":false},"excerpt":{"rendered":"<p>Th\u00e9rapeute du sport Qu\u2019est-ce qu\u2019un th\u00e9rapeute du sport? Le th\u00e9rapeute du sport agr\u00e9\u00e9 se sp\u00e9cialise dans la pr\u00e9vention, l\u2019\u00e9valuation, la r\u00e9adaptation, le reconditionnement physique et la gestion des blessures musculosquelettiques. Ce professionnel de la sant\u00e9 intervient autant aupr\u00e8s des sportifs que des gens ayant subi une op\u00e9ration ou une commotion c\u00e9r\u00e9brale. Ses champs de pratique [&hellip;]<\/p>","protected":false},"author":6,"featured_media":0,"parent":26,"menu_order":0,"comment_status":"closed","ping_status":"closed","template":"","meta":{"footnotes":""},"class_list":["post-4324","page","type-page","status-publish","hentry"],"yoast_head":"<!-- This site is optimized with the Yoast SEO plugin v25.0 - https:\/\/yoast.com\/wordpress\/plugins\/seo\/ -->\n<title>Th\u00e9rapeute du sport: blessures musculosquelettiques \u2013 Rive-Nord, Laurentides<\/title>\n<meta name=\"description\" content=\"Th\u00e9rapeute du sport agr\u00e9\u00e9 sur la Rive-Nord: traitement, r\u00e9adaptation et pr\u00e9vention des blessures musculosquelettiques. Retrouvez une vie active!\" \/>\n<meta name=\"robots\" content=\"index, follow, max-snippet:-1, max-image-preview:large, max-video-preview:-1\" \/>\n<link rel=\"canonical\" href=\"https:\/\/vertexcommotion.ca\/en\/our-services\/therapeute-du-sport\/\" \/>\n<meta property=\"og:locale\" content=\"en_US\" \/>\n<meta property=\"og:type\" content=\"article\" \/>\n<meta property=\"og:title\" content=\"Th\u00e9rapeute du sport: blessures musculosquelettiques \u2013 Rive-Nord, Laurentides\" \/>\n<meta property=\"og:description\" content=\"Th\u00e9rapeute du sport agr\u00e9\u00e9 sur la Rive-Nord: traitement, r\u00e9adaptation et pr\u00e9vention des blessures musculosquelettiques. Retrouvez une vie active!\" \/>\n<meta property=\"og:url\" content=\"https:\/\/vertexcommotion.ca\/en\/our-services\/therapeute-du-sport\/\" \/>\n<meta property=\"og:site_name\" content=\"Vertex\" \/>\n<meta property=\"article:modified_time\" content=\"2024-08-27T17:27:26+00:00\" \/>\n<meta property=\"og:image\" content=\"https:\/\/vertexcommotion.ca\/wp-content\/uploads\/2024\/05\/therapie-du-sport.png\" \/>\n<meta name=\"twitter:card\" content=\"summary_large_image\" \/>\n<meta name=\"twitter:label1\" content=\"Est. reading time\" \/>\n\t<meta name=\"twitter:data1\" content=\"3 minutes\" \/>\n<script type=\"application\/ld+json\" class=\"yoast-schema-graph\">{\"@context\":\"https:\/\/schema.org\",\"@graph\":[{\"@type\":\"WebPage\",\"@id\":\"https:\/\/vertexcommotion.ca\/nos-services\/therapeute-du-sport\/\",\"url\":\"https:\/\/vertexcommotion.ca\/nos-services\/therapeute-du-sport\/\",\"name\":\"Th\u00e9rapeute du sport: blessures musculosquelettiques \u2013 Rive-Nord, Laurentides\",\"isPartOf\":{\"@id\":\"https:\/\/vertexcommotion.ca\/#website\"},\"primaryImageOfPage\":{\"@id\":\"https:\/\/vertexcommotion.ca\/nos-services\/therapeute-du-sport\/#primaryimage\"},\"image\":{\"@id\":\"https:\/\/vertexcommotion.ca\/nos-services\/therapeute-du-sport\/#primaryimage\"},\"thumbnailUrl\":\"https:\/\/vertexcommotion.ca\/wp-content\/uploads\/2024\/05\/therapie-du-sport.png\",\"datePublished\":\"2024-05-31T17:04:47+00:00\",\"dateModified\":\"2024-08-27T17:27:26+00:00\",\"description\":\"Th\u00e9rapeute du sport agr\u00e9\u00e9 sur la Rive-Nord: traitement, r\u00e9adaptation et pr\u00e9vention des blessures musculosquelettiques. Retrouvez une vie active!\",\"breadcrumb\":{\"@id\":\"https:\/\/vertexcommotion.ca\/nos-services\/therapeute-du-sport\/#breadcrumb\"},\"inLanguage\":\"en-CA\",\"potentialAction\":[{\"@type\":\"ReadAction\",\"target\":[\"https:\/\/vertexcommotion.ca\/nos-services\/therapeute-du-sport\/\"]}]},{\"@type\":\"ImageObject\",\"inLanguage\":\"en-CA\",\"@id\":\"https:\/\/vertexcommotion.ca\/nos-services\/therapeute-du-sport\/#primaryimage\",\"url\":\"https:\/\/vertexcommotion.ca\/wp-content\/uploads\/2024\/05\/therapie-du-sport.png\",\"contentUrl\":\"https:\/\/vertexcommotion.ca\/wp-content\/uploads\/2024\/05\/therapie-du-sport.png\"},{\"@type\":\"BreadcrumbList\",\"@id\":\"https:\/\/vertexcommotion.ca\/nos-services\/therapeute-du-sport\/#breadcrumb\",\"itemListElement\":[{\"@type\":\"ListItem\",\"position\":1,\"name\":\"Home\",\"item\":\"https:\/\/vertexcommotion.ca\/\"},{\"@type\":\"ListItem\",\"position\":2,\"name\":\"Nos Services\",\"item\":\"https:\/\/vertexcommotion.ca\/nos-services\/\"},{\"@type\":\"ListItem\",\"position\":3,\"name\":\"Th\u00e9rapeute du sport\"}]},{\"@type\":\"WebSite\",\"@id\":\"https:\/\/vertexcommotion.ca\/#website\",\"url\":\"https:\/\/vertexcommotion.ca\/\",\"name\":\"Vertex\",\"description\":\"\",\"publisher\":{\"@id\":\"https:\/\/vertexcommotion.ca\/#organization\"},\"potentialAction\":[{\"@type\":\"SearchAction\",\"target\":{\"@type\":\"EntryPoint\",\"urlTemplate\":\"https:\/\/vertexcommotion.ca\/?s={search_term_string}\"},\"query-input\":{\"@type\":\"PropertyValueSpecification\",\"valueRequired\":true,\"valueName\":\"search_term_string\"}}],\"inLanguage\":\"en-CA\"},{\"@type\":\"Organization\",\"@id\":\"https:\/\/vertexcommotion.ca\/#organization\",\"name\":\"Vertex\",\"url\":\"https:\/\/vertexcommotion.ca\/\",\"logo\":{\"@type\":\"ImageObject\",\"inLanguage\":\"en-CA\",\"@id\":\"https:\/\/vertexcommotion.ca\/#\/schema\/logo\/image\/\",\"url\":\"https:\/\/vertexcommotion.ca\/wp-content\/uploads\/2023\/09\/VertexLogo.png\",\"contentUrl\":\"https:\/\/vertexcommotion.ca\/wp-content\/uploads\/2023\/09\/VertexLogo.png\",\"width\":550,\"height\":245,\"caption\":\"Vertex\"},\"image\":{\"@id\":\"https:\/\/vertexcommotion.ca\/#\/schema\/logo\/image\/\"}}]}<\/script>\n<!-- \/ Yoast SEO plugin. -->","yoast_head_json":{"title":"Th\u00e9rapeute du sport: blessures musculosquelettiques \u2013 Rive-Nord, Laurentides","description":"Th\u00e9rapeute du sport agr\u00e9\u00e9 sur la Rive-Nord: traitement, r\u00e9adaptation et pr\u00e9vention des blessures musculosquelettiques. Retrouvez une vie active!","robots":{"index":"index","follow":"follow","max-snippet":"max-snippet:-1","max-image-preview":"max-image-preview:large","max-video-preview":"max-video-preview:-1"},"canonical":"https:\/\/vertexcommotion.ca\/en\/our-services\/therapeute-du-sport\/","og_locale":"en_US","og_type":"article","og_title":"Th\u00e9rapeute du sport: blessures musculosquelettiques \u2013 Rive-Nord, Laurentides","og_description":"Th\u00e9rapeute du sport agr\u00e9\u00e9 sur la Rive-Nord: traitement, r\u00e9adaptation et pr\u00e9vention des blessures musculosquelettiques. Retrouvez une vie active!","og_url":"https:\/\/vertexcommotion.ca\/en\/our-services\/therapeute-du-sport\/","og_site_name":"Vertex","article_modified_time":"2024-08-27T17:27:26+00:00","og_image":[{"url":"https:\/\/vertexcommotion.ca\/wp-content\/uploads\/2024\/05\/therapie-du-sport.png","type":"","width":"","height":""}],"twitter_card":"summary_large_image","twitter_misc":{"Est. reading time":"3 minutes"},"schema":{"@context":"https:\/\/schema.org","@graph":[{"@type":"WebPage","@id":"https:\/\/vertexcommotion.ca\/nos-services\/therapeute-du-sport\/","url":"https:\/\/vertexcommotion.ca\/nos-services\/therapeute-du-sport\/","name":"Th\u00e9rapeute du sport: blessures musculosquelettiques \u2013 Rive-Nord, Laurentides","isPartOf":{"@id":"https:\/\/vertexcommotion.ca\/#website"},"primaryImageOfPage":{"@id":"https:\/\/vertexcommotion.ca\/nos-services\/therapeute-du-sport\/#primaryimage"},"image":{"@id":"https:\/\/vertexcommotion.ca\/nos-services\/therapeute-du-sport\/#primaryimage"},"thumbnailUrl":"https:\/\/vertexcommotion.ca\/wp-content\/uploads\/2024\/05\/therapie-du-sport.png","datePublished":"2024-05-31T17:04:47+00:00","dateModified":"2024-08-27T17:27:26+00:00","description":"Th\u00e9rapeute du sport agr\u00e9\u00e9 sur la Rive-Nord: traitement, r\u00e9adaptation et pr\u00e9vention des blessures musculosquelettiques. Retrouvez une vie active!","breadcrumb":{"@id":"https:\/\/vertexcommotion.ca\/nos-services\/therapeute-du-sport\/#breadcrumb"},"inLanguage":"en-CA","potentialAction":[{"@type":"ReadAction","target":["https:\/\/vertexcommotion.ca\/nos-services\/therapeute-du-sport\/"]}]},{"@type":"ImageObject","inLanguage":"en-CA","@id":"https:\/\/vertexcommotion.ca\/nos-services\/therapeute-du-sport\/#primaryimage","url":"https:\/\/vertexcommotion.ca\/wp-content\/uploads\/2024\/05\/therapie-du-sport.png","contentUrl":"https:\/\/vertexcommotion.ca\/wp-content\/uploads\/2024\/05\/therapie-du-sport.png"},{"@type":"BreadcrumbList","@id":"https:\/\/vertexcommotion.ca\/nos-services\/therapeute-du-sport\/#breadcrumb","itemListElement":[{"@type":"ListItem","position":1,"name":"Home","item":"https:\/\/vertexcommotion.ca\/"},{"@type":"ListItem","position":2,"name":"Nos Services","item":"https:\/\/vertexcommotion.ca\/nos-services\/"},{"@type":"ListItem","position":3,"name":"Th\u00e9rapeute du sport"}]},{"@type":"WebSite","@id":"https:\/\/vertexcommotion.ca\/#website","url":"https:\/\/vertexcommotion.ca\/","name":"Vertex","description":"","publisher":{"@id":"https:\/\/vertexcommotion.ca\/#organization"},"potentialAction":[{"@type":"SearchAction","target":{"@type":"EntryPoint","urlTemplate":"https:\/\/vertexcommotion.ca\/?s={search_term_string}"},"query-input":{"@type":"PropertyValueSpecification","valueRequired":true,"valueName":"search_term_string"}}],"inLanguage":"en-CA"},{"@type":"Organization","@id":"https:\/\/vertexcommotion.ca\/#organization","name":"Vertex","url":"https:\/\/vertexcommotion.ca\/","logo":{"@type":"ImageObject","inLanguage":"en-CA","@id":"https:\/\/vertexcommotion.ca\/#\/schema\/logo\/image\/","url":"https:\/\/vertexcommotion.ca\/wp-content\/uploads\/2023\/09\/VertexLogo.png","contentUrl":"https:\/\/vertexcommotion.ca\/wp-content\/uploads\/2023\/09\/VertexLogo.png","width":550,"height":245,"caption":"Vertex"},"image":{"@id":"https:\/\/vertexcommotion.ca\/#\/schema\/logo\/image\/"}}]}},"_links":{"self":[{"href":"https:\/\/vertexcommotion.ca\/en\/wp-json\/wp\/v2\/pages\/4324","targetHints":{"allow":["GET"]}}],"collection":[{"href":"https:\/\/vertexcommotion.ca\/en\/wp-json\/wp\/v2\/pages"}],"about":[{"href":"https:\/\/vertexcommotion.ca\/en\/wp-json\/wp\/v2\/types\/page"}],"author":[{"embeddable":true,"href":"https:\/\/vertexcommotion.ca\/en\/wp-json\/wp\/v2\/users\/6"}],"replies":[{"embeddable":true,"href":"https:\/\/vertexcommotion.ca\/en\/wp-json\/wp\/v2\/comments?post=4324"}],"version-history":[{"count":25,"href":"https:\/\/vertexcommotion.ca\/en\/wp-json\/wp\/v2\/pages\/4324\/revisions"}],"predecessor-version":[{"id":4980,"href":"https:\/\/vertexcommotion.ca\/en\/wp-json\/wp\/v2\/pages\/4324\/revisions\/4980"}],"up":[{"embeddable":true,"href":"https:\/\/vertexcommotion.ca\/en\/wp-json\/wp\/v2\/pages\/26"}],"wp:attachment":[{"href":"https:\/\/vertexcommotion.ca\/en\/wp-json\/wp\/v2\/media?parent=4324"}],"curies":[{"name":"wp","href":"https:\/\/api.w.org\/{rel}","templated":true}]}}