{"id":4178,"date":"2024-05-28T14:37:27","date_gmt":"2024-05-28T14:37:27","guid":{"rendered":"https:\/\/vertexcommotion.ca\/?page_id=4178"},"modified":"2025-10-07T13:20:15","modified_gmt":"2025-10-07T13:20:15","slug":"psychologie","status":"publish","type":"page","link":"https:\/\/vertexcommotion.ca\/en\/our-services\/psychologie\/","title":{"rendered":"Psychology in the Laurentians"},"content":{"rendered":"<div data-elementor-type=\"wp-page\" data-elementor-id=\"4178\" class=\"elementor elementor-4178\">\n\t\t\t\t<div class=\"elementor-element elementor-element-0421ded e-con-full e-flex e-con e-parent\" data-id=\"0421ded\" data-element_type=\"container\" data-settings=\"{&quot;background_background&quot;:&quot;classic&quot;}\">\n\t\t\t\t<div class=\"elementor-element elementor-element-11a4f0f elementor-widget elementor-widget-heading\" data-id=\"11a4f0f\" data-element_type=\"widget\" data-widget_type=\"heading.default\">\n\t\t\t\t<div class=\"elementor-widget-container\">\n\t\t\t\t\t<h1 class=\"elementor-heading-title elementor-size-default\">Psychology in the Laurentians<\/h1>\t\t\t\t<\/div>\n\t\t\t\t<\/div>\n\t\t\t\t<\/div>\n\t\t<div class=\"elementor-element elementor-element-58dabd3 e-flex e-con-boxed e-con e-parent\" data-id=\"58dabd3\" data-element_type=\"container\">\n\t\t\t\t\t<div class=\"e-con-inner\">\n\t\t\t\t<div class=\"elementor-element elementor-element-5094bac elementor-widget elementor-widget-text-editor\" data-id=\"5094bac\" data-element_type=\"widget\" data-widget_type=\"text-editor.default\">\n\t\t\t\t<div class=\"elementor-widget-container\">\n\t\t\t\t\t\t\t\t\t<p><strong><em>Ce service n&#8217;est pas disponible pour le moment.<br \/><\/em><\/strong>Vous souhaitez obtenir une consultation en psychologie dans les Laurentides? Notre clinique de r\u00e9adaptation situ\u00e9e \u00e0 Mirabel vous permet d\u2019acc\u00e9der \u00e0 l\u2019expertise d\u2019une psychologue sp\u00e9cialis\u00e9e en psychologie de la sant\u00e9.<\/p>\t\t\t\t\t\t\t\t<\/div>\n\t\t\t\t<\/div>\n\t\t\t\t<div class=\"elementor-element elementor-element-a11190e elementor-align-center elementor-widget elementor-widget-ld_button\" data-id=\"a11190e\" data-element_type=\"widget\" data-widget_type=\"ld_button.default\">\n\t\t\t\t<div class=\"elementor-widget-container\">\n\t\t\t\t\t\n\t\t\t<a\n\t\t\t\thref=\"https:\/\/www.gorendezvous.com\/vertexcommotion\"class=\"elementor-button btn btn-solid btn-icon-shaped btn-has-label\"\t\t\t>\n\t\t\t\t\t\t\t\t\t<span data-text=\"Prenez rendez-vous\" class=\"btn-txt\">\n\t\t\t\t\t\tMake an appointment\t\t\t\t\t<\/span>\n\t\t\t\t\t\t\t\t\t\t\t<\/a>\n\t\t\t\t\t\t\t<\/div>\n\t\t\t\t<\/div>\n\t\t\t\t\t<\/div>\n\t\t\t\t<\/div>\n\t\t<div class=\"elementor-element elementor-element-608b053 e-flex e-con-boxed e-con e-parent\" data-id=\"608b053\" data-element_type=\"container\">\n\t\t\t\t\t<div class=\"e-con-inner\">\n\t\t<div class=\"elementor-element elementor-element-d357e04 e-con-full e-flex e-con e-child\" data-id=\"d357e04\" data-element_type=\"container\">\n\t\t\t\t<div class=\"elementor-element elementor-element-24fb862 elementor-widget elementor-widget-image\" data-id=\"24fb862\" data-element_type=\"widget\" data-widget_type=\"image.default\">\n\t\t\t\t<div class=\"elementor-widget-container\">\n\t\t\t\t\t\t\t\t\t\t\t\t\t\t\t<img fetchpriority=\"high\" decoding=\"async\" width=\"780\" height=\"730\" src=\"https:\/\/vertexcommotion.ca\/wp-content\/uploads\/2024\/05\/psychologie-1024x958.png\" class=\"attachment-large size-large wp-image-4184\" alt=\"\" srcset=\"https:\/\/vertexcommotion.ca\/wp-content\/uploads\/2024\/05\/psychologie-1024x958.png 1024w, https:\/\/vertexcommotion.ca\/wp-content\/uploads\/2024\/05\/psychologie-300x281.png 300w, https:\/\/vertexcommotion.ca\/wp-content\/uploads\/2024\/05\/psychologie-13x12.png 13w, https:\/\/vertexcommotion.ca\/wp-content\/uploads\/2024\/05\/psychologie-640x600.png 640w, https:\/\/vertexcommotion.ca\/wp-content\/uploads\/2024\/05\/psychologie.png 1530w\" sizes=\"(max-width: 780px) 100vw, 780px\" \/>\t\t\t\t\t\t\t\t\t\t\t\t\t\t\t<\/div>\n\t\t\t\t<\/div>\n\t\t\t\t<\/div>\n\t\t<div class=\"elementor-element elementor-element-3af1fd1 e-con-full e-flex e-con e-child\" data-id=\"3af1fd1\" data-element_type=\"container\">\n\t\t\t\t<div class=\"elementor-element elementor-element-7488bee elementor-widget elementor-widget-text-editor\" data-id=\"7488bee\" data-element_type=\"widget\" data-widget_type=\"text-editor.default\">\n\t\t\t\t<div class=\"elementor-widget-container\">\n\t\t\t\t\t\t\t\t\t<h2><strong>Listen, assess and help<\/strong><\/h2><p>The psychologist specializes in the behavioural, emotional and mental health. They assess <strong>the psychological affects and mental health<\/strong> that will allow them to determine which intervention or treatment will best help their client. The psychologist can also apply interventions and treatments like psychotherapy.<\/p>\t\t\t\t\t\t\t\t<\/div>\n\t\t\t\t<\/div>\n\t\t\t\t<\/div>\n\t\t\t\t\t<\/div>\n\t\t\t\t<\/div>\n\t\t<div class=\"elementor-element elementor-element-f264263 e-flex e-con-boxed e-con e-parent\" data-id=\"f264263\" data-element_type=\"container\">\n\t\t\t\t\t<div class=\"e-con-inner\">\n\t\t\t\t<div class=\"elementor-element elementor-element-eb767f7 elementor-widget elementor-widget-text-editor\" data-id=\"eb767f7\" data-element_type=\"widget\" data-widget_type=\"text-editor.default\">\n\t\t\t\t<div class=\"elementor-widget-container\">\n\t\t\t\t\t\t\t\t\t<h2><strong>What is psychotherapy?<\/strong><\/h2><p>La psychoth\u00e9rapie vise \u00e0 att\u00e9nuer les souffrances ou les difficult\u00e9s psychologiques. Ce traitement s&#8217;adresse \u00e0 toute personne d\u00e9sirant apporter des changements significatifs dans sa vie pour am\u00e9liorer son bien-\u00eatre. <b data-stringify-type=\"bold\">There are a variety of motives to consult :<\/b><\/p><ul><li>Changement de comportements, d&#8217;\u00e9motions ou d&#8217;habitudes<\/li><li>Making difficult decisions<\/li><li>Looking for the answers to personal questions<\/li><li>To better the understanding or management of difficult situations<\/li><\/ul><p>Psychotherapy requires an active participation. It requires an open mind and a willingness to reveal.<\/p>\t\t\t\t\t\t\t\t<\/div>\n\t\t\t\t<\/div>\n\t\t\t\t\t<\/div>\n\t\t\t\t<\/div>\n\t\t<div class=\"elementor-element elementor-element-6865bff e-flex e-con-boxed e-con e-parent\" data-id=\"6865bff\" data-element_type=\"container\">\n\t\t\t\t\t<div class=\"e-con-inner\">\n\t\t<div class=\"elementor-element elementor-element-9219c8c e-con-full e-flex e-con e-child\" data-id=\"9219c8c\" data-element_type=\"container\">\n\t\t\t\t<div class=\"elementor-element elementor-element-bd7591a elementor-widget elementor-widget-text-editor\" data-id=\"bd7591a\" data-element_type=\"widget\" data-widget_type=\"text-editor.default\">\n\t\t\t\t<div class=\"elementor-widget-container\">\n\t\t\t\t\t\t\t\t\t<h2><strong>Psychological health, what is it?<\/strong><\/h2><p>En psychologie de la sant\u00e9, le psychologue s&#8217;int\u00e9resse plus sp\u00e9cifiquement aux comportements et aux styles de vie qui affectent la sant\u00e9 physique et psychologique des gens. Ses interventions ont pour but de <strong>improve the person's ability to psychologically adapt to their physical health problems<\/strong> and all the changes these problems can bring about.<\/p><p>A <a href=\"https:\/\/vertexcommotion.ca\/en\/concussion\/\">brain injury<\/a>, chronic pain, surgeries, acute or chronic disease are only some of the examples of physical health problems that could be the reason for consulting a psychologist.<\/p>\t\t\t\t\t\t\t\t<\/div>\n\t\t\t\t<\/div>\n\t\t\t\t<\/div>\n\t\t<div class=\"elementor-element elementor-element-0e9ad9d e-con-full e-flex e-con e-child\" data-id=\"0e9ad9d\" data-element_type=\"container\">\n\t\t\t\t<div class=\"elementor-element elementor-element-f903fd3 elementor-widget elementor-widget-image\" data-id=\"f903fd3\" data-element_type=\"widget\" data-widget_type=\"image.default\">\n\t\t\t\t<div class=\"elementor-widget-container\">\n\t\t\t\t\t\t\t\t\t\t\t\t\t\t\t<img decoding=\"async\" width=\"780\" height=\"511\" src=\"https:\/\/vertexcommotion.ca\/wp-content\/uploads\/2024\/05\/psychologie-vertex.jpg\" class=\"attachment-large size-large wp-image-4185 ld-lazyload\" alt=\"A psychologist interrogates a client and is taking notes\" data-src=\"https:\/\/vertexcommotion.ca\/wp-content\/uploads\/2024\/05\/psychologie-vertex.jpg\" data-srcset=\"https:\/\/vertexcommotion.ca\/wp-content\/uploads\/2024\/05\/psychologie-vertex.jpg 1000w, https:\/\/vertexcommotion.ca\/wp-content\/uploads\/2024\/05\/psychologie-vertex-300x197.jpg 300w, https:\/\/vertexcommotion.ca\/wp-content\/uploads\/2024\/05\/psychologie-vertex-18x12.jpg 18w\" data-sizes=\"(max-width: 780px) 100vw, 780px\" data-aspect=\"1.5267175572519\" \/>\t\t\t\t\t\t\t\t\t\t\t\t\t\t\t<\/div>\n\t\t\t\t<\/div>\n\t\t\t\t<\/div>\n\t\t\t\t\t<\/div>\n\t\t\t\t<\/div>\n\t\t<div class=\"elementor-element elementor-element-6991fcd e-flex e-con-boxed e-con e-parent\" data-id=\"6991fcd\" data-element_type=\"container\">\n\t\t\t\t\t<div class=\"e-con-inner\">\n\t\t\t\t<div class=\"elementor-element elementor-element-047f2ff elementor-widget elementor-widget-text-editor\" data-id=\"047f2ff\" data-element_type=\"widget\" data-widget_type=\"text-editor.default\">\n\t\t\t\t<div class=\"elementor-widget-container\">\n\t\t\t\t\t\t\t\t\t<p>Consulting a psychologist can target several objectives, such as :<\/p><ul><li>To improve self awareness and commitment to medical\/professional treatments<\/li><li>To reduce psychological distress<\/li><li>To accompany a person in their progress towards accepting their physical condition, during their mourning processes and the changes their condition requires<\/li><li>To treat the associated psychological symptoms ( anxiety, depression, post-traumatique stress, etc.)<\/li><\/ul><p>Le psychologue travaille en collaboration avec les autres professionnels de la sant\u00e9, comme les <a href=\"https:\/\/vertexcommotion.ca\/en\/our-services\/neuropsychologie\/\">neuropsychologues<\/a>, <a href=\"https:\/\/vertexcommotion.ca\/en\/our-services\/occupational-therapy\/\">occupational therapists<\/a>, <a href=\"https:\/\/vertexcommotion.ca\/en\/our-services\/physiotherapy\/\">physiotherapists<\/a> and <a href=\"https:\/\/vertexcommotion.ca\/en\/our-services\/therapeute-du-sport\/\">athletic therapists<\/a>, afin de soutenir la personne dans l\u2019atteinte de ses objectifs de r\u00e9adaptation.<\/p>\t\t\t\t\t\t\t\t<\/div>\n\t\t\t\t<\/div>\n\t\t\t\t\t<\/div>\n\t\t\t\t<\/div>\n\t\t<div class=\"elementor-element elementor-element-286567e e-flex e-con-boxed e-con e-parent\" data-id=\"286567e\" data-element_type=\"container\" data-settings=\"{&quot;background_background&quot;:&quot;classic&quot;}\">\n\t\t\t\t\t<div class=\"e-con-inner\">\n\t\t\t\t<div class=\"elementor-element elementor-element-cab078c elementor-widget elementor-widget-text-editor\" data-id=\"cab078c\" data-element_type=\"widget\" data-widget_type=\"text-editor.default\">\n\t\t\t\t<div class=\"elementor-widget-container\">\n\t\t\t\t\t\t\t\t\t<h2><strong style=\"color: white;\">Reserve your consultation in psychology in the Laurentians<\/strong><\/h2><p>Nous acceptons les dossiers des tiers payeurs (SAAQ, IVAQ, anciens combattants (ACC), assureurs priv\u00e9s, etc.).<\/p>\t\t\t\t\t\t\t\t<\/div>\n\t\t\t\t<\/div>\n\t\t\t\t<div class=\"elementor-element elementor-element-f118e02 elementor-align-center elementor-widget elementor-widget-ld_button\" data-id=\"f118e02\" data-element_type=\"widget\" data-widget_type=\"ld_button.default\">\n\t\t\t\t<div class=\"elementor-widget-container\">\n\t\t\t\t\t\n\t\t\t<a\n\t\t\t\thref=\"https:\/\/www.gorendezvous.com\/vertexcommotion\"class=\"elementor-button btn btn-solid btn-icon-shaped btn-has-label\"\t\t\t>\n\t\t\t\t\t\t\t\t\t<span data-text=\"Prenez rendez-vous\" class=\"btn-txt\">\n\t\t\t\t\t\tMake an appointment\t\t\t\t\t<\/span>\n\t\t\t\t\t\t\t\t\t\t\t<\/a>\n\t\t\t\t\t\t\t<\/div>\n\t\t\t\t<\/div>\n\t\t\t\t\t<\/div>\n\t\t\t\t<\/div>\n\t\t<div class=\"elementor-element elementor-element-a6f8feb elementor-hidden-desktop elementor-hidden-tablet elementor-hidden-mobile e-flex e-con-boxed e-con e-parent\" data-id=\"a6f8feb\" data-element_type=\"container\">\n\t\t\t\t\t<div class=\"e-con-inner\">\n\t\t<div class=\"elementor-element elementor-element-d3f804c e-con-full e-flex e-con e-child\" data-id=\"d3f804c\" data-element_type=\"container\">\n\t\t\t\t<div class=\"elementor-element elementor-element-7bc68cd elementor-widget elementor-widget-image\" data-id=\"7bc68cd\" data-element_type=\"widget\" data-widget_type=\"image.default\">\n\t\t\t\t<div class=\"elementor-widget-container\">\n\t\t\t\t\t\t\t\t\t\t\t\t\t\t\t<img decoding=\"async\" width=\"768\" height=\"1024\" src=\"data:image\/svg+xml;charset=utf-8,%3Csvg xmlns%3D&#039;http%3A%2F%2Fwww.w3.org%2F2000%2Fsvg&#039; viewBox%3D&#039;0 0 768 1024&#039;%2F%3E\" class=\"attachment-large size-large wp-image-4186 ld-lazyload\" alt=\"\" data-src=\"https:\/\/vertexcommotion.ca\/wp-content\/uploads\/2024\/05\/vanessa-debien-psychologue-768x1024.jpeg\" data-srcset=\"https:\/\/vertexcommotion.ca\/wp-content\/uploads\/2024\/05\/vanessa-debien-psychologue-768x1024.jpeg 768w, https:\/\/vertexcommotion.ca\/wp-content\/uploads\/2024\/05\/vanessa-debien-psychologue-225x300.jpeg 225w, https:\/\/vertexcommotion.ca\/wp-content\/uploads\/2024\/05\/vanessa-debien-psychologue-9x12.jpeg 9w, https:\/\/vertexcommotion.ca\/wp-content\/uploads\/2024\/05\/vanessa-debien-psychologue-1152x1536.jpeg 1152w, https:\/\/vertexcommotion.ca\/wp-content\/uploads\/2024\/05\/vanessa-debien-psychologue-1536x2048.jpeg 1536w\" data-sizes=\"(max-width: 768px) 100vw, 768px\" data-aspect=\"0.75\" \/>\t\t\t\t\t\t\t\t\t\t\t\t\t\t\t<\/div>\n\t\t\t\t<\/div>\n\t\t\t\t<\/div>\n\t\t<div class=\"elementor-element elementor-element-734db29 e-con-full e-flex e-con e-child\" data-id=\"734db29\" data-element_type=\"container\">\n\t\t\t\t<div class=\"elementor-element elementor-element-c387f02 elementor-widget elementor-widget-text-editor\" data-id=\"c387f02\" data-element_type=\"widget\" data-widget_type=\"text-editor.default\">\n\t\t\t\t<div class=\"elementor-widget-container\">\n\t\t\t\t\t\t\t\t\t<h2><strong>A recognized expertise<\/strong><\/h2><p>Dre. Vanessa Debien, Psy.D., obtained her doctorat degree in psychology from the University of Quebec in Montreal and is a membre of Quebec's Psychology Order since 2020. She specializes in the assessment and intervention of individuals who suffer from <strong>a psychological difficulty adapting to a physical health condition.<\/strong>.<\/p><p>Dre Debien completed her clinical training at l'USMM's department of psychiatry with individuals suffering from anxiety, mood and personality disorders.<\/p><p>She then practiced <strong>psychological health<\/strong> for a few years at the Saint-J\u00e9r\u00f4me regional hospital, in the department of physical rehabilitation. There she worked with individuals suffering from chronic pain and those who had  had bariatric surgeries. She also worked with individuals who had a difficult hospitalization or who suffered difficulties adapting to disease (oncology, diabetes, stroke, rare or orphan diseases, etc)<\/p>\t\t\t\t\t\t\t\t<\/div>\n\t\t\t\t<\/div>\n\t\t\t\t<\/div>\n\t\t\t\t\t<\/div>\n\t\t\t\t<\/div>\n\t\t<div class=\"elementor-element elementor-element-fd1d5ec elementor-hidden-desktop elementor-hidden-tablet elementor-hidden-mobile e-flex e-con-boxed e-con e-parent\" data-id=\"fd1d5ec\" data-element_type=\"container\">\n\t\t\t\t\t<div class=\"e-con-inner\">\n\t\t\t\t<div class=\"elementor-element elementor-element-d827769 elementor-widget elementor-widget-text-editor\" data-id=\"d827769\" data-element_type=\"widget\" data-widget_type=\"text-editor.default\">\n\t\t\t\t<div class=\"elementor-widget-container\">\n\t\t\t\t\t\t\t\t\t<p>Before becoming a psychologist, Dre Vanessa Debien worked for a few years as a consultant in mental health one on one or in group settings in a community center, especially with individuals who are suicidal, anxious, depressed or bipolar.<\/p>\t\t\t\t\t\t\t\t<\/div>\n\t\t\t\t<\/div>\n\t\t\t\t\t<\/div>\n\t\t\t\t<\/div>\n\t\t\t\t<\/div>","protected":false},"excerpt":{"rendered":"<p>Psychologie dans les Laurentides Ce service n&#8217;est pas disponible pour le moment.Vous souhaitez obtenir une consultation en psychologie dans les Laurentides? Notre clinique de r\u00e9adaptation situ\u00e9e \u00e0 Mirabel vous permet d\u2019acc\u00e9der \u00e0 l\u2019expertise d\u2019une psychologue sp\u00e9cialis\u00e9e en psychologie de la sant\u00e9. Prenez rendez-vous \u00c9couter, \u00e9valuer et aider Le psychologue se sp\u00e9cialise dans le comportement, les [&hellip;]<\/p>","protected":false},"author":6,"featured_media":0,"parent":26,"menu_order":0,"comment_status":"closed","ping_status":"closed","template":"","meta":{"footnotes":""},"class_list":["post-4178","page","type-page","status-publish","hentry"],"yoast_head":"<!-- This site is optimized with the Yoast SEO plugin v25.0 - https:\/\/yoast.com\/wordpress\/plugins\/seo\/ -->\n<title>Psychologie \u2013 Laurentides: psychologie de la sant\u00e9 et plus<\/title>\n<meta name=\"description\" content=\"Obtenez des services en psychologie dans les Laurentides. Notre psychologue se sp\u00e9cialise en psychologie de la sant\u00e9. Prenez rendez-vous \u00e0 Mirabel.\" \/>\n<meta name=\"robots\" content=\"index, follow, max-snippet:-1, max-image-preview:large, max-video-preview:-1\" \/>\n<link rel=\"canonical\" href=\"https:\/\/vertexcommotion.ca\/en\/our-services\/psychologie\/\" \/>\n<meta property=\"og:locale\" content=\"en_US\" \/>\n<meta property=\"og:type\" content=\"article\" \/>\n<meta property=\"og:title\" content=\"Psychologie \u2013 Laurentides: psychologie de la sant\u00e9 et plus\" \/>\n<meta property=\"og:description\" content=\"Obtenez des services en psychologie dans les Laurentides. Notre psychologue se sp\u00e9cialise en psychologie de la sant\u00e9. Prenez rendez-vous \u00e0 Mirabel.\" \/>\n<meta property=\"og:url\" content=\"https:\/\/vertexcommotion.ca\/en\/our-services\/psychologie\/\" \/>\n<meta property=\"og:site_name\" content=\"Vertex\" \/>\n<meta property=\"article:modified_time\" content=\"2025-10-07T13:20:15+00:00\" \/>\n<meta property=\"og:image\" content=\"https:\/\/vertexcommotion.ca\/wp-content\/uploads\/2024\/05\/psychologie.png\" \/>\n\t<meta property=\"og:image:width\" content=\"1530\" \/>\n\t<meta property=\"og:image:height\" content=\"1432\" \/>\n\t<meta property=\"og:image:type\" content=\"image\/png\" \/>\n<meta name=\"twitter:card\" content=\"summary_large_image\" \/>\n<meta name=\"twitter:label1\" content=\"Est. reading time\" \/>\n\t<meta name=\"twitter:data1\" content=\"4 minutes\" \/>\n<script type=\"application\/ld+json\" class=\"yoast-schema-graph\">{\"@context\":\"https:\/\/schema.org\",\"@graph\":[{\"@type\":\"WebPage\",\"@id\":\"https:\/\/vertexcommotion.ca\/nos-services\/psychologie\/\",\"url\":\"https:\/\/vertexcommotion.ca\/nos-services\/psychologie\/\",\"name\":\"Psychologie \u2013 Laurentides: psychologie de la sant\u00e9 et plus\",\"isPartOf\":{\"@id\":\"https:\/\/vertexcommotion.ca\/#website\"},\"primaryImageOfPage\":{\"@id\":\"https:\/\/vertexcommotion.ca\/nos-services\/psychologie\/#primaryimage\"},\"image\":{\"@id\":\"https:\/\/vertexcommotion.ca\/nos-services\/psychologie\/#primaryimage\"},\"thumbnailUrl\":\"https:\/\/vertexcommotion.ca\/wp-content\/uploads\/2024\/05\/psychologie-1024x958.png\",\"datePublished\":\"2024-05-28T14:37:27+00:00\",\"dateModified\":\"2025-10-07T13:20:15+00:00\",\"description\":\"Obtenez des services en psychologie dans les Laurentides. Notre psychologue se sp\u00e9cialise en psychologie de la sant\u00e9. Prenez rendez-vous \u00e0 Mirabel.\",\"breadcrumb\":{\"@id\":\"https:\/\/vertexcommotion.ca\/nos-services\/psychologie\/#breadcrumb\"},\"inLanguage\":\"en-CA\",\"potentialAction\":[{\"@type\":\"ReadAction\",\"target\":[\"https:\/\/vertexcommotion.ca\/nos-services\/psychologie\/\"]}]},{\"@type\":\"ImageObject\",\"inLanguage\":\"en-CA\",\"@id\":\"https:\/\/vertexcommotion.ca\/nos-services\/psychologie\/#primaryimage\",\"url\":\"https:\/\/vertexcommotion.ca\/wp-content\/uploads\/2024\/05\/psychologie-1024x958.png\",\"contentUrl\":\"https:\/\/vertexcommotion.ca\/wp-content\/uploads\/2024\/05\/psychologie-1024x958.png\"},{\"@type\":\"BreadcrumbList\",\"@id\":\"https:\/\/vertexcommotion.ca\/nos-services\/psychologie\/#breadcrumb\",\"itemListElement\":[{\"@type\":\"ListItem\",\"position\":1,\"name\":\"Home\",\"item\":\"https:\/\/vertexcommotion.ca\/\"},{\"@type\":\"ListItem\",\"position\":2,\"name\":\"Nos Services\",\"item\":\"https:\/\/vertexcommotion.ca\/nos-services\/\"},{\"@type\":\"ListItem\",\"position\":3,\"name\":\"Psychologie dans les Laurentides\"}]},{\"@type\":\"WebSite\",\"@id\":\"https:\/\/vertexcommotion.ca\/#website\",\"url\":\"https:\/\/vertexcommotion.ca\/\",\"name\":\"Vertex\",\"description\":\"\",\"publisher\":{\"@id\":\"https:\/\/vertexcommotion.ca\/#organization\"},\"potentialAction\":[{\"@type\":\"SearchAction\",\"target\":{\"@type\":\"EntryPoint\",\"urlTemplate\":\"https:\/\/vertexcommotion.ca\/?s={search_term_string}\"},\"query-input\":{\"@type\":\"PropertyValueSpecification\",\"valueRequired\":true,\"valueName\":\"search_term_string\"}}],\"inLanguage\":\"en-CA\"},{\"@type\":\"Organization\",\"@id\":\"https:\/\/vertexcommotion.ca\/#organization\",\"name\":\"Vertex\",\"url\":\"https:\/\/vertexcommotion.ca\/\",\"logo\":{\"@type\":\"ImageObject\",\"inLanguage\":\"en-CA\",\"@id\":\"https:\/\/vertexcommotion.ca\/#\/schema\/logo\/image\/\",\"url\":\"https:\/\/vertexcommotion.ca\/wp-content\/uploads\/2023\/09\/VertexLogo.png\",\"contentUrl\":\"https:\/\/vertexcommotion.ca\/wp-content\/uploads\/2023\/09\/VertexLogo.png\",\"width\":550,\"height\":245,\"caption\":\"Vertex\"},\"image\":{\"@id\":\"https:\/\/vertexcommotion.ca\/#\/schema\/logo\/image\/\"}}]}<\/script>\n<!-- \/ Yoast SEO plugin. -->","yoast_head_json":{"title":"Psychologie \u2013 Laurentides: psychologie de la sant\u00e9 et plus","description":"Obtenez des services en psychologie dans les Laurentides. Notre psychologue se sp\u00e9cialise en psychologie de la sant\u00e9. Prenez rendez-vous \u00e0 Mirabel.","robots":{"index":"index","follow":"follow","max-snippet":"max-snippet:-1","max-image-preview":"max-image-preview:large","max-video-preview":"max-video-preview:-1"},"canonical":"https:\/\/vertexcommotion.ca\/en\/our-services\/psychologie\/","og_locale":"en_US","og_type":"article","og_title":"Psychologie \u2013 Laurentides: psychologie de la sant\u00e9 et plus","og_description":"Obtenez des services en psychologie dans les Laurentides. Notre psychologue se sp\u00e9cialise en psychologie de la sant\u00e9. Prenez rendez-vous \u00e0 Mirabel.","og_url":"https:\/\/vertexcommotion.ca\/en\/our-services\/psychologie\/","og_site_name":"Vertex","article_modified_time":"2025-10-07T13:20:15+00:00","og_image":[{"width":1530,"height":1432,"url":"https:\/\/vertexcommotion.ca\/wp-content\/uploads\/2024\/05\/psychologie.png","type":"image\/png"}],"twitter_card":"summary_large_image","twitter_misc":{"Est. reading time":"4 minutes"},"schema":{"@context":"https:\/\/schema.org","@graph":[{"@type":"WebPage","@id":"https:\/\/vertexcommotion.ca\/nos-services\/psychologie\/","url":"https:\/\/vertexcommotion.ca\/nos-services\/psychologie\/","name":"Psychologie \u2013 Laurentides: psychologie de la sant\u00e9 et plus","isPartOf":{"@id":"https:\/\/vertexcommotion.ca\/#website"},"primaryImageOfPage":{"@id":"https:\/\/vertexcommotion.ca\/nos-services\/psychologie\/#primaryimage"},"image":{"@id":"https:\/\/vertexcommotion.ca\/nos-services\/psychologie\/#primaryimage"},"thumbnailUrl":"https:\/\/vertexcommotion.ca\/wp-content\/uploads\/2024\/05\/psychologie-1024x958.png","datePublished":"2024-05-28T14:37:27+00:00","dateModified":"2025-10-07T13:20:15+00:00","description":"Obtenez des services en psychologie dans les Laurentides. Notre psychologue se sp\u00e9cialise en psychologie de la sant\u00e9. Prenez rendez-vous \u00e0 Mirabel.","breadcrumb":{"@id":"https:\/\/vertexcommotion.ca\/nos-services\/psychologie\/#breadcrumb"},"inLanguage":"en-CA","potentialAction":[{"@type":"ReadAction","target":["https:\/\/vertexcommotion.ca\/nos-services\/psychologie\/"]}]},{"@type":"ImageObject","inLanguage":"en-CA","@id":"https:\/\/vertexcommotion.ca\/nos-services\/psychologie\/#primaryimage","url":"https:\/\/vertexcommotion.ca\/wp-content\/uploads\/2024\/05\/psychologie-1024x958.png","contentUrl":"https:\/\/vertexcommotion.ca\/wp-content\/uploads\/2024\/05\/psychologie-1024x958.png"},{"@type":"BreadcrumbList","@id":"https:\/\/vertexcommotion.ca\/nos-services\/psychologie\/#breadcrumb","itemListElement":[{"@type":"ListItem","position":1,"name":"Home","item":"https:\/\/vertexcommotion.ca\/"},{"@type":"ListItem","position":2,"name":"Nos Services","item":"https:\/\/vertexcommotion.ca\/nos-services\/"},{"@type":"ListItem","position":3,"name":"Psychologie dans les Laurentides"}]},{"@type":"WebSite","@id":"https:\/\/vertexcommotion.ca\/#website","url":"https:\/\/vertexcommotion.ca\/","name":"Vertex","description":"","publisher":{"@id":"https:\/\/vertexcommotion.ca\/#organization"},"potentialAction":[{"@type":"SearchAction","target":{"@type":"EntryPoint","urlTemplate":"https:\/\/vertexcommotion.ca\/?s={search_term_string}"},"query-input":{"@type":"PropertyValueSpecification","valueRequired":true,"valueName":"search_term_string"}}],"inLanguage":"en-CA"},{"@type":"Organization","@id":"https:\/\/vertexcommotion.ca\/#organization","name":"Vertex","url":"https:\/\/vertexcommotion.ca\/","logo":{"@type":"ImageObject","inLanguage":"en-CA","@id":"https:\/\/vertexcommotion.ca\/#\/schema\/logo\/image\/","url":"https:\/\/vertexcommotion.ca\/wp-content\/uploads\/2023\/09\/VertexLogo.png","contentUrl":"https:\/\/vertexcommotion.ca\/wp-content\/uploads\/2023\/09\/VertexLogo.png","width":550,"height":245,"caption":"Vertex"},"image":{"@id":"https:\/\/vertexcommotion.ca\/#\/schema\/logo\/image\/"}}]}},"_links":{"self":[{"href":"https:\/\/vertexcommotion.ca\/en\/wp-json\/wp\/v2\/pages\/4178","targetHints":{"allow":["GET"]}}],"collection":[{"href":"https:\/\/vertexcommotion.ca\/en\/wp-json\/wp\/v2\/pages"}],"about":[{"href":"https:\/\/vertexcommotion.ca\/en\/wp-json\/wp\/v2\/types\/page"}],"author":[{"embeddable":true,"href":"https:\/\/vertexcommotion.ca\/en\/wp-json\/wp\/v2\/users\/6"}],"replies":[{"embeddable":true,"href":"https:\/\/vertexcommotion.ca\/en\/wp-json\/wp\/v2\/comments?post=4178"}],"version-history":[{"count":37,"href":"https:\/\/vertexcommotion.ca\/en\/wp-json\/wp\/v2\/pages\/4178\/revisions"}],"predecessor-version":[{"id":5181,"href":"https:\/\/vertexcommotion.ca\/en\/wp-json\/wp\/v2\/pages\/4178\/revisions\/5181"}],"up":[{"embeddable":true,"href":"https:\/\/vertexcommotion.ca\/en\/wp-json\/wp\/v2\/pages\/26"}],"wp:attachment":[{"href":"https:\/\/vertexcommotion.ca\/en\/wp-json\/wp\/v2\/media?parent=4178"}],"curies":[{"name":"wp","href":"https:\/\/api.w.org\/{rel}","templated":true}]}}