{"id":3948,"date":"2024-02-21T07:03:12","date_gmt":"2024-02-21T07:03:12","guid":{"rendered":"https:\/\/vertexcommotion.ca\/?page_id=3948"},"modified":"2024-05-29T20:41:59","modified_gmt":"2024-05-29T20:41:59","slug":"notre-equipe-andreanne-breault-d-o-osteopathe","status":"publish","type":"page","link":"https:\/\/vertexcommotion.ca\/en\/notre-equipe-andreanne-breault-d-o-osteopathe\/","title":{"rendered":"Notre \u00c9quipe: Andr\u00e9anne Breault, D.O, Ost\u00e9opathe"},"content":{"rendered":"<div data-elementor-type=\"wp-page\" data-elementor-id=\"3948\" class=\"elementor elementor-3948\">\n\t\t\t\t<div class=\"elementor-element elementor-element-095f84f gradiant-emma e-flex e-con-boxed e-con e-parent\" data-id=\"095f84f\" data-element_type=\"container\">\n\t\t\t\t\t<div class=\"e-con-inner\">\n\t\t\t\t<div class=\"elementor-element elementor-element-c3b0274 elementor-widget__width-inherit elementor-widget elementor-widget-hub_fancy_heading\" data-id=\"c3b0274\" data-element_type=\"widget\" data-widget_type=\"hub_fancy_heading.default\">\n\t\t\t\t<div class=\"elementor-widget-container\">\n\t\t\t\t\t\n\t\t<div id=\"ld-fancy-heading-69e0629a275ae\" class=\"ld-fancy-heading pos-rel\">\n\t\t\t<h2 class=\"ld-fh-element d-inline-block pos-rel  elementor-heading-title lqd-highlight-classic lqd-highlight-grow-left h2\"  > Our Team<\/h2>\t\t<\/div>\n\n\t\t\t\t\t\t<\/div>\n\t\t\t\t<\/div>\n\t\t\t\t<div class=\"elementor-element elementor-element-6f2f2b4 elementor-widget__width-initial elementor-widget elementor-widget-hub_fancy_heading\" data-id=\"6f2f2b4\" data-element_type=\"widget\" data-widget_type=\"hub_fancy_heading.default\">\n\t\t\t\t<div class=\"elementor-widget-container\">\n\t\t\t\t\t\n\t\t<div id=\"ld-fancy-heading-69e0629a27961\" class=\"ld-fancy-heading pos-rel\">\n\t\t\t<h2 class=\"ld-fh-element d-inline-block pos-rel  elementor-heading-title lqd-highlight-classic lqd-highlight-grow-left h2\"  > AT VERTEX, WE ARE A TEAM OF DEDICATED PROFESSIONALS AND WE COLLABORATE TO ENSURE THE OPTIMUM INDIVIDUALIZED REHABILITATION OF EACH OF OUR PATIENTS.<\/h2>\t\t<\/div>\n\n\t\t\t\t\t\t<\/div>\n\t\t\t\t<\/div>\n\t\t\t\t\t<\/div>\n\t\t\t\t<\/div>\n\t\t<div class=\"elementor-element elementor-element-98a1481 e-con-full notre-equpe-emma e-flex e-con e-parent\" data-id=\"98a1481\" data-element_type=\"container\">\n\t\t<div data-lqd-section-scroll=\"true\" class=\"elementor-element elementor-element-f177d34 e-con-full left-side-scroll e-flex e-con e-child\" data-id=\"f177d34\" data-element_type=\"container\">\n\t\t\t\t<div class=\"elementor-element elementor-element-6ba8760 elementor-widget elementor-widget-hub_fancy_heading\" data-id=\"6ba8760\" data-element_type=\"widget\" data-widget_type=\"hub_fancy_heading.default\">\n\t\t\t\t<div class=\"elementor-widget-container\">\n\t\t\t\t\t\n\t\t<div id=\"ld-fancy-heading-69e0629a28215\" class=\"ld-fancy-heading pos-rel\">\n\t\t\t<h2 class=\"ld-fh-element d-inline-block pos-rel  elementor-heading-title lqd-highlight-classic lqd-highlight-grow-left h2\"  > Andr\u00e9anne Breault, D.O <br><\/h2>\t\t<\/div>\n\n\t\t\t\t\t\t<\/div>\n\t\t\t\t<\/div>\n\t\t\t\t<div class=\"elementor-element elementor-element-29c8a56 elementor-widget elementor-widget-hub_fancy_heading\" data-id=\"29c8a56\" data-element_type=\"widget\" data-widget_type=\"hub_fancy_heading.default\">\n\t\t\t\t<div class=\"elementor-widget-container\">\n\t\t\t\t\t\n\t\t<div id=\"ld-fancy-heading-69e0629a28684\" class=\"ld-fancy-heading pos-rel\">\n\t\t\t<h2 class=\"ld-fh-element d-inline-block pos-rel  elementor-heading-title lqd-highlight-classic lqd-highlight-grow-left h2\"  > Ost\u00e9opathe<\/h2>\t\t<\/div>\n\n\t\t\t\t\t\t<\/div>\n\t\t\t\t<\/div>\n\t\t\t\t<div class=\"elementor-element elementor-element-4b08241 elementor-widget elementor-widget-hub_fancy_heading\" data-id=\"4b08241\" data-element_type=\"widget\" data-widget_type=\"hub_fancy_heading.default\">\n\t\t\t\t<div class=\"elementor-widget-container\">\n\t\t\t\t\t\n\t\t<div id=\"ld-fancy-heading-69e0629a289c2\" class=\"ld-fancy-heading pos-rel\">\n\t\t\t<h2 class=\"ld-fh-element d-inline-block pos-rel  elementor-heading-title lqd-highlight-classic lqd-highlight-grow-left h2\"  > Osteopath, member of Ost\u00e9opathie Qu\u00e9bec\n\n<br><br>C\u2019est \u00e0 titre d\u2019infirmi\u00e8re qu\u2019Andr\u00e9anne d\u00e9bute sa carri\u00e8re dans le milieu de la sant\u00e9 en 1997. Elle exerce dans diverses sp\u00e9cialit\u00e9s de la profession en pratiquant entre autres en soins prolong\u00e9s, en h\u00e9modialyse, avec les donneurs de sang et les donneurs de dons sp\u00e9ciaux. Elle participe ensuite \u00e0 un stage en sant\u00e9 communautaire en \u00c9quateur en tant qu\u2019infirmi\u00e8re en 1998. De plus, elle compl\u00e8te une mineure en kin\u00e9siologie en 1999.\nToujours \u00e0 la recherche de plus de connaissances et d\u2019exp\u00e9riences, c\u2019est dans la m\u00eame ann\u00e9e qu\u2019elle s\u2019inscrit au Coll\u00e8ge d\u2019Etudes Ost\u00e9opathiques de Montr\u00e9al (CEO) pour compl\u00e9ter sa formation en ost\u00e9opathie et remettre sa th\u00e8se en 2006.\n\n<br><br>Ayant un int\u00e9r\u00eat particulier pour la sant\u00e9 de la sph\u00e8re pelvienne suite aux cours sur les reins, la vessie et le syst\u00e8me gyn\u00e9cologique, elle participe \u00e0 plusieurs formations continues en gyn\u00e9cologie et endocrinologie.\nEn parall\u00e8le, elle fait partie du corps professoral du CEO en faisant de l\u2019assistanat aupr\u00e8s des \u00e9tudiants durant cinq ans et enseigne le cours d\u2019anatomie g\u00e9n\u00e9rale en 2022.\n<br><br>En plus de faire plusieurs autres formations post-gradu\u00e9es, comme celles sur les spasmes endocr\u00e2niens, elle s\u2019int\u00e9resse aux travaux du Dr Masgutova (MNRI) en lien avec l\u2019int\u00e9gration des r\u00e9flexes neuro-sensorimoteurs. Elle re\u00e7oit plusieurs certifictations dans ce domaine depuis 2016 comme celles sur :\n<br>- l\u2019int\u00e9gration neuro-strucuturelle,\n<br>- l\u2019int\u00e9gration des r\u00e9flexes de longue vie,\n<br>- l\u2019int\u00e9gration des mouvements ach\u00e9typaux,\n<br>- l\u2019int\u00e9gration tactile,\n<br>- l\u2019int\u00e9raction des patrons r\u00e9flexes dynamiques et posturaux.\n\n<br><br>Elle continue, encore \u00e0 ce jour, \u00e0 se perfectionner pour combler son besoin d\u2019\u00eatre au service de la sant\u00e9 globale mais particuli\u00e8rement au service de l\u2019int\u00e9grit\u00e9 du syst\u00e8me nerveux de sa client\u00e8le.\n\n<\/h2>\t\t<\/div>\n\n\t\t\t\t\t\t<\/div>\n\t\t\t\t<\/div>\n\t\t\t\t<\/div>\n\t\t<div class=\"elementor-element elementor-element-60ceee0 e-con-full e-flex e-con e-child\" data-id=\"60ceee0\" data-element_type=\"container\" data-settings=\"{&quot;background_background&quot;:&quot;classic&quot;}\">\n\t\t\t\t<div class=\"elementor-element elementor-element-ab5c310 elementor-widget elementor-widget-ld_fancy_image\" data-id=\"ab5c310\" data-element_type=\"widget\" data-widget_type=\"ld_fancy_image.default\">\n\t\t\t\t<div class=\"elementor-widget-container\">\n\t\t\t\t\t\n\t\t<div class=\"lqd-imggrp-single d-block pos-rel\">\n\t\t\t<div class=\"lqd-imggrp-img-container d-inline-flex pos-rel align-items-center justify-content-center\">\n\t\t\t\t\t\t\t\t<figure class=\"w-100 pos-rel\">\n\t\t\t\t\t<img fetchpriority=\"high\" decoding=\"async\" width=\"1089\" height=\"763\" src=\"https:\/\/vertexcommotion.ca\/wp-content\/uploads\/2024\/02\/A.Breault.png\" class=\"attachment-full size-full wp-image-3950\" alt=\"\" srcset=\"https:\/\/vertexcommotion.ca\/wp-content\/uploads\/2024\/02\/A.Breault.png 1089w, https:\/\/vertexcommotion.ca\/wp-content\/uploads\/2024\/02\/A.Breault-300x210.png 300w, https:\/\/vertexcommotion.ca\/wp-content\/uploads\/2024\/02\/A.Breault-1024x717.png 1024w, https:\/\/vertexcommotion.ca\/wp-content\/uploads\/2024\/02\/A.Breault-18x12.png 18w\" sizes=\"(max-width: 1089px) 100vw, 1089px\" itemprop=\"image\" \/>\t\t\t\t\t\t\t\t\t\t\t\t\t\t\t\t\t\t\t\t\t\t\t\t\t\t\t\t\t<\/figure>\n\t\t\t<\/div>\n\t\t<\/div>\n\n\t\t\t\t\t<\/div>\n\t\t\t\t<\/div>\n\t\t\t\t<\/div>\n\t\t\t\t<\/div>\n\t\t\t\t<\/div>","protected":false},"excerpt":{"rendered":"<p>Notre \u00c9quipe Chez Vertex, nous sommes une \u00e9quipe de professionnels d\u00e9vou\u00e9s et nous collaborons afin d\u2019assurer la r\u00e9adaptation individualis\u00e9e optimale de chacun de nos patients. Andr\u00e9anne Breault, D.O Ost\u00e9opathe Ost\u00e9opathe, membre d\u2019Ost\u00e9opathie Qu\u00e9bec C\u2019est \u00e0 titre d\u2019infirmi\u00e8re qu\u2019Andr\u00e9anne d\u00e9bute sa carri\u00e8re dans le milieu de la sant\u00e9 en 1997. Elle exerce dans diverses sp\u00e9cialit\u00e9s de [&hellip;]<\/p>","protected":false},"author":6,"featured_media":0,"parent":0,"menu_order":0,"comment_status":"closed","ping_status":"closed","template":"","meta":{"footnotes":""},"class_list":["post-3948","page","type-page","status-publish","hentry"],"yoast_head":"<!-- This site is optimized with the Yoast SEO plugin v25.0 - https:\/\/yoast.com\/wordpress\/plugins\/seo\/ -->\n<title>Notre \u00c9quipe: Annie Kim Lachapelle B.Sc., CAT(C), Ost\u00e9opathe<\/title>\n<meta name=\"description\" content=\"ANNIE KIM LACHAPELLE B.SC., CAT(C), DO TH\u00c9RAPEUTE DU SPORT OST\u00c9OPATHE Ost\u00e9opathe, membre d\u2019Ost\u00e9opathie Qu\u00e9bec Th\u00e9rapeute du sport, membre de l\u2019ACTS\" \/>\n<meta name=\"robots\" content=\"index, follow, max-snippet:-1, max-image-preview:large, max-video-preview:-1\" \/>\n<link rel=\"canonical\" href=\"https:\/\/vertexcommotion.ca\/en\/notre-equipe-andreanne-breault-d-o-osteopathe\/\" \/>\n<meta property=\"og:locale\" content=\"en_US\" \/>\n<meta property=\"og:type\" content=\"article\" \/>\n<meta property=\"og:title\" content=\"Notre \u00c9quipe: Annie Kim Lachapelle B.Sc., CAT(C), Ost\u00e9opathe\" \/>\n<meta property=\"og:description\" content=\"ANNIE KIM LACHAPELLE B.SC., CAT(C), DO TH\u00c9RAPEUTE DU SPORT OST\u00c9OPATHE Ost\u00e9opathe, membre d\u2019Ost\u00e9opathie Qu\u00e9bec Th\u00e9rapeute du sport, membre de l\u2019ACTS\" \/>\n<meta property=\"og:url\" content=\"https:\/\/vertexcommotion.ca\/en\/notre-equipe-andreanne-breault-d-o-osteopathe\/\" \/>\n<meta property=\"og:site_name\" content=\"Vertex\" \/>\n<meta property=\"article:modified_time\" content=\"2024-05-29T20:41:59+00:00\" \/>\n<meta property=\"og:image\" content=\"https:\/\/vertexcommotion.ca\/wp-content\/uploads\/2024\/02\/A.Breault.png\" \/>\n<meta name=\"twitter:card\" content=\"summary_large_image\" \/>\n<meta name=\"twitter:label1\" content=\"Est. reading time\" \/>\n\t<meta name=\"twitter:data1\" content=\"2 minutes\" \/>\n<script type=\"application\/ld+json\" class=\"yoast-schema-graph\">{\"@context\":\"https:\/\/schema.org\",\"@graph\":[{\"@type\":\"WebPage\",\"@id\":\"https:\/\/vertexcommotion.ca\/notre-equipe-andreanne-breault-d-o-osteopathe\/\",\"url\":\"https:\/\/vertexcommotion.ca\/notre-equipe-andreanne-breault-d-o-osteopathe\/\",\"name\":\"Notre \u00c9quipe: Annie Kim Lachapelle B.Sc., CAT(C), Ost\u00e9opathe\",\"isPartOf\":{\"@id\":\"https:\/\/vertexcommotion.ca\/#website\"},\"primaryImageOfPage\":{\"@id\":\"https:\/\/vertexcommotion.ca\/notre-equipe-andreanne-breault-d-o-osteopathe\/#primaryimage\"},\"image\":{\"@id\":\"https:\/\/vertexcommotion.ca\/notre-equipe-andreanne-breault-d-o-osteopathe\/#primaryimage\"},\"thumbnailUrl\":\"https:\/\/vertexcommotion.ca\/wp-content\/uploads\/2024\/02\/A.Breault.png\",\"datePublished\":\"2024-02-21T07:03:12+00:00\",\"dateModified\":\"2024-05-29T20:41:59+00:00\",\"description\":\"ANNIE KIM LACHAPELLE B.SC., CAT(C), DO TH\u00c9RAPEUTE DU SPORT OST\u00c9OPATHE Ost\u00e9opathe, membre d\u2019Ost\u00e9opathie Qu\u00e9bec Th\u00e9rapeute du sport, membre de l\u2019ACTS\",\"breadcrumb\":{\"@id\":\"https:\/\/vertexcommotion.ca\/notre-equipe-andreanne-breault-d-o-osteopathe\/#breadcrumb\"},\"inLanguage\":\"en-CA\",\"potentialAction\":[{\"@type\":\"ReadAction\",\"target\":[\"https:\/\/vertexcommotion.ca\/notre-equipe-andreanne-breault-d-o-osteopathe\/\"]}]},{\"@type\":\"ImageObject\",\"inLanguage\":\"en-CA\",\"@id\":\"https:\/\/vertexcommotion.ca\/notre-equipe-andreanne-breault-d-o-osteopathe\/#primaryimage\",\"url\":\"https:\/\/vertexcommotion.ca\/wp-content\/uploads\/2024\/02\/A.Breault.png\",\"contentUrl\":\"https:\/\/vertexcommotion.ca\/wp-content\/uploads\/2024\/02\/A.Breault.png\"},{\"@type\":\"BreadcrumbList\",\"@id\":\"https:\/\/vertexcommotion.ca\/notre-equipe-andreanne-breault-d-o-osteopathe\/#breadcrumb\",\"itemListElement\":[{\"@type\":\"ListItem\",\"position\":1,\"name\":\"Home\",\"item\":\"https:\/\/vertexcommotion.ca\/\"},{\"@type\":\"ListItem\",\"position\":2,\"name\":\"Notre \u00c9quipe: Andr\u00e9anne Breault, D.O, Ost\u00e9opathe\"}]},{\"@type\":\"WebSite\",\"@id\":\"https:\/\/vertexcommotion.ca\/#website\",\"url\":\"https:\/\/vertexcommotion.ca\/\",\"name\":\"Vertex\",\"description\":\"\",\"publisher\":{\"@id\":\"https:\/\/vertexcommotion.ca\/#organization\"},\"potentialAction\":[{\"@type\":\"SearchAction\",\"target\":{\"@type\":\"EntryPoint\",\"urlTemplate\":\"https:\/\/vertexcommotion.ca\/?s={search_term_string}\"},\"query-input\":{\"@type\":\"PropertyValueSpecification\",\"valueRequired\":true,\"valueName\":\"search_term_string\"}}],\"inLanguage\":\"en-CA\"},{\"@type\":\"Organization\",\"@id\":\"https:\/\/vertexcommotion.ca\/#organization\",\"name\":\"Vertex\",\"url\":\"https:\/\/vertexcommotion.ca\/\",\"logo\":{\"@type\":\"ImageObject\",\"inLanguage\":\"en-CA\",\"@id\":\"https:\/\/vertexcommotion.ca\/#\/schema\/logo\/image\/\",\"url\":\"https:\/\/vertexcommotion.ca\/wp-content\/uploads\/2023\/09\/VertexLogo.png\",\"contentUrl\":\"https:\/\/vertexcommotion.ca\/wp-content\/uploads\/2023\/09\/VertexLogo.png\",\"width\":550,\"height\":245,\"caption\":\"Vertex\"},\"image\":{\"@id\":\"https:\/\/vertexcommotion.ca\/#\/schema\/logo\/image\/\"}}]}<\/script>\n<!-- \/ Yoast SEO plugin. -->","yoast_head_json":{"title":"Notre \u00c9quipe: Annie Kim Lachapelle B.Sc., CAT(C), Ost\u00e9opathe","description":"ANNIE KIM LACHAPELLE B.SC., CAT(C), DO TH\u00c9RAPEUTE DU SPORT OST\u00c9OPATHE Ost\u00e9opathe, membre d\u2019Ost\u00e9opathie Qu\u00e9bec Th\u00e9rapeute du sport, membre de l\u2019ACTS","robots":{"index":"index","follow":"follow","max-snippet":"max-snippet:-1","max-image-preview":"max-image-preview:large","max-video-preview":"max-video-preview:-1"},"canonical":"https:\/\/vertexcommotion.ca\/en\/notre-equipe-andreanne-breault-d-o-osteopathe\/","og_locale":"en_US","og_type":"article","og_title":"Notre \u00c9quipe: Annie Kim Lachapelle B.Sc., CAT(C), Ost\u00e9opathe","og_description":"ANNIE KIM LACHAPELLE B.SC., CAT(C), DO TH\u00c9RAPEUTE DU SPORT OST\u00c9OPATHE Ost\u00e9opathe, membre d\u2019Ost\u00e9opathie Qu\u00e9bec Th\u00e9rapeute du sport, membre de l\u2019ACTS","og_url":"https:\/\/vertexcommotion.ca\/en\/notre-equipe-andreanne-breault-d-o-osteopathe\/","og_site_name":"Vertex","article_modified_time":"2024-05-29T20:41:59+00:00","og_image":[{"url":"https:\/\/vertexcommotion.ca\/wp-content\/uploads\/2024\/02\/A.Breault.png","type":"","width":"","height":""}],"twitter_card":"summary_large_image","twitter_misc":{"Est. reading time":"2 minutes"},"schema":{"@context":"https:\/\/schema.org","@graph":[{"@type":"WebPage","@id":"https:\/\/vertexcommotion.ca\/notre-equipe-andreanne-breault-d-o-osteopathe\/","url":"https:\/\/vertexcommotion.ca\/notre-equipe-andreanne-breault-d-o-osteopathe\/","name":"Notre \u00c9quipe: Annie Kim Lachapelle B.Sc., CAT(C), Ost\u00e9opathe","isPartOf":{"@id":"https:\/\/vertexcommotion.ca\/#website"},"primaryImageOfPage":{"@id":"https:\/\/vertexcommotion.ca\/notre-equipe-andreanne-breault-d-o-osteopathe\/#primaryimage"},"image":{"@id":"https:\/\/vertexcommotion.ca\/notre-equipe-andreanne-breault-d-o-osteopathe\/#primaryimage"},"thumbnailUrl":"https:\/\/vertexcommotion.ca\/wp-content\/uploads\/2024\/02\/A.Breault.png","datePublished":"2024-02-21T07:03:12+00:00","dateModified":"2024-05-29T20:41:59+00:00","description":"ANNIE KIM LACHAPELLE B.SC., CAT(C), DO TH\u00c9RAPEUTE DU SPORT OST\u00c9OPATHE Ost\u00e9opathe, membre d\u2019Ost\u00e9opathie Qu\u00e9bec Th\u00e9rapeute du sport, membre de l\u2019ACTS","breadcrumb":{"@id":"https:\/\/vertexcommotion.ca\/notre-equipe-andreanne-breault-d-o-osteopathe\/#breadcrumb"},"inLanguage":"en-CA","potentialAction":[{"@type":"ReadAction","target":["https:\/\/vertexcommotion.ca\/notre-equipe-andreanne-breault-d-o-osteopathe\/"]}]},{"@type":"ImageObject","inLanguage":"en-CA","@id":"https:\/\/vertexcommotion.ca\/notre-equipe-andreanne-breault-d-o-osteopathe\/#primaryimage","url":"https:\/\/vertexcommotion.ca\/wp-content\/uploads\/2024\/02\/A.Breault.png","contentUrl":"https:\/\/vertexcommotion.ca\/wp-content\/uploads\/2024\/02\/A.Breault.png"},{"@type":"BreadcrumbList","@id":"https:\/\/vertexcommotion.ca\/notre-equipe-andreanne-breault-d-o-osteopathe\/#breadcrumb","itemListElement":[{"@type":"ListItem","position":1,"name":"Home","item":"https:\/\/vertexcommotion.ca\/"},{"@type":"ListItem","position":2,"name":"Notre \u00c9quipe: Andr\u00e9anne Breault, D.O, Ost\u00e9opathe"}]},{"@type":"WebSite","@id":"https:\/\/vertexcommotion.ca\/#website","url":"https:\/\/vertexcommotion.ca\/","name":"Vertex","description":"","publisher":{"@id":"https:\/\/vertexcommotion.ca\/#organization"},"potentialAction":[{"@type":"SearchAction","target":{"@type":"EntryPoint","urlTemplate":"https:\/\/vertexcommotion.ca\/?s={search_term_string}"},"query-input":{"@type":"PropertyValueSpecification","valueRequired":true,"valueName":"search_term_string"}}],"inLanguage":"en-CA"},{"@type":"Organization","@id":"https:\/\/vertexcommotion.ca\/#organization","name":"Vertex","url":"https:\/\/vertexcommotion.ca\/","logo":{"@type":"ImageObject","inLanguage":"en-CA","@id":"https:\/\/vertexcommotion.ca\/#\/schema\/logo\/image\/","url":"https:\/\/vertexcommotion.ca\/wp-content\/uploads\/2023\/09\/VertexLogo.png","contentUrl":"https:\/\/vertexcommotion.ca\/wp-content\/uploads\/2023\/09\/VertexLogo.png","width":550,"height":245,"caption":"Vertex"},"image":{"@id":"https:\/\/vertexcommotion.ca\/#\/schema\/logo\/image\/"}}]}},"_links":{"self":[{"href":"https:\/\/vertexcommotion.ca\/en\/wp-json\/wp\/v2\/pages\/3948","targetHints":{"allow":["GET"]}}],"collection":[{"href":"https:\/\/vertexcommotion.ca\/en\/wp-json\/wp\/v2\/pages"}],"about":[{"href":"https:\/\/vertexcommotion.ca\/en\/wp-json\/wp\/v2\/types\/page"}],"author":[{"embeddable":true,"href":"https:\/\/vertexcommotion.ca\/en\/wp-json\/wp\/v2\/users\/6"}],"replies":[{"embeddable":true,"href":"https:\/\/vertexcommotion.ca\/en\/wp-json\/wp\/v2\/comments?post=3948"}],"version-history":[{"count":8,"href":"https:\/\/vertexcommotion.ca\/en\/wp-json\/wp\/v2\/pages\/3948\/revisions"}],"predecessor-version":[{"id":4260,"href":"https:\/\/vertexcommotion.ca\/en\/wp-json\/wp\/v2\/pages\/3948\/revisions\/4260"}],"wp:attachment":[{"href":"https:\/\/vertexcommotion.ca\/en\/wp-json\/wp\/v2\/media?parent=3948"}],"curies":[{"name":"wp","href":"https:\/\/api.w.org\/{rel}","templated":true}]}}