{"id":30,"date":"2023-09-06T19:48:07","date_gmt":"2023-09-06T19:48:07","guid":{"rendered":"https:\/\/vertexcommotion.ca\/?page_id=30"},"modified":"2025-04-11T02:03:15","modified_gmt":"2025-04-11T02:03:15","slug":"neuroperformance","status":"publish","type":"page","link":"https:\/\/vertexcommotion.ca\/en\/neuroperformance\/","title":{"rendered":"NeuroPerformance"},"content":{"rendered":"<h1>Neuroperformance on the North Shore<\/h1>\n<p>Like the rest of the human body, the brain can also be trained. From rehabilitation to neuroperformance, Vertex uses the principle of modern neuroscience \u2013 neuroplasticity \u2013 to help you improve your results and improve your performance, both from a sporting and academic point of view. Are you ready to take action?<\/p>\n<p><img fetchpriority=\"high\" decoding=\"async\" src=\"https:\/\/vertexcommotion.ca\/wp-content\/uploads\/2024\/07\/neuroperformance-vertex-1024x768.jpg\" sizes=\"(max-width: 780px) 100vw, 780px\" srcset=\"https:\/\/vertexcommotion.ca\/wp-content\/uploads\/2024\/07\/neuroperformance-vertex-1024x768.jpg 1024w, https:\/\/vertexcommotion.ca\/wp-content\/uploads\/2024\/07\/neuroperformance-vertex-300x225.jpg 300w, https:\/\/vertexcommotion.ca\/wp-content\/uploads\/2024\/07\/neuroperformance-vertex-16x12.jpg 16w, https:\/\/vertexcommotion.ca\/wp-content\/uploads\/2024\/07\/neuroperformance-vertex-1536x1152.jpg 1536w, https:\/\/vertexcommotion.ca\/wp-content\/uploads\/2024\/07\/neuroperformance-vertex.jpg 2000w\" alt=\"\" width=\"780\" height=\"585\" \/><\/p>\n<h2><strong>What is neuroperformance?<\/strong><\/h2>\n<p>The brain and its neurons have the capacity to modify, remodel and adapt throughout life. This process, called neuroplasticity, is at the heart of neuroperformance training.<\/p>\n<p>Gr\u00e2ce \u00e0 des technologies de pointe, comme NeuroTrackerX et Senaptec Sensory Station, il est possible de stimuler le cerveau et d&#8217;am\u00e9liorer sa capacit\u00e9 \u00e0 reconna\u00eetre, g\u00e9rer et r\u00e9agir aux divers stimuli de notre environnement. La neuroperformance optimise les fonctions oculomotrices, vestibulaires, l\u2019\u00e9quilibre, les capacit\u00e9s cognitives et la performance musculosquelettique.<\/p>\n<h2><strong>Who is neuroperformance for?<\/strong><\/h2>\n<p>Neuroperformance is aimed at all those who wish to improve, simplify and facilitate their school, professional or sporting activities. Whether it is to increase your concentration, make better decisions, increase your learning abilities, filter out surrounding distractions or develop better information management to react more effectively, we will implement a neuroperformance training program that will allow you to achieve your goals!<\/p>\n<p>Several reasons may justify a neuroperformance consultation:<\/p>\n<ul>\n<li>Rehabilitation of a <a href=\"https:\/\/vertexcommotion.ca\/en\/concussion\/\">concussion<\/a><\/li>\n<li>Injury prevention<\/li>\n<li>Athletic performance<\/li>\n<li>Academic performance - learning and attention<\/li>\n<li>Occupational performance<\/li>\n<li>Cognitive health, balance and aging<\/li>\n<\/ul>\n<p>\u00a0<\/p>\n<h2>Nos forfaits disponibles\u00a0<\/h2>\n<p>Nous avons plusieurs forfaits disponibles pour toutes et tous. Pour plus de d\u00e9tails, vous \u00eates invit\u00e9s \u00e0 communiquer avec nous.\u00a0<\/p>\n<p><img decoding=\"async\" class=\"wp-image-5090  alignleft\" src=\"https:\/\/vertexcommotion.ca\/wp-content\/uploads\/2025\/04\/4.png\" alt=\"\" width=\"587\" height=\"330\" srcset=\"https:\/\/vertexcommotion.ca\/wp-content\/uploads\/2025\/04\/4.png 1366w, https:\/\/vertexcommotion.ca\/wp-content\/uploads\/2025\/04\/4-300x169.png 300w, https:\/\/vertexcommotion.ca\/wp-content\/uploads\/2025\/04\/4-1024x576.png 1024w, https:\/\/vertexcommotion.ca\/wp-content\/uploads\/2025\/04\/4-18x10.png 18w\" sizes=\"(max-width: 587px) 100vw, 587px\" \/><img decoding=\"async\" class=\"alignleft wp-image-5088\" src=\"https:\/\/vertexcommotion.ca\/wp-content\/uploads\/2025\/04\/1.png\" alt=\"\" width=\"584\" height=\"324\" srcset=\"https:\/\/vertexcommotion.ca\/wp-content\/uploads\/2025\/04\/1.png 1366w, https:\/\/vertexcommotion.ca\/wp-content\/uploads\/2025\/04\/1-300x166.png 300w, https:\/\/vertexcommotion.ca\/wp-content\/uploads\/2025\/04\/1-1024x568.png 1024w, https:\/\/vertexcommotion.ca\/wp-content\/uploads\/2025\/04\/1-18x10.png 18w\" sizes=\"(max-width: 584px) 100vw, 584px\" \/><img loading=\"lazy\" decoding=\"async\" class=\"alignnone wp-image-5089\" src=\"https:\/\/vertexcommotion.ca\/wp-content\/uploads\/2025\/04\/2.png\" alt=\"\" width=\"582\" height=\"327\" srcset=\"https:\/\/vertexcommotion.ca\/wp-content\/uploads\/2025\/04\/2.png 1366w, https:\/\/vertexcommotion.ca\/wp-content\/uploads\/2025\/04\/2-300x169.png 300w, https:\/\/vertexcommotion.ca\/wp-content\/uploads\/2025\/04\/2-1024x576.png 1024w, https:\/\/vertexcommotion.ca\/wp-content\/uploads\/2025\/04\/2-18x10.png 18w\" sizes=\"(max-width: 582px) 100vw, 582px\" \/><\/p>\n<h2><strong style=\"color: white;\">Atgnez vos objectifs<br \/><\/strong><strong>Become version 2.0 of yourself!<\/strong><br \/><a class=\"elementor-button btn btn-solid btn-icon-shaped btn-has-label\" href=\"https:\/\/www.gorendezvous.com\/vertexcommotion\"><br \/>Make an appointment<br \/><\/a><\/h2>\n<h2><strong>Cutting-edge technologies at your service<\/strong><\/h2>\n<p><iframe title=\"L&#039;\u00e9valuation pr\u00e9saison de l&#039;athl\u00e8te \u00e0 la clinique Vertex\" width=\"780\" height=\"585\" src=\"https:\/\/www.youtube.com\/embed\/MJidrEjrzqg?feature=oembed&#038;enablejsapi=1&#038;origin=https:\/\/vertexcommotion.ca\" frameborder=\"0\" allow=\"accelerometer; autoplay; clipboard-write; encrypted-media; gyroscope; picture-in-picture; web-share\" referrerpolicy=\"strict-origin-when-cross-origin\" allowfullscreen><\/iframe><\/p>\n<h2><strong>NeuroTrackerX : to train your brain<\/strong><\/h2>\n<p>NeuroTrackerX has multiple virtues. It helps improve higher cognitive skills, such as executive functions, attention, functional memory, information processing speed, decision making and reaction time. It is a valuable tool both for rehabilitation following a concussion and for athletes wishing to reach an elite level of performance.  It has also demonstrated its effectiveness with students, seniors and people suffering from cognitive disorders.<\/p>\n<p><img loading=\"lazy\" decoding=\"async\" src=\"https:\/\/vertexcommotion.ca\/wp-content\/uploads\/2024\/07\/neurotracker-1024x539.jpg\" sizes=\"(max-width: 780px) 100vw, 780px\" srcset=\"https:\/\/vertexcommotion.ca\/wp-content\/uploads\/2024\/07\/neurotracker-1024x539.jpg 1024w, https:\/\/vertexcommotion.ca\/wp-content\/uploads\/2024\/07\/neurotracker-300x158.jpg 300w, https:\/\/vertexcommotion.ca\/wp-content\/uploads\/2024\/07\/neurotracker-18x9.jpg 18w, https:\/\/vertexcommotion.ca\/wp-content\/uploads\/2024\/07\/neurotracker-1536x809.jpg 1536w, https:\/\/vertexcommotion.ca\/wp-content\/uploads\/2024\/07\/neurotracker-2048x1078.jpg 2048w, https:\/\/vertexcommotion.ca\/wp-content\/uploads\/2024\/07\/neurotracker-1520x800.jpg 1520w\" alt=\"\" width=\"780\" height=\"411\" \/><br \/><img loading=\"lazy\" decoding=\"async\" src=\"https:\/\/vertexcommotion.ca\/wp-content\/uploads\/2024\/07\/senaptec-1024x768.jpg\" sizes=\"(max-width: 780px) 100vw, 780px\" srcset=\"https:\/\/vertexcommotion.ca\/wp-content\/uploads\/2024\/07\/senaptec-1024x768.jpg 1024w, https:\/\/vertexcommotion.ca\/wp-content\/uploads\/2024\/07\/senaptec-300x225.jpg 300w, https:\/\/vertexcommotion.ca\/wp-content\/uploads\/2024\/07\/senaptec-16x12.jpg 16w, https:\/\/vertexcommotion.ca\/wp-content\/uploads\/2024\/07\/senaptec-1536x1152.jpg 1536w, https:\/\/vertexcommotion.ca\/wp-content\/uploads\/2024\/07\/senaptec.jpg 2000w\" alt=\"Grille d\u2019analyse obtenue gr\u00e2ce au Senaptec Sensory Station, un outil utilis\u00e9 en neuroperformance\" width=\"780\" height=\"585\" \/><\/p>\n<h2><strong>Senaptec Sensory Station: the ultimate neuroperformance tool<\/strong><\/h2>\n<p>A <a href=\"https:\/\/vertexcommotion.ca\/en\/2023\/10\/24\/comment-senaptec-vous-aide-a-mieux-performer-dans-la-vie\/\">Senaptec Sensory Station<\/a> allows you to analyze 10 evaluation and training parameters.  It measures visual acuity, contrast sensitivity, depth perception, accommodative speed, spatial perception, tracking multiple objects, reaction time, grasping a target, hand-eye coordination. and decision making.<\/p>\n<p>Int\u00e9ressant : le Senaptec Sensory Station compare les r\u00e9sultats \u00e0 une banque de donn\u00e9es mondiales. Il est donc possible de vous situer par rapport \u00e0 votre sexe, votre \u00e2ge, votre sport, votre position, voire m\u00eame \u00e0 votre niveau sportif, pour obtenir un portrait objectif et pr\u00e9cis.<\/p>\n<h2><strong>RightEye analysis: screening for functional visual disorders<\/strong><\/h2>\n<p>A <a href=\"https:\/\/vertexcommotion.ca\/en\/2023\/10\/18\/comment-right-eye-vous-aide-a-mieux-performer-dans-la-vie\/\">RightEye<\/a> is a revolutionary tool that is used to screen for functional visual disorders. It allows several elements to be analyzed, including oculomotor movements, eye fixation, reaction time and decision-making. It allows an evaluation of the return to play following a concussion. We use it during the pre-season evaluations.<\/p>\n<h2><strong style=\"color: white;\">Access advanced technological tools<\/strong><\/h2>\n<p><strong>Maximise your gains<\/strong><br \/><a class=\"elementor-button btn btn-solid btn-icon-shaped btn-has-label\" href=\"https:\/\/www.gorendezvous.com\/vertexcommotion\"><br \/>Make an appointment<br \/><\/a><\/p>\n<h2><strong>How does the neuroperformance consultation take place?<\/strong><\/h2>\n<p>The neuroperformance assessment lasts 3 hours. During the meeting, our specialized team will analyze several elements:<\/p>\n<ul>\n<li>History \u2013 medical history<\/li>\n<li>Elaboration of weaknesses<\/li>\n<li>Elaboration of training objectives<\/li>\n<li>Neurological assessment<\/li>\n<li>Assessment of the functional visual abilities<\/li>\n<li>Assessment of the functional vestibular abilities<\/li>\n<li>Assessment of balance<\/li>\n<li>Objective assessment using technological tools: RightEye, NeuroTrackerX, Senaptec Sensory Station<\/li>\n<li>Comprehensive musculoskeletal assessment to establish mobility and motor control weaknesses<\/li>\n<\/ul>\n<p><img loading=\"lazy\" decoding=\"async\" src=\"https:\/\/vertexcommotion.ca\/wp-content\/uploads\/2024\/07\/neuroplasticite-cerveau-768x1024.jpg\" sizes=\"(max-width: 768px) 100vw, 768px\" srcset=\"https:\/\/vertexcommotion.ca\/wp-content\/uploads\/2024\/07\/neuroplasticite-cerveau-768x1024.jpg 768w, https:\/\/vertexcommotion.ca\/wp-content\/uploads\/2024\/07\/neuroplasticite-cerveau-225x300.jpg 225w, https:\/\/vertexcommotion.ca\/wp-content\/uploads\/2024\/07\/neuroplasticite-cerveau-9x12.jpg 9w, https:\/\/vertexcommotion.ca\/wp-content\/uploads\/2024\/07\/neuroplasticite-cerveau-1152x1536.jpg 1152w, https:\/\/vertexcommotion.ca\/wp-content\/uploads\/2024\/07\/neuroplasticite-cerveau.jpg 1500w\" alt=\"\" width=\"768\" height=\"1024\" \/><\/p>\n<h2><strong>Training in neuroperformance<\/strong><\/h2>\n<p>Several training options are available to you. You can opt for an exercise program to carry out at home, established by our professionals in relation to the deficits and the objectives set. We will give you access to one of our technological tools at home to maximize gains.<\/p>\n<p>We also offer training with our <a href=\"https:\/\/vertexcommotion.ca\/en\/our-services\/kinesiology\/\">kinesiologists<\/a>, at our clinic located in Mirabel, on the North Shore. This includes the use of our state-of-the-art devices. Possibility of private or semi-private meetings (group of 2 to 4 people).<\/p>\n<h2><strong>A team focuses on your objectives<\/strong><\/h2>\n<p>At Vertex, you have access to a multidisciplinary team ready to support you in achieving your objectives. Here, the <a href=\"https:\/\/vertexcommotion.ca\/en\/our-services\/therapeute-du-sport\/\">athletic therapists<\/a>, <a href=\"https:\/\/vertexcommotion.ca\/en\/our-services\/physiotherapy\/\">physiotherapists<\/a>, <a href=\"https:\/\/vertexcommotion.ca\/en\/our-services\/osteopathy\/\">osteopaths<\/a>, <a href=\"https:\/\/vertexcommotion.ca\/en\/our-services\/mental-performance-consultant\/\">coachs en pr\u00e9paration mentale<\/a>, <a href=\"https:\/\/vertexcommotion.ca\/en\/our-services\/occupational-therapy\/\">occupational therapists<\/a>, <a href=\"https:\/\/vertexcommotion.ca\/en\/our-services\/naturopathy\/\">naturopaths<\/a> and other health professionals work closely together. You will get all the support you need.<\/p>\n\n\n<p><\/p>","protected":false},"excerpt":{"rendered":"<p>Neuroperformance sur la Rive-Nord \u00c0 l\u2019image du reste du corps humain, le cerveau aussi peut s\u2019entra\u00eener. De la r\u00e9adaptation \u00e0 la neuroperformance, Vertex utilise le principe de la neuroscience moderne \u2013 la neuroplasticit\u00e9 \u2013 pour vous aider \u00e0 am\u00e9liorer vos r\u00e9sultats et bonifier vos performances, tant d\u2019un point de vue sportif qu\u2019acad\u00e9mique. \u00cates-vous pr\u00eat \u00e0 [&hellip;]<\/p>","protected":false},"author":6,"featured_media":0,"parent":0,"menu_order":0,"comment_status":"closed","ping_status":"closed","template":"","meta":{"footnotes":""},"class_list":["post-30","page","type-page","status-publish","hentry"],"yoast_head":"<!-- This site is optimized with the Yoast SEO plugin v25.0 - https:\/\/yoast.com\/wordpress\/plugins\/seo\/ -->\n<title>Neuroperformance \u2013 Vertex est la r\u00e9f\u00e9rence #1 au Qu\u00e9bec!<\/title>\n<meta name=\"description\" content=\"D\u00e9couvrez comment la neuroperformance peut am\u00e9liorer vos capacit\u00e9s cognitives et physiques avec les experts de Vertex \u00e0 Mirabel, sur la Rive-Nord.\" \/>\n<meta name=\"robots\" content=\"index, follow, max-snippet:-1, max-image-preview:large, max-video-preview:-1\" \/>\n<link rel=\"canonical\" href=\"https:\/\/vertexcommotion.ca\/en\/neuroperformance\/\" \/>\n<meta property=\"og:locale\" content=\"en_US\" \/>\n<meta property=\"og:type\" content=\"article\" \/>\n<meta property=\"og:title\" content=\"Neuroperformance \u2013 Vertex est la r\u00e9f\u00e9rence #1 au Qu\u00e9bec!\" \/>\n<meta property=\"og:description\" content=\"D\u00e9couvrez comment la neuroperformance peut am\u00e9liorer vos capacit\u00e9s cognitives et physiques avec les experts de Vertex \u00e0 Mirabel, sur la Rive-Nord.\" \/>\n<meta property=\"og:url\" content=\"https:\/\/vertexcommotion.ca\/en\/neuroperformance\/\" \/>\n<meta property=\"og:site_name\" content=\"Vertex\" \/>\n<meta property=\"article:modified_time\" content=\"2025-04-11T02:03:15+00:00\" \/>\n<meta property=\"og:image\" content=\"https:\/\/vertexcommotion.ca\/wp-content\/uploads\/2024\/07\/neuroperformance-vertex-1024x768.jpg\" \/>\n<meta name=\"twitter:card\" content=\"summary_large_image\" \/>\n<meta name=\"twitter:label1\" content=\"Est. reading time\" \/>\n\t<meta name=\"twitter:data1\" content=\"6 minutes\" \/>\n<script type=\"application\/ld+json\" class=\"yoast-schema-graph\">{\"@context\":\"https:\/\/schema.org\",\"@graph\":[{\"@type\":\"WebPage\",\"@id\":\"https:\/\/vertexcommotion.ca\/neuroperformance\/\",\"url\":\"https:\/\/vertexcommotion.ca\/neuroperformance\/\",\"name\":\"Neuroperformance \u2013 Vertex est la r\u00e9f\u00e9rence #1 au Qu\u00e9bec!\",\"isPartOf\":{\"@id\":\"https:\/\/vertexcommotion.ca\/#website\"},\"primaryImageOfPage\":{\"@id\":\"https:\/\/vertexcommotion.ca\/neuroperformance\/#primaryimage\"},\"image\":{\"@id\":\"https:\/\/vertexcommotion.ca\/neuroperformance\/#primaryimage\"},\"thumbnailUrl\":\"https:\/\/vertexcommotion.ca\/wp-content\/uploads\/2024\/07\/neuroperformance-vertex-1024x768.jpg\",\"datePublished\":\"2023-09-06T19:48:07+00:00\",\"dateModified\":\"2025-04-11T02:03:15+00:00\",\"description\":\"D\u00e9couvrez comment la neuroperformance peut am\u00e9liorer vos capacit\u00e9s cognitives et physiques avec les experts de Vertex \u00e0 Mirabel, sur la Rive-Nord.\",\"breadcrumb\":{\"@id\":\"https:\/\/vertexcommotion.ca\/neuroperformance\/#breadcrumb\"},\"inLanguage\":\"en-CA\",\"potentialAction\":[{\"@type\":\"ReadAction\",\"target\":[\"https:\/\/vertexcommotion.ca\/neuroperformance\/\"]}]},{\"@type\":\"ImageObject\",\"inLanguage\":\"en-CA\",\"@id\":\"https:\/\/vertexcommotion.ca\/neuroperformance\/#primaryimage\",\"url\":\"https:\/\/vertexcommotion.ca\/wp-content\/uploads\/2024\/07\/neuroperformance-vertex-1024x768.jpg\",\"contentUrl\":\"https:\/\/vertexcommotion.ca\/wp-content\/uploads\/2024\/07\/neuroperformance-vertex-1024x768.jpg\"},{\"@type\":\"BreadcrumbList\",\"@id\":\"https:\/\/vertexcommotion.ca\/neuroperformance\/#breadcrumb\",\"itemListElement\":[{\"@type\":\"ListItem\",\"position\":1,\"name\":\"Home\",\"item\":\"https:\/\/vertexcommotion.ca\/\"},{\"@type\":\"ListItem\",\"position\":2,\"name\":\"NeuroPerformance\"}]},{\"@type\":\"WebSite\",\"@id\":\"https:\/\/vertexcommotion.ca\/#website\",\"url\":\"https:\/\/vertexcommotion.ca\/\",\"name\":\"Vertex\",\"description\":\"\",\"publisher\":{\"@id\":\"https:\/\/vertexcommotion.ca\/#organization\"},\"potentialAction\":[{\"@type\":\"SearchAction\",\"target\":{\"@type\":\"EntryPoint\",\"urlTemplate\":\"https:\/\/vertexcommotion.ca\/?s={search_term_string}\"},\"query-input\":{\"@type\":\"PropertyValueSpecification\",\"valueRequired\":true,\"valueName\":\"search_term_string\"}}],\"inLanguage\":\"en-CA\"},{\"@type\":\"Organization\",\"@id\":\"https:\/\/vertexcommotion.ca\/#organization\",\"name\":\"Vertex\",\"url\":\"https:\/\/vertexcommotion.ca\/\",\"logo\":{\"@type\":\"ImageObject\",\"inLanguage\":\"en-CA\",\"@id\":\"https:\/\/vertexcommotion.ca\/#\/schema\/logo\/image\/\",\"url\":\"https:\/\/vertexcommotion.ca\/wp-content\/uploads\/2023\/09\/VertexLogo.png\",\"contentUrl\":\"https:\/\/vertexcommotion.ca\/wp-content\/uploads\/2023\/09\/VertexLogo.png\",\"width\":550,\"height\":245,\"caption\":\"Vertex\"},\"image\":{\"@id\":\"https:\/\/vertexcommotion.ca\/#\/schema\/logo\/image\/\"}}]}<\/script>\n<!-- \/ Yoast SEO plugin. -->","yoast_head_json":{"title":"Neuroperformance \u2013 Vertex est la r\u00e9f\u00e9rence #1 au Qu\u00e9bec!","description":"D\u00e9couvrez comment la neuroperformance peut am\u00e9liorer vos capacit\u00e9s cognitives et physiques avec les experts de Vertex \u00e0 Mirabel, sur la Rive-Nord.","robots":{"index":"index","follow":"follow","max-snippet":"max-snippet:-1","max-image-preview":"max-image-preview:large","max-video-preview":"max-video-preview:-1"},"canonical":"https:\/\/vertexcommotion.ca\/en\/neuroperformance\/","og_locale":"en_US","og_type":"article","og_title":"Neuroperformance \u2013 Vertex est la r\u00e9f\u00e9rence #1 au Qu\u00e9bec!","og_description":"D\u00e9couvrez comment la neuroperformance peut am\u00e9liorer vos capacit\u00e9s cognitives et physiques avec les experts de Vertex \u00e0 Mirabel, sur la Rive-Nord.","og_url":"https:\/\/vertexcommotion.ca\/en\/neuroperformance\/","og_site_name":"Vertex","article_modified_time":"2025-04-11T02:03:15+00:00","og_image":[{"url":"https:\/\/vertexcommotion.ca\/wp-content\/uploads\/2024\/07\/neuroperformance-vertex-1024x768.jpg","type":"","width":"","height":""}],"twitter_card":"summary_large_image","twitter_misc":{"Est. reading time":"6 minutes"},"schema":{"@context":"https:\/\/schema.org","@graph":[{"@type":"WebPage","@id":"https:\/\/vertexcommotion.ca\/neuroperformance\/","url":"https:\/\/vertexcommotion.ca\/neuroperformance\/","name":"Neuroperformance \u2013 Vertex est la r\u00e9f\u00e9rence #1 au Qu\u00e9bec!","isPartOf":{"@id":"https:\/\/vertexcommotion.ca\/#website"},"primaryImageOfPage":{"@id":"https:\/\/vertexcommotion.ca\/neuroperformance\/#primaryimage"},"image":{"@id":"https:\/\/vertexcommotion.ca\/neuroperformance\/#primaryimage"},"thumbnailUrl":"https:\/\/vertexcommotion.ca\/wp-content\/uploads\/2024\/07\/neuroperformance-vertex-1024x768.jpg","datePublished":"2023-09-06T19:48:07+00:00","dateModified":"2025-04-11T02:03:15+00:00","description":"D\u00e9couvrez comment la neuroperformance peut am\u00e9liorer vos capacit\u00e9s cognitives et physiques avec les experts de Vertex \u00e0 Mirabel, sur la Rive-Nord.","breadcrumb":{"@id":"https:\/\/vertexcommotion.ca\/neuroperformance\/#breadcrumb"},"inLanguage":"en-CA","potentialAction":[{"@type":"ReadAction","target":["https:\/\/vertexcommotion.ca\/neuroperformance\/"]}]},{"@type":"ImageObject","inLanguage":"en-CA","@id":"https:\/\/vertexcommotion.ca\/neuroperformance\/#primaryimage","url":"https:\/\/vertexcommotion.ca\/wp-content\/uploads\/2024\/07\/neuroperformance-vertex-1024x768.jpg","contentUrl":"https:\/\/vertexcommotion.ca\/wp-content\/uploads\/2024\/07\/neuroperformance-vertex-1024x768.jpg"},{"@type":"BreadcrumbList","@id":"https:\/\/vertexcommotion.ca\/neuroperformance\/#breadcrumb","itemListElement":[{"@type":"ListItem","position":1,"name":"Home","item":"https:\/\/vertexcommotion.ca\/"},{"@type":"ListItem","position":2,"name":"NeuroPerformance"}]},{"@type":"WebSite","@id":"https:\/\/vertexcommotion.ca\/#website","url":"https:\/\/vertexcommotion.ca\/","name":"Vertex","description":"","publisher":{"@id":"https:\/\/vertexcommotion.ca\/#organization"},"potentialAction":[{"@type":"SearchAction","target":{"@type":"EntryPoint","urlTemplate":"https:\/\/vertexcommotion.ca\/?s={search_term_string}"},"query-input":{"@type":"PropertyValueSpecification","valueRequired":true,"valueName":"search_term_string"}}],"inLanguage":"en-CA"},{"@type":"Organization","@id":"https:\/\/vertexcommotion.ca\/#organization","name":"Vertex","url":"https:\/\/vertexcommotion.ca\/","logo":{"@type":"ImageObject","inLanguage":"en-CA","@id":"https:\/\/vertexcommotion.ca\/#\/schema\/logo\/image\/","url":"https:\/\/vertexcommotion.ca\/wp-content\/uploads\/2023\/09\/VertexLogo.png","contentUrl":"https:\/\/vertexcommotion.ca\/wp-content\/uploads\/2023\/09\/VertexLogo.png","width":550,"height":245,"caption":"Vertex"},"image":{"@id":"https:\/\/vertexcommotion.ca\/#\/schema\/logo\/image\/"}}]}},"_links":{"self":[{"href":"https:\/\/vertexcommotion.ca\/en\/wp-json\/wp\/v2\/pages\/30","targetHints":{"allow":["GET"]}}],"collection":[{"href":"https:\/\/vertexcommotion.ca\/en\/wp-json\/wp\/v2\/pages"}],"about":[{"href":"https:\/\/vertexcommotion.ca\/en\/wp-json\/wp\/v2\/types\/page"}],"author":[{"embeddable":true,"href":"https:\/\/vertexcommotion.ca\/en\/wp-json\/wp\/v2\/users\/6"}],"replies":[{"embeddable":true,"href":"https:\/\/vertexcommotion.ca\/en\/wp-json\/wp\/v2\/comments?post=30"}],"version-history":[{"count":72,"href":"https:\/\/vertexcommotion.ca\/en\/wp-json\/wp\/v2\/pages\/30\/revisions"}],"predecessor-version":[{"id":5094,"href":"https:\/\/vertexcommotion.ca\/en\/wp-json\/wp\/v2\/pages\/30\/revisions\/5094"}],"wp:attachment":[{"href":"https:\/\/vertexcommotion.ca\/en\/wp-json\/wp\/v2\/media?parent=30"}],"curies":[{"name":"wp","href":"https:\/\/api.w.org\/{rel}","templated":true}]}}