{"id":2240,"date":"2023-09-13T18:07:06","date_gmt":"2023-09-13T18:07:06","guid":{"rendered":"https:\/\/vertexcommotion.ca\/?page_id=2240"},"modified":"2025-11-11T15:59:49","modified_gmt":"2025-11-11T15:59:49","slug":"emplois-en-sante","status":"publish","type":"page","link":"https:\/\/vertexcommotion.ca\/en\/emplois-en-sante\/","title":{"rendered":"JOBS"},"content":{"rendered":"<h2>About us<\/h2>\n<h2>JOBS<\/h2>\n<h2>Explorez les emplois disponibles et d\u00e9couvrez comment vous pouvez rejoindre l&#8217;\u00e9quipe de la clinique Vertex!<\/h2>\n<p>\u25cf Une clinique sp\u00e9cialis\u00e9e en r\u00e9adaptation int\u00e9grative des blessures musculo-squelettiques,<br \/>\n\u00e9tourdissements, commotion c\u00e9r\u00e9brale, sant\u00e9 mentale, bien-\u00eatre et strat\u00e9gies de neuroperformance.<\/p>\n<p>\u25cf An interdisciplinary team or interprofessional collaboration is essential.<\/p>\n<p>\u25cf \u00c9quipe d&#8217;exp\u00e9rience: Acupuncteur, Ergoth\u00e9rapeute, Kin\u00e9siologue, Massoth\u00e9rapeute, Naturopathe,<br \/>\nNeuropsychologue, Ost\u00e9opathe, Physioth\u00e9rapeute, Pr\u00e9parateur mentale, Th\u00e9rapeute du sport.<\/p>\n<p>\u25cf Clinique dans un \u00e9tablissement neuf de qualit\u00e9 sup\u00e9rieure, fenestration abondante, structure de bois<br \/>\napparente, \u00e9quipements de pointe et strat\u00e9gies novatrices.<\/p>\n<p>Vertex offers you:<\/p>\n<p>\u25cf Flexible schedule and number of hours<\/p>\n<p>\u25cf Mentoring, interactive dinners, collaborative work focused on innovation and results.<\/p>\n<p>\u25cf Nous travaillons avec une client\u00e8le priv\u00e9e, tiers payeurs, SAAQ, ainsi que des athl\u00e8tes de haut niveau.<br \/>\nCollaboration avec plusieurs organismes sportifs tel Excellence sportive Laurentides, les programmes<br \/>\nde sport-\u00e9tudes et les CISSS r\u00e9gionaux.<\/p>\n<p>Postes recherch\u00e9s:<\/p>\n<ul>\n<li>PHYSIOTHERAPY<\/li>\n<li>Technologue en physioth\u00e9rapie<\/li>\n<li>Occupational therapist<\/li>\n<\/ul>\n<p>Nous vous invitons \u00e0 consulter notre site web au www.vertexcommotion.ca pour en apprendre plus sur notre<br \/>\nvision, nos objectifs th\u00e9rapeutiques, nos services et le parcours de nos professionnels.<br \/>\nVeuillez soumettre votre candidature \u00e0 <a style=\"color: #10b259;\" href=\"mailto:info@vertexcommotion.ca\">info@vertexcommotion.ca<\/a><\/p>","protected":false},"excerpt":{"rendered":"<p>\u00c0 Propos Emplois Explorez les emplois disponibles et d\u00e9couvrez comment vous pouvez rejoindre l&#8217;\u00e9quipe de la clinique Vertex! \u25cf Une clinique sp\u00e9cialis\u00e9e en r\u00e9adaptation int\u00e9grative des blessures musculo-squelettiques, \u00e9tourdissements, commotion c\u00e9r\u00e9brale, sant\u00e9 mentale, bien-\u00eatre et strat\u00e9gies de neuroperformance. \u25cf Une \u00e9quipe interdisciplinaire ou la collaboration interprofessionnelle est de mise. \u25cf \u00c9quipe d&#8217;exp\u00e9rience: Acupuncteur, Ergoth\u00e9rapeute, Kin\u00e9siologue, [&hellip;]<\/p>","protected":false},"author":6,"featured_media":0,"parent":0,"menu_order":0,"comment_status":"closed","ping_status":"closed","template":"","meta":{"footnotes":""},"class_list":["post-2240","page","type-page","status-publish","hentry"],"yoast_head":"<!-- This site is optimized with the Yoast SEO plugin v25.0 - https:\/\/yoast.com\/wordpress\/plugins\/seo\/ -->\n<title>Emplois en Sant\u00e9 - Vertex cherche \u00e0 agrandir son \u00e9quipe!<\/title>\n<meta name=\"description\" content=\"D\u00e9couvrez nos opportunit\u00e9s d&#039;emplois en sant\u00e9 chez Vertex \u00e0 Mirabel. Joignez-vous \u00e0 notre \u00e9quipe de professionnels et profitez d&#039;avantages comp\u00e9titifs.\" \/>\n<meta name=\"robots\" content=\"index, follow, max-snippet:-1, max-image-preview:large, max-video-preview:-1\" \/>\n<link rel=\"canonical\" href=\"https:\/\/vertexcommotion.ca\/en\/emplois-en-sante\/\" \/>\n<meta property=\"og:locale\" content=\"en_US\" \/>\n<meta property=\"og:type\" content=\"article\" \/>\n<meta property=\"og:title\" content=\"Emplois en Sant\u00e9 - Vertex cherche \u00e0 agrandir son \u00e9quipe!\" \/>\n<meta property=\"og:description\" content=\"D\u00e9couvrez nos opportunit\u00e9s d&#039;emplois en sant\u00e9 chez Vertex \u00e0 Mirabel. Joignez-vous \u00e0 notre \u00e9quipe de professionnels et profitez d&#039;avantages comp\u00e9titifs.\" \/>\n<meta property=\"og:url\" content=\"https:\/\/vertexcommotion.ca\/en\/emplois-en-sante\/\" \/>\n<meta property=\"og:site_name\" content=\"Vertex\" \/>\n<meta property=\"article:modified_time\" content=\"2025-11-11T15:59:49+00:00\" \/>\n<meta name=\"twitter:card\" content=\"summary_large_image\" \/>\n<meta name=\"twitter:label1\" content=\"Est. reading time\" \/>\n\t<meta name=\"twitter:data1\" content=\"1 minute\" \/>\n<script type=\"application\/ld+json\" class=\"yoast-schema-graph\">{\"@context\":\"https:\/\/schema.org\",\"@graph\":[{\"@type\":\"WebPage\",\"@id\":\"https:\/\/vertexcommotion.ca\/emplois-en-sante\/\",\"url\":\"https:\/\/vertexcommotion.ca\/emplois-en-sante\/\",\"name\":\"Emplois en Sant\u00e9 - Vertex cherche \u00e0 agrandir son \u00e9quipe!\",\"isPartOf\":{\"@id\":\"https:\/\/vertexcommotion.ca\/#website\"},\"datePublished\":\"2023-09-13T18:07:06+00:00\",\"dateModified\":\"2025-11-11T15:59:49+00:00\",\"description\":\"D\u00e9couvrez nos opportunit\u00e9s d'emplois en sant\u00e9 chez Vertex \u00e0 Mirabel. Joignez-vous \u00e0 notre \u00e9quipe de professionnels et profitez d'avantages comp\u00e9titifs.\",\"breadcrumb\":{\"@id\":\"https:\/\/vertexcommotion.ca\/emplois-en-sante\/#breadcrumb\"},\"inLanguage\":\"en-CA\",\"potentialAction\":[{\"@type\":\"ReadAction\",\"target\":[\"https:\/\/vertexcommotion.ca\/emplois-en-sante\/\"]}]},{\"@type\":\"BreadcrumbList\",\"@id\":\"https:\/\/vertexcommotion.ca\/emplois-en-sante\/#breadcrumb\",\"itemListElement\":[{\"@type\":\"ListItem\",\"position\":1,\"name\":\"Home\",\"item\":\"https:\/\/vertexcommotion.ca\/\"},{\"@type\":\"ListItem\",\"position\":2,\"name\":\"Emplois\"}]},{\"@type\":\"WebSite\",\"@id\":\"https:\/\/vertexcommotion.ca\/#website\",\"url\":\"https:\/\/vertexcommotion.ca\/\",\"name\":\"Vertex\",\"description\":\"\",\"publisher\":{\"@id\":\"https:\/\/vertexcommotion.ca\/#organization\"},\"potentialAction\":[{\"@type\":\"SearchAction\",\"target\":{\"@type\":\"EntryPoint\",\"urlTemplate\":\"https:\/\/vertexcommotion.ca\/?s={search_term_string}\"},\"query-input\":{\"@type\":\"PropertyValueSpecification\",\"valueRequired\":true,\"valueName\":\"search_term_string\"}}],\"inLanguage\":\"en-CA\"},{\"@type\":\"Organization\",\"@id\":\"https:\/\/vertexcommotion.ca\/#organization\",\"name\":\"Vertex\",\"url\":\"https:\/\/vertexcommotion.ca\/\",\"logo\":{\"@type\":\"ImageObject\",\"inLanguage\":\"en-CA\",\"@id\":\"https:\/\/vertexcommotion.ca\/#\/schema\/logo\/image\/\",\"url\":\"https:\/\/vertexcommotion.ca\/wp-content\/uploads\/2023\/09\/VertexLogo.png\",\"contentUrl\":\"https:\/\/vertexcommotion.ca\/wp-content\/uploads\/2023\/09\/VertexLogo.png\",\"width\":550,\"height\":245,\"caption\":\"Vertex\"},\"image\":{\"@id\":\"https:\/\/vertexcommotion.ca\/#\/schema\/logo\/image\/\"}}]}<\/script>\n<!-- \/ Yoast SEO plugin. -->","yoast_head_json":{"title":"Emplois en Sant\u00e9 - Vertex cherche \u00e0 agrandir son \u00e9quipe!","description":"D\u00e9couvrez nos opportunit\u00e9s d'emplois en sant\u00e9 chez Vertex \u00e0 Mirabel. Joignez-vous \u00e0 notre \u00e9quipe de professionnels et profitez d'avantages comp\u00e9titifs.","robots":{"index":"index","follow":"follow","max-snippet":"max-snippet:-1","max-image-preview":"max-image-preview:large","max-video-preview":"max-video-preview:-1"},"canonical":"https:\/\/vertexcommotion.ca\/en\/emplois-en-sante\/","og_locale":"en_US","og_type":"article","og_title":"Emplois en Sant\u00e9 - Vertex cherche \u00e0 agrandir son \u00e9quipe!","og_description":"D\u00e9couvrez nos opportunit\u00e9s d'emplois en sant\u00e9 chez Vertex \u00e0 Mirabel. Joignez-vous \u00e0 notre \u00e9quipe de professionnels et profitez d'avantages comp\u00e9titifs.","og_url":"https:\/\/vertexcommotion.ca\/en\/emplois-en-sante\/","og_site_name":"Vertex","article_modified_time":"2025-11-11T15:59:49+00:00","twitter_card":"summary_large_image","twitter_misc":{"Est. reading time":"1 minute"},"schema":{"@context":"https:\/\/schema.org","@graph":[{"@type":"WebPage","@id":"https:\/\/vertexcommotion.ca\/emplois-en-sante\/","url":"https:\/\/vertexcommotion.ca\/emplois-en-sante\/","name":"Emplois en Sant\u00e9 - Vertex cherche \u00e0 agrandir son \u00e9quipe!","isPartOf":{"@id":"https:\/\/vertexcommotion.ca\/#website"},"datePublished":"2023-09-13T18:07:06+00:00","dateModified":"2025-11-11T15:59:49+00:00","description":"D\u00e9couvrez nos opportunit\u00e9s d'emplois en sant\u00e9 chez Vertex \u00e0 Mirabel. Joignez-vous \u00e0 notre \u00e9quipe de professionnels et profitez d'avantages comp\u00e9titifs.","breadcrumb":{"@id":"https:\/\/vertexcommotion.ca\/emplois-en-sante\/#breadcrumb"},"inLanguage":"en-CA","potentialAction":[{"@type":"ReadAction","target":["https:\/\/vertexcommotion.ca\/emplois-en-sante\/"]}]},{"@type":"BreadcrumbList","@id":"https:\/\/vertexcommotion.ca\/emplois-en-sante\/#breadcrumb","itemListElement":[{"@type":"ListItem","position":1,"name":"Home","item":"https:\/\/vertexcommotion.ca\/"},{"@type":"ListItem","position":2,"name":"Emplois"}]},{"@type":"WebSite","@id":"https:\/\/vertexcommotion.ca\/#website","url":"https:\/\/vertexcommotion.ca\/","name":"Vertex","description":"","publisher":{"@id":"https:\/\/vertexcommotion.ca\/#organization"},"potentialAction":[{"@type":"SearchAction","target":{"@type":"EntryPoint","urlTemplate":"https:\/\/vertexcommotion.ca\/?s={search_term_string}"},"query-input":{"@type":"PropertyValueSpecification","valueRequired":true,"valueName":"search_term_string"}}],"inLanguage":"en-CA"},{"@type":"Organization","@id":"https:\/\/vertexcommotion.ca\/#organization","name":"Vertex","url":"https:\/\/vertexcommotion.ca\/","logo":{"@type":"ImageObject","inLanguage":"en-CA","@id":"https:\/\/vertexcommotion.ca\/#\/schema\/logo\/image\/","url":"https:\/\/vertexcommotion.ca\/wp-content\/uploads\/2023\/09\/VertexLogo.png","contentUrl":"https:\/\/vertexcommotion.ca\/wp-content\/uploads\/2023\/09\/VertexLogo.png","width":550,"height":245,"caption":"Vertex"},"image":{"@id":"https:\/\/vertexcommotion.ca\/#\/schema\/logo\/image\/"}}]}},"_links":{"self":[{"href":"https:\/\/vertexcommotion.ca\/en\/wp-json\/wp\/v2\/pages\/2240","targetHints":{"allow":["GET"]}}],"collection":[{"href":"https:\/\/vertexcommotion.ca\/en\/wp-json\/wp\/v2\/pages"}],"about":[{"href":"https:\/\/vertexcommotion.ca\/en\/wp-json\/wp\/v2\/types\/page"}],"author":[{"embeddable":true,"href":"https:\/\/vertexcommotion.ca\/en\/wp-json\/wp\/v2\/users\/6"}],"replies":[{"embeddable":true,"href":"https:\/\/vertexcommotion.ca\/en\/wp-json\/wp\/v2\/comments?post=2240"}],"version-history":[{"count":102,"href":"https:\/\/vertexcommotion.ca\/en\/wp-json\/wp\/v2\/pages\/2240\/revisions"}],"predecessor-version":[{"id":5214,"href":"https:\/\/vertexcommotion.ca\/en\/wp-json\/wp\/v2\/pages\/2240\/revisions\/5214"}],"wp:attachment":[{"href":"https:\/\/vertexcommotion.ca\/en\/wp-json\/wp\/v2\/media?parent=2240"}],"curies":[{"name":"wp","href":"https:\/\/api.w.org\/{rel}","templated":true}]}}