{"id":1883,"date":"2023-09-13T15:03:06","date_gmt":"2023-09-13T15:03:06","guid":{"rendered":"https:\/\/vertexcommotion.ca\/?page_id=1883"},"modified":"2024-05-29T20:40:50","modified_gmt":"2024-05-29T20:40:50","slug":"notre-equipe-nathalie-lemay-massotherapeute","status":"publish","type":"page","link":"https:\/\/vertexcommotion.ca\/en\/notre-equipe-nathalie-lemay-massotherapeute\/","title":{"rendered":"Notre \u00c9quipe: Nathalie Lemay, Massoth\u00e9rapeute"},"content":{"rendered":"<div data-elementor-type=\"wp-page\" data-elementor-id=\"1883\" class=\"elementor elementor-1883\">\n\t\t\t\t<div class=\"elementor-element elementor-element-d224869 gradiant-emma e-flex e-con-boxed e-con e-parent\" data-id=\"d224869\" data-element_type=\"container\">\n\t\t\t\t\t<div class=\"e-con-inner\">\n\t\t\t\t<div class=\"elementor-element elementor-element-5d49d14 elementor-widget__width-inherit elementor-widget elementor-widget-hub_fancy_heading\" data-id=\"5d49d14\" data-element_type=\"widget\" data-widget_type=\"hub_fancy_heading.default\">\n\t\t\t\t<div class=\"elementor-widget-container\">\n\t\t\t\t\t\n\t\t<div id=\"ld-fancy-heading-69e062ffa7653\" class=\"ld-fancy-heading pos-rel\">\n\t\t\t<h2 class=\"ld-fh-element d-inline-block pos-rel  elementor-heading-title lqd-highlight-classic lqd-highlight-grow-left h2\"  > Our Team<\/h2>\t\t<\/div>\n\n\t\t\t\t\t\t<\/div>\n\t\t\t\t<\/div>\n\t\t\t\t<div class=\"elementor-element elementor-element-ff784ce elementor-widget__width-initial elementor-widget elementor-widget-hub_fancy_heading\" data-id=\"ff784ce\" data-element_type=\"widget\" data-widget_type=\"hub_fancy_heading.default\">\n\t\t\t\t<div class=\"elementor-widget-container\">\n\t\t\t\t\t\n\t\t<div id=\"ld-fancy-heading-69e062ffa7a35\" class=\"ld-fancy-heading pos-rel\">\n\t\t\t<h2 class=\"ld-fh-element d-inline-block pos-rel  elementor-heading-title lqd-highlight-classic lqd-highlight-grow-left h2\"  > AT VERTEX, WE ARE A TEAM OF DEDICATED PROFESSIONALS AND WE COLLABORATE TO ENSURE THE OPTIMUM INDIVIDUALIZED REHABILITATION OF EACH OF OUR PATIENTS.<\/h2>\t\t<\/div>\n\n\t\t\t\t\t\t<\/div>\n\t\t\t\t<\/div>\n\t\t\t\t\t<\/div>\n\t\t\t\t<\/div>\n\t\t<div class=\"elementor-element elementor-element-d1f1329 e-con-full notre-equpe-emma e-flex e-con e-parent\" data-id=\"d1f1329\" data-element_type=\"container\">\n\t\t<div data-lqd-section-scroll=\"true\" class=\"elementor-element elementor-element-0ffdd23 e-con-full left-side-scroll e-flex e-con e-child\" data-id=\"0ffdd23\" data-element_type=\"container\">\n\t\t\t\t<div class=\"elementor-element elementor-element-56c4251 elementor-widget elementor-widget-hub_fancy_heading\" data-id=\"56c4251\" data-element_type=\"widget\" data-widget_type=\"hub_fancy_heading.default\">\n\t\t\t\t<div class=\"elementor-widget-container\">\n\t\t\t\t\t\n\t\t<div id=\"ld-fancy-heading-69e062ffa8277\" class=\"ld-fancy-heading pos-rel\">\n\t\t\t<h2 class=\"ld-fh-element d-inline-block pos-rel  elementor-heading-title lqd-highlight-classic lqd-highlight-grow-left h2\"  > Nathalie Lemay<\/h2>\t\t<\/div>\n\n\t\t\t\t\t\t<\/div>\n\t\t\t\t<\/div>\n\t\t\t\t<div class=\"elementor-element elementor-element-497bf62 elementor-widget elementor-widget-hub_fancy_heading\" data-id=\"497bf62\" data-element_type=\"widget\" data-widget_type=\"hub_fancy_heading.default\">\n\t\t\t\t<div class=\"elementor-widget-container\">\n\t\t\t\t\t\n\t\t<div id=\"ld-fancy-heading-69e062ffa85a9\" class=\"ld-fancy-heading pos-rel\">\n\t\t\t<h2 class=\"ld-fh-element d-inline-block pos-rel  elementor-heading-title lqd-highlight-classic lqd-highlight-grow-left h2\"  > Massage therapist<\/h2>\t\t<\/div>\n\n\t\t\t\t\t\t<\/div>\n\t\t\t\t<\/div>\n\t\t\t\t<div class=\"elementor-element elementor-element-0fba5a2 elementor-widget elementor-widget-hub_fancy_heading\" data-id=\"0fba5a2\" data-element_type=\"widget\" data-widget_type=\"hub_fancy_heading.default\">\n\t\t\t\t<div class=\"elementor-widget-container\">\n\t\t\t\t\t\n\t\t<div id=\"ld-fancy-heading-69e062ffa88cc\" class=\"ld-fancy-heading pos-rel\">\n\t\t\t<h2 class=\"ld-fh-element d-inline-block pos-rel  elementor-heading-title lqd-highlight-classic lqd-highlight-grow-left h2\"  > Massoth\u00e9rapeute, membre FQM (F\u00e9d\u00e9ration qu\u00e9b\u00e9coise des massoth\u00e9rapeutes)\n\n<br><br>Massages avec huile : su\u00e9dois et sportif (musculaire et englobant, en profondeur ou en douceur), femmes enceintesMassage sans huile : drainage lymphatique m\u00e9thode Leduc (tout en douceur et en rythme lent)Massage intuitif : avec ou sans huile, selon la demande et selon l'intuition du moment.\n\n<br><br>Massages \u00e9nerg\u00e9tiques sans huile :  \u00a0 \u00a0 \u00a0\n<ul><li>amma : issu de la m\u00e9decine traditionnelle chinoise, ce sont points de pressions en rythme rapide le long des m\u00e9ridiens, entrem\u00eal\u00e9s d'\u00e9tirements et de percussions vari\u00e9es : r\u00e9\u00e9quilibre le corps en \u00e9nergie, dans son ensemble\u00a0 \u00a0 \u00a0 \u00a0<\/li>\n<li>tha\u00eflandais (disponible sous peu...) : massage pratiqu\u00e9 au sol sur un futon, par dessus des v\u00eatements souple et confortable.\u00a0 Ce sont des points de pressions en rythme moyen entrem\u00eal\u00e9s d'\u00e9tirements re\u00e7u en position assise ou couch\u00e9 sur le dos, sur le c\u00f4t\u00e9 ou sur le ventre.<br><br><\/li>\n<\/ul>\nEnrichie de plus depuis pr\u00e8s de 18 ann\u00e9es d\u2019exp\u00e9rience, Nathalie poss\u00e8de une bonne ma\u00eetrise de la massoth\u00e9rapie. Elle a eu longtemps son entreprise priv\u00e9e dans la ville de Qu\u00e9bec.\u00a0 Au cours de toutes ses ann\u00e9es, Nathalie a travaill\u00e9 de tr\u00e8s pr\u00e8s avec une client\u00e8le vari\u00e9e telle que des enfants handicap\u00e9s en \u00e9cole sp\u00e9cialis\u00e9e, des personnes en difficult\u00e9 \u00e9motionnelle ou en transition dans une p\u00e9riode de leur vie, aupr\u00e8s d\u2019adeptes de sports divers et de jeunes athl\u00e8tes de haut niveau, avec des personnes \u00e2g\u00e9es ou des gens actifs dans leur quotidien.\n\n<br><br>Nathalie a \u00e9galement travaill\u00e9 pendant trois ans dans un centre de soins collaboratifs en compl\u00e9ment ou en synergie avec des th\u00e9rapeutes de diff\u00e9rentes disciplines dont l\u2019ost\u00e9opathie, l\u2019acupuncture ou la naturopathie, ce qui lui a permis de d\u00e9velopper l'appoche du travail d'\u00e9quipe et une expertise plus compl\u00e8te de l\u2019anatomie humaine afin d'offrir des soins bien encadr\u00e9s.\n\n<br><br>Avec son professionnalisme et son \u00e9coute exemplaire, elle est en mesure de personnaliser ses services et d'adapter toutes ses techniques pour bien r\u00e9pondre \u00e0 vos besoins, que ce soit pour des soins de d\u00e9tente g\u00e9n\u00e9rale, d\u2019apaisement \u00e9motionnel ou de ressourcement, pour des soins plus musculaires ou pour le plaisir de se faire du bien. Nathalie est toujours heureuse de partager avec vous cette passion qui a conquis la confiance de sa client\u00e8le tout au long de ces nombreuses ann\u00e9es et ce, avec le m\u00eame enthousiasme qu\u2019\u00e0 ses d\u00e9buts.\n\n <br><br>N\u2019h\u00e9sitez pas \u00e0 prendre rendez-vous, vous serez entre bonnes mains !<\/h2>\t\t<\/div>\n\n\t\t\t\t\t\t<\/div>\n\t\t\t\t<\/div>\n\t\t\t\t<\/div>\n\t\t<div class=\"elementor-element elementor-element-8e22f79 e-con-full e-flex e-con e-child\" data-id=\"8e22f79\" data-element_type=\"container\" data-settings=\"{&quot;background_background&quot;:&quot;classic&quot;}\">\n\t\t\t\t<div class=\"elementor-element elementor-element-86879a0 elementor-widget elementor-widget-ld_fancy_image\" data-id=\"86879a0\" data-element_type=\"widget\" data-widget_type=\"ld_fancy_image.default\">\n\t\t\t\t<div class=\"elementor-widget-container\">\n\t\t\t\t\t\n\t\t<div class=\"lqd-imggrp-single d-block pos-rel\">\n\t\t\t<div class=\"lqd-imggrp-img-container d-inline-flex pos-rel align-items-center justify-content-center\">\n\t\t\t\t\t\t\t\t<figure class=\"w-100 pos-rel\">\n\t\t\t\t\t<img fetchpriority=\"high\" decoding=\"async\" width=\"1042\" height=\"763\" src=\"https:\/\/vertexcommotion.ca\/wp-content\/uploads\/2023\/09\/Janie-Guimond-1-8.png\" class=\"attachment-full size-full wp-image-1888\" alt=\"\" srcset=\"https:\/\/vertexcommotion.ca\/wp-content\/uploads\/2023\/09\/Janie-Guimond-1-8.png 1042w, https:\/\/vertexcommotion.ca\/wp-content\/uploads\/2023\/09\/Janie-Guimond-1-8-300x220.png 300w, https:\/\/vertexcommotion.ca\/wp-content\/uploads\/2023\/09\/Janie-Guimond-1-8-1024x750.png 1024w, https:\/\/vertexcommotion.ca\/wp-content\/uploads\/2023\/09\/Janie-Guimond-1-8-16x12.png 16w\" sizes=\"(max-width: 1042px) 100vw, 1042px\" itemprop=\"image\" \/>\t\t\t\t\t\t\t\t\t\t\t\t\t\t\t\t\t\t\t\t\t\t\t\t\t\t\t\t\t<\/figure>\n\t\t\t<\/div>\n\t\t<\/div>\n\n\t\t\t\t\t<\/div>\n\t\t\t\t<\/div>\n\t\t\t\t<\/div>\n\t\t\t\t<\/div>\n\t\t\t\t<\/div>","protected":false},"excerpt":{"rendered":"<p>Notre \u00c9quipe Chez Vertex, nous sommes une \u00e9quipe de professionnels d\u00e9vou\u00e9s et nous collaborons afin d\u2019assurer la r\u00e9adaptation individualis\u00e9e optimale de chacun de nos patients. Nathalie Lemay Massoth\u00e9rapeute Massoth\u00e9rapeute, membre FQM (F\u00e9d\u00e9ration qu\u00e9b\u00e9coise des massoth\u00e9rapeutes) Massages avec huile : su\u00e9dois et sportif (musculaire et englobant, en profondeur ou en douceur), femmes enceintesMassage sans huile : [&hellip;]<\/p>","protected":false},"author":6,"featured_media":0,"parent":0,"menu_order":0,"comment_status":"closed","ping_status":"closed","template":"","meta":{"footnotes":""},"class_list":["post-1883","page","type-page","status-publish","hentry"],"yoast_head":"<!-- This site is optimized with the Yoast SEO plugin v25.0 - https:\/\/yoast.com\/wordpress\/plugins\/seo\/ -->\n<title>Notre \u00c9quipe: Nathalie Lemay, Massoth\u00e9rapeute<\/title>\n<meta name=\"description\" content=\"NATHALIE LEMAY MASSOTH\u00c9RAPEUTE membre de la FQM (F\u00e9d\u00e9ration qu\u00e9b\u00e9coise des massoth\u00e9rapeutes)\" \/>\n<meta name=\"robots\" content=\"index, follow, max-snippet:-1, max-image-preview:large, max-video-preview:-1\" \/>\n<link rel=\"canonical\" href=\"https:\/\/vertexcommotion.ca\/en\/notre-equipe-nathalie-lemay-massotherapeute\/\" \/>\n<meta property=\"og:locale\" content=\"en_US\" \/>\n<meta property=\"og:type\" content=\"article\" \/>\n<meta property=\"og:title\" content=\"Notre \u00c9quipe: Nathalie Lemay, Massoth\u00e9rapeute\" \/>\n<meta property=\"og:description\" content=\"NATHALIE LEMAY MASSOTH\u00c9RAPEUTE membre de la FQM (F\u00e9d\u00e9ration qu\u00e9b\u00e9coise des massoth\u00e9rapeutes)\" \/>\n<meta property=\"og:url\" content=\"https:\/\/vertexcommotion.ca\/en\/notre-equipe-nathalie-lemay-massotherapeute\/\" \/>\n<meta property=\"og:site_name\" content=\"Vertex\" \/>\n<meta property=\"article:modified_time\" content=\"2024-05-29T20:40:50+00:00\" \/>\n<meta property=\"og:image\" content=\"https:\/\/vertexcommotion.ca\/wp-content\/uploads\/2023\/09\/Janie-Guimond-1-8.png\" \/>\n<meta name=\"twitter:card\" content=\"summary_large_image\" \/>\n<meta name=\"twitter:label1\" content=\"Est. reading time\" \/>\n\t<meta name=\"twitter:data1\" content=\"2 minutes\" \/>\n<script type=\"application\/ld+json\" class=\"yoast-schema-graph\">{\"@context\":\"https:\/\/schema.org\",\"@graph\":[{\"@type\":\"WebPage\",\"@id\":\"https:\/\/vertexcommotion.ca\/notre-equipe-nathalie-lemay-massotherapeute\/\",\"url\":\"https:\/\/vertexcommotion.ca\/notre-equipe-nathalie-lemay-massotherapeute\/\",\"name\":\"Notre \u00c9quipe: Nathalie Lemay, Massoth\u00e9rapeute\",\"isPartOf\":{\"@id\":\"https:\/\/vertexcommotion.ca\/#website\"},\"primaryImageOfPage\":{\"@id\":\"https:\/\/vertexcommotion.ca\/notre-equipe-nathalie-lemay-massotherapeute\/#primaryimage\"},\"image\":{\"@id\":\"https:\/\/vertexcommotion.ca\/notre-equipe-nathalie-lemay-massotherapeute\/#primaryimage\"},\"thumbnailUrl\":\"https:\/\/vertexcommotion.ca\/wp-content\/uploads\/2023\/09\/Janie-Guimond-1-8.png\",\"datePublished\":\"2023-09-13T15:03:06+00:00\",\"dateModified\":\"2024-05-29T20:40:50+00:00\",\"description\":\"NATHALIE LEMAY MASSOTH\u00c9RAPEUTE membre de la FQM (F\u00e9d\u00e9ration qu\u00e9b\u00e9coise des massoth\u00e9rapeutes)\",\"breadcrumb\":{\"@id\":\"https:\/\/vertexcommotion.ca\/notre-equipe-nathalie-lemay-massotherapeute\/#breadcrumb\"},\"inLanguage\":\"en-CA\",\"potentialAction\":[{\"@type\":\"ReadAction\",\"target\":[\"https:\/\/vertexcommotion.ca\/notre-equipe-nathalie-lemay-massotherapeute\/\"]}]},{\"@type\":\"ImageObject\",\"inLanguage\":\"en-CA\",\"@id\":\"https:\/\/vertexcommotion.ca\/notre-equipe-nathalie-lemay-massotherapeute\/#primaryimage\",\"url\":\"https:\/\/vertexcommotion.ca\/wp-content\/uploads\/2023\/09\/Janie-Guimond-1-8.png\",\"contentUrl\":\"https:\/\/vertexcommotion.ca\/wp-content\/uploads\/2023\/09\/Janie-Guimond-1-8.png\"},{\"@type\":\"BreadcrumbList\",\"@id\":\"https:\/\/vertexcommotion.ca\/notre-equipe-nathalie-lemay-massotherapeute\/#breadcrumb\",\"itemListElement\":[{\"@type\":\"ListItem\",\"position\":1,\"name\":\"Home\",\"item\":\"https:\/\/vertexcommotion.ca\/\"},{\"@type\":\"ListItem\",\"position\":2,\"name\":\"Notre \u00c9quipe: Nathalie Lemay, Massoth\u00e9rapeute\"}]},{\"@type\":\"WebSite\",\"@id\":\"https:\/\/vertexcommotion.ca\/#website\",\"url\":\"https:\/\/vertexcommotion.ca\/\",\"name\":\"Vertex\",\"description\":\"\",\"publisher\":{\"@id\":\"https:\/\/vertexcommotion.ca\/#organization\"},\"potentialAction\":[{\"@type\":\"SearchAction\",\"target\":{\"@type\":\"EntryPoint\",\"urlTemplate\":\"https:\/\/vertexcommotion.ca\/?s={search_term_string}\"},\"query-input\":{\"@type\":\"PropertyValueSpecification\",\"valueRequired\":true,\"valueName\":\"search_term_string\"}}],\"inLanguage\":\"en-CA\"},{\"@type\":\"Organization\",\"@id\":\"https:\/\/vertexcommotion.ca\/#organization\",\"name\":\"Vertex\",\"url\":\"https:\/\/vertexcommotion.ca\/\",\"logo\":{\"@type\":\"ImageObject\",\"inLanguage\":\"en-CA\",\"@id\":\"https:\/\/vertexcommotion.ca\/#\/schema\/logo\/image\/\",\"url\":\"https:\/\/vertexcommotion.ca\/wp-content\/uploads\/2023\/09\/VertexLogo.png\",\"contentUrl\":\"https:\/\/vertexcommotion.ca\/wp-content\/uploads\/2023\/09\/VertexLogo.png\",\"width\":550,\"height\":245,\"caption\":\"Vertex\"},\"image\":{\"@id\":\"https:\/\/vertexcommotion.ca\/#\/schema\/logo\/image\/\"}}]}<\/script>\n<!-- \/ Yoast SEO plugin. -->","yoast_head_json":{"title":"Notre \u00c9quipe: Nathalie Lemay, Massoth\u00e9rapeute","description":"NATHALIE LEMAY MASSOTH\u00c9RAPEUTE membre de la FQM (F\u00e9d\u00e9ration qu\u00e9b\u00e9coise des massoth\u00e9rapeutes)","robots":{"index":"index","follow":"follow","max-snippet":"max-snippet:-1","max-image-preview":"max-image-preview:large","max-video-preview":"max-video-preview:-1"},"canonical":"https:\/\/vertexcommotion.ca\/en\/notre-equipe-nathalie-lemay-massotherapeute\/","og_locale":"en_US","og_type":"article","og_title":"Notre \u00c9quipe: Nathalie Lemay, Massoth\u00e9rapeute","og_description":"NATHALIE LEMAY MASSOTH\u00c9RAPEUTE membre de la FQM (F\u00e9d\u00e9ration qu\u00e9b\u00e9coise des massoth\u00e9rapeutes)","og_url":"https:\/\/vertexcommotion.ca\/en\/notre-equipe-nathalie-lemay-massotherapeute\/","og_site_name":"Vertex","article_modified_time":"2024-05-29T20:40:50+00:00","og_image":[{"url":"https:\/\/vertexcommotion.ca\/wp-content\/uploads\/2023\/09\/Janie-Guimond-1-8.png","type":"","width":"","height":""}],"twitter_card":"summary_large_image","twitter_misc":{"Est. reading time":"2 minutes"},"schema":{"@context":"https:\/\/schema.org","@graph":[{"@type":"WebPage","@id":"https:\/\/vertexcommotion.ca\/notre-equipe-nathalie-lemay-massotherapeute\/","url":"https:\/\/vertexcommotion.ca\/notre-equipe-nathalie-lemay-massotherapeute\/","name":"Notre \u00c9quipe: Nathalie Lemay, Massoth\u00e9rapeute","isPartOf":{"@id":"https:\/\/vertexcommotion.ca\/#website"},"primaryImageOfPage":{"@id":"https:\/\/vertexcommotion.ca\/notre-equipe-nathalie-lemay-massotherapeute\/#primaryimage"},"image":{"@id":"https:\/\/vertexcommotion.ca\/notre-equipe-nathalie-lemay-massotherapeute\/#primaryimage"},"thumbnailUrl":"https:\/\/vertexcommotion.ca\/wp-content\/uploads\/2023\/09\/Janie-Guimond-1-8.png","datePublished":"2023-09-13T15:03:06+00:00","dateModified":"2024-05-29T20:40:50+00:00","description":"NATHALIE LEMAY MASSOTH\u00c9RAPEUTE membre de la FQM (F\u00e9d\u00e9ration qu\u00e9b\u00e9coise des massoth\u00e9rapeutes)","breadcrumb":{"@id":"https:\/\/vertexcommotion.ca\/notre-equipe-nathalie-lemay-massotherapeute\/#breadcrumb"},"inLanguage":"en-CA","potentialAction":[{"@type":"ReadAction","target":["https:\/\/vertexcommotion.ca\/notre-equipe-nathalie-lemay-massotherapeute\/"]}]},{"@type":"ImageObject","inLanguage":"en-CA","@id":"https:\/\/vertexcommotion.ca\/notre-equipe-nathalie-lemay-massotherapeute\/#primaryimage","url":"https:\/\/vertexcommotion.ca\/wp-content\/uploads\/2023\/09\/Janie-Guimond-1-8.png","contentUrl":"https:\/\/vertexcommotion.ca\/wp-content\/uploads\/2023\/09\/Janie-Guimond-1-8.png"},{"@type":"BreadcrumbList","@id":"https:\/\/vertexcommotion.ca\/notre-equipe-nathalie-lemay-massotherapeute\/#breadcrumb","itemListElement":[{"@type":"ListItem","position":1,"name":"Home","item":"https:\/\/vertexcommotion.ca\/"},{"@type":"ListItem","position":2,"name":"Notre \u00c9quipe: Nathalie Lemay, Massoth\u00e9rapeute"}]},{"@type":"WebSite","@id":"https:\/\/vertexcommotion.ca\/#website","url":"https:\/\/vertexcommotion.ca\/","name":"Vertex","description":"","publisher":{"@id":"https:\/\/vertexcommotion.ca\/#organization"},"potentialAction":[{"@type":"SearchAction","target":{"@type":"EntryPoint","urlTemplate":"https:\/\/vertexcommotion.ca\/?s={search_term_string}"},"query-input":{"@type":"PropertyValueSpecification","valueRequired":true,"valueName":"search_term_string"}}],"inLanguage":"en-CA"},{"@type":"Organization","@id":"https:\/\/vertexcommotion.ca\/#organization","name":"Vertex","url":"https:\/\/vertexcommotion.ca\/","logo":{"@type":"ImageObject","inLanguage":"en-CA","@id":"https:\/\/vertexcommotion.ca\/#\/schema\/logo\/image\/","url":"https:\/\/vertexcommotion.ca\/wp-content\/uploads\/2023\/09\/VertexLogo.png","contentUrl":"https:\/\/vertexcommotion.ca\/wp-content\/uploads\/2023\/09\/VertexLogo.png","width":550,"height":245,"caption":"Vertex"},"image":{"@id":"https:\/\/vertexcommotion.ca\/#\/schema\/logo\/image\/"}}]}},"_links":{"self":[{"href":"https:\/\/vertexcommotion.ca\/en\/wp-json\/wp\/v2\/pages\/1883","targetHints":{"allow":["GET"]}}],"collection":[{"href":"https:\/\/vertexcommotion.ca\/en\/wp-json\/wp\/v2\/pages"}],"about":[{"href":"https:\/\/vertexcommotion.ca\/en\/wp-json\/wp\/v2\/types\/page"}],"author":[{"embeddable":true,"href":"https:\/\/vertexcommotion.ca\/en\/wp-json\/wp\/v2\/users\/6"}],"replies":[{"embeddable":true,"href":"https:\/\/vertexcommotion.ca\/en\/wp-json\/wp\/v2\/comments?post=1883"}],"version-history":[{"count":47,"href":"https:\/\/vertexcommotion.ca\/en\/wp-json\/wp\/v2\/pages\/1883\/revisions"}],"predecessor-version":[{"id":4239,"href":"https:\/\/vertexcommotion.ca\/en\/wp-json\/wp\/v2\/pages\/1883\/revisions\/4239"}],"wp:attachment":[{"href":"https:\/\/vertexcommotion.ca\/en\/wp-json\/wp\/v2\/media?parent=1883"}],"curies":[{"name":"wp","href":"https:\/\/api.w.org\/{rel}","templated":true}]}}