{"id":1870,"date":"2023-09-13T14:59:29","date_gmt":"2023-09-13T14:59:29","guid":{"rendered":"https:\/\/vertexcommotion.ca\/?page_id=1870"},"modified":"2024-05-29T20:39:58","modified_gmt":"2024-05-29T20:39:58","slug":"notre-equipe-annie-kim-lachapelle-osteopathe","status":"publish","type":"page","link":"https:\/\/vertexcommotion.ca\/en\/notre-equipe-annie-kim-lachapelle-osteopathe\/","title":{"rendered":"Notre \u00c9quipe: Annie Kim Lachapelle B.Sc., CAT(C), Ost.Ost\u00e9opathe"},"content":{"rendered":"<div data-elementor-type=\"wp-page\" data-elementor-id=\"1870\" class=\"elementor elementor-1870\">\n\t\t\t\t<div class=\"elementor-element elementor-element-095f84f gradiant-emma e-flex e-con-boxed e-con e-parent\" data-id=\"095f84f\" data-element_type=\"container\">\n\t\t\t\t\t<div class=\"e-con-inner\">\n\t\t\t\t<div class=\"elementor-element elementor-element-c3b0274 elementor-widget__width-inherit elementor-widget elementor-widget-hub_fancy_heading\" data-id=\"c3b0274\" data-element_type=\"widget\" data-widget_type=\"hub_fancy_heading.default\">\n\t\t\t\t<div class=\"elementor-widget-container\">\n\t\t\t\t\t\n\t\t<div id=\"ld-fancy-heading-69deb94f7b6ca\" class=\"ld-fancy-heading pos-rel\">\n\t\t\t<h2 class=\"ld-fh-element d-inline-block pos-rel  elementor-heading-title lqd-highlight-classic lqd-highlight-grow-left h2\"  > Our Team<\/h2>\t\t<\/div>\n\n\t\t\t\t\t\t<\/div>\n\t\t\t\t<\/div>\n\t\t\t\t<div class=\"elementor-element elementor-element-6f2f2b4 elementor-widget__width-initial elementor-widget elementor-widget-hub_fancy_heading\" data-id=\"6f2f2b4\" data-element_type=\"widget\" data-widget_type=\"hub_fancy_heading.default\">\n\t\t\t\t<div class=\"elementor-widget-container\">\n\t\t\t\t\t\n\t\t<div id=\"ld-fancy-heading-69deb94f7ba7d\" class=\"ld-fancy-heading pos-rel\">\n\t\t\t<h2 class=\"ld-fh-element d-inline-block pos-rel  elementor-heading-title lqd-highlight-classic lqd-highlight-grow-left h2\"  > AT VERTEX, WE ARE A TEAM OF DEDICATED PROFESSIONALS AND WE COLLABORATE TO ENSURE THE OPTIMUM INDIVIDUALIZED REHABILITATION OF EACH OF OUR PATIENTS.<\/h2>\t\t<\/div>\n\n\t\t\t\t\t\t<\/div>\n\t\t\t\t<\/div>\n\t\t\t\t\t<\/div>\n\t\t\t\t<\/div>\n\t\t<div class=\"elementor-element elementor-element-98a1481 e-con-full notre-equpe-emma e-flex e-con e-parent\" data-id=\"98a1481\" data-element_type=\"container\">\n\t\t<div data-lqd-section-scroll=\"true\" class=\"elementor-element elementor-element-f177d34 e-con-full left-side-scroll e-flex e-con e-child\" data-id=\"f177d34\" data-element_type=\"container\">\n\t\t\t\t<div class=\"elementor-element elementor-element-6ba8760 elementor-widget elementor-widget-hub_fancy_heading\" data-id=\"6ba8760\" data-element_type=\"widget\" data-widget_type=\"hub_fancy_heading.default\">\n\t\t\t\t<div class=\"elementor-widget-container\">\n\t\t\t\t\t\n\t\t<div id=\"ld-fancy-heading-69deb94f7c281\" class=\"ld-fancy-heading pos-rel\">\n\t\t\t<h2 class=\"ld-fh-element d-inline-block pos-rel  elementor-heading-title lqd-highlight-classic lqd-highlight-grow-left h2\"  > Annie Kim Lachapelle <br>B.Sc., CAT(C), DO<\/h2>\t\t<\/div>\n\n\t\t\t\t\t\t<\/div>\n\t\t\t\t<\/div>\n\t\t\t\t<div class=\"elementor-element elementor-element-29c8a56 elementor-widget elementor-widget-hub_fancy_heading\" data-id=\"29c8a56\" data-element_type=\"widget\" data-widget_type=\"hub_fancy_heading.default\">\n\t\t\t\t<div class=\"elementor-widget-container\">\n\t\t\t\t\t\n\t\t<div id=\"ld-fancy-heading-69deb94f7c5d5\" class=\"ld-fancy-heading pos-rel\">\n\t\t\t<h2 class=\"ld-fh-element d-inline-block pos-rel  elementor-heading-title lqd-highlight-classic lqd-highlight-grow-left h2\"  > Th\u00e9rapeute du sport\n Ost\u00e9opathe<\/h2>\t\t<\/div>\n\n\t\t\t\t\t\t<\/div>\n\t\t\t\t<\/div>\n\t\t\t\t<div class=\"elementor-element elementor-element-4b08241 elementor-widget elementor-widget-hub_fancy_heading\" data-id=\"4b08241\" data-element_type=\"widget\" data-widget_type=\"hub_fancy_heading.default\">\n\t\t\t\t<div class=\"elementor-widget-container\">\n\t\t\t\t\t\n\t\t<div id=\"ld-fancy-heading-69deb94f7c8f2\" class=\"ld-fancy-heading pos-rel\">\n\t\t\t<h2 class=\"ld-fh-element d-inline-block pos-rel  elementor-heading-title lqd-highlight-classic lqd-highlight-grow-left h2\"  > Ost\u00e9opathe, membre d\u2019Ost\u00e9opathie Qu\u00e9bec\nTh\u00e9rapeute du sport, membre de l\u2019ACTS\n\n<br><br>Th\u00e9rapeute du sport dipl\u00f4m\u00e9e de l\u2019Universit\u00e9 Concordia en 2012, Annie Kim est membre de l\u2019Association canadienne des th\u00e9rapeutes du sport. Elle d\u00e9bute sa carri\u00e8re en m\u00e9decine sportive en travaillant pendant plusieurs ann\u00e9es avec divers sports et \u00e9quipes sportives (football am\u00e9ricain, soccer, hockey, tennis), ainsi qu\u2019avec des athl\u00e8tes performants tant au niveau r\u00e9cr\u00e9atif que national.\n\n<br><br>\u00c9tant sportive de nature, elle s\u2019implique comme th\u00e9rapeute pour plusieurs \u00e9v\u00e8nements sportifs majeurs tel le ironman de Tremblant, le marathon de Montr\u00e9al, le triathlon international de Montr\u00e9al, les mondiaux de gymnastique, les internationaux de tennis ou elle d\u00e9veloppe une expertise en pr\u00e9vention et soins des blessures musculosquelettiques. Son int\u00e9r\u00eat pour les arts de la sc\u00e8ne l'am\u00e8ne \u00e0 travailler \u00e0 L\u2019\u00c9cole Nationale de Cirque et au Cirque du Soleil ou elle d\u00e9veloppe une sp\u00e9cialit\u00e9 en soins sp\u00e9cifiques aux danseurs, artistes et acrobates professionnels.\n\n<br><br>Ayant la motivation de mieux r\u00e9pondre aux besoins de ses patients, elle d\u00e9bute, en 2015, ses \u00e9tudes en ost\u00e9opathie au Centre Ost\u00e9opathique du Qu\u00e9bec. Elle perfectionne ses techniques de th\u00e9rapie manuelle et d\u00e9veloppe une approche biom\u00e9canique plus globale afin d\u2019offrir des plans de pr\u00e9vention et de traitement sp\u00e9cifiques et adapt\u00e9s \u00e0 chacun de ses patients. Elle poursuit avec une formation en gestion et en soins des commotions c\u00e9r\u00e9brales pour offrir des soins de qualit\u00e9 \u00e0 cette population, d\u2019o\u00f9 son int\u00e9r\u00eat de faire partie de l\u2019\u00e9quipe de Vertex. Par sa grande motivation, son empathie et son dynamisme, Annie Kim recherche \u00e0 vous aider \u00e0 progresser, \u00e9voluer et performer de fa\u00e7on optimale.\n\n<\/h2>\t\t<\/div>\n\n\t\t\t\t\t\t<\/div>\n\t\t\t\t<\/div>\n\t\t\t\t<\/div>\n\t\t<div class=\"elementor-element elementor-element-60ceee0 e-con-full e-flex e-con e-child\" data-id=\"60ceee0\" data-element_type=\"container\" data-settings=\"{&quot;background_background&quot;:&quot;classic&quot;}\">\n\t\t\t\t<div class=\"elementor-element elementor-element-ab5c310 elementor-widget elementor-widget-ld_fancy_image\" data-id=\"ab5c310\" data-element_type=\"widget\" data-widget_type=\"ld_fancy_image.default\">\n\t\t\t\t<div class=\"elementor-widget-container\">\n\t\t\t\t\t\n\t\t<div class=\"lqd-imggrp-single d-block pos-rel\">\n\t\t\t<div class=\"lqd-imggrp-img-container d-inline-flex pos-rel align-items-center justify-content-center\">\n\t\t\t\t\t\t\t\t<figure class=\"w-100 pos-rel\">\n\t\t\t\t\t<img fetchpriority=\"high\" decoding=\"async\" width=\"1042\" height=\"763\" src=\"https:\/\/vertexcommotion.ca\/wp-content\/uploads\/2023\/09\/Janie-Guimond-1-7.png\" class=\"attachment-full size-full wp-image-1872\" alt=\"\" srcset=\"https:\/\/vertexcommotion.ca\/wp-content\/uploads\/2023\/09\/Janie-Guimond-1-7.png 1042w, https:\/\/vertexcommotion.ca\/wp-content\/uploads\/2023\/09\/Janie-Guimond-1-7-300x220.png 300w, https:\/\/vertexcommotion.ca\/wp-content\/uploads\/2023\/09\/Janie-Guimond-1-7-1024x750.png 1024w, https:\/\/vertexcommotion.ca\/wp-content\/uploads\/2023\/09\/Janie-Guimond-1-7-16x12.png 16w\" sizes=\"(max-width: 1042px) 100vw, 1042px\" itemprop=\"image\" \/>\t\t\t\t\t\t\t\t\t\t\t\t\t\t\t\t\t\t\t\t\t\t\t\t\t\t\t\t\t<\/figure>\n\t\t\t<\/div>\n\t\t<\/div>\n\n\t\t\t\t\t<\/div>\n\t\t\t\t<\/div>\n\t\t\t\t<\/div>\n\t\t\t\t<\/div>\n\t\t\t\t<\/div>","protected":false},"excerpt":{"rendered":"<p>Notre \u00c9quipe Chez Vertex, nous sommes une \u00e9quipe de professionnels d\u00e9vou\u00e9s et nous collaborons afin d\u2019assurer la r\u00e9adaptation individualis\u00e9e optimale de chacun de nos patients. Annie Kim Lachapelle B.Sc., CAT(C), DO Th\u00e9rapeute du sport Ost\u00e9opathe Ost\u00e9opathe, membre d\u2019Ost\u00e9opathie Qu\u00e9bec Th\u00e9rapeute du sport, membre de l\u2019ACTS Th\u00e9rapeute du sport dipl\u00f4m\u00e9e de l\u2019Universit\u00e9 Concordia en 2012, Annie [&hellip;]<\/p>","protected":false},"author":6,"featured_media":0,"parent":0,"menu_order":0,"comment_status":"closed","ping_status":"closed","template":"","meta":{"footnotes":""},"class_list":["post-1870","page","type-page","status-publish","hentry"],"yoast_head":"<!-- This site is optimized with the Yoast SEO plugin v25.0 - https:\/\/yoast.com\/wordpress\/plugins\/seo\/ -->\n<title>Notre \u00c9quipe: Annie Kim Lachapelle B.Sc., CAT(C), Ost\u00e9opathe<\/title>\n<meta name=\"description\" content=\"ANNIE KIM LACHAPELLE B.SC., CAT(C), DO TH\u00c9RAPEUTE DU SPORT OST\u00c9OPATHE Ost\u00e9opathe, membre d\u2019Ost\u00e9opathie Qu\u00e9bec Th\u00e9rapeute du sport, membre de l\u2019ACTS\" \/>\n<meta name=\"robots\" content=\"index, follow, max-snippet:-1, max-image-preview:large, max-video-preview:-1\" \/>\n<link rel=\"canonical\" href=\"https:\/\/vertexcommotion.ca\/en\/notre-equipe-annie-kim-lachapelle-osteopathe\/\" \/>\n<meta property=\"og:locale\" content=\"en_US\" \/>\n<meta property=\"og:type\" content=\"article\" \/>\n<meta property=\"og:title\" content=\"Notre \u00c9quipe: Annie Kim Lachapelle B.Sc., CAT(C), Ost\u00e9opathe\" \/>\n<meta property=\"og:description\" content=\"ANNIE KIM LACHAPELLE B.SC., CAT(C), DO TH\u00c9RAPEUTE DU SPORT OST\u00c9OPATHE Ost\u00e9opathe, membre d\u2019Ost\u00e9opathie Qu\u00e9bec Th\u00e9rapeute du sport, membre de l\u2019ACTS\" \/>\n<meta property=\"og:url\" content=\"https:\/\/vertexcommotion.ca\/en\/notre-equipe-annie-kim-lachapelle-osteopathe\/\" \/>\n<meta property=\"og:site_name\" content=\"Vertex\" \/>\n<meta property=\"article:modified_time\" content=\"2024-05-29T20:39:58+00:00\" \/>\n<meta property=\"og:image\" content=\"https:\/\/vertexcommotion.ca\/wp-content\/uploads\/2023\/09\/Janie-Guimond-1-7.png\" \/>\n<meta name=\"twitter:card\" content=\"summary_large_image\" \/>\n<meta name=\"twitter:label1\" content=\"Est. reading time\" \/>\n\t<meta name=\"twitter:data1\" content=\"2 minutes\" \/>\n<script type=\"application\/ld+json\" class=\"yoast-schema-graph\">{\"@context\":\"https:\/\/schema.org\",\"@graph\":[{\"@type\":\"WebPage\",\"@id\":\"https:\/\/vertexcommotion.ca\/notre-equipe-annie-kim-lachapelle-osteopathe\/\",\"url\":\"https:\/\/vertexcommotion.ca\/notre-equipe-annie-kim-lachapelle-osteopathe\/\",\"name\":\"Notre \u00c9quipe: Annie Kim Lachapelle B.Sc., CAT(C), Ost\u00e9opathe\",\"isPartOf\":{\"@id\":\"https:\/\/vertexcommotion.ca\/#website\"},\"primaryImageOfPage\":{\"@id\":\"https:\/\/vertexcommotion.ca\/notre-equipe-annie-kim-lachapelle-osteopathe\/#primaryimage\"},\"image\":{\"@id\":\"https:\/\/vertexcommotion.ca\/notre-equipe-annie-kim-lachapelle-osteopathe\/#primaryimage\"},\"thumbnailUrl\":\"https:\/\/vertexcommotion.ca\/wp-content\/uploads\/2023\/09\/Janie-Guimond-1-7.png\",\"datePublished\":\"2023-09-13T14:59:29+00:00\",\"dateModified\":\"2024-05-29T20:39:58+00:00\",\"description\":\"ANNIE KIM LACHAPELLE B.SC., CAT(C), DO TH\u00c9RAPEUTE DU SPORT OST\u00c9OPATHE Ost\u00e9opathe, membre d\u2019Ost\u00e9opathie Qu\u00e9bec Th\u00e9rapeute du sport, membre de l\u2019ACTS\",\"breadcrumb\":{\"@id\":\"https:\/\/vertexcommotion.ca\/notre-equipe-annie-kim-lachapelle-osteopathe\/#breadcrumb\"},\"inLanguage\":\"en-CA\",\"potentialAction\":[{\"@type\":\"ReadAction\",\"target\":[\"https:\/\/vertexcommotion.ca\/notre-equipe-annie-kim-lachapelle-osteopathe\/\"]}]},{\"@type\":\"ImageObject\",\"inLanguage\":\"en-CA\",\"@id\":\"https:\/\/vertexcommotion.ca\/notre-equipe-annie-kim-lachapelle-osteopathe\/#primaryimage\",\"url\":\"https:\/\/vertexcommotion.ca\/wp-content\/uploads\/2023\/09\/Janie-Guimond-1-7.png\",\"contentUrl\":\"https:\/\/vertexcommotion.ca\/wp-content\/uploads\/2023\/09\/Janie-Guimond-1-7.png\"},{\"@type\":\"BreadcrumbList\",\"@id\":\"https:\/\/vertexcommotion.ca\/notre-equipe-annie-kim-lachapelle-osteopathe\/#breadcrumb\",\"itemListElement\":[{\"@type\":\"ListItem\",\"position\":1,\"name\":\"Home\",\"item\":\"https:\/\/vertexcommotion.ca\/\"},{\"@type\":\"ListItem\",\"position\":2,\"name\":\"Notre \u00c9quipe: Annie Kim Lachapelle B.Sc., CAT(C), Ost.Ost\u00e9opathe\"}]},{\"@type\":\"WebSite\",\"@id\":\"https:\/\/vertexcommotion.ca\/#website\",\"url\":\"https:\/\/vertexcommotion.ca\/\",\"name\":\"Vertex\",\"description\":\"\",\"publisher\":{\"@id\":\"https:\/\/vertexcommotion.ca\/#organization\"},\"potentialAction\":[{\"@type\":\"SearchAction\",\"target\":{\"@type\":\"EntryPoint\",\"urlTemplate\":\"https:\/\/vertexcommotion.ca\/?s={search_term_string}\"},\"query-input\":{\"@type\":\"PropertyValueSpecification\",\"valueRequired\":true,\"valueName\":\"search_term_string\"}}],\"inLanguage\":\"en-CA\"},{\"@type\":\"Organization\",\"@id\":\"https:\/\/vertexcommotion.ca\/#organization\",\"name\":\"Vertex\",\"url\":\"https:\/\/vertexcommotion.ca\/\",\"logo\":{\"@type\":\"ImageObject\",\"inLanguage\":\"en-CA\",\"@id\":\"https:\/\/vertexcommotion.ca\/#\/schema\/logo\/image\/\",\"url\":\"https:\/\/vertexcommotion.ca\/wp-content\/uploads\/2023\/09\/VertexLogo.png\",\"contentUrl\":\"https:\/\/vertexcommotion.ca\/wp-content\/uploads\/2023\/09\/VertexLogo.png\",\"width\":550,\"height\":245,\"caption\":\"Vertex\"},\"image\":{\"@id\":\"https:\/\/vertexcommotion.ca\/#\/schema\/logo\/image\/\"}}]}<\/script>\n<!-- \/ Yoast SEO plugin. -->","yoast_head_json":{"title":"Notre \u00c9quipe: Annie Kim Lachapelle B.Sc., CAT(C), Ost\u00e9opathe","description":"ANNIE KIM LACHAPELLE B.SC., CAT(C), DO TH\u00c9RAPEUTE DU SPORT OST\u00c9OPATHE Ost\u00e9opathe, membre d\u2019Ost\u00e9opathie Qu\u00e9bec Th\u00e9rapeute du sport, membre de l\u2019ACTS","robots":{"index":"index","follow":"follow","max-snippet":"max-snippet:-1","max-image-preview":"max-image-preview:large","max-video-preview":"max-video-preview:-1"},"canonical":"https:\/\/vertexcommotion.ca\/en\/notre-equipe-annie-kim-lachapelle-osteopathe\/","og_locale":"en_US","og_type":"article","og_title":"Notre \u00c9quipe: Annie Kim Lachapelle B.Sc., CAT(C), Ost\u00e9opathe","og_description":"ANNIE KIM LACHAPELLE B.SC., CAT(C), DO TH\u00c9RAPEUTE DU SPORT OST\u00c9OPATHE Ost\u00e9opathe, membre d\u2019Ost\u00e9opathie Qu\u00e9bec Th\u00e9rapeute du sport, membre de l\u2019ACTS","og_url":"https:\/\/vertexcommotion.ca\/en\/notre-equipe-annie-kim-lachapelle-osteopathe\/","og_site_name":"Vertex","article_modified_time":"2024-05-29T20:39:58+00:00","og_image":[{"url":"https:\/\/vertexcommotion.ca\/wp-content\/uploads\/2023\/09\/Janie-Guimond-1-7.png","type":"","width":"","height":""}],"twitter_card":"summary_large_image","twitter_misc":{"Est. reading time":"2 minutes"},"schema":{"@context":"https:\/\/schema.org","@graph":[{"@type":"WebPage","@id":"https:\/\/vertexcommotion.ca\/notre-equipe-annie-kim-lachapelle-osteopathe\/","url":"https:\/\/vertexcommotion.ca\/notre-equipe-annie-kim-lachapelle-osteopathe\/","name":"Notre \u00c9quipe: Annie Kim Lachapelle B.Sc., CAT(C), Ost\u00e9opathe","isPartOf":{"@id":"https:\/\/vertexcommotion.ca\/#website"},"primaryImageOfPage":{"@id":"https:\/\/vertexcommotion.ca\/notre-equipe-annie-kim-lachapelle-osteopathe\/#primaryimage"},"image":{"@id":"https:\/\/vertexcommotion.ca\/notre-equipe-annie-kim-lachapelle-osteopathe\/#primaryimage"},"thumbnailUrl":"https:\/\/vertexcommotion.ca\/wp-content\/uploads\/2023\/09\/Janie-Guimond-1-7.png","datePublished":"2023-09-13T14:59:29+00:00","dateModified":"2024-05-29T20:39:58+00:00","description":"ANNIE KIM LACHAPELLE B.SC., CAT(C), DO TH\u00c9RAPEUTE DU SPORT OST\u00c9OPATHE Ost\u00e9opathe, membre d\u2019Ost\u00e9opathie Qu\u00e9bec Th\u00e9rapeute du sport, membre de l\u2019ACTS","breadcrumb":{"@id":"https:\/\/vertexcommotion.ca\/notre-equipe-annie-kim-lachapelle-osteopathe\/#breadcrumb"},"inLanguage":"en-CA","potentialAction":[{"@type":"ReadAction","target":["https:\/\/vertexcommotion.ca\/notre-equipe-annie-kim-lachapelle-osteopathe\/"]}]},{"@type":"ImageObject","inLanguage":"en-CA","@id":"https:\/\/vertexcommotion.ca\/notre-equipe-annie-kim-lachapelle-osteopathe\/#primaryimage","url":"https:\/\/vertexcommotion.ca\/wp-content\/uploads\/2023\/09\/Janie-Guimond-1-7.png","contentUrl":"https:\/\/vertexcommotion.ca\/wp-content\/uploads\/2023\/09\/Janie-Guimond-1-7.png"},{"@type":"BreadcrumbList","@id":"https:\/\/vertexcommotion.ca\/notre-equipe-annie-kim-lachapelle-osteopathe\/#breadcrumb","itemListElement":[{"@type":"ListItem","position":1,"name":"Home","item":"https:\/\/vertexcommotion.ca\/"},{"@type":"ListItem","position":2,"name":"Notre \u00c9quipe: Annie Kim Lachapelle B.Sc., CAT(C), Ost.Ost\u00e9opathe"}]},{"@type":"WebSite","@id":"https:\/\/vertexcommotion.ca\/#website","url":"https:\/\/vertexcommotion.ca\/","name":"Vertex","description":"","publisher":{"@id":"https:\/\/vertexcommotion.ca\/#organization"},"potentialAction":[{"@type":"SearchAction","target":{"@type":"EntryPoint","urlTemplate":"https:\/\/vertexcommotion.ca\/?s={search_term_string}"},"query-input":{"@type":"PropertyValueSpecification","valueRequired":true,"valueName":"search_term_string"}}],"inLanguage":"en-CA"},{"@type":"Organization","@id":"https:\/\/vertexcommotion.ca\/#organization","name":"Vertex","url":"https:\/\/vertexcommotion.ca\/","logo":{"@type":"ImageObject","inLanguage":"en-CA","@id":"https:\/\/vertexcommotion.ca\/#\/schema\/logo\/image\/","url":"https:\/\/vertexcommotion.ca\/wp-content\/uploads\/2023\/09\/VertexLogo.png","contentUrl":"https:\/\/vertexcommotion.ca\/wp-content\/uploads\/2023\/09\/VertexLogo.png","width":550,"height":245,"caption":"Vertex"},"image":{"@id":"https:\/\/vertexcommotion.ca\/#\/schema\/logo\/image\/"}}]}},"_links":{"self":[{"href":"https:\/\/vertexcommotion.ca\/en\/wp-json\/wp\/v2\/pages\/1870","targetHints":{"allow":["GET"]}}],"collection":[{"href":"https:\/\/vertexcommotion.ca\/en\/wp-json\/wp\/v2\/pages"}],"about":[{"href":"https:\/\/vertexcommotion.ca\/en\/wp-json\/wp\/v2\/types\/page"}],"author":[{"embeddable":true,"href":"https:\/\/vertexcommotion.ca\/en\/wp-json\/wp\/v2\/users\/6"}],"replies":[{"embeddable":true,"href":"https:\/\/vertexcommotion.ca\/en\/wp-json\/wp\/v2\/comments?post=1870"}],"version-history":[{"count":49,"href":"https:\/\/vertexcommotion.ca\/en\/wp-json\/wp\/v2\/pages\/1870\/revisions"}],"predecessor-version":[{"id":4227,"href":"https:\/\/vertexcommotion.ca\/en\/wp-json\/wp\/v2\/pages\/1870\/revisions\/4227"}],"wp:attachment":[{"href":"https:\/\/vertexcommotion.ca\/en\/wp-json\/wp\/v2\/media?parent=1870"}],"curies":[{"name":"wp","href":"https:\/\/api.w.org\/{rel}","templated":true}]}}