{"id":1202,"date":"2023-09-10T14:19:41","date_gmt":"2023-09-10T14:19:41","guid":{"rendered":"https:\/\/vertexcommotion.ca\/?page_id=1202"},"modified":"2024-05-29T20:39:35","modified_gmt":"2024-05-29T20:39:35","slug":"notre-equipe-annie-lachance-d-o-osteopathe","status":"publish","type":"page","link":"https:\/\/vertexcommotion.ca\/en\/notre-equipe-annie-lachance-d-o-osteopathe\/","title":{"rendered":"Notre \u00c9quipe: Annie Lanchance, D.O. Ost\u00e9opathe"},"content":{"rendered":"<div data-elementor-type=\"wp-page\" data-elementor-id=\"1202\" class=\"elementor elementor-1202\">\n\t\t\t\t<div class=\"elementor-element elementor-element-ef4d46f gradiant-emma e-flex e-con-boxed e-con e-parent\" data-id=\"ef4d46f\" data-element_type=\"container\">\n\t\t\t\t\t<div class=\"e-con-inner\">\n\t\t\t\t<div class=\"elementor-element elementor-element-68e8fe0 elementor-widget__width-inherit elementor-widget elementor-widget-hub_fancy_heading\" data-id=\"68e8fe0\" data-element_type=\"widget\" data-widget_type=\"hub_fancy_heading.default\">\n\t\t\t\t<div class=\"elementor-widget-container\">\n\t\t\t\t\t\n\t\t<div id=\"ld-fancy-heading-69ebc962abc16\" class=\"ld-fancy-heading pos-rel\">\n\t\t\t<h2 class=\"ld-fh-element d-inline-block pos-rel  elementor-heading-title lqd-highlight-classic lqd-highlight-grow-left h2\"  > Our Team<\/h2>\t\t<\/div>\n\n\t\t\t\t\t\t<\/div>\n\t\t\t\t<\/div>\n\t\t\t\t<div class=\"elementor-element elementor-element-6d237fd elementor-widget__width-initial elementor-widget elementor-widget-hub_fancy_heading\" data-id=\"6d237fd\" data-element_type=\"widget\" data-widget_type=\"hub_fancy_heading.default\">\n\t\t\t\t<div class=\"elementor-widget-container\">\n\t\t\t\t\t\n\t\t<div id=\"ld-fancy-heading-69ebc962abfe2\" class=\"ld-fancy-heading pos-rel\">\n\t\t\t<h2 class=\"ld-fh-element d-inline-block pos-rel  elementor-heading-title lqd-highlight-classic lqd-highlight-grow-left h2\"  > AT VERTEX, WE ARE A TEAM OF DEDICATED PROFESSIONALS AND WE COLLABORATE TO ENSURE THE OPTIMUM INDIVIDUALIZED REHABILITATION OF EACH OF OUR PATIENTS.<\/h2>\t\t<\/div>\n\n\t\t\t\t\t\t<\/div>\n\t\t\t\t<\/div>\n\t\t\t\t\t<\/div>\n\t\t\t\t<\/div>\n\t\t<div class=\"elementor-element elementor-element-a9741f7 e-con-full notre-equpe-emma e-flex e-con e-parent\" data-id=\"a9741f7\" data-element_type=\"container\">\n\t\t<div data-lqd-section-scroll=\"true\" class=\"elementor-element elementor-element-68b0202 e-con-full left-side-scroll e-flex e-con e-child\" data-id=\"68b0202\" data-element_type=\"container\">\n\t\t\t\t<div class=\"elementor-element elementor-element-6ec5b95 elementor-widget elementor-widget-hub_fancy_heading\" data-id=\"6ec5b95\" data-element_type=\"widget\" data-widget_type=\"hub_fancy_heading.default\">\n\t\t\t\t<div class=\"elementor-widget-container\">\n\t\t\t\t\t\n\t\t<div id=\"ld-fancy-heading-69ebc962ac8ad\" class=\"ld-fancy-heading pos-rel\">\n\t\t\t<h2 class=\"ld-fh-element d-inline-block pos-rel  elementor-heading-title lqd-highlight-classic lqd-highlight-grow-left h2\"  > Annie Lachance <br>D.O. <\/h2>\t\t<\/div>\n\n\t\t\t\t\t\t<\/div>\n\t\t\t\t<\/div>\n\t\t\t\t<div class=\"elementor-element elementor-element-3325686 elementor-widget elementor-widget-hub_fancy_heading\" data-id=\"3325686\" data-element_type=\"widget\" data-widget_type=\"hub_fancy_heading.default\">\n\t\t\t\t<div class=\"elementor-widget-container\">\n\t\t\t\t\t\n\t\t<div id=\"ld-fancy-heading-69ebc962acc19\" class=\"ld-fancy-heading pos-rel\">\n\t\t\t<h2 class=\"ld-fh-element d-inline-block pos-rel  elementor-heading-title lqd-highlight-classic lqd-highlight-grow-left h2\"  > Ost\u00e9opathe<\/h2>\t\t<\/div>\n\n\t\t\t\t\t\t<\/div>\n\t\t\t\t<\/div>\n\t\t\t\t<div class=\"elementor-element elementor-element-5bb0340 elementor-widget elementor-widget-hub_fancy_heading\" data-id=\"5bb0340\" data-element_type=\"widget\" data-widget_type=\"hub_fancy_heading.default\">\n\t\t\t\t<div class=\"elementor-widget-container\">\n\t\t\t\t\t\n\t\t<div id=\"ld-fancy-heading-69ebc962acf47\" class=\"ld-fancy-heading pos-rel\">\n\t\t\t<h2 class=\"ld-fh-element d-inline-block pos-rel  elementor-heading-title lqd-highlight-classic lqd-highlight-grow-left h2\"  > Ost\u00e9opathe, membre d\u2019Ost\u00e9opathie Qu\u00e9bec\nAssoci\u00e9e Vertex Commotion\n\n<br><br>Annie obtient son dipl\u00f4me de th\u00e9rapeute en r\u00e9adaptation physique en 1993 au c\u00e9gep Montmorency. Femme active et soucieuse de voir l\u2019humain dans sa globalit\u00e9, elle retourne sur les bancs d\u2019\u00e9cole et obtient son dipl\u00f4me d\u2019Ost\u00e9opathe en 2012 au Centre Ost\u00e9opathique du Qu\u00e9bec. C.O.Q\n\n<br><br>Sa vision: soigner la personne dans son entier et \u00eatre \u00e0 l\u2019\u00e9coute du motif de la consultation. Dans le but de soigner une personne dans sa globalit\u00e9, le travail d\u2019\u00e9quipe de professionnels diversifi\u00e9s, dont l\u2019objectif commun est d\u2019aider la personne, prend tout son sens.\n\n<br><br>Passionn\u00e9e et toujours engag\u00e9e \u00e0 offrir les meilleurs soins \u00e0 ses clients, elle poursuit avec les formations suivantes: anxi\u00e9t\u00e9 et d\u00e9pression: axe cerveau-intestin; formations ax\u00e9es sur les traitements visc\u00e9raux; dysfonctions glandulaires et nerveuses; th\u00e9rapie manuelle en gyn\u00e9cologie; r\u00e9\u00e9quilibration posturale et stretching; m\u00e9decine dentaire et ost\u00e9opathie de l\u2019ATM; posture arch\u00e9typales, champs contractiles et m\u00e9ridiens; diagnostic ost\u00e9opathique par l\u2019expression de la vie.\n\n<br><br>Bien \u00e9tablie et respect\u00e9e dans la communaut\u00e9 ost\u00e9opathique et par sa client\u00e8le, elle se lance dans un nouveau d\u00e9fi. Elle adh\u00e8re aux valeurs de Vertex et devient associ\u00e9e dans le but d\u2019aider la client\u00e8le qui ont subi des commotions, ainsi que toutes les personnes qui vivent une symptomatologie similaire. <\/h2>\t\t<\/div>\n\n\t\t\t\t\t\t<\/div>\n\t\t\t\t<\/div>\n\t\t\t\t<\/div>\n\t\t<div class=\"elementor-element elementor-element-832d99d e-con-full e-flex e-con e-child\" data-id=\"832d99d\" data-element_type=\"container\" data-settings=\"{&quot;background_background&quot;:&quot;classic&quot;}\">\n\t\t\t\t<div class=\"elementor-element elementor-element-34a065d elementor-widget elementor-widget-ld_fancy_image\" data-id=\"34a065d\" data-element_type=\"widget\" data-widget_type=\"ld_fancy_image.default\">\n\t\t\t\t<div class=\"elementor-widget-container\">\n\t\t\t\t\t\n\t\t<div class=\"lqd-imggrp-single d-block pos-rel\">\n\t\t\t<div class=\"lqd-imggrp-img-container d-inline-flex pos-rel align-items-center justify-content-center\">\n\t\t\t\t\t\t\t\t<figure class=\"w-100 pos-rel\">\n\t\t\t\t\t<img fetchpriority=\"high\" decoding=\"async\" width=\"1041\" height=\"763\" src=\"https:\/\/vertexcommotion.ca\/wp-content\/uploads\/2023\/09\/Janie-Guimond-1-6.png\" class=\"attachment-full size-full wp-image-1860\" alt=\"\" srcset=\"https:\/\/vertexcommotion.ca\/wp-content\/uploads\/2023\/09\/Janie-Guimond-1-6.png 1041w, https:\/\/vertexcommotion.ca\/wp-content\/uploads\/2023\/09\/Janie-Guimond-1-6-300x220.png 300w, https:\/\/vertexcommotion.ca\/wp-content\/uploads\/2023\/09\/Janie-Guimond-1-6-1024x751.png 1024w, https:\/\/vertexcommotion.ca\/wp-content\/uploads\/2023\/09\/Janie-Guimond-1-6-16x12.png 16w\" sizes=\"(max-width: 1041px) 100vw, 1041px\" itemprop=\"image\" \/>\t\t\t\t\t\t\t\t\t\t\t\t\t\t\t\t\t\t\t\t\t\t\t\t\t\t\t\t\t<\/figure>\n\t\t\t<\/div>\n\t\t<\/div>\n\n\t\t\t\t\t<\/div>\n\t\t\t\t<\/div>\n\t\t\t\t<\/div>\n\t\t\t\t<\/div>\n\t\t\t\t<\/div>","protected":false},"excerpt":{"rendered":"<p>Notre \u00c9quipe Chez Vertex, nous sommes une \u00e9quipe de professionnels d\u00e9vou\u00e9s et nous collaborons afin d\u2019assurer la r\u00e9adaptation individualis\u00e9e optimale de chacun de nos patients. Annie Lachance D.O. Ost\u00e9opathe Ost\u00e9opathe, membre d\u2019Ost\u00e9opathie Qu\u00e9bec Associ\u00e9e Vertex Commotion Annie obtient son dipl\u00f4me de th\u00e9rapeute en r\u00e9adaptation physique en 1993 au c\u00e9gep Montmorency. Femme active et soucieuse de [&hellip;]<\/p>","protected":false},"author":6,"featured_media":0,"parent":0,"menu_order":0,"comment_status":"closed","ping_status":"closed","template":"","meta":{"footnotes":""},"class_list":["post-1202","page","type-page","status-publish","hentry"],"yoast_head":"<!-- This site is optimized with the Yoast SEO plugin v25.0 - https:\/\/yoast.com\/wordpress\/plugins\/seo\/ -->\n<title>Notre \u00c9quipe: Annie Lachance, D.O. Ost\u00e9opathe<\/title>\n<meta name=\"description\" content=\"Annie obtient son dipl\u00f4me de th\u00e9rapeute en r\u00e9adaptation physique en 1993 au c\u00e9gep Montmorency. Femme active et soucieuse de voir l\u2019humain dans sa globalit\u00e9.\" \/>\n<meta name=\"robots\" content=\"index, follow, max-snippet:-1, max-image-preview:large, max-video-preview:-1\" \/>\n<link rel=\"canonical\" href=\"https:\/\/vertexcommotion.ca\/en\/notre-equipe-annie-lachance-d-o-osteopathe\/\" \/>\n<meta property=\"og:locale\" content=\"en_US\" \/>\n<meta property=\"og:type\" content=\"article\" \/>\n<meta property=\"og:title\" content=\"Notre \u00c9quipe: Annie Lachance, D.O. Ost\u00e9opathe\" \/>\n<meta property=\"og:description\" content=\"Annie obtient son dipl\u00f4me de th\u00e9rapeute en r\u00e9adaptation physique en 1993 au c\u00e9gep Montmorency. Femme active et soucieuse de voir l\u2019humain dans sa globalit\u00e9.\" \/>\n<meta property=\"og:url\" content=\"https:\/\/vertexcommotion.ca\/en\/notre-equipe-annie-lachance-d-o-osteopathe\/\" \/>\n<meta property=\"og:site_name\" content=\"Vertex\" \/>\n<meta property=\"article:modified_time\" content=\"2024-05-29T20:39:35+00:00\" \/>\n<meta property=\"og:image\" content=\"https:\/\/vertexcommotion.ca\/wp-content\/uploads\/2023\/09\/Janie-Guimond-1-6.png\" \/>\n<meta name=\"twitter:card\" content=\"summary_large_image\" \/>\n<meta name=\"twitter:label1\" content=\"Est. reading time\" \/>\n\t<meta name=\"twitter:data1\" content=\"2 minutes\" \/>\n<script type=\"application\/ld+json\" class=\"yoast-schema-graph\">{\"@context\":\"https:\/\/schema.org\",\"@graph\":[{\"@type\":\"WebPage\",\"@id\":\"https:\/\/vertexcommotion.ca\/notre-equipe-annie-lachance-d-o-osteopathe\/\",\"url\":\"https:\/\/vertexcommotion.ca\/notre-equipe-annie-lachance-d-o-osteopathe\/\",\"name\":\"Notre \u00c9quipe: Annie Lachance, D.O. Ost\u00e9opathe\",\"isPartOf\":{\"@id\":\"https:\/\/vertexcommotion.ca\/#website\"},\"primaryImageOfPage\":{\"@id\":\"https:\/\/vertexcommotion.ca\/notre-equipe-annie-lachance-d-o-osteopathe\/#primaryimage\"},\"image\":{\"@id\":\"https:\/\/vertexcommotion.ca\/notre-equipe-annie-lachance-d-o-osteopathe\/#primaryimage\"},\"thumbnailUrl\":\"https:\/\/vertexcommotion.ca\/wp-content\/uploads\/2023\/09\/Janie-Guimond-1-6.png\",\"datePublished\":\"2023-09-10T14:19:41+00:00\",\"dateModified\":\"2024-05-29T20:39:35+00:00\",\"description\":\"Annie obtient son dipl\u00f4me de th\u00e9rapeute en r\u00e9adaptation physique en 1993 au c\u00e9gep Montmorency. Femme active et soucieuse de voir l\u2019humain dans sa globalit\u00e9.\",\"breadcrumb\":{\"@id\":\"https:\/\/vertexcommotion.ca\/notre-equipe-annie-lachance-d-o-osteopathe\/#breadcrumb\"},\"inLanguage\":\"en-CA\",\"potentialAction\":[{\"@type\":\"ReadAction\",\"target\":[\"https:\/\/vertexcommotion.ca\/notre-equipe-annie-lachance-d-o-osteopathe\/\"]}]},{\"@type\":\"ImageObject\",\"inLanguage\":\"en-CA\",\"@id\":\"https:\/\/vertexcommotion.ca\/notre-equipe-annie-lachance-d-o-osteopathe\/#primaryimage\",\"url\":\"https:\/\/vertexcommotion.ca\/wp-content\/uploads\/2023\/09\/Janie-Guimond-1-6.png\",\"contentUrl\":\"https:\/\/vertexcommotion.ca\/wp-content\/uploads\/2023\/09\/Janie-Guimond-1-6.png\"},{\"@type\":\"BreadcrumbList\",\"@id\":\"https:\/\/vertexcommotion.ca\/notre-equipe-annie-lachance-d-o-osteopathe\/#breadcrumb\",\"itemListElement\":[{\"@type\":\"ListItem\",\"position\":1,\"name\":\"Home\",\"item\":\"https:\/\/vertexcommotion.ca\/\"},{\"@type\":\"ListItem\",\"position\":2,\"name\":\"Notre \u00c9quipe: Annie Lanchance, D.O. Ost\u00e9opathe\"}]},{\"@type\":\"WebSite\",\"@id\":\"https:\/\/vertexcommotion.ca\/#website\",\"url\":\"https:\/\/vertexcommotion.ca\/\",\"name\":\"Vertex\",\"description\":\"\",\"publisher\":{\"@id\":\"https:\/\/vertexcommotion.ca\/#organization\"},\"potentialAction\":[{\"@type\":\"SearchAction\",\"target\":{\"@type\":\"EntryPoint\",\"urlTemplate\":\"https:\/\/vertexcommotion.ca\/?s={search_term_string}\"},\"query-input\":{\"@type\":\"PropertyValueSpecification\",\"valueRequired\":true,\"valueName\":\"search_term_string\"}}],\"inLanguage\":\"en-CA\"},{\"@type\":\"Organization\",\"@id\":\"https:\/\/vertexcommotion.ca\/#organization\",\"name\":\"Vertex\",\"url\":\"https:\/\/vertexcommotion.ca\/\",\"logo\":{\"@type\":\"ImageObject\",\"inLanguage\":\"en-CA\",\"@id\":\"https:\/\/vertexcommotion.ca\/#\/schema\/logo\/image\/\",\"url\":\"https:\/\/vertexcommotion.ca\/wp-content\/uploads\/2023\/09\/VertexLogo.png\",\"contentUrl\":\"https:\/\/vertexcommotion.ca\/wp-content\/uploads\/2023\/09\/VertexLogo.png\",\"width\":550,\"height\":245,\"caption\":\"Vertex\"},\"image\":{\"@id\":\"https:\/\/vertexcommotion.ca\/#\/schema\/logo\/image\/\"}}]}<\/script>\n<!-- \/ Yoast SEO plugin. -->","yoast_head_json":{"title":"Notre \u00c9quipe: Annie Lachance, D.O. Ost\u00e9opathe","description":"Annie obtient son dipl\u00f4me de th\u00e9rapeute en r\u00e9adaptation physique en 1993 au c\u00e9gep Montmorency. Femme active et soucieuse de voir l\u2019humain dans sa globalit\u00e9.","robots":{"index":"index","follow":"follow","max-snippet":"max-snippet:-1","max-image-preview":"max-image-preview:large","max-video-preview":"max-video-preview:-1"},"canonical":"https:\/\/vertexcommotion.ca\/en\/notre-equipe-annie-lachance-d-o-osteopathe\/","og_locale":"en_US","og_type":"article","og_title":"Notre \u00c9quipe: Annie Lachance, D.O. Ost\u00e9opathe","og_description":"Annie obtient son dipl\u00f4me de th\u00e9rapeute en r\u00e9adaptation physique en 1993 au c\u00e9gep Montmorency. Femme active et soucieuse de voir l\u2019humain dans sa globalit\u00e9.","og_url":"https:\/\/vertexcommotion.ca\/en\/notre-equipe-annie-lachance-d-o-osteopathe\/","og_site_name":"Vertex","article_modified_time":"2024-05-29T20:39:35+00:00","og_image":[{"url":"https:\/\/vertexcommotion.ca\/wp-content\/uploads\/2023\/09\/Janie-Guimond-1-6.png","type":"","width":"","height":""}],"twitter_card":"summary_large_image","twitter_misc":{"Est. reading time":"2 minutes"},"schema":{"@context":"https:\/\/schema.org","@graph":[{"@type":"WebPage","@id":"https:\/\/vertexcommotion.ca\/notre-equipe-annie-lachance-d-o-osteopathe\/","url":"https:\/\/vertexcommotion.ca\/notre-equipe-annie-lachance-d-o-osteopathe\/","name":"Notre \u00c9quipe: Annie Lachance, D.O. Ost\u00e9opathe","isPartOf":{"@id":"https:\/\/vertexcommotion.ca\/#website"},"primaryImageOfPage":{"@id":"https:\/\/vertexcommotion.ca\/notre-equipe-annie-lachance-d-o-osteopathe\/#primaryimage"},"image":{"@id":"https:\/\/vertexcommotion.ca\/notre-equipe-annie-lachance-d-o-osteopathe\/#primaryimage"},"thumbnailUrl":"https:\/\/vertexcommotion.ca\/wp-content\/uploads\/2023\/09\/Janie-Guimond-1-6.png","datePublished":"2023-09-10T14:19:41+00:00","dateModified":"2024-05-29T20:39:35+00:00","description":"Annie obtient son dipl\u00f4me de th\u00e9rapeute en r\u00e9adaptation physique en 1993 au c\u00e9gep Montmorency. Femme active et soucieuse de voir l\u2019humain dans sa globalit\u00e9.","breadcrumb":{"@id":"https:\/\/vertexcommotion.ca\/notre-equipe-annie-lachance-d-o-osteopathe\/#breadcrumb"},"inLanguage":"en-CA","potentialAction":[{"@type":"ReadAction","target":["https:\/\/vertexcommotion.ca\/notre-equipe-annie-lachance-d-o-osteopathe\/"]}]},{"@type":"ImageObject","inLanguage":"en-CA","@id":"https:\/\/vertexcommotion.ca\/notre-equipe-annie-lachance-d-o-osteopathe\/#primaryimage","url":"https:\/\/vertexcommotion.ca\/wp-content\/uploads\/2023\/09\/Janie-Guimond-1-6.png","contentUrl":"https:\/\/vertexcommotion.ca\/wp-content\/uploads\/2023\/09\/Janie-Guimond-1-6.png"},{"@type":"BreadcrumbList","@id":"https:\/\/vertexcommotion.ca\/notre-equipe-annie-lachance-d-o-osteopathe\/#breadcrumb","itemListElement":[{"@type":"ListItem","position":1,"name":"Home","item":"https:\/\/vertexcommotion.ca\/"},{"@type":"ListItem","position":2,"name":"Notre \u00c9quipe: Annie Lanchance, D.O. Ost\u00e9opathe"}]},{"@type":"WebSite","@id":"https:\/\/vertexcommotion.ca\/#website","url":"https:\/\/vertexcommotion.ca\/","name":"Vertex","description":"","publisher":{"@id":"https:\/\/vertexcommotion.ca\/#organization"},"potentialAction":[{"@type":"SearchAction","target":{"@type":"EntryPoint","urlTemplate":"https:\/\/vertexcommotion.ca\/?s={search_term_string}"},"query-input":{"@type":"PropertyValueSpecification","valueRequired":true,"valueName":"search_term_string"}}],"inLanguage":"en-CA"},{"@type":"Organization","@id":"https:\/\/vertexcommotion.ca\/#organization","name":"Vertex","url":"https:\/\/vertexcommotion.ca\/","logo":{"@type":"ImageObject","inLanguage":"en-CA","@id":"https:\/\/vertexcommotion.ca\/#\/schema\/logo\/image\/","url":"https:\/\/vertexcommotion.ca\/wp-content\/uploads\/2023\/09\/VertexLogo.png","contentUrl":"https:\/\/vertexcommotion.ca\/wp-content\/uploads\/2023\/09\/VertexLogo.png","width":550,"height":245,"caption":"Vertex"},"image":{"@id":"https:\/\/vertexcommotion.ca\/#\/schema\/logo\/image\/"}}]}},"_links":{"self":[{"href":"https:\/\/vertexcommotion.ca\/en\/wp-json\/wp\/v2\/pages\/1202","targetHints":{"allow":["GET"]}}],"collection":[{"href":"https:\/\/vertexcommotion.ca\/en\/wp-json\/wp\/v2\/pages"}],"about":[{"href":"https:\/\/vertexcommotion.ca\/en\/wp-json\/wp\/v2\/types\/page"}],"author":[{"embeddable":true,"href":"https:\/\/vertexcommotion.ca\/en\/wp-json\/wp\/v2\/users\/6"}],"replies":[{"embeddable":true,"href":"https:\/\/vertexcommotion.ca\/en\/wp-json\/wp\/v2\/comments?post=1202"}],"version-history":[{"count":84,"href":"https:\/\/vertexcommotion.ca\/en\/wp-json\/wp\/v2\/pages\/1202\/revisions"}],"predecessor-version":[{"id":4218,"href":"https:\/\/vertexcommotion.ca\/en\/wp-json\/wp\/v2\/pages\/1202\/revisions\/4218"}],"wp:attachment":[{"href":"https:\/\/vertexcommotion.ca\/en\/wp-json\/wp\/v2\/media?parent=1202"}],"curies":[{"name":"wp","href":"https:\/\/api.w.org\/{rel}","templated":true}]}}