{"id":1198,"date":"2023-09-10T14:14:05","date_gmt":"2023-09-10T14:14:05","guid":{"rendered":"https:\/\/vertexcommotion.ca\/?page_id=1198"},"modified":"2024-05-29T20:41:50","modified_gmt":"2024-05-29T20:41:50","slug":"notre-equipe-amelie-dion-coach-certifiee-en-programmation-neuro-linguistique","status":"publish","type":"page","link":"https:\/\/vertexcommotion.ca\/en\/notre-equipe-amelie-dion-coach-certifiee-en-programmation-neuro-linguistique\/","title":{"rendered":"Notre \u00c9quipe: Am\u00e9lie dion, Coach certifi\u00e9e en programmation  neuro-linguistique"},"content":{"rendered":"<div data-elementor-type=\"wp-page\" data-elementor-id=\"1198\" class=\"elementor elementor-1198\">\n\t\t\t\t<div class=\"elementor-element elementor-element-f38a841 gradiant-emma e-flex e-con-boxed e-con e-parent\" data-id=\"f38a841\" data-element_type=\"container\">\n\t\t\t\t\t<div class=\"e-con-inner\">\n\t\t\t\t<div class=\"elementor-element elementor-element-a8c11dc elementor-widget__width-inherit elementor-widget elementor-widget-hub_fancy_heading\" data-id=\"a8c11dc\" data-element_type=\"widget\" data-widget_type=\"hub_fancy_heading.default\">\n\t\t\t\t<div class=\"elementor-widget-container\">\n\t\t\t\t\t\n\t\t<div id=\"ld-fancy-heading-69daa036e7d05\" class=\"ld-fancy-heading pos-rel\">\n\t\t\t<h2 class=\"ld-fh-element d-inline-block pos-rel  elementor-heading-title lqd-highlight-classic lqd-highlight-grow-left h2\"  > Our Team<\/h2>\t\t<\/div>\n\n\t\t\t\t\t\t<\/div>\n\t\t\t\t<\/div>\n\t\t\t\t<div class=\"elementor-element elementor-element-b5d9cbd elementor-widget__width-initial elementor-widget elementor-widget-hub_fancy_heading\" data-id=\"b5d9cbd\" data-element_type=\"widget\" data-widget_type=\"hub_fancy_heading.default\">\n\t\t\t\t<div class=\"elementor-widget-container\">\n\t\t\t\t\t\n\t\t<div id=\"ld-fancy-heading-69daa036e80ca\" class=\"ld-fancy-heading pos-rel\">\n\t\t\t<h2 class=\"ld-fh-element d-inline-block pos-rel  elementor-heading-title lqd-highlight-classic lqd-highlight-grow-left h2\"  > AT VERTEX, WE ARE A TEAM OF DEDICATED PROFESSIONALS AND WE COLLABORATE TO ENSURE THE OPTIMUM INDIVIDUALIZED REHABILITATION OF EACH OF OUR PATIENTS.<\/h2>\t\t<\/div>\n\n\t\t\t\t\t\t<\/div>\n\t\t\t\t<\/div>\n\t\t\t\t\t<\/div>\n\t\t\t\t<\/div>\n\t\t<div class=\"elementor-element elementor-element-0d1518a e-con-full notre-equpe-emma e-flex e-con e-parent\" data-id=\"0d1518a\" data-element_type=\"container\">\n\t\t<div data-lqd-section-scroll=\"true\" class=\"elementor-element elementor-element-8b05c2a e-con-full left-side-scroll e-flex e-con e-child\" data-id=\"8b05c2a\" data-element_type=\"container\">\n\t\t\t\t<div class=\"elementor-element elementor-element-1550d52 elementor-widget elementor-widget-hub_fancy_heading\" data-id=\"1550d52\" data-element_type=\"widget\" data-widget_type=\"hub_fancy_heading.default\">\n\t\t\t\t<div class=\"elementor-widget-container\">\n\t\t\t\t\t\n\t\t<div id=\"ld-fancy-heading-69daa036e88dd\" class=\"ld-fancy-heading pos-rel\">\n\t\t\t<h2 class=\"ld-fh-element d-inline-block pos-rel  elementor-heading-title lqd-highlight-classic lqd-highlight-grow-left h2\"  > AMELIE DION<\/h2>\t\t<\/div>\n\n\t\t\t\t\t\t<\/div>\n\t\t\t\t<\/div>\n\t\t\t\t<div class=\"elementor-element elementor-element-336d5b5 elementor-widget elementor-widget-hub_fancy_heading\" data-id=\"336d5b5\" data-element_type=\"widget\" data-widget_type=\"hub_fancy_heading.default\">\n\t\t\t\t<div class=\"elementor-widget-container\">\n\t\t\t\t\t\n\t\t<div id=\"ld-fancy-heading-69daa036e8bfc\" class=\"ld-fancy-heading pos-rel\">\n\t\t\t<h2 class=\"ld-fh-element d-inline-block pos-rel  elementor-heading-title lqd-highlight-classic lqd-highlight-grow-left h2\"  > CERTIFIED COACH IN NEURO-LINGUISTIC PROGRAMMING<\/h2>\t\t<\/div>\n\n\t\t\t\t\t\t<\/div>\n\t\t\t\t<\/div>\n\t\t\t\t<div class=\"elementor-element elementor-element-01a5e24 elementor-widget elementor-widget-hub_fancy_heading\" data-id=\"01a5e24\" data-element_type=\"widget\" data-widget_type=\"hub_fancy_heading.default\">\n\t\t\t\t<div class=\"elementor-widget-container\">\n\t\t\t\t\t\n\t\t<div id=\"ld-fancy-heading-69daa036e8f12\" class=\"ld-fancy-heading pos-rel\">\n\t\t\t<h2 class=\"ld-fh-element d-inline-block pos-rel  elementor-heading-title lqd-highlight-classic lqd-highlight-grow-left h2\"  > Certified Coach in Neuro-Linguistic Programming from the International Coaching Institute\n<br>Member Ritma (Grouping of stakeholders and therapists in alternative and complementary medicine)\n<br>Am\u00e9lie has a tailor-made, solution-focused approach using various techniques including NLP, hypnosis and Polyvagal Theory. Understanding that the body reflects what happens in the brain, its mission is to help people control their psychological and emotional stress before it transforms into psychosomatic illness.\n<br>She worked as a criminal court clerk for 6 years. She had a career as a police officer for 12 years. She then trained in neuro-linguistic programming, regressive and quantum hypnosis, Reiki 1-2, Psycom Communication and polyvagal theory. She currently works as a worker in an addiction center as well as as an NLP Coach via Zoom or in person.\n<br>She accompanies you in the liberation of emotional blockages, fears, limiting beliefs, programming that prevents you from being in your full potential. She guides you and gives you tools for managing your psychological and emotional stress.<\/h2>\t\t<\/div>\n\n\t\t\t\t\t\t<\/div>\n\t\t\t\t<\/div>\n\t\t\t\t<\/div>\n\t\t<div class=\"elementor-element elementor-element-6c2e3cb e-con-full e-flex e-con e-child\" data-id=\"6c2e3cb\" data-element_type=\"container\" data-settings=\"{&quot;background_background&quot;:&quot;classic&quot;}\">\n\t\t\t\t<div class=\"elementor-element elementor-element-c6ad475 elementor-widget elementor-widget-ld_fancy_image\" data-id=\"c6ad475\" data-element_type=\"widget\" data-widget_type=\"ld_fancy_image.default\">\n\t\t\t\t<div class=\"elementor-widget-container\">\n\t\t\t\t\t\n\t\t<div class=\"lqd-imggrp-single d-block pos-rel\">\n\t\t\t<div class=\"lqd-imggrp-img-container d-inline-flex pos-rel align-items-center justify-content-center\">\n\t\t\t\t\t\t\t\t<figure class=\"w-100 pos-rel\">\n\t\t\t\t\t<img fetchpriority=\"high\" decoding=\"async\" width=\"1041\" height=\"763\" src=\"https:\/\/vertexcommotion.ca\/wp-content\/uploads\/2023\/09\/Janie-Guimond-1-13.png\" class=\"attachment-full size-full wp-image-1957\" alt=\"\" srcset=\"https:\/\/vertexcommotion.ca\/wp-content\/uploads\/2023\/09\/Janie-Guimond-1-13.png 1041w, https:\/\/vertexcommotion.ca\/wp-content\/uploads\/2023\/09\/Janie-Guimond-1-13-300x220.png 300w, https:\/\/vertexcommotion.ca\/wp-content\/uploads\/2023\/09\/Janie-Guimond-1-13-1024x751.png 1024w, https:\/\/vertexcommotion.ca\/wp-content\/uploads\/2023\/09\/Janie-Guimond-1-13-16x12.png 16w\" sizes=\"(max-width: 1041px) 100vw, 1041px\" itemprop=\"image\" \/>\t\t\t\t\t\t\t\t\t\t\t\t\t\t\t\t\t\t\t\t\t\t\t\t\t\t\t\t\t<\/figure>\n\t\t\t<\/div>\n\t\t<\/div>\n\n\t\t\t\t\t<\/div>\n\t\t\t\t<\/div>\n\t\t\t\t<\/div>\n\t\t\t\t<\/div>\n\t\t\t\t<\/div>","protected":false},"excerpt":{"rendered":"<p>Notre \u00c9quipe Chez Vertex, nous sommes une \u00e9quipe de professionnels d\u00e9vou\u00e9s et nous collaborons afin d\u2019assurer la r\u00e9adaptation individualis\u00e9e optimale de chacun de nos patients. AM\u00c9LIE DION Coach certifi\u00e9e en programmation neuro-linguistique Coach Certifi\u00e9e en Programmation Neuro-Linguistique de l\u2019Institut de Coaching International Membre Ritma (Regroupement des intervenants et th\u00e9rapeute en m\u00e9decine alternative et compl\u00e9mentaire) Am\u00e9lie [&hellip;]<\/p>","protected":false},"author":6,"featured_media":0,"parent":0,"menu_order":0,"comment_status":"closed","ping_status":"closed","template":"","meta":{"footnotes":""},"class_list":["post-1198","page","type-page","status-publish","hentry"],"yoast_head":"<!-- This site is optimized with the Yoast SEO plugin v25.0 - https:\/\/yoast.com\/wordpress\/plugins\/seo\/ -->\n<title>Notre \u00c9quipe: Am\u00e9lie dion, Coach en prog. neuro-linguistique<\/title>\n<meta name=\"description\" content=\"AM\u00c9LIE DION COACH CERTIFI\u00c9E EN PROGRAMMATION NEURO-LINGUISTIQUE \u00c0 MIRABEL\" \/>\n<meta name=\"robots\" content=\"index, follow, max-snippet:-1, max-image-preview:large, max-video-preview:-1\" \/>\n<link rel=\"canonical\" href=\"https:\/\/vertexcommotion.ca\/en\/notre-equipe-amelie-dion-coach-certifiee-en-programmation-neuro-linguistique\/\" \/>\n<meta property=\"og:locale\" content=\"en_US\" \/>\n<meta property=\"og:type\" content=\"article\" \/>\n<meta property=\"og:title\" content=\"Notre \u00c9quipe: Am\u00e9lie dion, Coach en prog. neuro-linguistique\" \/>\n<meta property=\"og:description\" content=\"AM\u00c9LIE DION COACH CERTIFI\u00c9E EN PROGRAMMATION NEURO-LINGUISTIQUE \u00c0 MIRABEL\" \/>\n<meta property=\"og:url\" content=\"https:\/\/vertexcommotion.ca\/en\/notre-equipe-amelie-dion-coach-certifiee-en-programmation-neuro-linguistique\/\" \/>\n<meta property=\"og:site_name\" content=\"Vertex\" \/>\n<meta property=\"article:modified_time\" content=\"2024-05-29T20:41:50+00:00\" \/>\n<meta property=\"og:image\" content=\"https:\/\/vertexcommotion.ca\/wp-content\/uploads\/2023\/09\/Janie-Guimond-1-13.png\" \/>\n<meta name=\"twitter:card\" content=\"summary_large_image\" \/>\n<meta name=\"twitter:label1\" content=\"Est. reading time\" \/>\n\t<meta name=\"twitter:data1\" content=\"2 minutes\" \/>\n<script type=\"application\/ld+json\" class=\"yoast-schema-graph\">{\"@context\":\"https:\/\/schema.org\",\"@graph\":[{\"@type\":\"WebPage\",\"@id\":\"https:\/\/vertexcommotion.ca\/notre-equipe-amelie-dion-coach-certifiee-en-programmation-neuro-linguistique\/\",\"url\":\"https:\/\/vertexcommotion.ca\/notre-equipe-amelie-dion-coach-certifiee-en-programmation-neuro-linguistique\/\",\"name\":\"Notre \u00c9quipe: Am\u00e9lie dion, Coach en prog. neuro-linguistique\",\"isPartOf\":{\"@id\":\"https:\/\/vertexcommotion.ca\/#website\"},\"primaryImageOfPage\":{\"@id\":\"https:\/\/vertexcommotion.ca\/notre-equipe-amelie-dion-coach-certifiee-en-programmation-neuro-linguistique\/#primaryimage\"},\"image\":{\"@id\":\"https:\/\/vertexcommotion.ca\/notre-equipe-amelie-dion-coach-certifiee-en-programmation-neuro-linguistique\/#primaryimage\"},\"thumbnailUrl\":\"https:\/\/vertexcommotion.ca\/wp-content\/uploads\/2023\/09\/Janie-Guimond-1-13.png\",\"datePublished\":\"2023-09-10T14:14:05+00:00\",\"dateModified\":\"2024-05-29T20:41:50+00:00\",\"description\":\"AM\u00c9LIE DION COACH CERTIFI\u00c9E EN PROGRAMMATION NEURO-LINGUISTIQUE \u00c0 MIRABEL\",\"breadcrumb\":{\"@id\":\"https:\/\/vertexcommotion.ca\/notre-equipe-amelie-dion-coach-certifiee-en-programmation-neuro-linguistique\/#breadcrumb\"},\"inLanguage\":\"en-CA\",\"potentialAction\":[{\"@type\":\"ReadAction\",\"target\":[\"https:\/\/vertexcommotion.ca\/notre-equipe-amelie-dion-coach-certifiee-en-programmation-neuro-linguistique\/\"]}]},{\"@type\":\"ImageObject\",\"inLanguage\":\"en-CA\",\"@id\":\"https:\/\/vertexcommotion.ca\/notre-equipe-amelie-dion-coach-certifiee-en-programmation-neuro-linguistique\/#primaryimage\",\"url\":\"https:\/\/vertexcommotion.ca\/wp-content\/uploads\/2023\/09\/Janie-Guimond-1-13.png\",\"contentUrl\":\"https:\/\/vertexcommotion.ca\/wp-content\/uploads\/2023\/09\/Janie-Guimond-1-13.png\"},{\"@type\":\"BreadcrumbList\",\"@id\":\"https:\/\/vertexcommotion.ca\/notre-equipe-amelie-dion-coach-certifiee-en-programmation-neuro-linguistique\/#breadcrumb\",\"itemListElement\":[{\"@type\":\"ListItem\",\"position\":1,\"name\":\"Home\",\"item\":\"https:\/\/vertexcommotion.ca\/\"},{\"@type\":\"ListItem\",\"position\":2,\"name\":\"Notre \u00c9quipe: Am\u00e9lie dion, Coach certifi\u00e9e en programmation neuro-linguistique\"}]},{\"@type\":\"WebSite\",\"@id\":\"https:\/\/vertexcommotion.ca\/#website\",\"url\":\"https:\/\/vertexcommotion.ca\/\",\"name\":\"Vertex\",\"description\":\"\",\"publisher\":{\"@id\":\"https:\/\/vertexcommotion.ca\/#organization\"},\"potentialAction\":[{\"@type\":\"SearchAction\",\"target\":{\"@type\":\"EntryPoint\",\"urlTemplate\":\"https:\/\/vertexcommotion.ca\/?s={search_term_string}\"},\"query-input\":{\"@type\":\"PropertyValueSpecification\",\"valueRequired\":true,\"valueName\":\"search_term_string\"}}],\"inLanguage\":\"en-CA\"},{\"@type\":\"Organization\",\"@id\":\"https:\/\/vertexcommotion.ca\/#organization\",\"name\":\"Vertex\",\"url\":\"https:\/\/vertexcommotion.ca\/\",\"logo\":{\"@type\":\"ImageObject\",\"inLanguage\":\"en-CA\",\"@id\":\"https:\/\/vertexcommotion.ca\/#\/schema\/logo\/image\/\",\"url\":\"https:\/\/vertexcommotion.ca\/wp-content\/uploads\/2023\/09\/VertexLogo.png\",\"contentUrl\":\"https:\/\/vertexcommotion.ca\/wp-content\/uploads\/2023\/09\/VertexLogo.png\",\"width\":550,\"height\":245,\"caption\":\"Vertex\"},\"image\":{\"@id\":\"https:\/\/vertexcommotion.ca\/#\/schema\/logo\/image\/\"}}]}<\/script>\n<!-- \/ Yoast SEO plugin. -->","yoast_head_json":{"title":"Notre \u00c9quipe: Am\u00e9lie dion, Coach en prog. neuro-linguistique","description":"AM\u00c9LIE DION COACH CERTIFI\u00c9E EN PROGRAMMATION NEURO-LINGUISTIQUE \u00c0 MIRABEL","robots":{"index":"index","follow":"follow","max-snippet":"max-snippet:-1","max-image-preview":"max-image-preview:large","max-video-preview":"max-video-preview:-1"},"canonical":"https:\/\/vertexcommotion.ca\/en\/notre-equipe-amelie-dion-coach-certifiee-en-programmation-neuro-linguistique\/","og_locale":"en_US","og_type":"article","og_title":"Notre \u00c9quipe: Am\u00e9lie dion, Coach en prog. neuro-linguistique","og_description":"AM\u00c9LIE DION COACH CERTIFI\u00c9E EN PROGRAMMATION NEURO-LINGUISTIQUE \u00c0 MIRABEL","og_url":"https:\/\/vertexcommotion.ca\/en\/notre-equipe-amelie-dion-coach-certifiee-en-programmation-neuro-linguistique\/","og_site_name":"Vertex","article_modified_time":"2024-05-29T20:41:50+00:00","og_image":[{"url":"https:\/\/vertexcommotion.ca\/wp-content\/uploads\/2023\/09\/Janie-Guimond-1-13.png","type":"","width":"","height":""}],"twitter_card":"summary_large_image","twitter_misc":{"Est. reading time":"2 minutes"},"schema":{"@context":"https:\/\/schema.org","@graph":[{"@type":"WebPage","@id":"https:\/\/vertexcommotion.ca\/notre-equipe-amelie-dion-coach-certifiee-en-programmation-neuro-linguistique\/","url":"https:\/\/vertexcommotion.ca\/notre-equipe-amelie-dion-coach-certifiee-en-programmation-neuro-linguistique\/","name":"Notre \u00c9quipe: Am\u00e9lie dion, Coach en prog. neuro-linguistique","isPartOf":{"@id":"https:\/\/vertexcommotion.ca\/#website"},"primaryImageOfPage":{"@id":"https:\/\/vertexcommotion.ca\/notre-equipe-amelie-dion-coach-certifiee-en-programmation-neuro-linguistique\/#primaryimage"},"image":{"@id":"https:\/\/vertexcommotion.ca\/notre-equipe-amelie-dion-coach-certifiee-en-programmation-neuro-linguistique\/#primaryimage"},"thumbnailUrl":"https:\/\/vertexcommotion.ca\/wp-content\/uploads\/2023\/09\/Janie-Guimond-1-13.png","datePublished":"2023-09-10T14:14:05+00:00","dateModified":"2024-05-29T20:41:50+00:00","description":"AM\u00c9LIE DION COACH CERTIFI\u00c9E EN PROGRAMMATION NEURO-LINGUISTIQUE \u00c0 MIRABEL","breadcrumb":{"@id":"https:\/\/vertexcommotion.ca\/notre-equipe-amelie-dion-coach-certifiee-en-programmation-neuro-linguistique\/#breadcrumb"},"inLanguage":"en-CA","potentialAction":[{"@type":"ReadAction","target":["https:\/\/vertexcommotion.ca\/notre-equipe-amelie-dion-coach-certifiee-en-programmation-neuro-linguistique\/"]}]},{"@type":"ImageObject","inLanguage":"en-CA","@id":"https:\/\/vertexcommotion.ca\/notre-equipe-amelie-dion-coach-certifiee-en-programmation-neuro-linguistique\/#primaryimage","url":"https:\/\/vertexcommotion.ca\/wp-content\/uploads\/2023\/09\/Janie-Guimond-1-13.png","contentUrl":"https:\/\/vertexcommotion.ca\/wp-content\/uploads\/2023\/09\/Janie-Guimond-1-13.png"},{"@type":"BreadcrumbList","@id":"https:\/\/vertexcommotion.ca\/notre-equipe-amelie-dion-coach-certifiee-en-programmation-neuro-linguistique\/#breadcrumb","itemListElement":[{"@type":"ListItem","position":1,"name":"Home","item":"https:\/\/vertexcommotion.ca\/"},{"@type":"ListItem","position":2,"name":"Notre \u00c9quipe: Am\u00e9lie dion, Coach certifi\u00e9e en programmation neuro-linguistique"}]},{"@type":"WebSite","@id":"https:\/\/vertexcommotion.ca\/#website","url":"https:\/\/vertexcommotion.ca\/","name":"Vertex","description":"","publisher":{"@id":"https:\/\/vertexcommotion.ca\/#organization"},"potentialAction":[{"@type":"SearchAction","target":{"@type":"EntryPoint","urlTemplate":"https:\/\/vertexcommotion.ca\/?s={search_term_string}"},"query-input":{"@type":"PropertyValueSpecification","valueRequired":true,"valueName":"search_term_string"}}],"inLanguage":"en-CA"},{"@type":"Organization","@id":"https:\/\/vertexcommotion.ca\/#organization","name":"Vertex","url":"https:\/\/vertexcommotion.ca\/","logo":{"@type":"ImageObject","inLanguage":"en-CA","@id":"https:\/\/vertexcommotion.ca\/#\/schema\/logo\/image\/","url":"https:\/\/vertexcommotion.ca\/wp-content\/uploads\/2023\/09\/VertexLogo.png","contentUrl":"https:\/\/vertexcommotion.ca\/wp-content\/uploads\/2023\/09\/VertexLogo.png","width":550,"height":245,"caption":"Vertex"},"image":{"@id":"https:\/\/vertexcommotion.ca\/#\/schema\/logo\/image\/"}}]}},"_links":{"self":[{"href":"https:\/\/vertexcommotion.ca\/en\/wp-json\/wp\/v2\/pages\/1198","targetHints":{"allow":["GET"]}}],"collection":[{"href":"https:\/\/vertexcommotion.ca\/en\/wp-json\/wp\/v2\/pages"}],"about":[{"href":"https:\/\/vertexcommotion.ca\/en\/wp-json\/wp\/v2\/types\/page"}],"author":[{"embeddable":true,"href":"https:\/\/vertexcommotion.ca\/en\/wp-json\/wp\/v2\/users\/6"}],"replies":[{"embeddable":true,"href":"https:\/\/vertexcommotion.ca\/en\/wp-json\/wp\/v2\/comments?post=1198"}],"version-history":[{"count":46,"href":"https:\/\/vertexcommotion.ca\/en\/wp-json\/wp\/v2\/pages\/1198\/revisions"}],"predecessor-version":[{"id":4257,"href":"https:\/\/vertexcommotion.ca\/en\/wp-json\/wp\/v2\/pages\/1198\/revisions\/4257"}],"wp:attachment":[{"href":"https:\/\/vertexcommotion.ca\/en\/wp-json\/wp\/v2\/media?parent=1198"}],"curies":[{"name":"wp","href":"https:\/\/api.w.org\/{rel}","templated":true}]}}