{"id":1196,"date":"2023-09-10T14:13:21","date_gmt":"2023-09-10T14:13:21","guid":{"rendered":"https:\/\/vertexcommotion.ca\/?page_id=1196"},"modified":"2024-05-29T20:41:16","modified_gmt":"2024-05-29T20:41:16","slug":"notre-equipe-camille-richier-physiotherapeute","status":"publish","type":"page","link":"https:\/\/vertexcommotion.ca\/en\/notre-equipe-camille-richier-physiotherapeute\/","title":{"rendered":"Notre \u00c9quipe: Camille Richier, physioth\u00e9rapeute"},"content":{"rendered":"<div data-elementor-type=\"wp-page\" data-elementor-id=\"1196\" class=\"elementor elementor-1196\">\n\t\t\t\t<div class=\"elementor-element elementor-element-f3101db gradiant-emma e-flex e-con-boxed e-con e-parent\" data-id=\"f3101db\" data-element_type=\"container\">\n\t\t\t\t\t<div class=\"e-con-inner\">\n\t\t\t\t<div class=\"elementor-element elementor-element-3d653e3 elementor-widget__width-inherit elementor-widget elementor-widget-hub_fancy_heading\" data-id=\"3d653e3\" data-element_type=\"widget\" data-widget_type=\"hub_fancy_heading.default\">\n\t\t\t\t<div class=\"elementor-widget-container\">\n\t\t\t\t\t\n\t\t<div id=\"ld-fancy-heading-69e064943978f\" class=\"ld-fancy-heading pos-rel\">\n\t\t\t<h2 class=\"ld-fh-element d-inline-block pos-rel  elementor-heading-title lqd-highlight-classic lqd-highlight-grow-left h2\"  > Our Team<\/h2>\t\t<\/div>\n\n\t\t\t\t\t\t<\/div>\n\t\t\t\t<\/div>\n\t\t\t\t<div class=\"elementor-element elementor-element-2d89efc elementor-widget__width-initial elementor-widget elementor-widget-hub_fancy_heading\" data-id=\"2d89efc\" data-element_type=\"widget\" data-widget_type=\"hub_fancy_heading.default\">\n\t\t\t\t<div class=\"elementor-widget-container\">\n\t\t\t\t\t\n\t\t<div id=\"ld-fancy-heading-69e0649439b30\" class=\"ld-fancy-heading pos-rel\">\n\t\t\t<h2 class=\"ld-fh-element d-inline-block pos-rel  elementor-heading-title lqd-highlight-classic lqd-highlight-grow-left h2\"  > AT VERTEX, WE ARE A TEAM OF DEDICATED PROFESSIONALS AND WE COLLABORATE TO ENSURE THE OPTIMUM INDIVIDUALIZED REHABILITATION OF EACH OF OUR PATIENTS.<\/h2>\t\t<\/div>\n\n\t\t\t\t\t\t<\/div>\n\t\t\t\t<\/div>\n\t\t\t\t\t<\/div>\n\t\t\t\t<\/div>\n\t\t<div class=\"elementor-element elementor-element-3eba050 e-con-full notre-equpe-emma e-flex e-con e-parent\" data-id=\"3eba050\" data-element_type=\"container\">\n\t\t<div data-lqd-section-scroll=\"true\" class=\"elementor-element elementor-element-e5c4310 e-con-full left-side-scroll e-flex e-con e-child\" data-id=\"e5c4310\" data-element_type=\"container\">\n\t\t\t\t<div class=\"elementor-element elementor-element-3fd70dc elementor-widget elementor-widget-hub_fancy_heading\" data-id=\"3fd70dc\" data-element_type=\"widget\" data-widget_type=\"hub_fancy_heading.default\">\n\t\t\t\t<div class=\"elementor-widget-container\">\n\t\t\t\t\t\n\t\t<div id=\"ld-fancy-heading-69e064943a339\" class=\"ld-fancy-heading pos-rel\">\n\t\t\t<h2 class=\"ld-fh-element d-inline-block pos-rel  elementor-heading-title lqd-highlight-classic lqd-highlight-grow-left h2\"  > Camille Richer<br>M.Sc., PHT<\/h2>\t\t<\/div>\n\n\t\t\t\t\t\t<\/div>\n\t\t\t\t<\/div>\n\t\t\t\t<div class=\"elementor-element elementor-element-4dda452 elementor-widget elementor-widget-hub_fancy_heading\" data-id=\"4dda452\" data-element_type=\"widget\" data-widget_type=\"hub_fancy_heading.default\">\n\t\t\t\t<div class=\"elementor-widget-container\">\n\t\t\t\t\t\n\t\t<div id=\"ld-fancy-heading-69e064943a690\" class=\"ld-fancy-heading pos-rel\">\n\t\t\t<h2 class=\"ld-fh-element d-inline-block pos-rel  elementor-heading-title lqd-highlight-classic lqd-highlight-grow-left h2\"  > physiotherapist<\/h2>\t\t<\/div>\n\n\t\t\t\t\t\t<\/div>\n\t\t\t\t<\/div>\n\t\t\t\t<div class=\"elementor-element elementor-element-eec8453 elementor-widget elementor-widget-hub_fancy_heading\" data-id=\"eec8453\" data-element_type=\"widget\" data-widget_type=\"hub_fancy_heading.default\">\n\t\t\t\t<div class=\"elementor-widget-container\">\n\t\t\t\t\t\n\t\t<div id=\"ld-fancy-heading-69e064943a9b2\" class=\"ld-fancy-heading pos-rel\">\n\t\t\t<h2 class=\"ld-fh-element d-inline-block pos-rel  elementor-heading-title lqd-highlight-classic lqd-highlight-grow-left h2\"  > Membre de l\u2019ordre des physioth\u00e9rapeute du Qu\u00e9bec\n<br>Certifi\u00e9e en physioth\u00e9rapie du sport\n<br>Certifi\u00e9e Smart Rehab (contr\u00f4le moteur)\n<br>Th\u00e9rapie manuelle Niveau 3\n<br>Analyse course \u00e0 pied\n<br>Approche en p\u00e9diatrie 0-12 mois\n<br><br>Camille est dipl\u00f4m\u00e9e du programme de Bac-Ma\u00eetrise de l\u2019Universit\u00e9 de Montr\u00e9al en physioth\u00e9rapie, elle exerce sa profession depuis 2016. Elle a auparavant compl\u00e9t\u00e9 un DEC en Technique de r\u00e9adaptation physique au Coll\u00e8ge Montmorency en 2012.\nPassionn\u00e9e depuis toujours par le sport, en 2018, Camille obtient sa certification en physioth\u00e9rapie du sport par \u00abSport Physiotherapy Canada\u00bb. Son int\u00e9r\u00eat pour la couverture d\u2019\u00e9v\u00e9nements sportifs lui a permis d\u2019accompagner plusieurs athl\u00e8tes et ce, dans diff\u00e9rents sports, \u00e0 diff\u00e9rents niveaux, tels que le soccer, le rugby, le hockey, le handball, le badminton ainsi que le basketball.\nDepuis, Camille pratique plusieurs sports comme le Crossfit, hockey, soccer et ski alpin. Elle comprendra tr\u00e8s bien votre r\u00e9alit\u00e9 de retour au jeu.<\/h2>\t\t<\/div>\n\n\t\t\t\t\t\t<\/div>\n\t\t\t\t<\/div>\n\t\t\t\t<\/div>\n\t\t<div class=\"elementor-element elementor-element-a6c7d00 e-con-full e-flex e-con e-child\" data-id=\"a6c7d00\" data-element_type=\"container\" data-settings=\"{&quot;background_background&quot;:&quot;classic&quot;}\">\n\t\t\t\t<div class=\"elementor-element elementor-element-fd45b96 elementor-widget elementor-widget-ld_fancy_image\" data-id=\"fd45b96\" data-element_type=\"widget\" data-widget_type=\"ld_fancy_image.default\">\n\t\t\t\t<div class=\"elementor-widget-container\">\n\t\t\t\t\t\n\t\t<div class=\"lqd-imggrp-single d-block pos-rel\">\n\t\t\t<div class=\"lqd-imggrp-img-container d-inline-flex pos-rel align-items-center justify-content-center\">\n\t\t\t\t\t\t\t\t<figure class=\"w-100 pos-rel\">\n\t\t\t\t\t<img fetchpriority=\"high\" decoding=\"async\" width=\"1041\" height=\"763\" src=\"https:\/\/vertexcommotion.ca\/wp-content\/uploads\/2023\/09\/Janie-Guimond-1-16.png\" class=\"attachment-full size-full wp-image-2380\" alt=\"\" srcset=\"https:\/\/vertexcommotion.ca\/wp-content\/uploads\/2023\/09\/Janie-Guimond-1-16.png 1041w, https:\/\/vertexcommotion.ca\/wp-content\/uploads\/2023\/09\/Janie-Guimond-1-16-300x220.png 300w, https:\/\/vertexcommotion.ca\/wp-content\/uploads\/2023\/09\/Janie-Guimond-1-16-1024x751.png 1024w, https:\/\/vertexcommotion.ca\/wp-content\/uploads\/2023\/09\/Janie-Guimond-1-16-16x12.png 16w\" sizes=\"(max-width: 1041px) 100vw, 1041px\" itemprop=\"image\" \/>\t\t\t\t\t\t\t\t\t\t\t\t\t\t\t\t\t\t\t\t\t\t\t\t\t\t\t\t\t<\/figure>\n\t\t\t<\/div>\n\t\t<\/div>\n\n\t\t\t\t\t<\/div>\n\t\t\t\t<\/div>\n\t\t\t\t<\/div>\n\t\t\t\t<\/div>\n\t\t\t\t<\/div>","protected":false},"excerpt":{"rendered":"<p>Notre \u00c9quipe Chez Vertex, nous sommes une \u00e9quipe de professionnels d\u00e9vou\u00e9s et nous collaborons afin d\u2019assurer la r\u00e9adaptation individualis\u00e9e optimale de chacun de nos patients. Camille RicherM.Sc., PHT physioth\u00e9rapeute Membre de l\u2019ordre des physioth\u00e9rapeute du Qu\u00e9bec Certifi\u00e9e en physioth\u00e9rapie du sport Certifi\u00e9e Smart Rehab (contr\u00f4le moteur) Th\u00e9rapie manuelle Niveau 3 Analyse course \u00e0 pied Approche [&hellip;]<\/p>","protected":false},"author":6,"featured_media":0,"parent":0,"menu_order":0,"comment_status":"closed","ping_status":"closed","template":"","meta":{"footnotes":""},"class_list":["post-1196","page","type-page","status-publish","hentry"],"yoast_head":"<!-- This site is optimized with the Yoast SEO plugin v25.0 - https:\/\/yoast.com\/wordpress\/plugins\/seo\/ -->\n<title>Notre \u00c9quipe: Camille Richier, physioth\u00e9rapeute<\/title>\n<meta name=\"description\" content=\"Camille est physioth\u00e9rapeute dipl\u00f4m\u00e9e du programme de Bac-Ma\u00eetrise de l\u2019Universit\u00e9 de Montr\u00e9al en physioth\u00e9rapie, elle exerce sa profession depuis 2016.\" \/>\n<meta name=\"robots\" content=\"index, follow, max-snippet:-1, max-image-preview:large, max-video-preview:-1\" \/>\n<link rel=\"canonical\" href=\"https:\/\/vertexcommotion.ca\/en\/notre-equipe-camille-richier-physiotherapeute\/\" \/>\n<meta property=\"og:locale\" content=\"en_US\" \/>\n<meta property=\"og:type\" content=\"article\" \/>\n<meta property=\"og:title\" content=\"Notre \u00c9quipe: Camille Richier, physioth\u00e9rapeute\" \/>\n<meta property=\"og:description\" content=\"Camille est physioth\u00e9rapeute dipl\u00f4m\u00e9e du programme de Bac-Ma\u00eetrise de l\u2019Universit\u00e9 de Montr\u00e9al en physioth\u00e9rapie, elle exerce sa profession depuis 2016.\" \/>\n<meta property=\"og:url\" content=\"https:\/\/vertexcommotion.ca\/en\/notre-equipe-camille-richier-physiotherapeute\/\" \/>\n<meta property=\"og:site_name\" content=\"Vertex\" \/>\n<meta property=\"article:modified_time\" content=\"2024-05-29T20:41:16+00:00\" \/>\n<meta property=\"og:image\" content=\"https:\/\/vertexcommotion.ca\/wp-content\/uploads\/2023\/09\/Janie-Guimond-1-16.png\" \/>\n<meta name=\"twitter:card\" content=\"summary_large_image\" \/>\n<meta name=\"twitter:label1\" content=\"Est. reading time\" \/>\n\t<meta name=\"twitter:data1\" content=\"1 minute\" \/>\n<script type=\"application\/ld+json\" class=\"yoast-schema-graph\">{\"@context\":\"https:\/\/schema.org\",\"@graph\":[{\"@type\":\"WebPage\",\"@id\":\"https:\/\/vertexcommotion.ca\/notre-equipe-camille-richier-physiotherapeute\/\",\"url\":\"https:\/\/vertexcommotion.ca\/notre-equipe-camille-richier-physiotherapeute\/\",\"name\":\"Notre \u00c9quipe: Camille Richier, physioth\u00e9rapeute\",\"isPartOf\":{\"@id\":\"https:\/\/vertexcommotion.ca\/#website\"},\"primaryImageOfPage\":{\"@id\":\"https:\/\/vertexcommotion.ca\/notre-equipe-camille-richier-physiotherapeute\/#primaryimage\"},\"image\":{\"@id\":\"https:\/\/vertexcommotion.ca\/notre-equipe-camille-richier-physiotherapeute\/#primaryimage\"},\"thumbnailUrl\":\"https:\/\/vertexcommotion.ca\/wp-content\/uploads\/2023\/09\/Janie-Guimond-1-16.png\",\"datePublished\":\"2023-09-10T14:13:21+00:00\",\"dateModified\":\"2024-05-29T20:41:16+00:00\",\"description\":\"Camille est physioth\u00e9rapeute dipl\u00f4m\u00e9e du programme de Bac-Ma\u00eetrise de l\u2019Universit\u00e9 de Montr\u00e9al en physioth\u00e9rapie, elle exerce sa profession depuis 2016.\",\"breadcrumb\":{\"@id\":\"https:\/\/vertexcommotion.ca\/notre-equipe-camille-richier-physiotherapeute\/#breadcrumb\"},\"inLanguage\":\"en-CA\",\"potentialAction\":[{\"@type\":\"ReadAction\",\"target\":[\"https:\/\/vertexcommotion.ca\/notre-equipe-camille-richier-physiotherapeute\/\"]}]},{\"@type\":\"ImageObject\",\"inLanguage\":\"en-CA\",\"@id\":\"https:\/\/vertexcommotion.ca\/notre-equipe-camille-richier-physiotherapeute\/#primaryimage\",\"url\":\"https:\/\/vertexcommotion.ca\/wp-content\/uploads\/2023\/09\/Janie-Guimond-1-16.png\",\"contentUrl\":\"https:\/\/vertexcommotion.ca\/wp-content\/uploads\/2023\/09\/Janie-Guimond-1-16.png\"},{\"@type\":\"BreadcrumbList\",\"@id\":\"https:\/\/vertexcommotion.ca\/notre-equipe-camille-richier-physiotherapeute\/#breadcrumb\",\"itemListElement\":[{\"@type\":\"ListItem\",\"position\":1,\"name\":\"Home\",\"item\":\"https:\/\/vertexcommotion.ca\/\"},{\"@type\":\"ListItem\",\"position\":2,\"name\":\"Notre \u00c9quipe: Camille Richier, physioth\u00e9rapeute\"}]},{\"@type\":\"WebSite\",\"@id\":\"https:\/\/vertexcommotion.ca\/#website\",\"url\":\"https:\/\/vertexcommotion.ca\/\",\"name\":\"Vertex\",\"description\":\"\",\"publisher\":{\"@id\":\"https:\/\/vertexcommotion.ca\/#organization\"},\"potentialAction\":[{\"@type\":\"SearchAction\",\"target\":{\"@type\":\"EntryPoint\",\"urlTemplate\":\"https:\/\/vertexcommotion.ca\/?s={search_term_string}\"},\"query-input\":{\"@type\":\"PropertyValueSpecification\",\"valueRequired\":true,\"valueName\":\"search_term_string\"}}],\"inLanguage\":\"en-CA\"},{\"@type\":\"Organization\",\"@id\":\"https:\/\/vertexcommotion.ca\/#organization\",\"name\":\"Vertex\",\"url\":\"https:\/\/vertexcommotion.ca\/\",\"logo\":{\"@type\":\"ImageObject\",\"inLanguage\":\"en-CA\",\"@id\":\"https:\/\/vertexcommotion.ca\/#\/schema\/logo\/image\/\",\"url\":\"https:\/\/vertexcommotion.ca\/wp-content\/uploads\/2023\/09\/VertexLogo.png\",\"contentUrl\":\"https:\/\/vertexcommotion.ca\/wp-content\/uploads\/2023\/09\/VertexLogo.png\",\"width\":550,\"height\":245,\"caption\":\"Vertex\"},\"image\":{\"@id\":\"https:\/\/vertexcommotion.ca\/#\/schema\/logo\/image\/\"}}]}<\/script>\n<!-- \/ Yoast SEO plugin. -->","yoast_head_json":{"title":"Notre \u00c9quipe: Camille Richier, physioth\u00e9rapeute","description":"Camille est physioth\u00e9rapeute dipl\u00f4m\u00e9e du programme de Bac-Ma\u00eetrise de l\u2019Universit\u00e9 de Montr\u00e9al en physioth\u00e9rapie, elle exerce sa profession depuis 2016.","robots":{"index":"index","follow":"follow","max-snippet":"max-snippet:-1","max-image-preview":"max-image-preview:large","max-video-preview":"max-video-preview:-1"},"canonical":"https:\/\/vertexcommotion.ca\/en\/notre-equipe-camille-richier-physiotherapeute\/","og_locale":"en_US","og_type":"article","og_title":"Notre \u00c9quipe: Camille Richier, physioth\u00e9rapeute","og_description":"Camille est physioth\u00e9rapeute dipl\u00f4m\u00e9e du programme de Bac-Ma\u00eetrise de l\u2019Universit\u00e9 de Montr\u00e9al en physioth\u00e9rapie, elle exerce sa profession depuis 2016.","og_url":"https:\/\/vertexcommotion.ca\/en\/notre-equipe-camille-richier-physiotherapeute\/","og_site_name":"Vertex","article_modified_time":"2024-05-29T20:41:16+00:00","og_image":[{"url":"https:\/\/vertexcommotion.ca\/wp-content\/uploads\/2023\/09\/Janie-Guimond-1-16.png","type":"","width":"","height":""}],"twitter_card":"summary_large_image","twitter_misc":{"Est. reading time":"1 minute"},"schema":{"@context":"https:\/\/schema.org","@graph":[{"@type":"WebPage","@id":"https:\/\/vertexcommotion.ca\/notre-equipe-camille-richier-physiotherapeute\/","url":"https:\/\/vertexcommotion.ca\/notre-equipe-camille-richier-physiotherapeute\/","name":"Notre \u00c9quipe: Camille Richier, physioth\u00e9rapeute","isPartOf":{"@id":"https:\/\/vertexcommotion.ca\/#website"},"primaryImageOfPage":{"@id":"https:\/\/vertexcommotion.ca\/notre-equipe-camille-richier-physiotherapeute\/#primaryimage"},"image":{"@id":"https:\/\/vertexcommotion.ca\/notre-equipe-camille-richier-physiotherapeute\/#primaryimage"},"thumbnailUrl":"https:\/\/vertexcommotion.ca\/wp-content\/uploads\/2023\/09\/Janie-Guimond-1-16.png","datePublished":"2023-09-10T14:13:21+00:00","dateModified":"2024-05-29T20:41:16+00:00","description":"Camille est physioth\u00e9rapeute dipl\u00f4m\u00e9e du programme de Bac-Ma\u00eetrise de l\u2019Universit\u00e9 de Montr\u00e9al en physioth\u00e9rapie, elle exerce sa profession depuis 2016.","breadcrumb":{"@id":"https:\/\/vertexcommotion.ca\/notre-equipe-camille-richier-physiotherapeute\/#breadcrumb"},"inLanguage":"en-CA","potentialAction":[{"@type":"ReadAction","target":["https:\/\/vertexcommotion.ca\/notre-equipe-camille-richier-physiotherapeute\/"]}]},{"@type":"ImageObject","inLanguage":"en-CA","@id":"https:\/\/vertexcommotion.ca\/notre-equipe-camille-richier-physiotherapeute\/#primaryimage","url":"https:\/\/vertexcommotion.ca\/wp-content\/uploads\/2023\/09\/Janie-Guimond-1-16.png","contentUrl":"https:\/\/vertexcommotion.ca\/wp-content\/uploads\/2023\/09\/Janie-Guimond-1-16.png"},{"@type":"BreadcrumbList","@id":"https:\/\/vertexcommotion.ca\/notre-equipe-camille-richier-physiotherapeute\/#breadcrumb","itemListElement":[{"@type":"ListItem","position":1,"name":"Home","item":"https:\/\/vertexcommotion.ca\/"},{"@type":"ListItem","position":2,"name":"Notre \u00c9quipe: Camille Richier, physioth\u00e9rapeute"}]},{"@type":"WebSite","@id":"https:\/\/vertexcommotion.ca\/#website","url":"https:\/\/vertexcommotion.ca\/","name":"Vertex","description":"","publisher":{"@id":"https:\/\/vertexcommotion.ca\/#organization"},"potentialAction":[{"@type":"SearchAction","target":{"@type":"EntryPoint","urlTemplate":"https:\/\/vertexcommotion.ca\/?s={search_term_string}"},"query-input":{"@type":"PropertyValueSpecification","valueRequired":true,"valueName":"search_term_string"}}],"inLanguage":"en-CA"},{"@type":"Organization","@id":"https:\/\/vertexcommotion.ca\/#organization","name":"Vertex","url":"https:\/\/vertexcommotion.ca\/","logo":{"@type":"ImageObject","inLanguage":"en-CA","@id":"https:\/\/vertexcommotion.ca\/#\/schema\/logo\/image\/","url":"https:\/\/vertexcommotion.ca\/wp-content\/uploads\/2023\/09\/VertexLogo.png","contentUrl":"https:\/\/vertexcommotion.ca\/wp-content\/uploads\/2023\/09\/VertexLogo.png","width":550,"height":245,"caption":"Vertex"},"image":{"@id":"https:\/\/vertexcommotion.ca\/#\/schema\/logo\/image\/"}}]}},"_links":{"self":[{"href":"https:\/\/vertexcommotion.ca\/en\/wp-json\/wp\/v2\/pages\/1196","targetHints":{"allow":["GET"]}}],"collection":[{"href":"https:\/\/vertexcommotion.ca\/en\/wp-json\/wp\/v2\/pages"}],"about":[{"href":"https:\/\/vertexcommotion.ca\/en\/wp-json\/wp\/v2\/types\/page"}],"author":[{"embeddable":true,"href":"https:\/\/vertexcommotion.ca\/en\/wp-json\/wp\/v2\/users\/6"}],"replies":[{"embeddable":true,"href":"https:\/\/vertexcommotion.ca\/en\/wp-json\/wp\/v2\/comments?post=1196"}],"version-history":[{"count":49,"href":"https:\/\/vertexcommotion.ca\/en\/wp-json\/wp\/v2\/pages\/1196\/revisions"}],"predecessor-version":[{"id":4248,"href":"https:\/\/vertexcommotion.ca\/en\/wp-json\/wp\/v2\/pages\/1196\/revisions\/4248"}],"wp:attachment":[{"href":"https:\/\/vertexcommotion.ca\/en\/wp-json\/wp\/v2\/media?parent=1196"}],"curies":[{"name":"wp","href":"https:\/\/api.w.org\/{rel}","templated":true}]}}