{"id":1192,"date":"2023-09-10T14:12:35","date_gmt":"2023-09-10T14:12:35","guid":{"rendered":"https:\/\/vertexcommotion.ca\/?page_id=1192"},"modified":"2024-05-29T20:41:07","modified_gmt":"2024-05-29T20:41:07","slug":"caroline-david","status":"publish","type":"page","link":"https:\/\/vertexcommotion.ca\/en\/caroline-david\/","title":{"rendered":"Caroline David"},"content":{"rendered":"<div data-elementor-type=\"wp-page\" data-elementor-id=\"1192\" class=\"elementor elementor-1192\">\n\t\t\t\t<div class=\"elementor-element elementor-element-1ee8309 gradiant-emma e-flex e-con-boxed e-con e-parent\" data-id=\"1ee8309\" data-element_type=\"container\">\n\t\t\t\t\t<div class=\"e-con-inner\">\n\t\t\t\t<div class=\"elementor-element elementor-element-98faffd elementor-widget__width-inherit elementor-widget elementor-widget-hub_fancy_heading\" data-id=\"98faffd\" data-element_type=\"widget\" data-widget_type=\"hub_fancy_heading.default\">\n\t\t\t\t<div class=\"elementor-widget-container\">\n\t\t\t\t\t\n\t\t<div id=\"ld-fancy-heading-69d77f8fb231c\" class=\"ld-fancy-heading pos-rel\">\n\t\t\t<h2 class=\"ld-fh-element d-inline-block pos-rel  elementor-heading-title lqd-highlight-classic lqd-highlight-grow-left h2\"  > Our Team<\/h2>\t\t<\/div>\n\n\t\t\t\t\t\t<\/div>\n\t\t\t\t<\/div>\n\t\t\t\t<div class=\"elementor-element elementor-element-8326460 elementor-widget__width-initial elementor-widget elementor-widget-hub_fancy_heading\" data-id=\"8326460\" data-element_type=\"widget\" data-widget_type=\"hub_fancy_heading.default\">\n\t\t\t\t<div class=\"elementor-widget-container\">\n\t\t\t\t\t\n\t\t<div id=\"ld-fancy-heading-69d77f8fb26cc\" class=\"ld-fancy-heading pos-rel\">\n\t\t\t<h2 class=\"ld-fh-element d-inline-block pos-rel  elementor-heading-title lqd-highlight-classic lqd-highlight-grow-left h2\"  > AT VERTEX, WE ARE A TEAM OF DEDICATED PROFESSIONALS AND WE COLLABORATE TO ENSURE THE OPTIMUM INDIVIDUALIZED REHABILITATION OF EACH OF OUR PATIENTS.<\/h2>\t\t<\/div>\n\n\t\t\t\t\t\t<\/div>\n\t\t\t\t<\/div>\n\t\t\t\t\t<\/div>\n\t\t\t\t<\/div>\n\t\t<div class=\"elementor-element elementor-element-b4529d9 e-con-full notre-equpe-emma e-flex e-con e-parent\" data-id=\"b4529d9\" data-element_type=\"container\">\n\t\t<div data-lqd-section-scroll=\"true\" class=\"elementor-element elementor-element-138c15c e-con-full left-side-scroll e-flex e-con e-child\" data-id=\"138c15c\" data-element_type=\"container\">\n\t\t\t\t<div class=\"elementor-element elementor-element-f9d7d4b elementor-widget elementor-widget-hub_fancy_heading\" data-id=\"f9d7d4b\" data-element_type=\"widget\" data-widget_type=\"hub_fancy_heading.default\">\n\t\t\t\t<div class=\"elementor-widget-container\">\n\t\t\t\t\t\n\t\t<div id=\"ld-fancy-heading-69d77f8fb2f37\" class=\"ld-fancy-heading pos-rel\">\n\t\t\t<h2 class=\"ld-fh-element d-inline-block pos-rel  elementor-heading-title lqd-highlight-classic lqd-highlight-grow-left h2\"  > Caroline David\n<\/h2>\t\t<\/div>\n\n\t\t\t\t\t\t<\/div>\n\t\t\t\t<\/div>\n\t\t\t\t<div class=\"elementor-element elementor-element-6522d11 elementor-widget elementor-widget-hub_fancy_heading\" data-id=\"6522d11\" data-element_type=\"widget\" data-widget_type=\"hub_fancy_heading.default\">\n\t\t\t\t<div class=\"elementor-widget-container\">\n\t\t\t\t\t\n\t\t<div id=\"ld-fancy-heading-69d77f8fb32ae\" class=\"ld-fancy-heading pos-rel\">\n\t\t\t<h2 class=\"ld-fh-element d-inline-block pos-rel  elementor-heading-title lqd-highlight-classic lqd-highlight-grow-left h2\"  > Kin\u00e9siologue sp\u00e9cialis\u00e9e en musculosquelettique, membre de l\u2019akkomq.<\/h2>\t\t<\/div>\n\n\t\t\t\t\t\t<\/div>\n\t\t\t\t<\/div>\n\t\t\t\t<div class=\"elementor-element elementor-element-7260cbd elementor-widget elementor-widget-hub_fancy_heading\" data-id=\"7260cbd\" data-element_type=\"widget\" data-widget_type=\"hub_fancy_heading.default\">\n\t\t\t\t<div class=\"elementor-widget-container\">\n\t\t\t\t\t\n\t\t<div id=\"ld-fancy-heading-69d77f8fb35ec\" class=\"ld-fancy-heading pos-rel\">\n\t\t\t<h2 class=\"ld-fh-element d-inline-block pos-rel  elementor-heading-title lqd-highlight-classic lqd-highlight-grow-left h2\"  > Suite \u00e0 l\u2019obtention de son baccalaur\u00e9at en kin\u00e9siologie en 2019, Caroline souhaite approfondir ses connaissances en anatomie musculosquelettique. Elle compl\u00e8te ses \u00e9tudes au cycle sup\u00e9rieur en exercices th\u00e9rapeutiques \u00e0 l\u2019universit\u00e9 de Sherbrooke lui donnant la possibilit\u00e9 d\u2019inclure de la th\u00e9rapie manuelle \u00e0 ses interventions pour une approche plus compl\u00e8te.\n<br><br>Ancienne athl\u00e8te de gymnastique artistique et de cheerleading, le sport a toujours occup\u00e9 une place importante dans sa vie. Ayant subi plusieurs blessures lors de son parcours athl\u00e9tique, elle d\u00e9couvre une passion pour la r\u00e9adaptation physique. Elle croit sinc\u00e8rement que l\u2019encadrement multidisciplinaire avec les th\u00e9rapeutes est la cl\u00e9 du succ\u00e8s de toute r\u00e9adaptation. Son exp\u00e9rience en tant qu\u2019athl\u00e8te et en tant que kin\u00e9siologue lui ont permis de comprendre l\u2019importance de d\u00e9velopper un lien de confiance significatif avec ses clients.<\/h2>\t\t<\/div>\n\n\t\t\t\t\t\t<\/div>\n\t\t\t\t<\/div>\n\t\t\t\t<\/div>\n\t\t<div class=\"elementor-element elementor-element-6a4bb2f e-con-full e-flex e-con e-child\" data-id=\"6a4bb2f\" data-element_type=\"container\" data-settings=\"{&quot;background_background&quot;:&quot;classic&quot;}\">\n\t\t\t\t<div class=\"elementor-element elementor-element-6dbbeae elementor-widget elementor-widget-ld_fancy_image\" data-id=\"6dbbeae\" data-element_type=\"widget\" data-widget_type=\"ld_fancy_image.default\">\n\t\t\t\t<div class=\"elementor-widget-container\">\n\t\t\t\t\t\n\t\t<div class=\"lqd-imggrp-single d-block pos-rel\">\n\t\t\t<div class=\"lqd-imggrp-img-container d-inline-flex pos-rel align-items-center justify-content-center\">\n\t\t\t\t\t\t\t\t<figure class=\"w-100 pos-rel\">\n\t\t\t\t\t<img fetchpriority=\"high\" decoding=\"async\" width=\"1089\" height=\"763\" src=\"https:\/\/vertexcommotion.ca\/wp-content\/uploads\/2024\/02\/Caroline-David.png\" class=\"attachment-full size-full wp-image-3906\" alt=\"\" srcset=\"https:\/\/vertexcommotion.ca\/wp-content\/uploads\/2024\/02\/Caroline-David.png 1089w, https:\/\/vertexcommotion.ca\/wp-content\/uploads\/2024\/02\/Caroline-David-300x210.png 300w, https:\/\/vertexcommotion.ca\/wp-content\/uploads\/2024\/02\/Caroline-David-1024x717.png 1024w, https:\/\/vertexcommotion.ca\/wp-content\/uploads\/2024\/02\/Caroline-David-18x12.png 18w\" sizes=\"(max-width: 1089px) 100vw, 1089px\" itemprop=\"image\" \/>\t\t\t\t\t\t\t\t\t\t\t\t\t\t\t\t\t\t\t\t\t\t\t\t\t\t\t\t\t<\/figure>\n\t\t\t<\/div>\n\t\t<\/div>\n\n\t\t\t\t\t<\/div>\n\t\t\t\t<\/div>\n\t\t\t\t<\/div>\n\t\t\t\t<\/div>\n\t\t\t\t<\/div>","protected":false},"excerpt":{"rendered":"<p>Notre \u00c9quipe Chez Vertex, nous sommes une \u00e9quipe de professionnels d\u00e9vou\u00e9s et nous collaborons afin d\u2019assurer la r\u00e9adaptation individualis\u00e9e optimale de chacun de nos patients. Caroline David Kin\u00e9siologue sp\u00e9cialis\u00e9e en musculosquelettique, membre de l\u2019akkomq. Suite \u00e0 l\u2019obtention de son baccalaur\u00e9at en kin\u00e9siologie en 2019, Caroline souhaite approfondir ses connaissances en anatomie musculosquelettique. Elle compl\u00e8te ses [&hellip;]<\/p>","protected":false},"author":6,"featured_media":0,"parent":0,"menu_order":0,"comment_status":"closed","ping_status":"closed","template":"","meta":{"footnotes":""},"class_list":["post-1192","page","type-page","status-publish","hentry"],"yoast_head":"<!-- This site is optimized with the Yoast SEO plugin v25.0 - https:\/\/yoast.com\/wordpress\/plugins\/seo\/ -->\n<title>Notre \u00c9quipe: Nicolas Molina, th\u00e9rapeute du sport<\/title>\n<meta name=\"description\" content=\"NICOLAS MOLINA B.SC., CAT(C) TH\u00c9RAPEUTE DU SPORT AGR\u00c9\u00c9 - Vertex Commotion\" \/>\n<meta name=\"robots\" content=\"index, follow, max-snippet:-1, max-image-preview:large, max-video-preview:-1\" \/>\n<link rel=\"canonical\" href=\"https:\/\/vertexcommotion.ca\/en\/caroline-david\/\" \/>\n<meta property=\"og:locale\" content=\"en_US\" \/>\n<meta property=\"og:type\" content=\"article\" \/>\n<meta property=\"og:title\" content=\"Notre \u00c9quipe: Nicolas Molina, th\u00e9rapeute du sport\" \/>\n<meta property=\"og:description\" content=\"NICOLAS MOLINA B.SC., CAT(C) TH\u00c9RAPEUTE DU SPORT AGR\u00c9\u00c9 - Vertex Commotion\" \/>\n<meta property=\"og:url\" content=\"https:\/\/vertexcommotion.ca\/en\/caroline-david\/\" \/>\n<meta property=\"og:site_name\" content=\"Vertex\" \/>\n<meta property=\"article:modified_time\" content=\"2024-05-29T20:41:07+00:00\" \/>\n<meta property=\"og:image\" content=\"https:\/\/vertexcommotion.ca\/wp-content\/uploads\/2024\/02\/Caroline-David.png\" \/>\n<meta name=\"twitter:card\" content=\"summary_large_image\" \/>\n<meta name=\"twitter:label1\" content=\"Est. reading time\" \/>\n\t<meta name=\"twitter:data1\" content=\"1 minute\" \/>\n<script type=\"application\/ld+json\" class=\"yoast-schema-graph\">{\"@context\":\"https:\/\/schema.org\",\"@graph\":[{\"@type\":\"WebPage\",\"@id\":\"https:\/\/vertexcommotion.ca\/caroline-david\/\",\"url\":\"https:\/\/vertexcommotion.ca\/caroline-david\/\",\"name\":\"Notre \u00c9quipe: Nicolas Molina, th\u00e9rapeute du sport\",\"isPartOf\":{\"@id\":\"https:\/\/vertexcommotion.ca\/#website\"},\"primaryImageOfPage\":{\"@id\":\"https:\/\/vertexcommotion.ca\/caroline-david\/#primaryimage\"},\"image\":{\"@id\":\"https:\/\/vertexcommotion.ca\/caroline-david\/#primaryimage\"},\"thumbnailUrl\":\"https:\/\/vertexcommotion.ca\/wp-content\/uploads\/2024\/02\/Caroline-David.png\",\"datePublished\":\"2023-09-10T14:12:35+00:00\",\"dateModified\":\"2024-05-29T20:41:07+00:00\",\"description\":\"NICOLAS MOLINA B.SC., CAT(C) TH\u00c9RAPEUTE DU SPORT AGR\u00c9\u00c9 - Vertex Commotion\",\"breadcrumb\":{\"@id\":\"https:\/\/vertexcommotion.ca\/caroline-david\/#breadcrumb\"},\"inLanguage\":\"en-CA\",\"potentialAction\":[{\"@type\":\"ReadAction\",\"target\":[\"https:\/\/vertexcommotion.ca\/caroline-david\/\"]}]},{\"@type\":\"ImageObject\",\"inLanguage\":\"en-CA\",\"@id\":\"https:\/\/vertexcommotion.ca\/caroline-david\/#primaryimage\",\"url\":\"https:\/\/vertexcommotion.ca\/wp-content\/uploads\/2024\/02\/Caroline-David.png\",\"contentUrl\":\"https:\/\/vertexcommotion.ca\/wp-content\/uploads\/2024\/02\/Caroline-David.png\"},{\"@type\":\"BreadcrumbList\",\"@id\":\"https:\/\/vertexcommotion.ca\/caroline-david\/#breadcrumb\",\"itemListElement\":[{\"@type\":\"ListItem\",\"position\":1,\"name\":\"Home\",\"item\":\"https:\/\/vertexcommotion.ca\/\"},{\"@type\":\"ListItem\",\"position\":2,\"name\":\"Caroline David\"}]},{\"@type\":\"WebSite\",\"@id\":\"https:\/\/vertexcommotion.ca\/#website\",\"url\":\"https:\/\/vertexcommotion.ca\/\",\"name\":\"Vertex\",\"description\":\"\",\"publisher\":{\"@id\":\"https:\/\/vertexcommotion.ca\/#organization\"},\"potentialAction\":[{\"@type\":\"SearchAction\",\"target\":{\"@type\":\"EntryPoint\",\"urlTemplate\":\"https:\/\/vertexcommotion.ca\/?s={search_term_string}\"},\"query-input\":{\"@type\":\"PropertyValueSpecification\",\"valueRequired\":true,\"valueName\":\"search_term_string\"}}],\"inLanguage\":\"en-CA\"},{\"@type\":\"Organization\",\"@id\":\"https:\/\/vertexcommotion.ca\/#organization\",\"name\":\"Vertex\",\"url\":\"https:\/\/vertexcommotion.ca\/\",\"logo\":{\"@type\":\"ImageObject\",\"inLanguage\":\"en-CA\",\"@id\":\"https:\/\/vertexcommotion.ca\/#\/schema\/logo\/image\/\",\"url\":\"https:\/\/vertexcommotion.ca\/wp-content\/uploads\/2023\/09\/VertexLogo.png\",\"contentUrl\":\"https:\/\/vertexcommotion.ca\/wp-content\/uploads\/2023\/09\/VertexLogo.png\",\"width\":550,\"height\":245,\"caption\":\"Vertex\"},\"image\":{\"@id\":\"https:\/\/vertexcommotion.ca\/#\/schema\/logo\/image\/\"}}]}<\/script>\n<!-- \/ Yoast SEO plugin. -->","yoast_head_json":{"title":"Notre \u00c9quipe: Nicolas Molina, th\u00e9rapeute du sport","description":"NICOLAS MOLINA B.SC., CAT(C) TH\u00c9RAPEUTE DU SPORT AGR\u00c9\u00c9 - Vertex Commotion","robots":{"index":"index","follow":"follow","max-snippet":"max-snippet:-1","max-image-preview":"max-image-preview:large","max-video-preview":"max-video-preview:-1"},"canonical":"https:\/\/vertexcommotion.ca\/en\/caroline-david\/","og_locale":"en_US","og_type":"article","og_title":"Notre \u00c9quipe: Nicolas Molina, th\u00e9rapeute du sport","og_description":"NICOLAS MOLINA B.SC., CAT(C) TH\u00c9RAPEUTE DU SPORT AGR\u00c9\u00c9 - Vertex Commotion","og_url":"https:\/\/vertexcommotion.ca\/en\/caroline-david\/","og_site_name":"Vertex","article_modified_time":"2024-05-29T20:41:07+00:00","og_image":[{"url":"https:\/\/vertexcommotion.ca\/wp-content\/uploads\/2024\/02\/Caroline-David.png","type":"","width":"","height":""}],"twitter_card":"summary_large_image","twitter_misc":{"Est. reading time":"1 minute"},"schema":{"@context":"https:\/\/schema.org","@graph":[{"@type":"WebPage","@id":"https:\/\/vertexcommotion.ca\/caroline-david\/","url":"https:\/\/vertexcommotion.ca\/caroline-david\/","name":"Notre \u00c9quipe: Nicolas Molina, th\u00e9rapeute du sport","isPartOf":{"@id":"https:\/\/vertexcommotion.ca\/#website"},"primaryImageOfPage":{"@id":"https:\/\/vertexcommotion.ca\/caroline-david\/#primaryimage"},"image":{"@id":"https:\/\/vertexcommotion.ca\/caroline-david\/#primaryimage"},"thumbnailUrl":"https:\/\/vertexcommotion.ca\/wp-content\/uploads\/2024\/02\/Caroline-David.png","datePublished":"2023-09-10T14:12:35+00:00","dateModified":"2024-05-29T20:41:07+00:00","description":"NICOLAS MOLINA B.SC., CAT(C) TH\u00c9RAPEUTE DU SPORT AGR\u00c9\u00c9 - Vertex Commotion","breadcrumb":{"@id":"https:\/\/vertexcommotion.ca\/caroline-david\/#breadcrumb"},"inLanguage":"en-CA","potentialAction":[{"@type":"ReadAction","target":["https:\/\/vertexcommotion.ca\/caroline-david\/"]}]},{"@type":"ImageObject","inLanguage":"en-CA","@id":"https:\/\/vertexcommotion.ca\/caroline-david\/#primaryimage","url":"https:\/\/vertexcommotion.ca\/wp-content\/uploads\/2024\/02\/Caroline-David.png","contentUrl":"https:\/\/vertexcommotion.ca\/wp-content\/uploads\/2024\/02\/Caroline-David.png"},{"@type":"BreadcrumbList","@id":"https:\/\/vertexcommotion.ca\/caroline-david\/#breadcrumb","itemListElement":[{"@type":"ListItem","position":1,"name":"Home","item":"https:\/\/vertexcommotion.ca\/"},{"@type":"ListItem","position":2,"name":"Caroline David"}]},{"@type":"WebSite","@id":"https:\/\/vertexcommotion.ca\/#website","url":"https:\/\/vertexcommotion.ca\/","name":"Vertex","description":"","publisher":{"@id":"https:\/\/vertexcommotion.ca\/#organization"},"potentialAction":[{"@type":"SearchAction","target":{"@type":"EntryPoint","urlTemplate":"https:\/\/vertexcommotion.ca\/?s={search_term_string}"},"query-input":{"@type":"PropertyValueSpecification","valueRequired":true,"valueName":"search_term_string"}}],"inLanguage":"en-CA"},{"@type":"Organization","@id":"https:\/\/vertexcommotion.ca\/#organization","name":"Vertex","url":"https:\/\/vertexcommotion.ca\/","logo":{"@type":"ImageObject","inLanguage":"en-CA","@id":"https:\/\/vertexcommotion.ca\/#\/schema\/logo\/image\/","url":"https:\/\/vertexcommotion.ca\/wp-content\/uploads\/2023\/09\/VertexLogo.png","contentUrl":"https:\/\/vertexcommotion.ca\/wp-content\/uploads\/2023\/09\/VertexLogo.png","width":550,"height":245,"caption":"Vertex"},"image":{"@id":"https:\/\/vertexcommotion.ca\/#\/schema\/logo\/image\/"}}]}},"_links":{"self":[{"href":"https:\/\/vertexcommotion.ca\/en\/wp-json\/wp\/v2\/pages\/1192","targetHints":{"allow":["GET"]}}],"collection":[{"href":"https:\/\/vertexcommotion.ca\/en\/wp-json\/wp\/v2\/pages"}],"about":[{"href":"https:\/\/vertexcommotion.ca\/en\/wp-json\/wp\/v2\/types\/page"}],"author":[{"embeddable":true,"href":"https:\/\/vertexcommotion.ca\/en\/wp-json\/wp\/v2\/users\/6"}],"replies":[{"embeddable":true,"href":"https:\/\/vertexcommotion.ca\/en\/wp-json\/wp\/v2\/comments?post=1192"}],"version-history":[{"count":77,"href":"https:\/\/vertexcommotion.ca\/en\/wp-json\/wp\/v2\/pages\/1192\/revisions"}],"predecessor-version":[{"id":4245,"href":"https:\/\/vertexcommotion.ca\/en\/wp-json\/wp\/v2\/pages\/1192\/revisions\/4245"}],"wp:attachment":[{"href":"https:\/\/vertexcommotion.ca\/en\/wp-json\/wp\/v2\/media?parent=1192"}],"curies":[{"name":"wp","href":"https:\/\/api.w.org\/{rel}","templated":true}]}}