{"id":1190,"date":"2023-09-10T14:12:06","date_gmt":"2023-09-10T14:12:06","guid":{"rendered":"https:\/\/vertexcommotion.ca\/?page_id=1190"},"modified":"2024-05-29T20:41:43","modified_gmt":"2024-05-29T20:41:43","slug":"notre-equipe-patrick-vyboh-acupuncteur","status":"publish","type":"page","link":"https:\/\/vertexcommotion.ca\/en\/notre-equipe-patrick-vyboh-acupuncteur\/","title":{"rendered":"Notre \u00c9quipe: Patrick Vyboh,   Acupuncteur"},"content":{"rendered":"<div data-elementor-type=\"wp-page\" data-elementor-id=\"1190\" class=\"elementor elementor-1190\">\n\t\t\t\t<div class=\"elementor-element elementor-element-3ce6695 gradiant-emma e-flex e-con-boxed e-con e-parent\" data-id=\"3ce6695\" data-element_type=\"container\">\n\t\t\t\t\t<div class=\"e-con-inner\">\n\t\t\t\t<div class=\"elementor-element elementor-element-c93bc99 elementor-widget__width-inherit elementor-widget elementor-widget-hub_fancy_heading\" data-id=\"c93bc99\" data-element_type=\"widget\" data-widget_type=\"hub_fancy_heading.default\">\n\t\t\t\t<div class=\"elementor-widget-container\">\n\t\t\t\t\t\n\t\t<div id=\"ld-fancy-heading-69d8f9b9e4e3b\" class=\"ld-fancy-heading pos-rel\">\n\t\t\t<h2 class=\"ld-fh-element d-inline-block pos-rel  elementor-heading-title lqd-highlight-classic lqd-highlight-grow-left h2\"  > Our Team<\/h2>\t\t<\/div>\n\n\t\t\t\t\t\t<\/div>\n\t\t\t\t<\/div>\n\t\t\t\t<div class=\"elementor-element elementor-element-c5061e6 elementor-widget__width-initial elementor-widget elementor-widget-hub_fancy_heading\" data-id=\"c5061e6\" data-element_type=\"widget\" data-widget_type=\"hub_fancy_heading.default\">\n\t\t\t\t<div class=\"elementor-widget-container\">\n\t\t\t\t\t\n\t\t<div id=\"ld-fancy-heading-69d8f9b9e522e\" class=\"ld-fancy-heading pos-rel\">\n\t\t\t<h2 class=\"ld-fh-element d-inline-block pos-rel  elementor-heading-title lqd-highlight-classic lqd-highlight-grow-left h2\"  > AT VERTEX, WE ARE A TEAM OF DEDICATED PROFESSIONALS AND WE COLLABORATE TO ENSURE THE OPTIMUM INDIVIDUALIZED REHABILITATION OF EACH OF OUR PATIENTS.<\/h2>\t\t<\/div>\n\n\t\t\t\t\t\t<\/div>\n\t\t\t\t<\/div>\n\t\t\t\t\t<\/div>\n\t\t\t\t<\/div>\n\t\t<div class=\"elementor-element elementor-element-d7b686a e-con-full notre-equpe-emma e-flex e-con e-parent\" data-id=\"d7b686a\" data-element_type=\"container\">\n\t\t<div data-lqd-section-scroll=\"true\" class=\"elementor-element elementor-element-4f532db e-con-full left-side-scroll e-flex e-con e-child\" data-id=\"4f532db\" data-element_type=\"container\">\n\t\t\t\t<div class=\"elementor-element elementor-element-4dfef9a elementor-widget elementor-widget-hub_fancy_heading\" data-id=\"4dfef9a\" data-element_type=\"widget\" data-widget_type=\"hub_fancy_heading.default\">\n\t\t\t\t<div class=\"elementor-widget-container\">\n\t\t\t\t\t\n\t\t<div id=\"ld-fancy-heading-69d8f9b9e5b73\" class=\"ld-fancy-heading pos-rel\">\n\t\t\t<h2 class=\"ld-fh-element d-inline-block pos-rel  elementor-heading-title lqd-highlight-classic lqd-highlight-grow-left h2\"  > PATRICK VYBOH <br>ACU<\/h2>\t\t<\/div>\n\n\t\t\t\t\t\t<\/div>\n\t\t\t\t<\/div>\n\t\t\t\t<div class=\"elementor-element elementor-element-98d4533 elementor-widget elementor-widget-hub_fancy_heading\" data-id=\"98d4533\" data-element_type=\"widget\" data-widget_type=\"hub_fancy_heading.default\">\n\t\t\t\t<div class=\"elementor-widget-container\">\n\t\t\t\t\t\n\t\t<div id=\"ld-fancy-heading-69d8f9b9e5f12\" class=\"ld-fancy-heading pos-rel\">\n\t\t\t<h2 class=\"ld-fh-element d-inline-block pos-rel  elementor-heading-title lqd-highlight-classic lqd-highlight-grow-left h2\"  > ACUPUNCTURIST<\/h2>\t\t<\/div>\n\n\t\t\t\t\t\t<\/div>\n\t\t\t\t<\/div>\n\t\t\t\t<div class=\"elementor-element elementor-element-1e76199 elementor-widget elementor-widget-hub_fancy_heading\" data-id=\"1e76199\" data-element_type=\"widget\" data-widget_type=\"hub_fancy_heading.default\">\n\t\t\t\t<div class=\"elementor-widget-container\">\n\t\t\t\t\t\n\t\t<div id=\"ld-fancy-heading-69d8f9b9e6262\" class=\"ld-fancy-heading pos-rel\">\n\t\t\t<h2 class=\"ld-fh-element d-inline-block pos-rel  elementor-heading-title lqd-highlight-classic lqd-highlight-grow-left h2\"  > Member of the OAQ (Order of Acupuncturists of Quebec)\n\n<br><br>Synergy Method Sports Acupuncture level 1 Use of the Wonderful Vessels for emotional &amp; constitutional disorders Treating Shen through the body. Treatment of anxiety, stress, nervous system disorders Tuina (massage, one of the five branches of Chinese medicine)\n\n<br><br>It was first through his personal journey that Patrick was exposed to the great potential of oriental medicines. These experiences led him to pursue studies in acupuncture at Coll\u00e8ge Rosemont in Montreal. From then on, he discovered the extent of the application possibilities of this philosophy, which connects the physical, emotional and energetic levels. It is through this vision of humanity as a whole that he developed a curiosity and a desire to understand in more depth what contributes to balance and health. It is with kindness and with listening empathetic that he welcomes you for consultation. Following a detailed analysis of your situation, he establishes with you a personalized treatment approach that will support you on your health journey. It combines the use of traditional acupuncture tools (needles, guasha, moxa, cupping) with more modern methods such as electrostimulation. It also incorporates abdominal palpation, from Japanese tradition, as a therapeutic tool.\n<\/h2>\t\t<\/div>\n\n\t\t\t\t\t\t<\/div>\n\t\t\t\t<\/div>\n\t\t\t\t<\/div>\n\t\t<div class=\"elementor-element elementor-element-974b682 e-con-full e-flex e-con e-child\" data-id=\"974b682\" data-element_type=\"container\" data-settings=\"{&quot;background_background&quot;:&quot;classic&quot;}\">\n\t\t\t\t<div class=\"elementor-element elementor-element-7e6063e elementor-widget elementor-widget-ld_fancy_image\" data-id=\"7e6063e\" data-element_type=\"widget\" data-widget_type=\"ld_fancy_image.default\">\n\t\t\t\t<div class=\"elementor-widget-container\">\n\t\t\t\t\t\n\t\t<div class=\"lqd-imggrp-single d-block pos-rel\">\n\t\t\t<div class=\"lqd-imggrp-img-container d-inline-flex pos-rel align-items-center justify-content-center\">\n\t\t\t\t\t\t\t\t<figure class=\"w-100 pos-rel\">\n\t\t\t\t\t<img fetchpriority=\"high\" decoding=\"async\" width=\"1041\" height=\"763\" src=\"https:\/\/vertexcommotion.ca\/wp-content\/uploads\/2023\/09\/Janie-Guimond-1-10.png\" class=\"attachment-full size-full wp-image-1924\" alt=\"\" srcset=\"https:\/\/vertexcommotion.ca\/wp-content\/uploads\/2023\/09\/Janie-Guimond-1-10.png 1041w, https:\/\/vertexcommotion.ca\/wp-content\/uploads\/2023\/09\/Janie-Guimond-1-10-300x220.png 300w, https:\/\/vertexcommotion.ca\/wp-content\/uploads\/2023\/09\/Janie-Guimond-1-10-1024x751.png 1024w, https:\/\/vertexcommotion.ca\/wp-content\/uploads\/2023\/09\/Janie-Guimond-1-10-16x12.png 16w\" sizes=\"(max-width: 1041px) 100vw, 1041px\" itemprop=\"image\" \/>\t\t\t\t\t\t\t\t\t\t\t\t\t\t\t\t\t\t\t\t\t\t\t\t\t\t\t\t\t<\/figure>\n\t\t\t<\/div>\n\t\t<\/div>\n\n\t\t\t\t\t<\/div>\n\t\t\t\t<\/div>\n\t\t\t\t<\/div>\n\t\t\t\t<\/div>\n\t\t\t\t<\/div>","protected":false},"excerpt":{"rendered":"<p>Notre \u00c9quipe Chez Vertex, nous sommes une \u00e9quipe de professionnels d\u00e9vou\u00e9s et nous collaborons afin d\u2019assurer la r\u00e9adaptation individualis\u00e9e optimale de chacun de nos patients. Patrick Vyboh Acu Acupuncteur Membre de l\u2019OAQ (Ordre des acupuncteurs du Qu\u00e9bec) M\u00e9thode Synergie Acupuncture Sportive niveau 1 Utilisation des Merveilleux Vaisseaux pour troubles \u00e9motionnels &amp; constitutionnels Traiter le Shen [&hellip;]<\/p>","protected":false},"author":6,"featured_media":0,"parent":0,"menu_order":0,"comment_status":"closed","ping_status":"closed","template":"","meta":{"footnotes":""},"class_list":["post-1190","page","type-page","status-publish","hentry"],"yoast_head":"<!-- This site is optimized with the Yoast SEO plugin v25.0 - https:\/\/yoast.com\/wordpress\/plugins\/seo\/ -->\n<title>Notre \u00c9quipe: Patrick Vyboh, ACUPUNCTEUR - Vertex<\/title>\n<meta name=\"description\" content=\"PATRICK VYBOH ACU ACUPUNCTEUR Membre de l\u2019OAQ (Ordre des acupuncteurs du Qu\u00e9bec). Expert en traitement de l\u2019anxi\u00e9t\u00e9, stress et troubles syst\u00e8me nerveux.\" \/>\n<meta name=\"robots\" content=\"index, follow, max-snippet:-1, max-image-preview:large, max-video-preview:-1\" \/>\n<link rel=\"canonical\" href=\"https:\/\/vertexcommotion.ca\/en\/notre-equipe-patrick-vyboh-acupuncteur\/\" \/>\n<meta property=\"og:locale\" content=\"en_US\" \/>\n<meta property=\"og:type\" content=\"article\" \/>\n<meta property=\"og:title\" content=\"Notre \u00c9quipe: Patrick Vyboh, ACUPUNCTEUR - Vertex\" \/>\n<meta property=\"og:description\" content=\"PATRICK VYBOH ACU ACUPUNCTEUR Membre de l\u2019OAQ (Ordre des acupuncteurs du Qu\u00e9bec). Expert en traitement de l\u2019anxi\u00e9t\u00e9, stress et troubles syst\u00e8me nerveux.\" \/>\n<meta property=\"og:url\" content=\"https:\/\/vertexcommotion.ca\/en\/notre-equipe-patrick-vyboh-acupuncteur\/\" \/>\n<meta property=\"og:site_name\" content=\"Vertex\" \/>\n<meta property=\"article:modified_time\" content=\"2024-05-29T20:41:43+00:00\" \/>\n<meta property=\"og:image\" content=\"https:\/\/vertexcommotion.ca\/wp-content\/uploads\/2023\/09\/Janie-Guimond-1-10.png\" \/>\n<meta name=\"twitter:card\" content=\"summary_large_image\" \/>\n<meta name=\"twitter:label1\" content=\"Est. reading time\" \/>\n\t<meta name=\"twitter:data1\" content=\"2 minutes\" \/>\n<script type=\"application\/ld+json\" class=\"yoast-schema-graph\">{\"@context\":\"https:\/\/schema.org\",\"@graph\":[{\"@type\":\"WebPage\",\"@id\":\"https:\/\/vertexcommotion.ca\/notre-equipe-patrick-vyboh-acupuncteur\/\",\"url\":\"https:\/\/vertexcommotion.ca\/notre-equipe-patrick-vyboh-acupuncteur\/\",\"name\":\"Notre \u00c9quipe: Patrick Vyboh, ACUPUNCTEUR - Vertex\",\"isPartOf\":{\"@id\":\"https:\/\/vertexcommotion.ca\/#website\"},\"primaryImageOfPage\":{\"@id\":\"https:\/\/vertexcommotion.ca\/notre-equipe-patrick-vyboh-acupuncteur\/#primaryimage\"},\"image\":{\"@id\":\"https:\/\/vertexcommotion.ca\/notre-equipe-patrick-vyboh-acupuncteur\/#primaryimage\"},\"thumbnailUrl\":\"https:\/\/vertexcommotion.ca\/wp-content\/uploads\/2023\/09\/Janie-Guimond-1-10.png\",\"datePublished\":\"2023-09-10T14:12:06+00:00\",\"dateModified\":\"2024-05-29T20:41:43+00:00\",\"description\":\"PATRICK VYBOH ACU ACUPUNCTEUR Membre de l\u2019OAQ (Ordre des acupuncteurs du Qu\u00e9bec). Expert en traitement de l\u2019anxi\u00e9t\u00e9, stress et troubles syst\u00e8me nerveux.\",\"breadcrumb\":{\"@id\":\"https:\/\/vertexcommotion.ca\/notre-equipe-patrick-vyboh-acupuncteur\/#breadcrumb\"},\"inLanguage\":\"en-CA\",\"potentialAction\":[{\"@type\":\"ReadAction\",\"target\":[\"https:\/\/vertexcommotion.ca\/notre-equipe-patrick-vyboh-acupuncteur\/\"]}]},{\"@type\":\"ImageObject\",\"inLanguage\":\"en-CA\",\"@id\":\"https:\/\/vertexcommotion.ca\/notre-equipe-patrick-vyboh-acupuncteur\/#primaryimage\",\"url\":\"https:\/\/vertexcommotion.ca\/wp-content\/uploads\/2023\/09\/Janie-Guimond-1-10.png\",\"contentUrl\":\"https:\/\/vertexcommotion.ca\/wp-content\/uploads\/2023\/09\/Janie-Guimond-1-10.png\"},{\"@type\":\"BreadcrumbList\",\"@id\":\"https:\/\/vertexcommotion.ca\/notre-equipe-patrick-vyboh-acupuncteur\/#breadcrumb\",\"itemListElement\":[{\"@type\":\"ListItem\",\"position\":1,\"name\":\"Home\",\"item\":\"https:\/\/vertexcommotion.ca\/\"},{\"@type\":\"ListItem\",\"position\":2,\"name\":\"Notre \u00c9quipe: Patrick Vyboh, Acupuncteur\"}]},{\"@type\":\"WebSite\",\"@id\":\"https:\/\/vertexcommotion.ca\/#website\",\"url\":\"https:\/\/vertexcommotion.ca\/\",\"name\":\"Vertex\",\"description\":\"\",\"publisher\":{\"@id\":\"https:\/\/vertexcommotion.ca\/#organization\"},\"potentialAction\":[{\"@type\":\"SearchAction\",\"target\":{\"@type\":\"EntryPoint\",\"urlTemplate\":\"https:\/\/vertexcommotion.ca\/?s={search_term_string}\"},\"query-input\":{\"@type\":\"PropertyValueSpecification\",\"valueRequired\":true,\"valueName\":\"search_term_string\"}}],\"inLanguage\":\"en-CA\"},{\"@type\":\"Organization\",\"@id\":\"https:\/\/vertexcommotion.ca\/#organization\",\"name\":\"Vertex\",\"url\":\"https:\/\/vertexcommotion.ca\/\",\"logo\":{\"@type\":\"ImageObject\",\"inLanguage\":\"en-CA\",\"@id\":\"https:\/\/vertexcommotion.ca\/#\/schema\/logo\/image\/\",\"url\":\"https:\/\/vertexcommotion.ca\/wp-content\/uploads\/2023\/09\/VertexLogo.png\",\"contentUrl\":\"https:\/\/vertexcommotion.ca\/wp-content\/uploads\/2023\/09\/VertexLogo.png\",\"width\":550,\"height\":245,\"caption\":\"Vertex\"},\"image\":{\"@id\":\"https:\/\/vertexcommotion.ca\/#\/schema\/logo\/image\/\"}}]}<\/script>\n<!-- \/ Yoast SEO plugin. -->","yoast_head_json":{"title":"Notre \u00c9quipe: Patrick Vyboh, ACUPUNCTEUR - Vertex","description":"PATRICK VYBOH ACU ACUPUNCTEUR Membre de l\u2019OAQ (Ordre des acupuncteurs du Qu\u00e9bec). Expert en traitement de l\u2019anxi\u00e9t\u00e9, stress et troubles syst\u00e8me nerveux.","robots":{"index":"index","follow":"follow","max-snippet":"max-snippet:-1","max-image-preview":"max-image-preview:large","max-video-preview":"max-video-preview:-1"},"canonical":"https:\/\/vertexcommotion.ca\/en\/notre-equipe-patrick-vyboh-acupuncteur\/","og_locale":"en_US","og_type":"article","og_title":"Notre \u00c9quipe: Patrick Vyboh, ACUPUNCTEUR - Vertex","og_description":"PATRICK VYBOH ACU ACUPUNCTEUR Membre de l\u2019OAQ (Ordre des acupuncteurs du Qu\u00e9bec). Expert en traitement de l\u2019anxi\u00e9t\u00e9, stress et troubles syst\u00e8me nerveux.","og_url":"https:\/\/vertexcommotion.ca\/en\/notre-equipe-patrick-vyboh-acupuncteur\/","og_site_name":"Vertex","article_modified_time":"2024-05-29T20:41:43+00:00","og_image":[{"url":"https:\/\/vertexcommotion.ca\/wp-content\/uploads\/2023\/09\/Janie-Guimond-1-10.png","type":"","width":"","height":""}],"twitter_card":"summary_large_image","twitter_misc":{"Est. reading time":"2 minutes"},"schema":{"@context":"https:\/\/schema.org","@graph":[{"@type":"WebPage","@id":"https:\/\/vertexcommotion.ca\/notre-equipe-patrick-vyboh-acupuncteur\/","url":"https:\/\/vertexcommotion.ca\/notre-equipe-patrick-vyboh-acupuncteur\/","name":"Notre \u00c9quipe: Patrick Vyboh, ACUPUNCTEUR - Vertex","isPartOf":{"@id":"https:\/\/vertexcommotion.ca\/#website"},"primaryImageOfPage":{"@id":"https:\/\/vertexcommotion.ca\/notre-equipe-patrick-vyboh-acupuncteur\/#primaryimage"},"image":{"@id":"https:\/\/vertexcommotion.ca\/notre-equipe-patrick-vyboh-acupuncteur\/#primaryimage"},"thumbnailUrl":"https:\/\/vertexcommotion.ca\/wp-content\/uploads\/2023\/09\/Janie-Guimond-1-10.png","datePublished":"2023-09-10T14:12:06+00:00","dateModified":"2024-05-29T20:41:43+00:00","description":"PATRICK VYBOH ACU ACUPUNCTEUR Membre de l\u2019OAQ (Ordre des acupuncteurs du Qu\u00e9bec). Expert en traitement de l\u2019anxi\u00e9t\u00e9, stress et troubles syst\u00e8me nerveux.","breadcrumb":{"@id":"https:\/\/vertexcommotion.ca\/notre-equipe-patrick-vyboh-acupuncteur\/#breadcrumb"},"inLanguage":"en-CA","potentialAction":[{"@type":"ReadAction","target":["https:\/\/vertexcommotion.ca\/notre-equipe-patrick-vyboh-acupuncteur\/"]}]},{"@type":"ImageObject","inLanguage":"en-CA","@id":"https:\/\/vertexcommotion.ca\/notre-equipe-patrick-vyboh-acupuncteur\/#primaryimage","url":"https:\/\/vertexcommotion.ca\/wp-content\/uploads\/2023\/09\/Janie-Guimond-1-10.png","contentUrl":"https:\/\/vertexcommotion.ca\/wp-content\/uploads\/2023\/09\/Janie-Guimond-1-10.png"},{"@type":"BreadcrumbList","@id":"https:\/\/vertexcommotion.ca\/notre-equipe-patrick-vyboh-acupuncteur\/#breadcrumb","itemListElement":[{"@type":"ListItem","position":1,"name":"Home","item":"https:\/\/vertexcommotion.ca\/"},{"@type":"ListItem","position":2,"name":"Notre \u00c9quipe: Patrick Vyboh, Acupuncteur"}]},{"@type":"WebSite","@id":"https:\/\/vertexcommotion.ca\/#website","url":"https:\/\/vertexcommotion.ca\/","name":"Vertex","description":"","publisher":{"@id":"https:\/\/vertexcommotion.ca\/#organization"},"potentialAction":[{"@type":"SearchAction","target":{"@type":"EntryPoint","urlTemplate":"https:\/\/vertexcommotion.ca\/?s={search_term_string}"},"query-input":{"@type":"PropertyValueSpecification","valueRequired":true,"valueName":"search_term_string"}}],"inLanguage":"en-CA"},{"@type":"Organization","@id":"https:\/\/vertexcommotion.ca\/#organization","name":"Vertex","url":"https:\/\/vertexcommotion.ca\/","logo":{"@type":"ImageObject","inLanguage":"en-CA","@id":"https:\/\/vertexcommotion.ca\/#\/schema\/logo\/image\/","url":"https:\/\/vertexcommotion.ca\/wp-content\/uploads\/2023\/09\/VertexLogo.png","contentUrl":"https:\/\/vertexcommotion.ca\/wp-content\/uploads\/2023\/09\/VertexLogo.png","width":550,"height":245,"caption":"Vertex"},"image":{"@id":"https:\/\/vertexcommotion.ca\/#\/schema\/logo\/image\/"}}]}},"_links":{"self":[{"href":"https:\/\/vertexcommotion.ca\/en\/wp-json\/wp\/v2\/pages\/1190","targetHints":{"allow":["GET"]}}],"collection":[{"href":"https:\/\/vertexcommotion.ca\/en\/wp-json\/wp\/v2\/pages"}],"about":[{"href":"https:\/\/vertexcommotion.ca\/en\/wp-json\/wp\/v2\/types\/page"}],"author":[{"embeddable":true,"href":"https:\/\/vertexcommotion.ca\/en\/wp-json\/wp\/v2\/users\/6"}],"replies":[{"embeddable":true,"href":"https:\/\/vertexcommotion.ca\/en\/wp-json\/wp\/v2\/comments?post=1190"}],"version-history":[{"count":58,"href":"https:\/\/vertexcommotion.ca\/en\/wp-json\/wp\/v2\/pages\/1190\/revisions"}],"predecessor-version":[{"id":4254,"href":"https:\/\/vertexcommotion.ca\/en\/wp-json\/wp\/v2\/pages\/1190\/revisions\/4254"}],"wp:attachment":[{"href":"https:\/\/vertexcommotion.ca\/en\/wp-json\/wp\/v2\/media?parent=1190"}],"curies":[{"name":"wp","href":"https:\/\/api.w.org\/{rel}","templated":true}]}}