{"id":1181,"date":"2023-09-10T14:11:35","date_gmt":"2023-09-10T14:11:35","guid":{"rendered":"https:\/\/vertexcommotion.ca\/?page_id=1181"},"modified":"2024-07-16T20:51:36","modified_gmt":"2024-07-16T20:51:36","slug":"notre-equipe-stephanie-tanguay-acupuncteure","status":"publish","type":"page","link":"https:\/\/vertexcommotion.ca\/en\/notre-equipe-stephanie-tanguay-acupuncteure\/","title":{"rendered":"Notre \u00c9quipe: St\u00e9phanie Tanguay, Acupuncteure"},"content":{"rendered":"<div data-elementor-type=\"wp-page\" data-elementor-id=\"1181\" class=\"elementor elementor-1181\">\n\t\t\t\t<div class=\"elementor-element elementor-element-f1890d3 gradiant-emma e-flex e-con-boxed e-con e-parent\" data-id=\"f1890d3\" data-element_type=\"container\">\n\t\t\t\t\t<div class=\"e-con-inner\">\n\t\t\t\t<div class=\"elementor-element elementor-element-e589e5d elementor-widget__width-inherit elementor-widget elementor-widget-hub_fancy_heading\" data-id=\"e589e5d\" data-element_type=\"widget\" data-widget_type=\"hub_fancy_heading.default\">\n\t\t\t\t<div class=\"elementor-widget-container\">\n\t\t\t\t\t\n\t\t<div id=\"ld-fancy-heading-69daa06468519\" class=\"ld-fancy-heading pos-rel\">\n\t\t\t<h2 class=\"ld-fh-element d-inline-block pos-rel  elementor-heading-title lqd-highlight-classic lqd-highlight-grow-left h2\"  > Our Team<\/h2>\t\t<\/div>\n\n\t\t\t\t\t\t<\/div>\n\t\t\t\t<\/div>\n\t\t\t\t<div class=\"elementor-element elementor-element-8a64133 elementor-widget__width-initial elementor-widget elementor-widget-hub_fancy_heading\" data-id=\"8a64133\" data-element_type=\"widget\" data-widget_type=\"hub_fancy_heading.default\">\n\t\t\t\t<div class=\"elementor-widget-container\">\n\t\t\t\t\t\n\t\t<div id=\"ld-fancy-heading-69daa064688c0\" class=\"ld-fancy-heading pos-rel\">\n\t\t\t<h2 class=\"ld-fh-element d-inline-block pos-rel  elementor-heading-title lqd-highlight-classic lqd-highlight-grow-left h2\"  > AT VERTEX, WE ARE A TEAM OF DEDICATED PROFESSIONALS AND WE COLLABORATE TO ENSURE THE OPTIMUM INDIVIDUALIZED REHABILITATION OF EACH OF OUR PATIENTS.<\/h2>\t\t<\/div>\n\n\t\t\t\t\t\t<\/div>\n\t\t\t\t<\/div>\n\t\t\t\t\t<\/div>\n\t\t\t\t<\/div>\n\t\t<div class=\"elementor-element elementor-element-d579ef0 e-con-full notre-equpe-emma e-flex e-con e-parent\" data-id=\"d579ef0\" data-element_type=\"container\">\n\t\t<div data-lqd-section-scroll=\"true\" class=\"elementor-element elementor-element-1c30aff e-con-full left-side-scroll e-flex e-con e-child\" data-id=\"1c30aff\" data-element_type=\"container\">\n\t\t\t\t<div class=\"elementor-element elementor-element-78eecd6 elementor-widget elementor-widget-hub_fancy_heading\" data-id=\"78eecd6\" data-element_type=\"widget\" data-widget_type=\"hub_fancy_heading.default\">\n\t\t\t\t<div class=\"elementor-widget-container\">\n\t\t\t\t\t\n\t\t<div id=\"ld-fancy-heading-69daa0646907a\" class=\"ld-fancy-heading pos-rel\">\n\t\t\t<h2 class=\"ld-fh-element d-inline-block pos-rel  elementor-heading-title lqd-highlight-classic lqd-highlight-grow-left h2\"  > ST\u00c9PHANIE TANGUAY<br> ACU<\/h2>\t\t<\/div>\n\n\t\t\t\t\t\t<\/div>\n\t\t\t\t<\/div>\n\t\t\t\t<div class=\"elementor-element elementor-element-f23c152 elementor-widget elementor-widget-hub_fancy_heading\" data-id=\"f23c152\" data-element_type=\"widget\" data-widget_type=\"hub_fancy_heading.default\">\n\t\t\t\t<div class=\"elementor-widget-container\">\n\t\t\t\t\t\n\t\t<div id=\"ld-fancy-heading-69daa064693ad\" class=\"ld-fancy-heading pos-rel\">\n\t\t\t<h2 class=\"ld-fh-element d-inline-block pos-rel  elementor-heading-title lqd-highlight-classic lqd-highlight-grow-left h2\"  > ACUPUNCTURER<\/h2>\t\t<\/div>\n\n\t\t\t\t\t\t<\/div>\n\t\t\t\t<\/div>\n\t\t\t\t<div class=\"elementor-element elementor-element-4643759 elementor-widget elementor-widget-hub_fancy_heading\" data-id=\"4643759\" data-element_type=\"widget\" data-widget_type=\"hub_fancy_heading.default\">\n\t\t\t\t<div class=\"elementor-widget-container\">\n\t\t\t\t\t\n\t\t<div id=\"ld-fancy-heading-69daa064696bf\" class=\"ld-fancy-heading pos-rel\">\n\t\t\t<h2 class=\"ld-fh-element d-inline-block pos-rel  elementor-heading-title lqd-highlight-classic lqd-highlight-grow-left h2\"  > Member of the OAQ (Order of Acupuncturists of Quebec) Pediatrics and acupuncture The contribution of acupuncture in the treatment of cancer Smoking and acupuncture Treatment of infertility with acupuncture\n\n<br><br>St\u00e9phanie graduated from Coll\u00e8ge de Rosemont in acupuncture in 2004 and has been a member of the Order of Acupuncturists of Quebec since then. She is also a member of the Association of Acupuncturists of Quebec.\n\n<br><br>An experienced acupuncturist, she cares about the well-being and health of her patients. She considers that listening is part of the success of her treatments.\n\n<br><br>His interests are very varied. Among other things, she has worked extensively with women having difficulty conceiving, pregnant women (during and after pregnancy, but also during childbirth) and everything surrounding perimenopause. She is always looking for training that can make her an even more complete therapist.\n\n<br><br>Without being an athlete, St\u00e9phanie has always played a lot of sports. It was while practicing one of these that she suffered a concussion at the beginning of 2022. This is how she discovered the Vertex Commotion team. Feeling challenged, it was with great pleasure, but also professional curiosity and a desire to learn more, that she joined the team.\n\n<br><br>St\u00e9phanie is the mother of two athletic teenagers. The search for balance and work-family reconciliation advocated to his patients are therefore at the heart of his daily life.<\/h2>\t\t<\/div>\n\n\t\t\t\t\t\t<\/div>\n\t\t\t\t<\/div>\n\t\t\t\t<\/div>\n\t\t<div class=\"elementor-element elementor-element-5c371fd e-con-full e-flex e-con e-child\" data-id=\"5c371fd\" data-element_type=\"container\" data-settings=\"{&quot;background_background&quot;:&quot;classic&quot;}\">\n\t\t\t\t<div class=\"elementor-element elementor-element-208f907 elementor-widget elementor-widget-ld_fancy_image\" data-id=\"208f907\" data-element_type=\"widget\" data-widget_type=\"ld_fancy_image.default\">\n\t\t\t\t<div class=\"elementor-widget-container\">\n\t\t\t\t\t\n\t\t<div class=\"lqd-imggrp-single d-block pos-rel\">\n\t\t\t<div class=\"lqd-imggrp-img-container d-inline-flex pos-rel align-items-center justify-content-center\">\n\t\t\t\t\t\t\t\t<figure class=\"w-100 pos-rel\">\n\t\t\t\t\t<img fetchpriority=\"high\" decoding=\"async\" width=\"1041\" height=\"763\" src=\"https:\/\/vertexcommotion.ca\/wp-content\/uploads\/2023\/09\/Janie-Guimond-1-1-2.png\" class=\"attachment-full size-full wp-image-2810\" alt=\"\" srcset=\"https:\/\/vertexcommotion.ca\/wp-content\/uploads\/2023\/09\/Janie-Guimond-1-1-2.png 1041w, https:\/\/vertexcommotion.ca\/wp-content\/uploads\/2023\/09\/Janie-Guimond-1-1-2-300x220.png 300w, https:\/\/vertexcommotion.ca\/wp-content\/uploads\/2023\/09\/Janie-Guimond-1-1-2-1024x751.png 1024w, https:\/\/vertexcommotion.ca\/wp-content\/uploads\/2023\/09\/Janie-Guimond-1-1-2-16x12.png 16w\" sizes=\"(max-width: 1041px) 100vw, 1041px\" itemprop=\"image\" \/>\t\t\t\t\t\t\t\t\t\t\t\t\t\t\t\t\t\t\t\t\t\t\t\t\t\t\t\t\t<\/figure>\n\t\t\t<\/div>\n\t\t<\/div>\n\n\t\t\t\t\t<\/div>\n\t\t\t\t<\/div>\n\t\t\t\t<\/div>\n\t\t\t\t<\/div>\n\t\t\t\t<\/div>","protected":false},"excerpt":{"rendered":"<p>Notre \u00c9quipe Chez Vertex, nous sommes une \u00e9quipe de professionnels d\u00e9vou\u00e9s et nous collaborons afin d\u2019assurer la r\u00e9adaptation individualis\u00e9e optimale de chacun de nos patients. St\u00e9phanie Tanguay Acu Acupuncteure Membre de l\u2019OAQ (Ordre des acupuncteurs du Qu\u00e9bec) P\u00e9diatrie et acupuncture L\u2019apport de l\u2019acupuncture dans le traitement du cancer Tabagisme et acupuncture Traitement de l\u2019infertilit\u00e9 par [&hellip;]<\/p>","protected":false},"author":6,"featured_media":0,"parent":0,"menu_order":0,"comment_status":"closed","ping_status":"closed","template":"","meta":{"footnotes":""},"class_list":["post-1181","page","type-page","status-publish","hentry"],"yoast_head":"<!-- This site is optimized with the Yoast SEO plugin v25.0 - https:\/\/yoast.com\/wordpress\/plugins\/seo\/ -->\n<title>Notre \u00c9quipe: St\u00e9phanie Tanguay, Acupuncteure<\/title>\n<meta name=\"description\" content=\"St\u00e9phanie Tanguay est dipl\u00f4m\u00e9e du Coll\u00e8ge de Rosemont en acupuncture en 2004 et est membre de l\u2019Ordre des Acupuncteurs du Qu\u00e9bec.\" \/>\n<meta name=\"robots\" content=\"index, follow, max-snippet:-1, max-image-preview:large, max-video-preview:-1\" \/>\n<link rel=\"canonical\" href=\"https:\/\/vertexcommotion.ca\/en\/notre-equipe-stephanie-tanguay-acupuncteure\/\" \/>\n<meta property=\"og:locale\" content=\"en_US\" \/>\n<meta property=\"og:type\" content=\"article\" \/>\n<meta property=\"og:title\" content=\"Notre \u00c9quipe: St\u00e9phanie Tanguay, Acupuncteure\" \/>\n<meta property=\"og:description\" content=\"St\u00e9phanie Tanguay est dipl\u00f4m\u00e9e du Coll\u00e8ge de Rosemont en acupuncture en 2004 et est membre de l\u2019Ordre des Acupuncteurs du Qu\u00e9bec.\" \/>\n<meta property=\"og:url\" content=\"https:\/\/vertexcommotion.ca\/en\/notre-equipe-stephanie-tanguay-acupuncteure\/\" \/>\n<meta property=\"og:site_name\" content=\"Vertex\" \/>\n<meta property=\"article:modified_time\" content=\"2024-07-16T20:51:36+00:00\" \/>\n<meta property=\"og:image\" content=\"https:\/\/vertexcommotion.ca\/wp-content\/uploads\/2023\/09\/Janie-Guimond-1-1-2.png\" \/>\n<meta name=\"twitter:card\" content=\"summary_large_image\" \/>\n<meta name=\"twitter:label1\" content=\"Est. reading time\" \/>\n\t<meta name=\"twitter:data1\" content=\"2 minutes\" \/>\n<script type=\"application\/ld+json\" class=\"yoast-schema-graph\">{\"@context\":\"https:\/\/schema.org\",\"@graph\":[{\"@type\":\"WebPage\",\"@id\":\"https:\/\/vertexcommotion.ca\/notre-equipe-stephanie-tanguay-acupuncteure\/\",\"url\":\"https:\/\/vertexcommotion.ca\/notre-equipe-stephanie-tanguay-acupuncteure\/\",\"name\":\"Notre \u00c9quipe: St\u00e9phanie Tanguay, Acupuncteure\",\"isPartOf\":{\"@id\":\"https:\/\/vertexcommotion.ca\/#website\"},\"primaryImageOfPage\":{\"@id\":\"https:\/\/vertexcommotion.ca\/notre-equipe-stephanie-tanguay-acupuncteure\/#primaryimage\"},\"image\":{\"@id\":\"https:\/\/vertexcommotion.ca\/notre-equipe-stephanie-tanguay-acupuncteure\/#primaryimage\"},\"thumbnailUrl\":\"https:\/\/vertexcommotion.ca\/wp-content\/uploads\/2023\/09\/Janie-Guimond-1-1-2.png\",\"datePublished\":\"2023-09-10T14:11:35+00:00\",\"dateModified\":\"2024-07-16T20:51:36+00:00\",\"description\":\"St\u00e9phanie Tanguay est dipl\u00f4m\u00e9e du Coll\u00e8ge de Rosemont en acupuncture en 2004 et est membre de l\u2019Ordre des Acupuncteurs du Qu\u00e9bec.\",\"breadcrumb\":{\"@id\":\"https:\/\/vertexcommotion.ca\/notre-equipe-stephanie-tanguay-acupuncteure\/#breadcrumb\"},\"inLanguage\":\"en-CA\",\"potentialAction\":[{\"@type\":\"ReadAction\",\"target\":[\"https:\/\/vertexcommotion.ca\/notre-equipe-stephanie-tanguay-acupuncteure\/\"]}]},{\"@type\":\"ImageObject\",\"inLanguage\":\"en-CA\",\"@id\":\"https:\/\/vertexcommotion.ca\/notre-equipe-stephanie-tanguay-acupuncteure\/#primaryimage\",\"url\":\"https:\/\/vertexcommotion.ca\/wp-content\/uploads\/2023\/09\/Janie-Guimond-1-1-2.png\",\"contentUrl\":\"https:\/\/vertexcommotion.ca\/wp-content\/uploads\/2023\/09\/Janie-Guimond-1-1-2.png\"},{\"@type\":\"BreadcrumbList\",\"@id\":\"https:\/\/vertexcommotion.ca\/notre-equipe-stephanie-tanguay-acupuncteure\/#breadcrumb\",\"itemListElement\":[{\"@type\":\"ListItem\",\"position\":1,\"name\":\"Home\",\"item\":\"https:\/\/vertexcommotion.ca\/\"},{\"@type\":\"ListItem\",\"position\":2,\"name\":\"Notre \u00c9quipe: St\u00e9phanie Tanguay, Acupuncteure\"}]},{\"@type\":\"WebSite\",\"@id\":\"https:\/\/vertexcommotion.ca\/#website\",\"url\":\"https:\/\/vertexcommotion.ca\/\",\"name\":\"Vertex\",\"description\":\"\",\"publisher\":{\"@id\":\"https:\/\/vertexcommotion.ca\/#organization\"},\"potentialAction\":[{\"@type\":\"SearchAction\",\"target\":{\"@type\":\"EntryPoint\",\"urlTemplate\":\"https:\/\/vertexcommotion.ca\/?s={search_term_string}\"},\"query-input\":{\"@type\":\"PropertyValueSpecification\",\"valueRequired\":true,\"valueName\":\"search_term_string\"}}],\"inLanguage\":\"en-CA\"},{\"@type\":\"Organization\",\"@id\":\"https:\/\/vertexcommotion.ca\/#organization\",\"name\":\"Vertex\",\"url\":\"https:\/\/vertexcommotion.ca\/\",\"logo\":{\"@type\":\"ImageObject\",\"inLanguage\":\"en-CA\",\"@id\":\"https:\/\/vertexcommotion.ca\/#\/schema\/logo\/image\/\",\"url\":\"https:\/\/vertexcommotion.ca\/wp-content\/uploads\/2023\/09\/VertexLogo.png\",\"contentUrl\":\"https:\/\/vertexcommotion.ca\/wp-content\/uploads\/2023\/09\/VertexLogo.png\",\"width\":550,\"height\":245,\"caption\":\"Vertex\"},\"image\":{\"@id\":\"https:\/\/vertexcommotion.ca\/#\/schema\/logo\/image\/\"}}]}<\/script>\n<!-- \/ Yoast SEO plugin. -->","yoast_head_json":{"title":"Notre \u00c9quipe: St\u00e9phanie Tanguay, Acupuncteure","description":"St\u00e9phanie Tanguay est dipl\u00f4m\u00e9e du Coll\u00e8ge de Rosemont en acupuncture en 2004 et est membre de l\u2019Ordre des Acupuncteurs du Qu\u00e9bec.","robots":{"index":"index","follow":"follow","max-snippet":"max-snippet:-1","max-image-preview":"max-image-preview:large","max-video-preview":"max-video-preview:-1"},"canonical":"https:\/\/vertexcommotion.ca\/en\/notre-equipe-stephanie-tanguay-acupuncteure\/","og_locale":"en_US","og_type":"article","og_title":"Notre \u00c9quipe: St\u00e9phanie Tanguay, Acupuncteure","og_description":"St\u00e9phanie Tanguay est dipl\u00f4m\u00e9e du Coll\u00e8ge de Rosemont en acupuncture en 2004 et est membre de l\u2019Ordre des Acupuncteurs du Qu\u00e9bec.","og_url":"https:\/\/vertexcommotion.ca\/en\/notre-equipe-stephanie-tanguay-acupuncteure\/","og_site_name":"Vertex","article_modified_time":"2024-07-16T20:51:36+00:00","og_image":[{"url":"https:\/\/vertexcommotion.ca\/wp-content\/uploads\/2023\/09\/Janie-Guimond-1-1-2.png","type":"","width":"","height":""}],"twitter_card":"summary_large_image","twitter_misc":{"Est. reading time":"2 minutes"},"schema":{"@context":"https:\/\/schema.org","@graph":[{"@type":"WebPage","@id":"https:\/\/vertexcommotion.ca\/notre-equipe-stephanie-tanguay-acupuncteure\/","url":"https:\/\/vertexcommotion.ca\/notre-equipe-stephanie-tanguay-acupuncteure\/","name":"Notre \u00c9quipe: St\u00e9phanie Tanguay, Acupuncteure","isPartOf":{"@id":"https:\/\/vertexcommotion.ca\/#website"},"primaryImageOfPage":{"@id":"https:\/\/vertexcommotion.ca\/notre-equipe-stephanie-tanguay-acupuncteure\/#primaryimage"},"image":{"@id":"https:\/\/vertexcommotion.ca\/notre-equipe-stephanie-tanguay-acupuncteure\/#primaryimage"},"thumbnailUrl":"https:\/\/vertexcommotion.ca\/wp-content\/uploads\/2023\/09\/Janie-Guimond-1-1-2.png","datePublished":"2023-09-10T14:11:35+00:00","dateModified":"2024-07-16T20:51:36+00:00","description":"St\u00e9phanie Tanguay est dipl\u00f4m\u00e9e du Coll\u00e8ge de Rosemont en acupuncture en 2004 et est membre de l\u2019Ordre des Acupuncteurs du Qu\u00e9bec.","breadcrumb":{"@id":"https:\/\/vertexcommotion.ca\/notre-equipe-stephanie-tanguay-acupuncteure\/#breadcrumb"},"inLanguage":"en-CA","potentialAction":[{"@type":"ReadAction","target":["https:\/\/vertexcommotion.ca\/notre-equipe-stephanie-tanguay-acupuncteure\/"]}]},{"@type":"ImageObject","inLanguage":"en-CA","@id":"https:\/\/vertexcommotion.ca\/notre-equipe-stephanie-tanguay-acupuncteure\/#primaryimage","url":"https:\/\/vertexcommotion.ca\/wp-content\/uploads\/2023\/09\/Janie-Guimond-1-1-2.png","contentUrl":"https:\/\/vertexcommotion.ca\/wp-content\/uploads\/2023\/09\/Janie-Guimond-1-1-2.png"},{"@type":"BreadcrumbList","@id":"https:\/\/vertexcommotion.ca\/notre-equipe-stephanie-tanguay-acupuncteure\/#breadcrumb","itemListElement":[{"@type":"ListItem","position":1,"name":"Home","item":"https:\/\/vertexcommotion.ca\/"},{"@type":"ListItem","position":2,"name":"Notre \u00c9quipe: St\u00e9phanie Tanguay, Acupuncteure"}]},{"@type":"WebSite","@id":"https:\/\/vertexcommotion.ca\/#website","url":"https:\/\/vertexcommotion.ca\/","name":"Vertex","description":"","publisher":{"@id":"https:\/\/vertexcommotion.ca\/#organization"},"potentialAction":[{"@type":"SearchAction","target":{"@type":"EntryPoint","urlTemplate":"https:\/\/vertexcommotion.ca\/?s={search_term_string}"},"query-input":{"@type":"PropertyValueSpecification","valueRequired":true,"valueName":"search_term_string"}}],"inLanguage":"en-CA"},{"@type":"Organization","@id":"https:\/\/vertexcommotion.ca\/#organization","name":"Vertex","url":"https:\/\/vertexcommotion.ca\/","logo":{"@type":"ImageObject","inLanguage":"en-CA","@id":"https:\/\/vertexcommotion.ca\/#\/schema\/logo\/image\/","url":"https:\/\/vertexcommotion.ca\/wp-content\/uploads\/2023\/09\/VertexLogo.png","contentUrl":"https:\/\/vertexcommotion.ca\/wp-content\/uploads\/2023\/09\/VertexLogo.png","width":550,"height":245,"caption":"Vertex"},"image":{"@id":"https:\/\/vertexcommotion.ca\/#\/schema\/logo\/image\/"}}]}},"_links":{"self":[{"href":"https:\/\/vertexcommotion.ca\/en\/wp-json\/wp\/v2\/pages\/1181","targetHints":{"allow":["GET"]}}],"collection":[{"href":"https:\/\/vertexcommotion.ca\/en\/wp-json\/wp\/v2\/pages"}],"about":[{"href":"https:\/\/vertexcommotion.ca\/en\/wp-json\/wp\/v2\/types\/page"}],"author":[{"embeddable":true,"href":"https:\/\/vertexcommotion.ca\/en\/wp-json\/wp\/v2\/users\/6"}],"replies":[{"embeddable":true,"href":"https:\/\/vertexcommotion.ca\/en\/wp-json\/wp\/v2\/comments?post=1181"}],"version-history":[{"count":50,"href":"https:\/\/vertexcommotion.ca\/en\/wp-json\/wp\/v2\/pages\/1181\/revisions"}],"predecessor-version":[{"id":4700,"href":"https:\/\/vertexcommotion.ca\/en\/wp-json\/wp\/v2\/pages\/1181\/revisions\/4700"}],"wp:attachment":[{"href":"https:\/\/vertexcommotion.ca\/en\/wp-json\/wp\/v2\/media?parent=1181"}],"curies":[{"name":"wp","href":"https:\/\/api.w.org\/{rel}","templated":true}]}}