{"id":1179,"date":"2023-09-10T14:08:58","date_gmt":"2023-09-10T14:08:58","guid":{"rendered":"https:\/\/vertexcommotion.ca\/?page_id=1179"},"modified":"2024-05-29T20:40:59","modified_gmt":"2024-05-29T20:40:59","slug":"notre-equipe-justin-miron-b-sc-kinesiologie-3e-annee-kinesiologue","status":"publish","type":"page","link":"https:\/\/vertexcommotion.ca\/en\/notre-equipe-justin-miron-b-sc-kinesiologie-3e-annee-kinesiologue\/","title":{"rendered":"Notre \u00c9quipe: Justin Miron B. Sc., kin\u00e9siologie (3e ann\u00e9e) kin\u00e9siologue"},"content":{"rendered":"<div data-elementor-type=\"wp-page\" data-elementor-id=\"1179\" class=\"elementor elementor-1179\">\n\t\t\t\t<div class=\"elementor-element elementor-element-e85aece gradiant-emma e-flex e-con-boxed e-con e-parent\" data-id=\"e85aece\" data-element_type=\"container\">\n\t\t\t\t\t<div class=\"e-con-inner\">\n\t\t\t\t<div class=\"elementor-element elementor-element-1f24d4a elementor-widget__width-inherit elementor-widget elementor-widget-hub_fancy_heading\" data-id=\"1f24d4a\" data-element_type=\"widget\" data-widget_type=\"hub_fancy_heading.default\">\n\t\t\t\t<div class=\"elementor-widget-container\">\n\t\t\t\t\t\n\t\t<div id=\"ld-fancy-heading-69daa33e455e1\" class=\"ld-fancy-heading pos-rel\">\n\t\t\t<h2 class=\"ld-fh-element d-inline-block pos-rel  elementor-heading-title lqd-highlight-classic lqd-highlight-grow-left h2\"  > Our Team<\/h2>\t\t<\/div>\n\n\t\t\t\t\t\t<\/div>\n\t\t\t\t<\/div>\n\t\t\t\t<div class=\"elementor-element elementor-element-b9b3ce9 elementor-widget__width-initial elementor-widget elementor-widget-hub_fancy_heading\" data-id=\"b9b3ce9\" data-element_type=\"widget\" data-widget_type=\"hub_fancy_heading.default\">\n\t\t\t\t<div class=\"elementor-widget-container\">\n\t\t\t\t\t\n\t\t<div id=\"ld-fancy-heading-69daa33e45b51\" class=\"ld-fancy-heading pos-rel\">\n\t\t\t<h2 class=\"ld-fh-element d-inline-block pos-rel  elementor-heading-title lqd-highlight-classic lqd-highlight-grow-left h2\"  > AT VERTEX, WE ARE A TEAM OF DEDICATED PROFESSIONALS AND WE COLLABORATE TO ENSURE THE OPTIMUM INDIVIDUALIZED REHABILITATION OF EACH OF OUR PATIENTS.<\/h2>\t\t<\/div>\n\n\t\t\t\t\t\t<\/div>\n\t\t\t\t<\/div>\n\t\t\t\t\t<\/div>\n\t\t\t\t<\/div>\n\t\t<div class=\"elementor-element elementor-element-2333a3c e-con-full notre-equpe-emma e-flex e-con e-parent\" data-id=\"2333a3c\" data-element_type=\"container\">\n\t\t<div data-lqd-section-scroll=\"true\" class=\"elementor-element elementor-element-9d0a5f1 e-con-full left-side-scroll e-flex e-con e-child\" data-id=\"9d0a5f1\" data-element_type=\"container\">\n\t\t\t\t<div class=\"elementor-element elementor-element-a629b43 elementor-widget elementor-widget-hub_fancy_heading\" data-id=\"a629b43\" data-element_type=\"widget\" data-widget_type=\"hub_fancy_heading.default\">\n\t\t\t\t<div class=\"elementor-widget-container\">\n\t\t\t\t\t\n\t\t<div id=\"ld-fancy-heading-69daa33e464db\" class=\"ld-fancy-heading pos-rel\">\n\t\t\t<h2 class=\"ld-fh-element d-inline-block pos-rel  elementor-heading-title lqd-highlight-classic lqd-highlight-grow-left h2\"  > JUSTIN MIRON <br>B.SC., 4TH YEAR<\/h2>\t\t<\/div>\n\n\t\t\t\t\t\t<\/div>\n\t\t\t\t<\/div>\n\t\t\t\t<div class=\"elementor-element elementor-element-401f1af elementor-widget elementor-widget-hub_fancy_heading\" data-id=\"401f1af\" data-element_type=\"widget\" data-widget_type=\"hub_fancy_heading.default\">\n\t\t\t\t<div class=\"elementor-widget-container\">\n\t\t\t\t\t\n\t\t<div id=\"ld-fancy-heading-69daa33e468a3\" class=\"ld-fancy-heading pos-rel\">\n\t\t\t<h2 class=\"ld-fh-element d-inline-block pos-rel  elementor-heading-title lqd-highlight-classic lqd-highlight-grow-left h2\"  > KINESIOLOGIST<\/h2>\t\t<\/div>\n\n\t\t\t\t\t\t<\/div>\n\t\t\t\t<\/div>\n\t\t\t\t<div class=\"elementor-element elementor-element-d044f66 elementor-widget elementor-widget-hub_fancy_heading\" data-id=\"d044f66\" data-element_type=\"widget\" data-widget_type=\"hub_fancy_heading.default\">\n\t\t\t\t<div class=\"elementor-widget-container\">\n\t\t\t\t\t\n\t\t<div id=\"ld-fancy-heading-69daa33e46bd7\" class=\"ld-fancy-heading pos-rel\">\n\t\t\t<h2 class=\"ld-fh-element d-inline-block pos-rel  elementor-heading-title lqd-highlight-classic lqd-highlight-grow-left h2\"  > NeuroTracker Academy Advanced Certification  \n<br>DWMA (Dynamic Warm-up Movement Assessment) certification\n<br>Certified Athlete Load Monitoring: Acute To Chronic Workload Ratio\n<br>NCCP Certification (National Coaching Certification Program)\n<br>CPR certification (Red Cross)\n\n<br><br>Passionate about hockey and training, he has always played in elite hockey since the age of 12. He had to quickly learn to incorporate discipline and a healthy lifestyle into his routine. He also surrounded himself with qualified health people to maximize his potential as an athlete (kinesiologist, osteopath, physiotherapist, nutritionist). In 2017, a major concussion deprived him of his sport for a year. The rehabilitation was long and full of ups and downs. It was during this period that he met Kyla Demers' team and understood the importance of integrating cognitive training (NeuroTracker) into physical training.\u00a0\n\n<br><br>He is currently in his third year of his bachelor's degree in Kinesiology and is a student-athlete with the Aigles Bleues hockey team at the University of Moncton. During the summer season, he physically prepares young hockey players and clients wanting general strengthening and\/or getting back into shape, in addition to continuing his training to come back strong with each new hockey season. Professional and dedicated to his clients, he works to bring out the best in you. \n\n<\/h2>\t\t<\/div>\n\n\t\t\t\t\t\t<\/div>\n\t\t\t\t<\/div>\n\t\t\t\t<\/div>\n\t\t<div class=\"elementor-element elementor-element-3e225d5 e-con-full e-flex e-con e-child\" data-id=\"3e225d5\" data-element_type=\"container\" data-settings=\"{&quot;background_background&quot;:&quot;classic&quot;}\">\n\t\t\t\t<div class=\"elementor-element elementor-element-9ccb06e elementor-widget elementor-widget-ld_fancy_image\" data-id=\"9ccb06e\" data-element_type=\"widget\" data-widget_type=\"ld_fancy_image.default\">\n\t\t\t\t<div class=\"elementor-widget-container\">\n\t\t\t\t\t\n\t\t<div class=\"lqd-imggrp-single d-block pos-rel\">\n\t\t\t<div class=\"lqd-imggrp-img-container d-inline-flex pos-rel align-items-center justify-content-center\">\n\t\t\t\t\t\t\t\t<figure class=\"w-100 pos-rel\">\n\t\t\t\t\t<img fetchpriority=\"high\" decoding=\"async\" width=\"1042\" height=\"763\" src=\"https:\/\/vertexcommotion.ca\/wp-content\/uploads\/2023\/09\/Janie-Guimond-1-9.png\" class=\"attachment-full size-full wp-image-1895\" alt=\"\" srcset=\"https:\/\/vertexcommotion.ca\/wp-content\/uploads\/2023\/09\/Janie-Guimond-1-9.png 1042w, https:\/\/vertexcommotion.ca\/wp-content\/uploads\/2023\/09\/Janie-Guimond-1-9-300x220.png 300w, https:\/\/vertexcommotion.ca\/wp-content\/uploads\/2023\/09\/Janie-Guimond-1-9-1024x750.png 1024w, https:\/\/vertexcommotion.ca\/wp-content\/uploads\/2023\/09\/Janie-Guimond-1-9-16x12.png 16w\" sizes=\"(max-width: 1042px) 100vw, 1042px\" itemprop=\"image\" \/>\t\t\t\t\t\t\t\t\t\t\t\t\t\t\t\t\t\t\t\t\t\t\t\t\t\t\t\t\t<\/figure>\n\t\t\t<\/div>\n\t\t<\/div>\n\n\t\t\t\t\t<\/div>\n\t\t\t\t<\/div>\n\t\t\t\t<\/div>\n\t\t\t\t<\/div>\n\t\t\t\t<\/div>","protected":false},"excerpt":{"rendered":"<p>Notre \u00c9quipe Chez Vertex, nous sommes une \u00e9quipe de professionnels d\u00e9vou\u00e9s et nous collaborons afin d\u2019assurer la r\u00e9adaptation individualis\u00e9e optimale de chacun de nos patients. Justin Miron B.Sc., 4e ann\u00e9e kin\u00e9siologue Certification avanc\u00e9e NeuroTracker Academy Certification DWMA (Dynamic Warm-up Mouvement Assessment) Certification Athlete Load Monitoring: Acute To Chronic Workload Ratio Certification PNCE (Programme national de [&hellip;]<\/p>","protected":false},"author":6,"featured_media":0,"parent":0,"menu_order":0,"comment_status":"closed","ping_status":"closed","template":"","meta":{"footnotes":""},"class_list":["post-1179","page","type-page","status-publish","hentry"],"yoast_head":"<!-- This site is optimized with the Yoast SEO plugin v25.0 - https:\/\/yoast.com\/wordpress\/plugins\/seo\/ -->\n<title>Notre \u00c9quipe: Justin Miron B. Sc., kin\u00e9siologue<\/title>\n<meta name=\"description\" content=\"JUSTIN MIRON B.SC., 4E ANN\u00c9E KIN\u00c9SIOLOGUE Certification avanc\u00e9e NeuroTracker Academy, Certification programme national de certification des entra\u00eeneurs.\" \/>\n<meta name=\"robots\" content=\"index, follow, max-snippet:-1, max-image-preview:large, max-video-preview:-1\" \/>\n<link rel=\"canonical\" href=\"https:\/\/vertexcommotion.ca\/en\/notre-equipe-justin-miron-b-sc-kinesiologie-3e-annee-kinesiologue\/\" \/>\n<meta property=\"og:locale\" content=\"en_US\" \/>\n<meta property=\"og:type\" content=\"article\" \/>\n<meta property=\"og:title\" content=\"Notre \u00c9quipe: Justin Miron B. Sc., kin\u00e9siologue\" \/>\n<meta property=\"og:description\" content=\"JUSTIN MIRON B.SC., 4E ANN\u00c9E KIN\u00c9SIOLOGUE Certification avanc\u00e9e NeuroTracker Academy, Certification programme national de certification des entra\u00eeneurs.\" \/>\n<meta property=\"og:url\" content=\"https:\/\/vertexcommotion.ca\/en\/notre-equipe-justin-miron-b-sc-kinesiologie-3e-annee-kinesiologue\/\" \/>\n<meta property=\"og:site_name\" content=\"Vertex\" \/>\n<meta property=\"article:modified_time\" content=\"2024-05-29T20:40:59+00:00\" \/>\n<meta property=\"og:image\" content=\"https:\/\/vertexcommotion.ca\/wp-content\/uploads\/2023\/09\/Janie-Guimond-1-9.png\" \/>\n<meta name=\"twitter:card\" content=\"summary_large_image\" \/>\n<meta name=\"twitter:label1\" content=\"Est. reading time\" \/>\n\t<meta name=\"twitter:data1\" content=\"2 minutes\" \/>\n<script type=\"application\/ld+json\" class=\"yoast-schema-graph\">{\"@context\":\"https:\/\/schema.org\",\"@graph\":[{\"@type\":\"WebPage\",\"@id\":\"https:\/\/vertexcommotion.ca\/notre-equipe-justin-miron-b-sc-kinesiologie-3e-annee-kinesiologue\/\",\"url\":\"https:\/\/vertexcommotion.ca\/notre-equipe-justin-miron-b-sc-kinesiologie-3e-annee-kinesiologue\/\",\"name\":\"Notre \u00c9quipe: Justin Miron B. Sc., kin\u00e9siologue\",\"isPartOf\":{\"@id\":\"https:\/\/vertexcommotion.ca\/#website\"},\"primaryImageOfPage\":{\"@id\":\"https:\/\/vertexcommotion.ca\/notre-equipe-justin-miron-b-sc-kinesiologie-3e-annee-kinesiologue\/#primaryimage\"},\"image\":{\"@id\":\"https:\/\/vertexcommotion.ca\/notre-equipe-justin-miron-b-sc-kinesiologie-3e-annee-kinesiologue\/#primaryimage\"},\"thumbnailUrl\":\"https:\/\/vertexcommotion.ca\/wp-content\/uploads\/2023\/09\/Janie-Guimond-1-9.png\",\"datePublished\":\"2023-09-10T14:08:58+00:00\",\"dateModified\":\"2024-05-29T20:40:59+00:00\",\"description\":\"JUSTIN MIRON B.SC., 4E ANN\u00c9E KIN\u00c9SIOLOGUE Certification avanc\u00e9e NeuroTracker Academy, Certification programme national de certification des entra\u00eeneurs.\",\"breadcrumb\":{\"@id\":\"https:\/\/vertexcommotion.ca\/notre-equipe-justin-miron-b-sc-kinesiologie-3e-annee-kinesiologue\/#breadcrumb\"},\"inLanguage\":\"en-CA\",\"potentialAction\":[{\"@type\":\"ReadAction\",\"target\":[\"https:\/\/vertexcommotion.ca\/notre-equipe-justin-miron-b-sc-kinesiologie-3e-annee-kinesiologue\/\"]}]},{\"@type\":\"ImageObject\",\"inLanguage\":\"en-CA\",\"@id\":\"https:\/\/vertexcommotion.ca\/notre-equipe-justin-miron-b-sc-kinesiologie-3e-annee-kinesiologue\/#primaryimage\",\"url\":\"https:\/\/vertexcommotion.ca\/wp-content\/uploads\/2023\/09\/Janie-Guimond-1-9.png\",\"contentUrl\":\"https:\/\/vertexcommotion.ca\/wp-content\/uploads\/2023\/09\/Janie-Guimond-1-9.png\"},{\"@type\":\"BreadcrumbList\",\"@id\":\"https:\/\/vertexcommotion.ca\/notre-equipe-justin-miron-b-sc-kinesiologie-3e-annee-kinesiologue\/#breadcrumb\",\"itemListElement\":[{\"@type\":\"ListItem\",\"position\":1,\"name\":\"Home\",\"item\":\"https:\/\/vertexcommotion.ca\/\"},{\"@type\":\"ListItem\",\"position\":2,\"name\":\"Notre \u00c9quipe: Justin Miron B. Sc., kin\u00e9siologie (3e ann\u00e9e) kin\u00e9siologue\"}]},{\"@type\":\"WebSite\",\"@id\":\"https:\/\/vertexcommotion.ca\/#website\",\"url\":\"https:\/\/vertexcommotion.ca\/\",\"name\":\"Vertex\",\"description\":\"\",\"publisher\":{\"@id\":\"https:\/\/vertexcommotion.ca\/#organization\"},\"potentialAction\":[{\"@type\":\"SearchAction\",\"target\":{\"@type\":\"EntryPoint\",\"urlTemplate\":\"https:\/\/vertexcommotion.ca\/?s={search_term_string}\"},\"query-input\":{\"@type\":\"PropertyValueSpecification\",\"valueRequired\":true,\"valueName\":\"search_term_string\"}}],\"inLanguage\":\"en-CA\"},{\"@type\":\"Organization\",\"@id\":\"https:\/\/vertexcommotion.ca\/#organization\",\"name\":\"Vertex\",\"url\":\"https:\/\/vertexcommotion.ca\/\",\"logo\":{\"@type\":\"ImageObject\",\"inLanguage\":\"en-CA\",\"@id\":\"https:\/\/vertexcommotion.ca\/#\/schema\/logo\/image\/\",\"url\":\"https:\/\/vertexcommotion.ca\/wp-content\/uploads\/2023\/09\/VertexLogo.png\",\"contentUrl\":\"https:\/\/vertexcommotion.ca\/wp-content\/uploads\/2023\/09\/VertexLogo.png\",\"width\":550,\"height\":245,\"caption\":\"Vertex\"},\"image\":{\"@id\":\"https:\/\/vertexcommotion.ca\/#\/schema\/logo\/image\/\"}}]}<\/script>\n<!-- \/ Yoast SEO plugin. -->","yoast_head_json":{"title":"Notre \u00c9quipe: Justin Miron B. Sc., kin\u00e9siologue","description":"JUSTIN MIRON B.SC., 4E ANN\u00c9E KIN\u00c9SIOLOGUE Certification avanc\u00e9e NeuroTracker Academy, Certification programme national de certification des entra\u00eeneurs.","robots":{"index":"index","follow":"follow","max-snippet":"max-snippet:-1","max-image-preview":"max-image-preview:large","max-video-preview":"max-video-preview:-1"},"canonical":"https:\/\/vertexcommotion.ca\/en\/notre-equipe-justin-miron-b-sc-kinesiologie-3e-annee-kinesiologue\/","og_locale":"en_US","og_type":"article","og_title":"Notre \u00c9quipe: Justin Miron B. Sc., kin\u00e9siologue","og_description":"JUSTIN MIRON B.SC., 4E ANN\u00c9E KIN\u00c9SIOLOGUE Certification avanc\u00e9e NeuroTracker Academy, Certification programme national de certification des entra\u00eeneurs.","og_url":"https:\/\/vertexcommotion.ca\/en\/notre-equipe-justin-miron-b-sc-kinesiologie-3e-annee-kinesiologue\/","og_site_name":"Vertex","article_modified_time":"2024-05-29T20:40:59+00:00","og_image":[{"url":"https:\/\/vertexcommotion.ca\/wp-content\/uploads\/2023\/09\/Janie-Guimond-1-9.png","type":"","width":"","height":""}],"twitter_card":"summary_large_image","twitter_misc":{"Est. reading time":"2 minutes"},"schema":{"@context":"https:\/\/schema.org","@graph":[{"@type":"WebPage","@id":"https:\/\/vertexcommotion.ca\/notre-equipe-justin-miron-b-sc-kinesiologie-3e-annee-kinesiologue\/","url":"https:\/\/vertexcommotion.ca\/notre-equipe-justin-miron-b-sc-kinesiologie-3e-annee-kinesiologue\/","name":"Notre \u00c9quipe: Justin Miron B. Sc., kin\u00e9siologue","isPartOf":{"@id":"https:\/\/vertexcommotion.ca\/#website"},"primaryImageOfPage":{"@id":"https:\/\/vertexcommotion.ca\/notre-equipe-justin-miron-b-sc-kinesiologie-3e-annee-kinesiologue\/#primaryimage"},"image":{"@id":"https:\/\/vertexcommotion.ca\/notre-equipe-justin-miron-b-sc-kinesiologie-3e-annee-kinesiologue\/#primaryimage"},"thumbnailUrl":"https:\/\/vertexcommotion.ca\/wp-content\/uploads\/2023\/09\/Janie-Guimond-1-9.png","datePublished":"2023-09-10T14:08:58+00:00","dateModified":"2024-05-29T20:40:59+00:00","description":"JUSTIN MIRON B.SC., 4E ANN\u00c9E KIN\u00c9SIOLOGUE Certification avanc\u00e9e NeuroTracker Academy, Certification programme national de certification des entra\u00eeneurs.","breadcrumb":{"@id":"https:\/\/vertexcommotion.ca\/notre-equipe-justin-miron-b-sc-kinesiologie-3e-annee-kinesiologue\/#breadcrumb"},"inLanguage":"en-CA","potentialAction":[{"@type":"ReadAction","target":["https:\/\/vertexcommotion.ca\/notre-equipe-justin-miron-b-sc-kinesiologie-3e-annee-kinesiologue\/"]}]},{"@type":"ImageObject","inLanguage":"en-CA","@id":"https:\/\/vertexcommotion.ca\/notre-equipe-justin-miron-b-sc-kinesiologie-3e-annee-kinesiologue\/#primaryimage","url":"https:\/\/vertexcommotion.ca\/wp-content\/uploads\/2023\/09\/Janie-Guimond-1-9.png","contentUrl":"https:\/\/vertexcommotion.ca\/wp-content\/uploads\/2023\/09\/Janie-Guimond-1-9.png"},{"@type":"BreadcrumbList","@id":"https:\/\/vertexcommotion.ca\/notre-equipe-justin-miron-b-sc-kinesiologie-3e-annee-kinesiologue\/#breadcrumb","itemListElement":[{"@type":"ListItem","position":1,"name":"Home","item":"https:\/\/vertexcommotion.ca\/"},{"@type":"ListItem","position":2,"name":"Notre \u00c9quipe: Justin Miron B. Sc., kin\u00e9siologie (3e ann\u00e9e) kin\u00e9siologue"}]},{"@type":"WebSite","@id":"https:\/\/vertexcommotion.ca\/#website","url":"https:\/\/vertexcommotion.ca\/","name":"Vertex","description":"","publisher":{"@id":"https:\/\/vertexcommotion.ca\/#organization"},"potentialAction":[{"@type":"SearchAction","target":{"@type":"EntryPoint","urlTemplate":"https:\/\/vertexcommotion.ca\/?s={search_term_string}"},"query-input":{"@type":"PropertyValueSpecification","valueRequired":true,"valueName":"search_term_string"}}],"inLanguage":"en-CA"},{"@type":"Organization","@id":"https:\/\/vertexcommotion.ca\/#organization","name":"Vertex","url":"https:\/\/vertexcommotion.ca\/","logo":{"@type":"ImageObject","inLanguage":"en-CA","@id":"https:\/\/vertexcommotion.ca\/#\/schema\/logo\/image\/","url":"https:\/\/vertexcommotion.ca\/wp-content\/uploads\/2023\/09\/VertexLogo.png","contentUrl":"https:\/\/vertexcommotion.ca\/wp-content\/uploads\/2023\/09\/VertexLogo.png","width":550,"height":245,"caption":"Vertex"},"image":{"@id":"https:\/\/vertexcommotion.ca\/#\/schema\/logo\/image\/"}}]}},"_links":{"self":[{"href":"https:\/\/vertexcommotion.ca\/en\/wp-json\/wp\/v2\/pages\/1179","targetHints":{"allow":["GET"]}}],"collection":[{"href":"https:\/\/vertexcommotion.ca\/en\/wp-json\/wp\/v2\/pages"}],"about":[{"href":"https:\/\/vertexcommotion.ca\/en\/wp-json\/wp\/v2\/types\/page"}],"author":[{"embeddable":true,"href":"https:\/\/vertexcommotion.ca\/en\/wp-json\/wp\/v2\/users\/6"}],"replies":[{"embeddable":true,"href":"https:\/\/vertexcommotion.ca\/en\/wp-json\/wp\/v2\/comments?post=1179"}],"version-history":[{"count":43,"href":"https:\/\/vertexcommotion.ca\/en\/wp-json\/wp\/v2\/pages\/1179\/revisions"}],"predecessor-version":[{"id":4242,"href":"https:\/\/vertexcommotion.ca\/en\/wp-json\/wp\/v2\/pages\/1179\/revisions\/4242"}],"wp:attachment":[{"href":"https:\/\/vertexcommotion.ca\/en\/wp-json\/wp\/v2\/media?parent=1179"}],"curies":[{"name":"wp","href":"https:\/\/api.w.org\/{rel}","templated":true}]}}