{"id":1175,"date":"2023-09-10T14:09:43","date_gmt":"2023-09-10T14:09:43","guid":{"rendered":"https:\/\/vertexcommotion.ca\/?page_id=1175"},"modified":"2026-02-24T15:34:36","modified_gmt":"2026-02-24T15:34:36","slug":"notre-equipe-stephanie-henault-msc-pht-physiotherapeute","status":"publish","type":"page","link":"https:\/\/vertexcommotion.ca\/en\/notre-equipe-stephanie-henault-msc-pht-physiotherapeute\/","title":{"rendered":"Notre \u00c9quipe: St\u00e9phanie H\u00e9nault MSc, PHT Physioth\u00e9rapeute"},"content":{"rendered":"<div data-elementor-type=\"wp-page\" data-elementor-id=\"1175\" class=\"elementor elementor-1175\">\n\t\t\t\t<div class=\"elementor-element elementor-element-f4f861c gradiant-emma e-flex e-con-boxed e-con e-parent\" data-id=\"f4f861c\" data-element_type=\"container\">\n\t\t\t\t\t<div class=\"e-con-inner\">\n\t\t\t\t<div class=\"elementor-element elementor-element-7f988dd elementor-widget__width-inherit elementor-widget elementor-widget-hub_fancy_heading\" data-id=\"7f988dd\" data-element_type=\"widget\" data-widget_type=\"hub_fancy_heading.default\">\n\t\t\t\t<div class=\"elementor-widget-container\">\n\t\t\t\t\t\n\t\t<div id=\"ld-fancy-heading-69d8c745cbed9\" class=\"ld-fancy-heading pos-rel\">\n\t\t\t<h2 class=\"ld-fh-element d-inline-block pos-rel  elementor-heading-title lqd-highlight-classic lqd-highlight-grow-left h2\"  > Our Team<\/h2>\t\t<\/div>\n\n\t\t\t\t\t\t<\/div>\n\t\t\t\t<\/div>\n\t\t\t\t<div class=\"elementor-element elementor-element-d514a2b elementor-widget__width-initial elementor-widget elementor-widget-hub_fancy_heading\" data-id=\"d514a2b\" data-element_type=\"widget\" data-widget_type=\"hub_fancy_heading.default\">\n\t\t\t\t<div class=\"elementor-widget-container\">\n\t\t\t\t\t\n\t\t<div id=\"ld-fancy-heading-69d8c745cc3a0\" class=\"ld-fancy-heading pos-rel\">\n\t\t\t<h2 class=\"ld-fh-element d-inline-block pos-rel  elementor-heading-title lqd-highlight-classic lqd-highlight-grow-left h2\"  > AT VERTEX, WE ARE A TEAM OF DEDICATED PROFESSIONALS AND WE COLLABORATE TO ENSURE THE OPTIMUM INDIVIDUALIZED REHABILITATION OF EACH OF OUR PATIENTS.<\/h2>\t\t<\/div>\n\n\t\t\t\t\t\t<\/div>\n\t\t\t\t<\/div>\n\t\t\t\t\t<\/div>\n\t\t\t\t<\/div>\n\t\t<div class=\"elementor-element elementor-element-cfe1fd4 e-con-full notre-equpe-emma e-flex e-con e-parent\" data-id=\"cfe1fd4\" data-element_type=\"container\">\n\t\t<div data-lqd-section-scroll=\"true\" class=\"elementor-element elementor-element-faae0d7 e-con-full left-side-scroll e-flex e-con e-child\" data-id=\"faae0d7\" data-element_type=\"container\">\n\t\t\t\t<div class=\"elementor-element elementor-element-81dca76 elementor-widget elementor-widget-hub_fancy_heading\" data-id=\"81dca76\" data-element_type=\"widget\" data-widget_type=\"hub_fancy_heading.default\">\n\t\t\t\t<div class=\"elementor-widget-container\">\n\t\t\t\t\t\n\t\t<div id=\"ld-fancy-heading-69d8c745cccf6\" class=\"ld-fancy-heading pos-rel\">\n\t\t\t<h2 class=\"ld-fh-element d-inline-block pos-rel  elementor-heading-title lqd-highlight-classic lqd-highlight-grow-left h2\"  > St\u00e9phanie H\u00e9nault<\/h2>\t\t<\/div>\n\n\t\t\t\t\t\t<\/div>\n\t\t\t\t<\/div>\n\t\t\t\t<div class=\"elementor-element elementor-element-191d515 elementor-widget__width-initial elementor-widget elementor-widget-hub_fancy_heading\" data-id=\"191d515\" data-element_type=\"widget\" data-widget_type=\"hub_fancy_heading.default\">\n\t\t\t\t<div class=\"elementor-widget-container\">\n\t\t\t\t\t\n\t\t<div id=\"ld-fancy-heading-69d8c745cd044\" class=\"ld-fancy-heading pos-rel\">\n\t\t\t<h2 class=\"ld-fh-element d-inline-block pos-rel  elementor-heading-title lqd-highlight-classic lqd-highlight-grow-left h2\"  > Member of the order of <br>physiotherapists of Quebec\n<br>Manual therapy level 3\n<br>Biomechanical analysis of running\n<br>Cranial approach in physiotherapy\n\n<br><br>She began her studies at C\u00e9gep Montmorency in physical rehabilitation technique which led her to an international internship in pediatrics and serious road injuries at the Carbet hospital in Martinique. Wanting to deepen her knowledge, she received a scholarship to continue her studies at the University of Montreal in the BAC-Master's continuum program in physiotherapy. Since her graduation in 2011, St\u00e9phanie has worked in private clinics with a varied musculoskeletal clientele. She made her debut in a sports clinic affiliated with the Armada hockey team and got involved in events such as the Blainville triathlon.\n\n<br><br>Upon returning from her maternity leave, an opportunity in a physiatry clinic introduced her to another aspect of the profession affecting chronic cervical and lower back pain. From this experience was born the interest and passion for working in a multidisciplinary team which puts the patient at the center of all our interventions. \n\n<br><br>St\u00e9phanie is a sports and Crossfit enthusiast. She uses her extensive knowledge in muscle control and specific strengthening to allow her patients an early return to their favorite sporting activities without pain.<\/h2>\t\t<\/div>\n\n\t\t\t\t\t\t<\/div>\n\t\t\t\t<\/div>\n\t\t\t\t<div class=\"elementor-element elementor-element-37069a9 elementor-widget elementor-widget-hub_fancy_heading\" data-id=\"37069a9\" data-element_type=\"widget\" data-widget_type=\"hub_fancy_heading.default\">\n\t\t\t\t<div class=\"elementor-widget-container\">\n\t\t\t\t\t\n\t\t<div id=\"ld-fancy-heading-69d8c745cd427\" class=\"ld-fancy-heading pos-rel\">\n\t\t\t\t\t<\/div>\n\n\t\t\t\t\t\t<\/div>\n\t\t\t\t<\/div>\n\t\t\t\t<\/div>\n\t\t\t\t<div class=\"elementor-element elementor-element-8aac202 elementor-widget__width-initial elementor-widget elementor-widget-image\" data-id=\"8aac202\" data-element_type=\"widget\" data-widget_type=\"image.default\">\n\t\t\t\t<div class=\"elementor-widget-container\">\n\t\t\t\t\t\t\t\t\t\t\t\t\t\t\t<img fetchpriority=\"high\" decoding=\"async\" width=\"780\" height=\"440\" src=\"https:\/\/vertexcommotion.ca\/wp-content\/uploads\/2025\/10\/8-1024x577.png\" class=\"attachment-large size-large wp-image-5150\" alt=\"\" srcset=\"https:\/\/vertexcommotion.ca\/wp-content\/uploads\/2025\/10\/8-1024x577.png 1024w, https:\/\/vertexcommotion.ca\/wp-content\/uploads\/2025\/10\/8-300x169.png 300w, https:\/\/vertexcommotion.ca\/wp-content\/uploads\/2025\/10\/8-18x10.png 18w, https:\/\/vertexcommotion.ca\/wp-content\/uploads\/2025\/10\/8-1536x865.png 1536w, https:\/\/vertexcommotion.ca\/wp-content\/uploads\/2025\/10\/8.png 1640w\" sizes=\"(max-width: 780px) 100vw, 780px\" \/>\t\t\t\t\t\t\t\t\t\t\t\t\t\t\t<\/div>\n\t\t\t\t<\/div>\n\t\t<div class=\"elementor-element elementor-element-aff73f0 e-con-full e-flex e-con e-child\" data-id=\"aff73f0\" data-element_type=\"container\" data-settings=\"{&quot;background_background&quot;:&quot;classic&quot;}\">\n\t\t\t\t<div class=\"elementor-element elementor-element-9141464 elementor-widget elementor-widget-ld_fancy_image\" data-id=\"9141464\" data-element_type=\"widget\" data-widget_type=\"ld_fancy_image.default\">\n\t\t\t\t<div class=\"elementor-widget-container\">\n\t\t\t\t\t\n\t\t<div class=\"lqd-imggrp-single d-block pos-rel\">\n\t\t\t<div class=\"lqd-imggrp-img-container d-inline-flex pos-rel align-items-center justify-content-center\">\n\t\t\t\t\t\t\t\t<figure class=\"w-100 pos-rel\">\n\t\t\t\t\t\t\t\t\t\t\t\t\t\t\t\t\t\t\t\t\t\t\t\t\t\t\t\t\t\t\t\t\t\t<\/figure>\n\t\t\t<\/div>\n\t\t<\/div>\n\n\t\t\t\t\t<\/div>\n\t\t\t\t<\/div>\n\t\t\t\t<\/div>\n\t\t\t\t<\/div>\n\t\t\t\t<\/div>","protected":false},"excerpt":{"rendered":"<p>Notre \u00c9quipe Chez Vertex, nous sommes une \u00e9quipe de professionnels d\u00e9vou\u00e9s et nous collaborons afin d\u2019assurer la r\u00e9adaptation individualis\u00e9e optimale de chacun de nos patients. St\u00e9phanie H\u00e9nault Membre de l\u2019ordre des physiotherapeutes du Qu\u00e9bec Th\u00e9rapie manuelle niveau 3 Analyse biom\u00e9canique de course Approche cr\u00e2niale en physioth\u00e9rapie Elle d\u00e9bute ses \u00e9tudes au C\u00e9gep Montmorency en technique [&hellip;]<\/p>","protected":false},"author":6,"featured_media":0,"parent":0,"menu_order":0,"comment_status":"closed","ping_status":"closed","template":"","meta":{"footnotes":""},"class_list":["post-1175","page","type-page","status-publish","hentry"],"yoast_head":"<!-- This site is optimized with the Yoast SEO plugin v25.0 - https:\/\/yoast.com\/wordpress\/plugins\/seo\/ -->\n<title>Notre \u00c9quipe: St\u00e9phanie H\u00e9nault MSc, PHT Physioth\u00e9rapeute<\/title>\n<meta name=\"description\" content=\"ST\u00c9PHANIE H\u00c9NAULT MSC, PHT PHYSIOTH\u00c9RAPEUTE Membre de l\u2019ordre des physiotherapeutes du Qu\u00e9bec Th\u00e9rapie manuelle niveau 3\" \/>\n<meta name=\"robots\" content=\"index, follow, max-snippet:-1, max-image-preview:large, max-video-preview:-1\" \/>\n<link rel=\"canonical\" href=\"https:\/\/vertexcommotion.ca\/en\/notre-equipe-stephanie-henault-msc-pht-physiotherapeute\/\" \/>\n<meta property=\"og:locale\" content=\"en_US\" \/>\n<meta property=\"og:type\" content=\"article\" \/>\n<meta property=\"og:title\" content=\"Notre \u00c9quipe: St\u00e9phanie H\u00e9nault MSc, PHT Physioth\u00e9rapeute\" \/>\n<meta property=\"og:description\" content=\"ST\u00c9PHANIE H\u00c9NAULT MSC, PHT PHYSIOTH\u00c9RAPEUTE Membre de l\u2019ordre des physiotherapeutes du Qu\u00e9bec Th\u00e9rapie manuelle niveau 3\" \/>\n<meta property=\"og:url\" content=\"https:\/\/vertexcommotion.ca\/en\/notre-equipe-stephanie-henault-msc-pht-physiotherapeute\/\" \/>\n<meta property=\"og:site_name\" content=\"Vertex\" \/>\n<meta property=\"article:modified_time\" content=\"2026-02-24T15:34:36+00:00\" \/>\n<meta property=\"og:image\" content=\"https:\/\/vertexcommotion.ca\/wp-content\/uploads\/2025\/10\/8.png\" \/>\n\t<meta property=\"og:image:width\" content=\"1640\" \/>\n\t<meta property=\"og:image:height\" content=\"924\" \/>\n\t<meta property=\"og:image:type\" content=\"image\/png\" \/>\n<meta name=\"twitter:card\" content=\"summary_large_image\" \/>\n<meta name=\"twitter:label1\" content=\"Est. reading time\" \/>\n\t<meta name=\"twitter:data1\" content=\"2 minutes\" \/>\n<script type=\"application\/ld+json\" class=\"yoast-schema-graph\">{\"@context\":\"https:\/\/schema.org\",\"@graph\":[{\"@type\":\"WebPage\",\"@id\":\"https:\/\/vertexcommotion.ca\/notre-equipe-stephanie-henault-msc-pht-physiotherapeute\/\",\"url\":\"https:\/\/vertexcommotion.ca\/notre-equipe-stephanie-henault-msc-pht-physiotherapeute\/\",\"name\":\"Notre \u00c9quipe: St\u00e9phanie H\u00e9nault MSc, PHT Physioth\u00e9rapeute\",\"isPartOf\":{\"@id\":\"https:\/\/vertexcommotion.ca\/#website\"},\"primaryImageOfPage\":{\"@id\":\"https:\/\/vertexcommotion.ca\/notre-equipe-stephanie-henault-msc-pht-physiotherapeute\/#primaryimage\"},\"image\":{\"@id\":\"https:\/\/vertexcommotion.ca\/notre-equipe-stephanie-henault-msc-pht-physiotherapeute\/#primaryimage\"},\"thumbnailUrl\":\"https:\/\/vertexcommotion.ca\/wp-content\/uploads\/2025\/10\/8-1024x577.png\",\"datePublished\":\"2023-09-10T14:09:43+00:00\",\"dateModified\":\"2026-02-24T15:34:36+00:00\",\"description\":\"ST\u00c9PHANIE H\u00c9NAULT MSC, PHT PHYSIOTH\u00c9RAPEUTE Membre de l\u2019ordre des physiotherapeutes du Qu\u00e9bec Th\u00e9rapie manuelle niveau 3\",\"breadcrumb\":{\"@id\":\"https:\/\/vertexcommotion.ca\/notre-equipe-stephanie-henault-msc-pht-physiotherapeute\/#breadcrumb\"},\"inLanguage\":\"en-CA\",\"potentialAction\":[{\"@type\":\"ReadAction\",\"target\":[\"https:\/\/vertexcommotion.ca\/notre-equipe-stephanie-henault-msc-pht-physiotherapeute\/\"]}]},{\"@type\":\"ImageObject\",\"inLanguage\":\"en-CA\",\"@id\":\"https:\/\/vertexcommotion.ca\/notre-equipe-stephanie-henault-msc-pht-physiotherapeute\/#primaryimage\",\"url\":\"https:\/\/vertexcommotion.ca\/wp-content\/uploads\/2025\/10\/8-1024x577.png\",\"contentUrl\":\"https:\/\/vertexcommotion.ca\/wp-content\/uploads\/2025\/10\/8-1024x577.png\"},{\"@type\":\"BreadcrumbList\",\"@id\":\"https:\/\/vertexcommotion.ca\/notre-equipe-stephanie-henault-msc-pht-physiotherapeute\/#breadcrumb\",\"itemListElement\":[{\"@type\":\"ListItem\",\"position\":1,\"name\":\"Home\",\"item\":\"https:\/\/vertexcommotion.ca\/\"},{\"@type\":\"ListItem\",\"position\":2,\"name\":\"Notre \u00c9quipe: St\u00e9phanie H\u00e9nault MSc, PHT Physioth\u00e9rapeute\"}]},{\"@type\":\"WebSite\",\"@id\":\"https:\/\/vertexcommotion.ca\/#website\",\"url\":\"https:\/\/vertexcommotion.ca\/\",\"name\":\"Vertex\",\"description\":\"\",\"publisher\":{\"@id\":\"https:\/\/vertexcommotion.ca\/#organization\"},\"potentialAction\":[{\"@type\":\"SearchAction\",\"target\":{\"@type\":\"EntryPoint\",\"urlTemplate\":\"https:\/\/vertexcommotion.ca\/?s={search_term_string}\"},\"query-input\":{\"@type\":\"PropertyValueSpecification\",\"valueRequired\":true,\"valueName\":\"search_term_string\"}}],\"inLanguage\":\"en-CA\"},{\"@type\":\"Organization\",\"@id\":\"https:\/\/vertexcommotion.ca\/#organization\",\"name\":\"Vertex\",\"url\":\"https:\/\/vertexcommotion.ca\/\",\"logo\":{\"@type\":\"ImageObject\",\"inLanguage\":\"en-CA\",\"@id\":\"https:\/\/vertexcommotion.ca\/#\/schema\/logo\/image\/\",\"url\":\"https:\/\/vertexcommotion.ca\/wp-content\/uploads\/2023\/09\/VertexLogo.png\",\"contentUrl\":\"https:\/\/vertexcommotion.ca\/wp-content\/uploads\/2023\/09\/VertexLogo.png\",\"width\":550,\"height\":245,\"caption\":\"Vertex\"},\"image\":{\"@id\":\"https:\/\/vertexcommotion.ca\/#\/schema\/logo\/image\/\"}}]}<\/script>\n<!-- \/ Yoast SEO plugin. -->","yoast_head_json":{"title":"Notre \u00c9quipe: St\u00e9phanie H\u00e9nault MSc, PHT Physioth\u00e9rapeute","description":"ST\u00c9PHANIE H\u00c9NAULT MSC, PHT PHYSIOTH\u00c9RAPEUTE Membre de l\u2019ordre des physiotherapeutes du Qu\u00e9bec Th\u00e9rapie manuelle niveau 3","robots":{"index":"index","follow":"follow","max-snippet":"max-snippet:-1","max-image-preview":"max-image-preview:large","max-video-preview":"max-video-preview:-1"},"canonical":"https:\/\/vertexcommotion.ca\/en\/notre-equipe-stephanie-henault-msc-pht-physiotherapeute\/","og_locale":"en_US","og_type":"article","og_title":"Notre \u00c9quipe: St\u00e9phanie H\u00e9nault MSc, PHT Physioth\u00e9rapeute","og_description":"ST\u00c9PHANIE H\u00c9NAULT MSC, PHT PHYSIOTH\u00c9RAPEUTE Membre de l\u2019ordre des physiotherapeutes du Qu\u00e9bec Th\u00e9rapie manuelle niveau 3","og_url":"https:\/\/vertexcommotion.ca\/en\/notre-equipe-stephanie-henault-msc-pht-physiotherapeute\/","og_site_name":"Vertex","article_modified_time":"2026-02-24T15:34:36+00:00","og_image":[{"width":1640,"height":924,"url":"https:\/\/vertexcommotion.ca\/wp-content\/uploads\/2025\/10\/8.png","type":"image\/png"}],"twitter_card":"summary_large_image","twitter_misc":{"Est. reading time":"2 minutes"},"schema":{"@context":"https:\/\/schema.org","@graph":[{"@type":"WebPage","@id":"https:\/\/vertexcommotion.ca\/notre-equipe-stephanie-henault-msc-pht-physiotherapeute\/","url":"https:\/\/vertexcommotion.ca\/notre-equipe-stephanie-henault-msc-pht-physiotherapeute\/","name":"Notre \u00c9quipe: St\u00e9phanie H\u00e9nault MSc, PHT Physioth\u00e9rapeute","isPartOf":{"@id":"https:\/\/vertexcommotion.ca\/#website"},"primaryImageOfPage":{"@id":"https:\/\/vertexcommotion.ca\/notre-equipe-stephanie-henault-msc-pht-physiotherapeute\/#primaryimage"},"image":{"@id":"https:\/\/vertexcommotion.ca\/notre-equipe-stephanie-henault-msc-pht-physiotherapeute\/#primaryimage"},"thumbnailUrl":"https:\/\/vertexcommotion.ca\/wp-content\/uploads\/2025\/10\/8-1024x577.png","datePublished":"2023-09-10T14:09:43+00:00","dateModified":"2026-02-24T15:34:36+00:00","description":"ST\u00c9PHANIE H\u00c9NAULT MSC, PHT PHYSIOTH\u00c9RAPEUTE Membre de l\u2019ordre des physiotherapeutes du Qu\u00e9bec Th\u00e9rapie manuelle niveau 3","breadcrumb":{"@id":"https:\/\/vertexcommotion.ca\/notre-equipe-stephanie-henault-msc-pht-physiotherapeute\/#breadcrumb"},"inLanguage":"en-CA","potentialAction":[{"@type":"ReadAction","target":["https:\/\/vertexcommotion.ca\/notre-equipe-stephanie-henault-msc-pht-physiotherapeute\/"]}]},{"@type":"ImageObject","inLanguage":"en-CA","@id":"https:\/\/vertexcommotion.ca\/notre-equipe-stephanie-henault-msc-pht-physiotherapeute\/#primaryimage","url":"https:\/\/vertexcommotion.ca\/wp-content\/uploads\/2025\/10\/8-1024x577.png","contentUrl":"https:\/\/vertexcommotion.ca\/wp-content\/uploads\/2025\/10\/8-1024x577.png"},{"@type":"BreadcrumbList","@id":"https:\/\/vertexcommotion.ca\/notre-equipe-stephanie-henault-msc-pht-physiotherapeute\/#breadcrumb","itemListElement":[{"@type":"ListItem","position":1,"name":"Home","item":"https:\/\/vertexcommotion.ca\/"},{"@type":"ListItem","position":2,"name":"Notre \u00c9quipe: St\u00e9phanie H\u00e9nault MSc, PHT Physioth\u00e9rapeute"}]},{"@type":"WebSite","@id":"https:\/\/vertexcommotion.ca\/#website","url":"https:\/\/vertexcommotion.ca\/","name":"Vertex","description":"","publisher":{"@id":"https:\/\/vertexcommotion.ca\/#organization"},"potentialAction":[{"@type":"SearchAction","target":{"@type":"EntryPoint","urlTemplate":"https:\/\/vertexcommotion.ca\/?s={search_term_string}"},"query-input":{"@type":"PropertyValueSpecification","valueRequired":true,"valueName":"search_term_string"}}],"inLanguage":"en-CA"},{"@type":"Organization","@id":"https:\/\/vertexcommotion.ca\/#organization","name":"Vertex","url":"https:\/\/vertexcommotion.ca\/","logo":{"@type":"ImageObject","inLanguage":"en-CA","@id":"https:\/\/vertexcommotion.ca\/#\/schema\/logo\/image\/","url":"https:\/\/vertexcommotion.ca\/wp-content\/uploads\/2023\/09\/VertexLogo.png","contentUrl":"https:\/\/vertexcommotion.ca\/wp-content\/uploads\/2023\/09\/VertexLogo.png","width":550,"height":245,"caption":"Vertex"},"image":{"@id":"https:\/\/vertexcommotion.ca\/#\/schema\/logo\/image\/"}}]}},"_links":{"self":[{"href":"https:\/\/vertexcommotion.ca\/en\/wp-json\/wp\/v2\/pages\/1175","targetHints":{"allow":["GET"]}}],"collection":[{"href":"https:\/\/vertexcommotion.ca\/en\/wp-json\/wp\/v2\/pages"}],"about":[{"href":"https:\/\/vertexcommotion.ca\/en\/wp-json\/wp\/v2\/types\/page"}],"author":[{"embeddable":true,"href":"https:\/\/vertexcommotion.ca\/en\/wp-json\/wp\/v2\/users\/6"}],"replies":[{"embeddable":true,"href":"https:\/\/vertexcommotion.ca\/en\/wp-json\/wp\/v2\/comments?post=1175"}],"version-history":[{"count":58,"href":"https:\/\/vertexcommotion.ca\/en\/wp-json\/wp\/v2\/pages\/1175\/revisions"}],"predecessor-version":[{"id":5291,"href":"https:\/\/vertexcommotion.ca\/en\/wp-json\/wp\/v2\/pages\/1175\/revisions\/5291"}],"wp:attachment":[{"href":"https:\/\/vertexcommotion.ca\/en\/wp-json\/wp\/v2\/media?parent=1175"}],"curies":[{"name":"wp","href":"https:\/\/api.w.org\/{rel}","templated":true}]}}