{"id":1170,"date":"2023-09-10T14:07:43","date_gmt":"2023-09-10T14:07:43","guid":{"rendered":"https:\/\/vertexcommotion.ca\/?page_id=1170"},"modified":"2024-05-29T20:39:50","modified_gmt":"2024-05-29T20:39:50","slug":"notre-equipe-sylvie-denobile-adjointe-administrative-vertex","status":"publish","type":"page","link":"https:\/\/vertexcommotion.ca\/en\/notre-equipe-sylvie-denobile-adjointe-administrative-vertex\/","title":{"rendered":"Notre \u00c9quipe: Sylvie DeNobile, adjointe administrative"},"content":{"rendered":"<div data-elementor-type=\"wp-page\" data-elementor-id=\"1170\" class=\"elementor elementor-1170\">\n\t\t\t\t<div class=\"elementor-element elementor-element-237508e gradiant-emma e-flex e-con-boxed e-con e-parent\" data-id=\"237508e\" data-element_type=\"container\">\n\t\t\t\t\t<div class=\"e-con-inner\">\n\t\t\t\t<div class=\"elementor-element elementor-element-91f15fd elementor-widget__width-inherit elementor-widget elementor-widget-hub_fancy_heading\" data-id=\"91f15fd\" data-element_type=\"widget\" data-widget_type=\"hub_fancy_heading.default\">\n\t\t\t\t<div class=\"elementor-widget-container\">\n\t\t\t\t\t\n\t\t<div id=\"ld-fancy-heading-69d82bd815d5c\" class=\"ld-fancy-heading pos-rel\">\n\t\t\t<h2 class=\"ld-fh-element d-inline-block pos-rel  elementor-heading-title lqd-highlight-classic lqd-highlight-grow-left h2\"  > Our Team<\/h2>\t\t<\/div>\n\n\t\t\t\t\t\t<\/div>\n\t\t\t\t<\/div>\n\t\t\t\t<div class=\"elementor-element elementor-element-0f97077 elementor-widget__width-initial elementor-widget elementor-widget-hub_fancy_heading\" data-id=\"0f97077\" data-element_type=\"widget\" data-widget_type=\"hub_fancy_heading.default\">\n\t\t\t\t<div class=\"elementor-widget-container\">\n\t\t\t\t\t\n\t\t<div id=\"ld-fancy-heading-69d82bd81623f\" class=\"ld-fancy-heading pos-rel\">\n\t\t\t<h2 class=\"ld-fh-element d-inline-block pos-rel  elementor-heading-title lqd-highlight-classic lqd-highlight-grow-left h2\"  > AT VERTEX, WE ARE A TEAM OF DEDICATED PROFESSIONALS AND WE COLLABORATE TO ENSURE THE OPTIMUM INDIVIDUALIZED REHABILITATION OF EACH OF OUR PATIENTS.<\/h2>\t\t<\/div>\n\n\t\t\t\t\t\t<\/div>\n\t\t\t\t<\/div>\n\t\t\t\t\t<\/div>\n\t\t\t\t<\/div>\n\t\t<div class=\"elementor-element elementor-element-638f183 e-con-full notre-equpe-emma e-flex e-con e-parent\" data-id=\"638f183\" data-element_type=\"container\">\n\t\t<div data-lqd-section-scroll=\"true\" class=\"elementor-element elementor-element-305e227 e-con-full left-side-scroll e-flex e-con e-child\" data-id=\"305e227\" data-element_type=\"container\">\n\t\t\t\t<div class=\"elementor-element elementor-element-2ac23cf elementor-widget elementor-widget-hub_fancy_heading\" data-id=\"2ac23cf\" data-element_type=\"widget\" data-widget_type=\"hub_fancy_heading.default\">\n\t\t\t\t<div class=\"elementor-widget-container\">\n\t\t\t\t\t\n\t\t<div id=\"ld-fancy-heading-69d82bd816e02\" class=\"ld-fancy-heading pos-rel\">\n\t\t\t<h2 class=\"ld-fh-element d-inline-block pos-rel  elementor-heading-title lqd-highlight-classic lqd-highlight-grow-left h2\"  > SYLVIE DENOBILE<\/h2>\t\t<\/div>\n\n\t\t\t\t\t\t<\/div>\n\t\t\t\t<\/div>\n\t\t\t\t<div class=\"elementor-element elementor-element-4f94c4a elementor-widget elementor-widget-hub_fancy_heading\" data-id=\"4f94c4a\" data-element_type=\"widget\" data-widget_type=\"hub_fancy_heading.default\">\n\t\t\t\t<div class=\"elementor-widget-container\">\n\t\t\t\t\t\n\t\t<div id=\"ld-fancy-heading-69d82bd81725f\" class=\"ld-fancy-heading pos-rel\">\n\t\t\t<h2 class=\"ld-fh-element d-inline-block pos-rel  elementor-heading-title lqd-highlight-classic lqd-highlight-grow-left h2\"  > ADMINISTRATIVE ASSISTANT<\/h2>\t\t<\/div>\n\n\t\t\t\t\t\t<\/div>\n\t\t\t\t<\/div>\n\t\t\t\t<div class=\"elementor-element elementor-element-5656126 elementor-widget elementor-widget-hub_fancy_heading\" data-id=\"5656126\" data-element_type=\"widget\" data-widget_type=\"hub_fancy_heading.default\">\n\t\t\t\t<div class=\"elementor-widget-container\">\n\t\t\t\t\t\n\t\t<div id=\"ld-fancy-heading-69d82bd8176cb\" class=\"ld-fancy-heading pos-rel\">\n\t\t\t<h2 class=\"ld-fh-element d-inline-block pos-rel  elementor-heading-title lqd-highlight-classic lqd-highlight-grow-left h2\"  > Graduated in 1983 from a private institution in Montreal, Sylvie has accumulated several years of experience in administration including accounting and 25 years in customer service. Always eager to learn, she continued to perfect her studies in IT support, discovering that during these years a passion was born; that of helping people with their computer equipment, and at the same time, continuing customer service, which for her has become a vocation.\n\n<br><br>A sportswoman since a young age and the daughter of a hockey player, the field of sport is part of her life. She has participated in several alpine ski competitions, as well as mountain running training. For 14 years, she worked in a sports center and worked alongside athletes and health specialists. The field of health and sport quickly became a way of life and the experience acquired in this field has continued to grow.\n\n<br><br>Smiling and cheerful, always ready to help people, she will welcome you warmly.<\/h2>\t\t<\/div>\n\n\t\t\t\t\t\t<\/div>\n\t\t\t\t<\/div>\n\t\t\t\t<\/div>\n\t\t<div class=\"elementor-element elementor-element-cb7859a e-con-full e-flex e-con e-child\" data-id=\"cb7859a\" data-element_type=\"container\" data-settings=\"{&quot;background_background&quot;:&quot;classic&quot;}\">\n\t\t\t\t<div class=\"elementor-element elementor-element-ecbacce elementor-widget elementor-widget-ld_fancy_image\" data-id=\"ecbacce\" data-element_type=\"widget\" data-widget_type=\"ld_fancy_image.default\">\n\t\t\t\t<div class=\"elementor-widget-container\">\n\t\t\t\t\t\n\t\t<div class=\"lqd-imggrp-single d-block pos-rel\">\n\t\t\t<div class=\"lqd-imggrp-img-container d-inline-flex pos-rel align-items-center justify-content-center\">\n\t\t\t\t\t\t\t\t<figure class=\"w-100 pos-rel\">\n\t\t\t\t\t<img fetchpriority=\"high\" decoding=\"async\" width=\"1600\" height=\"1173\" src=\"https:\/\/vertexcommotion.ca\/wp-content\/uploads\/2023\/09\/Janie-Guimond-1.png\" class=\"attachment-full size-full wp-image-1114\" alt=\"\" srcset=\"https:\/\/vertexcommotion.ca\/wp-content\/uploads\/2023\/09\/Janie-Guimond-1.png 1600w, https:\/\/vertexcommotion.ca\/wp-content\/uploads\/2023\/09\/Janie-Guimond-1-300x220.png 300w, https:\/\/vertexcommotion.ca\/wp-content\/uploads\/2023\/09\/Janie-Guimond-1-1024x751.png 1024w, https:\/\/vertexcommotion.ca\/wp-content\/uploads\/2023\/09\/Janie-Guimond-1-1536x1126.png 1536w, https:\/\/vertexcommotion.ca\/wp-content\/uploads\/2023\/09\/Janie-Guimond-1-2048x1501.png 2048w, https:\/\/vertexcommotion.ca\/wp-content\/uploads\/2023\/09\/Janie-Guimond-1-16x12.png 16w\" sizes=\"(max-width: 1600px) 100vw, 1600px\" itemprop=\"image\" \/>\t\t\t\t\t\t\t\t\t\t\t\t\t\t\t\t\t\t\t\t\t\t\t\t\t\t\t\t\t<\/figure>\n\t\t\t<\/div>\n\t\t<\/div>\n\n\t\t\t\t\t<\/div>\n\t\t\t\t<\/div>\n\t\t\t\t<\/div>\n\t\t\t\t<\/div>\n\t\t\t\t<\/div>","protected":false},"excerpt":{"rendered":"<p>Notre \u00c9quipe Chez Vertex, nous sommes une \u00e9quipe de professionnels d\u00e9vou\u00e9s et nous collaborons afin d\u2019assurer la r\u00e9adaptation individualis\u00e9e optimale de chacun de nos patients. Sylvie DeNobile adjointe administrative Dipl\u00f4m\u00e9e en1983 d\u2019une institution priv\u00e9e \u00e0 Montr\u00e9al, Sylvie a accumul\u00e9 plusieurs ann\u00e9es d\u2019exp\u00e9rience en administration incluant la comptabilit\u00e9 et 25 ann\u00e9es au service \u00e0 la client\u00e8le. [&hellip;]<\/p>","protected":false},"author":6,"featured_media":0,"parent":0,"menu_order":0,"comment_status":"closed","ping_status":"closed","template":"","meta":{"footnotes":""},"class_list":["post-1170","page","type-page","status-publish","hentry"],"yoast_head":"<!-- This site is optimized with the Yoast SEO plugin v25.0 - https:\/\/yoast.com\/wordpress\/plugins\/seo\/ -->\n<title>Notre \u00c9quipe: Sylvie DeNobile, adjointe administrative chez Vertex.<\/title>\n<meta name=\"description\" content=\"Sylvie DeNobile a plusieurs ann\u00e9es d\u2019exp\u00e9rience en administration incluant la comptabilit\u00e9 et 25 ann\u00e9es au service \u00e0 la client\u00e8le - Vertex Commotion\" \/>\n<meta name=\"robots\" content=\"index, follow, max-snippet:-1, max-image-preview:large, max-video-preview:-1\" \/>\n<link rel=\"canonical\" href=\"https:\/\/vertexcommotion.ca\/en\/notre-equipe-sylvie-denobile-adjointe-administrative-vertex\/\" \/>\n<meta property=\"og:locale\" content=\"en_US\" \/>\n<meta property=\"og:type\" content=\"article\" \/>\n<meta property=\"og:title\" content=\"Notre \u00c9quipe: Sylvie DeNobile, adjointe administrative chez Vertex.\" \/>\n<meta property=\"og:description\" content=\"Sylvie DeNobile a plusieurs ann\u00e9es d\u2019exp\u00e9rience en administration incluant la comptabilit\u00e9 et 25 ann\u00e9es au service \u00e0 la client\u00e8le - Vertex Commotion\" \/>\n<meta property=\"og:url\" content=\"https:\/\/vertexcommotion.ca\/en\/notre-equipe-sylvie-denobile-adjointe-administrative-vertex\/\" \/>\n<meta property=\"og:site_name\" content=\"Vertex\" \/>\n<meta property=\"article:modified_time\" content=\"2024-05-29T20:39:50+00:00\" \/>\n<meta property=\"og:image\" content=\"https:\/\/vertexcommotion.ca\/wp-content\/uploads\/2023\/09\/Janie-Guimond-1.png\" \/>\n<meta name=\"twitter:card\" content=\"summary_large_image\" \/>\n<meta name=\"twitter:label1\" content=\"Est. reading time\" \/>\n\t<meta name=\"twitter:data1\" content=\"2 minutes\" \/>\n<script type=\"application\/ld+json\" class=\"yoast-schema-graph\">{\"@context\":\"https:\/\/schema.org\",\"@graph\":[{\"@type\":\"WebPage\",\"@id\":\"https:\/\/vertexcommotion.ca\/notre-equipe-sylvie-denobile-adjointe-administrative-vertex\/\",\"url\":\"https:\/\/vertexcommotion.ca\/notre-equipe-sylvie-denobile-adjointe-administrative-vertex\/\",\"name\":\"Notre \u00c9quipe: Sylvie DeNobile, adjointe administrative chez Vertex.\",\"isPartOf\":{\"@id\":\"https:\/\/vertexcommotion.ca\/#website\"},\"primaryImageOfPage\":{\"@id\":\"https:\/\/vertexcommotion.ca\/notre-equipe-sylvie-denobile-adjointe-administrative-vertex\/#primaryimage\"},\"image\":{\"@id\":\"https:\/\/vertexcommotion.ca\/notre-equipe-sylvie-denobile-adjointe-administrative-vertex\/#primaryimage\"},\"thumbnailUrl\":\"https:\/\/vertexcommotion.ca\/wp-content\/uploads\/2023\/09\/Janie-Guimond-1.png\",\"datePublished\":\"2023-09-10T14:07:43+00:00\",\"dateModified\":\"2024-05-29T20:39:50+00:00\",\"description\":\"Sylvie DeNobile a plusieurs ann\u00e9es d\u2019exp\u00e9rience en administration incluant la comptabilit\u00e9 et 25 ann\u00e9es au service \u00e0 la client\u00e8le - Vertex Commotion\",\"breadcrumb\":{\"@id\":\"https:\/\/vertexcommotion.ca\/notre-equipe-sylvie-denobile-adjointe-administrative-vertex\/#breadcrumb\"},\"inLanguage\":\"en-CA\",\"potentialAction\":[{\"@type\":\"ReadAction\",\"target\":[\"https:\/\/vertexcommotion.ca\/notre-equipe-sylvie-denobile-adjointe-administrative-vertex\/\"]}]},{\"@type\":\"ImageObject\",\"inLanguage\":\"en-CA\",\"@id\":\"https:\/\/vertexcommotion.ca\/notre-equipe-sylvie-denobile-adjointe-administrative-vertex\/#primaryimage\",\"url\":\"https:\/\/vertexcommotion.ca\/wp-content\/uploads\/2023\/09\/Janie-Guimond-1.png\",\"contentUrl\":\"https:\/\/vertexcommotion.ca\/wp-content\/uploads\/2023\/09\/Janie-Guimond-1.png\"},{\"@type\":\"BreadcrumbList\",\"@id\":\"https:\/\/vertexcommotion.ca\/notre-equipe-sylvie-denobile-adjointe-administrative-vertex\/#breadcrumb\",\"itemListElement\":[{\"@type\":\"ListItem\",\"position\":1,\"name\":\"Home\",\"item\":\"https:\/\/vertexcommotion.ca\/\"},{\"@type\":\"ListItem\",\"position\":2,\"name\":\"Notre \u00c9quipe: Sylvie DeNobile, adjointe administrative\"}]},{\"@type\":\"WebSite\",\"@id\":\"https:\/\/vertexcommotion.ca\/#website\",\"url\":\"https:\/\/vertexcommotion.ca\/\",\"name\":\"Vertex\",\"description\":\"\",\"publisher\":{\"@id\":\"https:\/\/vertexcommotion.ca\/#organization\"},\"potentialAction\":[{\"@type\":\"SearchAction\",\"target\":{\"@type\":\"EntryPoint\",\"urlTemplate\":\"https:\/\/vertexcommotion.ca\/?s={search_term_string}\"},\"query-input\":{\"@type\":\"PropertyValueSpecification\",\"valueRequired\":true,\"valueName\":\"search_term_string\"}}],\"inLanguage\":\"en-CA\"},{\"@type\":\"Organization\",\"@id\":\"https:\/\/vertexcommotion.ca\/#organization\",\"name\":\"Vertex\",\"url\":\"https:\/\/vertexcommotion.ca\/\",\"logo\":{\"@type\":\"ImageObject\",\"inLanguage\":\"en-CA\",\"@id\":\"https:\/\/vertexcommotion.ca\/#\/schema\/logo\/image\/\",\"url\":\"https:\/\/vertexcommotion.ca\/wp-content\/uploads\/2023\/09\/VertexLogo.png\",\"contentUrl\":\"https:\/\/vertexcommotion.ca\/wp-content\/uploads\/2023\/09\/VertexLogo.png\",\"width\":550,\"height\":245,\"caption\":\"Vertex\"},\"image\":{\"@id\":\"https:\/\/vertexcommotion.ca\/#\/schema\/logo\/image\/\"}}]}<\/script>\n<!-- \/ Yoast SEO plugin. -->","yoast_head_json":{"title":"Notre \u00c9quipe: Sylvie DeNobile, adjointe administrative chez Vertex.","description":"Sylvie DeNobile a plusieurs ann\u00e9es d\u2019exp\u00e9rience en administration incluant la comptabilit\u00e9 et 25 ann\u00e9es au service \u00e0 la client\u00e8le - Vertex Commotion","robots":{"index":"index","follow":"follow","max-snippet":"max-snippet:-1","max-image-preview":"max-image-preview:large","max-video-preview":"max-video-preview:-1"},"canonical":"https:\/\/vertexcommotion.ca\/en\/notre-equipe-sylvie-denobile-adjointe-administrative-vertex\/","og_locale":"en_US","og_type":"article","og_title":"Notre \u00c9quipe: Sylvie DeNobile, adjointe administrative chez Vertex.","og_description":"Sylvie DeNobile a plusieurs ann\u00e9es d\u2019exp\u00e9rience en administration incluant la comptabilit\u00e9 et 25 ann\u00e9es au service \u00e0 la client\u00e8le - Vertex Commotion","og_url":"https:\/\/vertexcommotion.ca\/en\/notre-equipe-sylvie-denobile-adjointe-administrative-vertex\/","og_site_name":"Vertex","article_modified_time":"2024-05-29T20:39:50+00:00","og_image":[{"url":"https:\/\/vertexcommotion.ca\/wp-content\/uploads\/2023\/09\/Janie-Guimond-1.png","type":"","width":"","height":""}],"twitter_card":"summary_large_image","twitter_misc":{"Est. reading time":"2 minutes"},"schema":{"@context":"https:\/\/schema.org","@graph":[{"@type":"WebPage","@id":"https:\/\/vertexcommotion.ca\/notre-equipe-sylvie-denobile-adjointe-administrative-vertex\/","url":"https:\/\/vertexcommotion.ca\/notre-equipe-sylvie-denobile-adjointe-administrative-vertex\/","name":"Notre \u00c9quipe: Sylvie DeNobile, adjointe administrative chez Vertex.","isPartOf":{"@id":"https:\/\/vertexcommotion.ca\/#website"},"primaryImageOfPage":{"@id":"https:\/\/vertexcommotion.ca\/notre-equipe-sylvie-denobile-adjointe-administrative-vertex\/#primaryimage"},"image":{"@id":"https:\/\/vertexcommotion.ca\/notre-equipe-sylvie-denobile-adjointe-administrative-vertex\/#primaryimage"},"thumbnailUrl":"https:\/\/vertexcommotion.ca\/wp-content\/uploads\/2023\/09\/Janie-Guimond-1.png","datePublished":"2023-09-10T14:07:43+00:00","dateModified":"2024-05-29T20:39:50+00:00","description":"Sylvie DeNobile a plusieurs ann\u00e9es d\u2019exp\u00e9rience en administration incluant la comptabilit\u00e9 et 25 ann\u00e9es au service \u00e0 la client\u00e8le - Vertex Commotion","breadcrumb":{"@id":"https:\/\/vertexcommotion.ca\/notre-equipe-sylvie-denobile-adjointe-administrative-vertex\/#breadcrumb"},"inLanguage":"en-CA","potentialAction":[{"@type":"ReadAction","target":["https:\/\/vertexcommotion.ca\/notre-equipe-sylvie-denobile-adjointe-administrative-vertex\/"]}]},{"@type":"ImageObject","inLanguage":"en-CA","@id":"https:\/\/vertexcommotion.ca\/notre-equipe-sylvie-denobile-adjointe-administrative-vertex\/#primaryimage","url":"https:\/\/vertexcommotion.ca\/wp-content\/uploads\/2023\/09\/Janie-Guimond-1.png","contentUrl":"https:\/\/vertexcommotion.ca\/wp-content\/uploads\/2023\/09\/Janie-Guimond-1.png"},{"@type":"BreadcrumbList","@id":"https:\/\/vertexcommotion.ca\/notre-equipe-sylvie-denobile-adjointe-administrative-vertex\/#breadcrumb","itemListElement":[{"@type":"ListItem","position":1,"name":"Home","item":"https:\/\/vertexcommotion.ca\/"},{"@type":"ListItem","position":2,"name":"Notre \u00c9quipe: Sylvie DeNobile, adjointe administrative"}]},{"@type":"WebSite","@id":"https:\/\/vertexcommotion.ca\/#website","url":"https:\/\/vertexcommotion.ca\/","name":"Vertex","description":"","publisher":{"@id":"https:\/\/vertexcommotion.ca\/#organization"},"potentialAction":[{"@type":"SearchAction","target":{"@type":"EntryPoint","urlTemplate":"https:\/\/vertexcommotion.ca\/?s={search_term_string}"},"query-input":{"@type":"PropertyValueSpecification","valueRequired":true,"valueName":"search_term_string"}}],"inLanguage":"en-CA"},{"@type":"Organization","@id":"https:\/\/vertexcommotion.ca\/#organization","name":"Vertex","url":"https:\/\/vertexcommotion.ca\/","logo":{"@type":"ImageObject","inLanguage":"en-CA","@id":"https:\/\/vertexcommotion.ca\/#\/schema\/logo\/image\/","url":"https:\/\/vertexcommotion.ca\/wp-content\/uploads\/2023\/09\/VertexLogo.png","contentUrl":"https:\/\/vertexcommotion.ca\/wp-content\/uploads\/2023\/09\/VertexLogo.png","width":550,"height":245,"caption":"Vertex"},"image":{"@id":"https:\/\/vertexcommotion.ca\/#\/schema\/logo\/image\/"}}]}},"_links":{"self":[{"href":"https:\/\/vertexcommotion.ca\/en\/wp-json\/wp\/v2\/pages\/1170","targetHints":{"allow":["GET"]}}],"collection":[{"href":"https:\/\/vertexcommotion.ca\/en\/wp-json\/wp\/v2\/pages"}],"about":[{"href":"https:\/\/vertexcommotion.ca\/en\/wp-json\/wp\/v2\/types\/page"}],"author":[{"embeddable":true,"href":"https:\/\/vertexcommotion.ca\/en\/wp-json\/wp\/v2\/users\/6"}],"replies":[{"embeddable":true,"href":"https:\/\/vertexcommotion.ca\/en\/wp-json\/wp\/v2\/comments?post=1170"}],"version-history":[{"count":43,"href":"https:\/\/vertexcommotion.ca\/en\/wp-json\/wp\/v2\/pages\/1170\/revisions"}],"predecessor-version":[{"id":4224,"href":"https:\/\/vertexcommotion.ca\/en\/wp-json\/wp\/v2\/pages\/1170\/revisions\/4224"}],"wp:attachment":[{"href":"https:\/\/vertexcommotion.ca\/en\/wp-json\/wp\/v2\/media?parent=1170"}],"curies":[{"name":"wp","href":"https:\/\/api.w.org\/{rel}","templated":true}]}}