{"id":1168,"date":"2023-09-10T14:05:39","date_gmt":"2023-09-10T14:05:39","guid":{"rendered":"https:\/\/vertexcommotion.ca\/?page_id=1168"},"modified":"2024-05-29T20:40:34","modified_gmt":"2024-05-29T20:40:34","slug":"notre-equipe-janie-guimond-b-sc-erg-ergotherapeute","status":"publish","type":"page","link":"https:\/\/vertexcommotion.ca\/en\/notre-equipe-janie-guimond-b-sc-erg-ergotherapeute\/","title":{"rendered":"Notre \u00c9quipe: Janie Guimond B.Sc., Erg. Ergoth\u00e9rapeute"},"content":{"rendered":"<div data-elementor-type=\"wp-page\" data-elementor-id=\"1168\" class=\"elementor elementor-1168\">\n\t\t\t\t<div class=\"elementor-element elementor-element-13d19f1 gradiant-emma e-flex e-con-boxed e-con e-parent\" data-id=\"13d19f1\" data-element_type=\"container\">\n\t\t\t\t\t<div class=\"e-con-inner\">\n\t\t\t\t<div class=\"elementor-element elementor-element-abe1c27 elementor-widget__width-inherit elementor-widget elementor-widget-hub_fancy_heading\" data-id=\"abe1c27\" data-element_type=\"widget\" data-widget_type=\"hub_fancy_heading.default\">\n\t\t\t\t<div class=\"elementor-widget-container\">\n\t\t\t\t\t\n\t\t<div id=\"ld-fancy-heading-69daa08f529e9\" class=\"ld-fancy-heading pos-rel\">\n\t\t\t<h2 class=\"ld-fh-element d-inline-block pos-rel  elementor-heading-title lqd-highlight-classic lqd-highlight-grow-left h2\"  > Our Team<\/h2>\t\t<\/div>\n\n\t\t\t\t\t\t<\/div>\n\t\t\t\t<\/div>\n\t\t\t\t<div class=\"elementor-element elementor-element-6b7439a elementor-widget__width-initial elementor-widget elementor-widget-hub_fancy_heading\" data-id=\"6b7439a\" data-element_type=\"widget\" data-widget_type=\"hub_fancy_heading.default\">\n\t\t\t\t<div class=\"elementor-widget-container\">\n\t\t\t\t\t\n\t\t<div id=\"ld-fancy-heading-69daa08f52d77\" class=\"ld-fancy-heading pos-rel\">\n\t\t\t<h2 class=\"ld-fh-element d-inline-block pos-rel  elementor-heading-title lqd-highlight-classic lqd-highlight-grow-left h2\"  > AT VERTEX, WE ARE A TEAM OF DEDICATED PROFESSIONALS AND WE COLLABORATE TO ENSURE THE OPTIMUM INDIVIDUALIZED REHABILITATION OF EACH OF OUR PATIENTS.<\/h2>\t\t<\/div>\n\n\t\t\t\t\t\t<\/div>\n\t\t\t\t<\/div>\n\t\t\t\t\t<\/div>\n\t\t\t\t<\/div>\n\t\t<div class=\"elementor-element elementor-element-0aedab8 e-con-full notre-equpe-emma e-flex e-con e-parent\" data-id=\"0aedab8\" data-element_type=\"container\">\n\t\t<div data-lqd-section-scroll=\"true\" class=\"elementor-element elementor-element-c4596e1 e-con-full left-side-scroll e-flex e-con e-child\" data-id=\"c4596e1\" data-element_type=\"container\">\n\t\t\t\t<div class=\"elementor-element elementor-element-ac097cc elementor-widget elementor-widget-hub_fancy_heading\" data-id=\"ac097cc\" data-element_type=\"widget\" data-widget_type=\"hub_fancy_heading.default\">\n\t\t\t\t<div class=\"elementor-widget-container\">\n\t\t\t\t\t\n\t\t<div id=\"ld-fancy-heading-69daa08f534f5\" class=\"ld-fancy-heading pos-rel\">\n\t\t\t<h2 class=\"ld-fh-element d-inline-block pos-rel  elementor-heading-title lqd-highlight-classic lqd-highlight-grow-left h2\"  > JANIE GUIMOND B.SC., ERG.<\/h2>\t\t<\/div>\n\n\t\t\t\t\t\t<\/div>\n\t\t\t\t<\/div>\n\t\t\t\t<div class=\"elementor-element elementor-element-e0e1b51 elementor-widget elementor-widget-hub_fancy_heading\" data-id=\"e0e1b51\" data-element_type=\"widget\" data-widget_type=\"hub_fancy_heading.default\">\n\t\t\t\t<div class=\"elementor-widget-container\">\n\t\t\t\t\t\n\t\t<div id=\"ld-fancy-heading-69daa08f53808\" class=\"ld-fancy-heading pos-rel\">\n\t\t\t<h2 class=\"ld-fh-element d-inline-block pos-rel  elementor-heading-title lqd-highlight-classic lqd-highlight-grow-left h2\"  > Occupational therapist<\/h2>\t\t<\/div>\n\n\t\t\t\t\t\t<\/div>\n\t\t\t\t<\/div>\n\t\t\t\t<div class=\"elementor-element elementor-element-27ca32d elementor-widget elementor-widget-hub_fancy_heading\" data-id=\"27ca32d\" data-element_type=\"widget\" data-widget_type=\"hub_fancy_heading.default\">\n\t\t\t\t<div class=\"elementor-widget-container\">\n\t\t\t\t\t\n\t\t<div id=\"ld-fancy-heading-69daa08f53b0b\" class=\"ld-fancy-heading pos-rel\">\n\t\t\t<h2 class=\"ld-fh-element d-inline-block pos-rel  elementor-heading-title lqd-highlight-classic lqd-highlight-grow-left h2\"  > Occupational therapist, member of the OEQ Shift: Management and care of concussions, level 1\n\n\n<br><br>Janie obtained her diploma in occupational therapy at the University of Montreal in 2007. She is a member of the Order of Occupational Therapists of Quebec (OEQ) and the Canadian Association of Occupational Therapists (ACE). She also completed her graduate studies in kinesiology before pursuing her greatest passion, volleyball. For 8 years, she wore the colors of Canada around the world, as part of the national volleyball team. After traveling a lot and with her adrenaline-rich experiences, she then plunged back into her other passion, occupational therapy.\n\n<br><br>Having suffered several concussions herself, Janie wanted, by leaving the world of sport, to develop the support service that she had missed during her injuries. Its main objective is to support patients in their daily difficulties. Both in terms of organization of the occupational schedule, energy management, anxiety, sleep and emotions, changes in social roles, return to work or school and in terms of from developing coping strategies to facilitate leisure and social activities, Janie will be able to offer you the help you need to get through the most difficult times that can occur following a concussion.\n\n<br><br>She attaches great importance to the relationship of trust with patients and those around them, as well as their involvement in returning to balance.\n\n<br><br>Janie works in collaboration, if necessary, with the doctor, the insurer, other professionals and loved ones around the suffering person. In addition, it offers the possibility of remote monitoring via videoconference (e.g. Skype) or telephone in order to avoid travel that could trigger certain symptoms.<\/h2>\t\t<\/div>\n\n\t\t\t\t\t\t<\/div>\n\t\t\t\t<\/div>\n\t\t\t\t<\/div>\n\t\t<div class=\"elementor-element elementor-element-e3307a4 e-con-full e-flex e-con e-child\" data-id=\"e3307a4\" data-element_type=\"container\" data-settings=\"{&quot;background_background&quot;:&quot;classic&quot;}\">\n\t\t\t\t<div class=\"elementor-element elementor-element-d653d02 elementor-widget elementor-widget-ld_fancy_image\" data-id=\"d653d02\" data-element_type=\"widget\" data-widget_type=\"ld_fancy_image.default\">\n\t\t\t\t<div class=\"elementor-widget-container\">\n\t\t\t\t\t\n\t\t<div class=\"lqd-imggrp-single d-block pos-rel\">\n\t\t\t<div class=\"lqd-imggrp-img-container d-inline-flex pos-rel align-items-center justify-content-center\">\n\t\t\t\t\t\t\t\t<figure class=\"w-100 pos-rel\">\n\t\t\t\t\t<img fetchpriority=\"high\" decoding=\"async\" width=\"1042\" height=\"763\" src=\"https:\/\/vertexcommotion.ca\/wp-content\/uploads\/2023\/09\/Janie-Guimond-1-2.png\" class=\"attachment-full size-full wp-image-1836\" alt=\"\" srcset=\"https:\/\/vertexcommotion.ca\/wp-content\/uploads\/2023\/09\/Janie-Guimond-1-2.png 1042w, https:\/\/vertexcommotion.ca\/wp-content\/uploads\/2023\/09\/Janie-Guimond-1-2-300x220.png 300w, https:\/\/vertexcommotion.ca\/wp-content\/uploads\/2023\/09\/Janie-Guimond-1-2-1024x750.png 1024w, https:\/\/vertexcommotion.ca\/wp-content\/uploads\/2023\/09\/Janie-Guimond-1-2-16x12.png 16w\" sizes=\"(max-width: 1042px) 100vw, 1042px\" itemprop=\"image\" \/>\t\t\t\t\t\t\t\t\t\t\t\t\t\t\t\t\t\t\t\t\t\t\t\t\t\t\t\t\t<\/figure>\n\t\t\t<\/div>\n\t\t<\/div>\n\n\t\t\t\t\t<\/div>\n\t\t\t\t<\/div>\n\t\t\t\t<\/div>\n\t\t\t\t<\/div>\n\t\t\t\t<\/div>","protected":false},"excerpt":{"rendered":"<p>Notre \u00c9quipe Chez Vertex, nous sommes une \u00e9quipe de professionnels d\u00e9vou\u00e9s et nous collaborons afin d\u2019assurer la r\u00e9adaptation individualis\u00e9e optimale de chacun de nos patients. Janie Guimond B.Sc., Erg. Ergoth\u00e9rapeute Ergoth\u00e9rapeute, membre de l\u2019OEQ Shift : Gestion et soins des commotions c\u00e9r\u00e9brales, niveau 1 Janie a obtenu son dipl\u00f4me en ergoth\u00e9rapie \u00e0 l\u2019Universit\u00e9 de Montr\u00e9al [&hellip;]<\/p>","protected":false},"author":6,"featured_media":0,"parent":0,"menu_order":0,"comment_status":"closed","ping_status":"closed","template":"","meta":{"footnotes":""},"class_list":["post-1168","page","type-page","status-publish","hentry"],"yoast_head":"<!-- This site is optimized with the Yoast SEO plugin v25.0 - https:\/\/yoast.com\/wordpress\/plugins\/seo\/ -->\n<title>Notre \u00c9quipe: Janie Guimond B.Sc., Erg. Ergoth\u00e9rapeute<\/title>\n<meta name=\"description\" content=\"Janie est dipl\u00f4m\u00e9e en ergoth\u00e9rapie \u00e0 l\u2019UdM en 2007. Membre de l\u2019Ordre des ergoth\u00e9rapeutes (OEQ) et de l\u2019Association canadienne des ergoth\u00e9rapeutes (ACE).\" \/>\n<meta name=\"robots\" content=\"index, follow, max-snippet:-1, max-image-preview:large, max-video-preview:-1\" \/>\n<link rel=\"canonical\" href=\"https:\/\/vertexcommotion.ca\/en\/notre-equipe-janie-guimond-b-sc-erg-ergotherapeute\/\" \/>\n<meta property=\"og:locale\" content=\"en_US\" \/>\n<meta property=\"og:type\" content=\"article\" \/>\n<meta property=\"og:title\" content=\"Notre \u00c9quipe: Janie Guimond B.Sc., Erg. Ergoth\u00e9rapeute\" \/>\n<meta property=\"og:description\" content=\"Janie est dipl\u00f4m\u00e9e en ergoth\u00e9rapie \u00e0 l\u2019UdM en 2007. Membre de l\u2019Ordre des ergoth\u00e9rapeutes (OEQ) et de l\u2019Association canadienne des ergoth\u00e9rapeutes (ACE).\" \/>\n<meta property=\"og:url\" content=\"https:\/\/vertexcommotion.ca\/en\/notre-equipe-janie-guimond-b-sc-erg-ergotherapeute\/\" \/>\n<meta property=\"og:site_name\" content=\"Vertex\" \/>\n<meta property=\"article:modified_time\" content=\"2024-05-29T20:40:34+00:00\" \/>\n<meta property=\"og:image\" content=\"https:\/\/vertexcommotion.ca\/wp-content\/uploads\/2023\/09\/Janie-Guimond-1-2.png\" \/>\n<meta name=\"twitter:card\" content=\"summary_large_image\" \/>\n<meta name=\"twitter:label1\" content=\"Est. reading time\" \/>\n\t<meta name=\"twitter:data1\" content=\"2 minutes\" \/>\n<script type=\"application\/ld+json\" class=\"yoast-schema-graph\">{\"@context\":\"https:\/\/schema.org\",\"@graph\":[{\"@type\":\"WebPage\",\"@id\":\"https:\/\/vertexcommotion.ca\/notre-equipe-janie-guimond-b-sc-erg-ergotherapeute\/\",\"url\":\"https:\/\/vertexcommotion.ca\/notre-equipe-janie-guimond-b-sc-erg-ergotherapeute\/\",\"name\":\"Notre \u00c9quipe: Janie Guimond B.Sc., Erg. Ergoth\u00e9rapeute\",\"isPartOf\":{\"@id\":\"https:\/\/vertexcommotion.ca\/#website\"},\"primaryImageOfPage\":{\"@id\":\"https:\/\/vertexcommotion.ca\/notre-equipe-janie-guimond-b-sc-erg-ergotherapeute\/#primaryimage\"},\"image\":{\"@id\":\"https:\/\/vertexcommotion.ca\/notre-equipe-janie-guimond-b-sc-erg-ergotherapeute\/#primaryimage\"},\"thumbnailUrl\":\"https:\/\/vertexcommotion.ca\/wp-content\/uploads\/2023\/09\/Janie-Guimond-1-2.png\",\"datePublished\":\"2023-09-10T14:05:39+00:00\",\"dateModified\":\"2024-05-29T20:40:34+00:00\",\"description\":\"Janie est dipl\u00f4m\u00e9e en ergoth\u00e9rapie \u00e0 l\u2019UdM en 2007. Membre de l\u2019Ordre des ergoth\u00e9rapeutes (OEQ) et de l\u2019Association canadienne des ergoth\u00e9rapeutes (ACE).\",\"breadcrumb\":{\"@id\":\"https:\/\/vertexcommotion.ca\/notre-equipe-janie-guimond-b-sc-erg-ergotherapeute\/#breadcrumb\"},\"inLanguage\":\"en-CA\",\"potentialAction\":[{\"@type\":\"ReadAction\",\"target\":[\"https:\/\/vertexcommotion.ca\/notre-equipe-janie-guimond-b-sc-erg-ergotherapeute\/\"]}]},{\"@type\":\"ImageObject\",\"inLanguage\":\"en-CA\",\"@id\":\"https:\/\/vertexcommotion.ca\/notre-equipe-janie-guimond-b-sc-erg-ergotherapeute\/#primaryimage\",\"url\":\"https:\/\/vertexcommotion.ca\/wp-content\/uploads\/2023\/09\/Janie-Guimond-1-2.png\",\"contentUrl\":\"https:\/\/vertexcommotion.ca\/wp-content\/uploads\/2023\/09\/Janie-Guimond-1-2.png\"},{\"@type\":\"BreadcrumbList\",\"@id\":\"https:\/\/vertexcommotion.ca\/notre-equipe-janie-guimond-b-sc-erg-ergotherapeute\/#breadcrumb\",\"itemListElement\":[{\"@type\":\"ListItem\",\"position\":1,\"name\":\"Home\",\"item\":\"https:\/\/vertexcommotion.ca\/\"},{\"@type\":\"ListItem\",\"position\":2,\"name\":\"Notre \u00c9quipe: Janie Guimond B.Sc., Erg. Ergoth\u00e9rapeute\"}]},{\"@type\":\"WebSite\",\"@id\":\"https:\/\/vertexcommotion.ca\/#website\",\"url\":\"https:\/\/vertexcommotion.ca\/\",\"name\":\"Vertex\",\"description\":\"\",\"publisher\":{\"@id\":\"https:\/\/vertexcommotion.ca\/#organization\"},\"potentialAction\":[{\"@type\":\"SearchAction\",\"target\":{\"@type\":\"EntryPoint\",\"urlTemplate\":\"https:\/\/vertexcommotion.ca\/?s={search_term_string}\"},\"query-input\":{\"@type\":\"PropertyValueSpecification\",\"valueRequired\":true,\"valueName\":\"search_term_string\"}}],\"inLanguage\":\"en-CA\"},{\"@type\":\"Organization\",\"@id\":\"https:\/\/vertexcommotion.ca\/#organization\",\"name\":\"Vertex\",\"url\":\"https:\/\/vertexcommotion.ca\/\",\"logo\":{\"@type\":\"ImageObject\",\"inLanguage\":\"en-CA\",\"@id\":\"https:\/\/vertexcommotion.ca\/#\/schema\/logo\/image\/\",\"url\":\"https:\/\/vertexcommotion.ca\/wp-content\/uploads\/2023\/09\/VertexLogo.png\",\"contentUrl\":\"https:\/\/vertexcommotion.ca\/wp-content\/uploads\/2023\/09\/VertexLogo.png\",\"width\":550,\"height\":245,\"caption\":\"Vertex\"},\"image\":{\"@id\":\"https:\/\/vertexcommotion.ca\/#\/schema\/logo\/image\/\"}}]}<\/script>\n<!-- \/ Yoast SEO plugin. -->","yoast_head_json":{"title":"Notre \u00c9quipe: Janie Guimond B.Sc., Erg. Ergoth\u00e9rapeute","description":"Janie est dipl\u00f4m\u00e9e en ergoth\u00e9rapie \u00e0 l\u2019UdM en 2007. Membre de l\u2019Ordre des ergoth\u00e9rapeutes (OEQ) et de l\u2019Association canadienne des ergoth\u00e9rapeutes (ACE).","robots":{"index":"index","follow":"follow","max-snippet":"max-snippet:-1","max-image-preview":"max-image-preview:large","max-video-preview":"max-video-preview:-1"},"canonical":"https:\/\/vertexcommotion.ca\/en\/notre-equipe-janie-guimond-b-sc-erg-ergotherapeute\/","og_locale":"en_US","og_type":"article","og_title":"Notre \u00c9quipe: Janie Guimond B.Sc., Erg. Ergoth\u00e9rapeute","og_description":"Janie est dipl\u00f4m\u00e9e en ergoth\u00e9rapie \u00e0 l\u2019UdM en 2007. Membre de l\u2019Ordre des ergoth\u00e9rapeutes (OEQ) et de l\u2019Association canadienne des ergoth\u00e9rapeutes (ACE).","og_url":"https:\/\/vertexcommotion.ca\/en\/notre-equipe-janie-guimond-b-sc-erg-ergotherapeute\/","og_site_name":"Vertex","article_modified_time":"2024-05-29T20:40:34+00:00","og_image":[{"url":"https:\/\/vertexcommotion.ca\/wp-content\/uploads\/2023\/09\/Janie-Guimond-1-2.png","type":"","width":"","height":""}],"twitter_card":"summary_large_image","twitter_misc":{"Est. reading time":"2 minutes"},"schema":{"@context":"https:\/\/schema.org","@graph":[{"@type":"WebPage","@id":"https:\/\/vertexcommotion.ca\/notre-equipe-janie-guimond-b-sc-erg-ergotherapeute\/","url":"https:\/\/vertexcommotion.ca\/notre-equipe-janie-guimond-b-sc-erg-ergotherapeute\/","name":"Notre \u00c9quipe: Janie Guimond B.Sc., Erg. Ergoth\u00e9rapeute","isPartOf":{"@id":"https:\/\/vertexcommotion.ca\/#website"},"primaryImageOfPage":{"@id":"https:\/\/vertexcommotion.ca\/notre-equipe-janie-guimond-b-sc-erg-ergotherapeute\/#primaryimage"},"image":{"@id":"https:\/\/vertexcommotion.ca\/notre-equipe-janie-guimond-b-sc-erg-ergotherapeute\/#primaryimage"},"thumbnailUrl":"https:\/\/vertexcommotion.ca\/wp-content\/uploads\/2023\/09\/Janie-Guimond-1-2.png","datePublished":"2023-09-10T14:05:39+00:00","dateModified":"2024-05-29T20:40:34+00:00","description":"Janie est dipl\u00f4m\u00e9e en ergoth\u00e9rapie \u00e0 l\u2019UdM en 2007. Membre de l\u2019Ordre des ergoth\u00e9rapeutes (OEQ) et de l\u2019Association canadienne des ergoth\u00e9rapeutes (ACE).","breadcrumb":{"@id":"https:\/\/vertexcommotion.ca\/notre-equipe-janie-guimond-b-sc-erg-ergotherapeute\/#breadcrumb"},"inLanguage":"en-CA","potentialAction":[{"@type":"ReadAction","target":["https:\/\/vertexcommotion.ca\/notre-equipe-janie-guimond-b-sc-erg-ergotherapeute\/"]}]},{"@type":"ImageObject","inLanguage":"en-CA","@id":"https:\/\/vertexcommotion.ca\/notre-equipe-janie-guimond-b-sc-erg-ergotherapeute\/#primaryimage","url":"https:\/\/vertexcommotion.ca\/wp-content\/uploads\/2023\/09\/Janie-Guimond-1-2.png","contentUrl":"https:\/\/vertexcommotion.ca\/wp-content\/uploads\/2023\/09\/Janie-Guimond-1-2.png"},{"@type":"BreadcrumbList","@id":"https:\/\/vertexcommotion.ca\/notre-equipe-janie-guimond-b-sc-erg-ergotherapeute\/#breadcrumb","itemListElement":[{"@type":"ListItem","position":1,"name":"Home","item":"https:\/\/vertexcommotion.ca\/"},{"@type":"ListItem","position":2,"name":"Notre \u00c9quipe: Janie Guimond B.Sc., Erg. Ergoth\u00e9rapeute"}]},{"@type":"WebSite","@id":"https:\/\/vertexcommotion.ca\/#website","url":"https:\/\/vertexcommotion.ca\/","name":"Vertex","description":"","publisher":{"@id":"https:\/\/vertexcommotion.ca\/#organization"},"potentialAction":[{"@type":"SearchAction","target":{"@type":"EntryPoint","urlTemplate":"https:\/\/vertexcommotion.ca\/?s={search_term_string}"},"query-input":{"@type":"PropertyValueSpecification","valueRequired":true,"valueName":"search_term_string"}}],"inLanguage":"en-CA"},{"@type":"Organization","@id":"https:\/\/vertexcommotion.ca\/#organization","name":"Vertex","url":"https:\/\/vertexcommotion.ca\/","logo":{"@type":"ImageObject","inLanguage":"en-CA","@id":"https:\/\/vertexcommotion.ca\/#\/schema\/logo\/image\/","url":"https:\/\/vertexcommotion.ca\/wp-content\/uploads\/2023\/09\/VertexLogo.png","contentUrl":"https:\/\/vertexcommotion.ca\/wp-content\/uploads\/2023\/09\/VertexLogo.png","width":550,"height":245,"caption":"Vertex"},"image":{"@id":"https:\/\/vertexcommotion.ca\/#\/schema\/logo\/image\/"}}]}},"_links":{"self":[{"href":"https:\/\/vertexcommotion.ca\/en\/wp-json\/wp\/v2\/pages\/1168","targetHints":{"allow":["GET"]}}],"collection":[{"href":"https:\/\/vertexcommotion.ca\/en\/wp-json\/wp\/v2\/pages"}],"about":[{"href":"https:\/\/vertexcommotion.ca\/en\/wp-json\/wp\/v2\/types\/page"}],"author":[{"embeddable":true,"href":"https:\/\/vertexcommotion.ca\/en\/wp-json\/wp\/v2\/users\/6"}],"replies":[{"embeddable":true,"href":"https:\/\/vertexcommotion.ca\/en\/wp-json\/wp\/v2\/comments?post=1168"}],"version-history":[{"count":49,"href":"https:\/\/vertexcommotion.ca\/en\/wp-json\/wp\/v2\/pages\/1168\/revisions"}],"predecessor-version":[{"id":4233,"href":"https:\/\/vertexcommotion.ca\/en\/wp-json\/wp\/v2\/pages\/1168\/revisions\/4233"}],"wp:attachment":[{"href":"https:\/\/vertexcommotion.ca\/en\/wp-json\/wp\/v2\/media?parent=1168"}],"curies":[{"name":"wp","href":"https:\/\/api.w.org\/{rel}","templated":true}]}}