{"id":1166,"date":"2023-09-10T14:09:48","date_gmt":"2023-09-10T14:09:48","guid":{"rendered":"https:\/\/vertexcommotion.ca\/?page_id=1166"},"modified":"2024-05-29T20:39:15","modified_gmt":"2024-05-29T20:39:15","slug":"notre-equipe-kyla-demers-m-sc-catc-do-osteopathe","status":"publish","type":"page","link":"https:\/\/vertexcommotion.ca\/en\/notre-equipe-kyla-demers-m-sc-catc-do-osteopathe\/","title":{"rendered":"Notre \u00c9quipe: Kyla Demers M.Sc., CAT(C), DO Ost\u00e9opathe"},"content":{"rendered":"<div data-elementor-type=\"wp-page\" data-elementor-id=\"1166\" class=\"elementor elementor-1166\">\n\t\t\t\t<div class=\"elementor-element elementor-element-3535bc4 gradiant-emma e-flex e-con-boxed e-con e-parent\" data-id=\"3535bc4\" data-element_type=\"container\">\n\t\t\t\t\t<div class=\"e-con-inner\">\n\t\t\t\t<div class=\"elementor-element elementor-element-e07e590 elementor-widget__width-inherit elementor-widget elementor-widget-hub_fancy_heading\" data-id=\"e07e590\" data-element_type=\"widget\" data-widget_type=\"hub_fancy_heading.default\">\n\t\t\t\t<div class=\"elementor-widget-container\">\n\t\t\t\t\t\n\t\t<div id=\"ld-fancy-heading-69cade80bd701\" class=\"ld-fancy-heading pos-rel\">\n\t\t\t<h2 class=\"ld-fh-element d-inline-block pos-rel  elementor-heading-title lqd-highlight-classic lqd-highlight-grow-left h2\"  > Our Team<\/h2>\t\t<\/div>\n\n\t\t\t\t\t\t<\/div>\n\t\t\t\t<\/div>\n\t\t\t\t<div class=\"elementor-element elementor-element-601e796 elementor-widget__width-initial elementor-widget elementor-widget-hub_fancy_heading\" data-id=\"601e796\" data-element_type=\"widget\" data-widget_type=\"hub_fancy_heading.default\">\n\t\t\t\t<div class=\"elementor-widget-container\">\n\t\t\t\t\t\n\t\t<div id=\"ld-fancy-heading-69cade80bda7e\" class=\"ld-fancy-heading pos-rel\">\n\t\t\t<h2 class=\"ld-fh-element d-inline-block pos-rel  elementor-heading-title lqd-highlight-classic lqd-highlight-grow-left h2\"  > AT VERTEX, WE ARE A TEAM OF DEDICATED PROFESSIONALS AND WE COLLABORATE TO ENSURE THE OPTIMUM INDIVIDUALIZED REHABILITATION OF EACH OF OUR PATIENTS.<\/h2>\t\t<\/div>\n\n\t\t\t\t\t\t<\/div>\n\t\t\t\t<\/div>\n\t\t\t\t\t<\/div>\n\t\t\t\t<\/div>\n\t\t<div class=\"elementor-element elementor-element-ad848bf e-con-full notre-equpe-emma e-flex e-con e-parent\" data-id=\"ad848bf\" data-element_type=\"container\">\n\t\t<div data-lqd-section-scroll=\"true\" class=\"elementor-element elementor-element-8c6edc9 e-con-full left-side-scroll e-flex e-con e-child\" data-id=\"8c6edc9\" data-element_type=\"container\">\n\t\t\t\t<div class=\"elementor-element elementor-element-a91ea91 elementor-widget elementor-widget-hub_fancy_heading\" data-id=\"a91ea91\" data-element_type=\"widget\" data-widget_type=\"hub_fancy_heading.default\">\n\t\t\t\t<div class=\"elementor-widget-container\">\n\t\t\t\t\t\n\t\t<div id=\"ld-fancy-heading-69cade80be2c3\" class=\"ld-fancy-heading pos-rel\">\n\t\t\t<h2 class=\"ld-fh-element d-inline-block pos-rel  elementor-heading-title lqd-highlight-classic lqd-highlight-grow-left h2\"  > KYLA DEMERS <br>M.SC., CAT(C), DO<\/h2>\t\t<\/div>\n\n\t\t\t\t\t\t<\/div>\n\t\t\t\t<\/div>\n\t\t\t\t<div class=\"elementor-element elementor-element-5e0e48f elementor-widget elementor-widget-hub_fancy_heading\" data-id=\"5e0e48f\" data-element_type=\"widget\" data-widget_type=\"hub_fancy_heading.default\">\n\t\t\t\t<div class=\"elementor-widget-container\">\n\t\t\t\t\t\n\t\t<div id=\"ld-fancy-heading-69cade80be710\" class=\"ld-fancy-heading pos-rel\">\n\t\t\t<h2 class=\"ld-fh-element d-inline-block pos-rel  elementor-heading-title lqd-highlight-classic lqd-highlight-grow-left h2\"  > OSTEOPATHIC SPORTS THERAPIST<\/h2>\t\t<\/div>\n\n\t\t\t\t\t\t<\/div>\n\t\t\t\t<\/div>\n\t\t\t\t<div class=\"elementor-element elementor-element-fc480c1 elementor-widget elementor-widget-hub_fancy_heading\" data-id=\"fc480c1\" data-element_type=\"widget\" data-widget_type=\"hub_fancy_heading.default\">\n\t\t\t\t<div class=\"elementor-widget-container\">\n\t\t\t\t\t\n\t\t<div id=\"ld-fancy-heading-69cade80beb27\" class=\"ld-fancy-heading pos-rel\">\n\t\t\t<h2 class=\"ld-fh-element d-inline-block pos-rel  elementor-heading-title lqd-highlight-classic lqd-highlight-grow-left h2\"  > Owner Vertex Commotion\n<br>Osteopath, member of Ost\u00e9opathie Qu\u00e9bec \n<br>Sports therapist, member of the ACTS \n<br>Master's degree, Concordia University Shift: Concussion Management and Care, Level 2\n\n<br><br>An athletic therapist who graduated from Concordia University in 2004, Kyla is a member of the Canadian Association of Athletic Therapists. She began her career in sports medicine, working for several years with the provincial teams of Rugby Qu\u00e9bec and at the National Circus School of Montreal.\n\n<br><br>A sports fanatic and curious by nature, she obtained her osteopathy diploma from the Center ost\u00e9tique du Qu\u00e9bec in 2012. Since then, she has been part of the medical team at the Canada Games twice and at the Vancouver Olympic Games. She was also a consultant for the Armada (LHJMQ) and is a therapist accredited by the Center for Development and Excellence in Sports and Leisure (counterpart of the National Sports Institute).\n\n<br><br>A rugby and hockey player, Kyla has not only suffered concussions, but has managed and treated concussion cases for several years. In 2015, she began her journey to develop a care and interprofessional collaboration project for concussions. In 2019 she completed a master's research project at Concordia University where she found a significant link between neck and head mobility restrictions and persistent symptoms associated with post-concussion syndrome. She then began several training courses on concussions, vestibular rehabilitation and visual therapy and performance. Aware of the importance of education, she gives conferences on concussions that include prevention programs and are adapted to the populations concerned. Concerned about the great need for support for people suffering from concussion, she founded Vertex Commotion.<\/h2>\t\t<\/div>\n\n\t\t\t\t\t\t<\/div>\n\t\t\t\t<\/div>\n\t\t\t\t<\/div>\n\t\t<div class=\"elementor-element elementor-element-d12192e e-con-full e-flex e-con e-child\" data-id=\"d12192e\" data-element_type=\"container\" data-settings=\"{&quot;background_background&quot;:&quot;classic&quot;}\">\n\t\t\t\t<div class=\"elementor-element elementor-element-2283146 elementor-widget elementor-widget-ld_fancy_image\" data-id=\"2283146\" data-element_type=\"widget\" data-widget_type=\"ld_fancy_image.default\">\n\t\t\t\t<div class=\"elementor-widget-container\">\n\t\t\t\t\t\n\t\t<div class=\"lqd-imggrp-single d-block pos-rel\">\n\t\t\t<div class=\"lqd-imggrp-img-container d-inline-flex pos-rel align-items-center justify-content-center\">\n\t\t\t\t\t\t\t\t<figure class=\"w-100 pos-rel\">\n\t\t\t\t\t<img fetchpriority=\"high\" decoding=\"async\" width=\"1041\" height=\"763\" src=\"https:\/\/vertexcommotion.ca\/wp-content\/uploads\/2023\/09\/Janie-Guimond-1-1.png\" class=\"attachment-full size-full wp-image-1790\" alt=\"\" srcset=\"https:\/\/vertexcommotion.ca\/wp-content\/uploads\/2023\/09\/Janie-Guimond-1-1.png 1041w, https:\/\/vertexcommotion.ca\/wp-content\/uploads\/2023\/09\/Janie-Guimond-1-1-300x220.png 300w, https:\/\/vertexcommotion.ca\/wp-content\/uploads\/2023\/09\/Janie-Guimond-1-1-1024x751.png 1024w, https:\/\/vertexcommotion.ca\/wp-content\/uploads\/2023\/09\/Janie-Guimond-1-1-16x12.png 16w\" sizes=\"(max-width: 1041px) 100vw, 1041px\" itemprop=\"image\" \/>\t\t\t\t\t\t\t\t\t\t\t\t\t\t\t\t\t\t\t\t\t\t\t\t\t\t\t\t\t<\/figure>\n\t\t\t<\/div>\n\t\t<\/div>\n\n\t\t\t\t\t<\/div>\n\t\t\t\t<\/div>\n\t\t\t\t<\/div>\n\t\t\t\t<\/div>\n\t\t\t\t<\/div>","protected":false},"excerpt":{"rendered":"<p>Notre \u00c9quipe Chez Vertex, nous sommes une \u00e9quipe de professionnels d\u00e9vou\u00e9s et nous collaborons afin d\u2019assurer la r\u00e9adaptation individualis\u00e9e optimale de chacun de nos patients. Kyla Demers M.Sc., CAT(C), DO Th\u00e9rapeute du sport Ost\u00e9opathe Propri\u00e9taire Vertex Commotion Ost\u00e9opathe, membre d\u2019Ost\u00e9opathie Qu\u00e9bec Th\u00e9rapeute du sport, membre de l\u2019ACTS Ma\u00eetrise, Universit\u00e9 Concordia Shift : Gestion et soins [&hellip;]<\/p>","protected":false},"author":6,"featured_media":0,"parent":0,"menu_order":0,"comment_status":"closed","ping_status":"closed","template":"","meta":{"footnotes":""},"class_list":["post-1166","page","type-page","status-publish","hentry"],"yoast_head":"<!-- This site is optimized with the Yoast SEO plugin v25.0 - https:\/\/yoast.com\/wordpress\/plugins\/seo\/ -->\n<title>Notre \u00c9quipe: Kyla Demers M.Sc., CAT(C), DO Ost\u00e9opathe<\/title>\n<meta name=\"description\" content=\"Kyla Demers est th\u00e9rapeute du sport dipl\u00f4m\u00e9e de l\u2019Universit\u00e9 Concordia en 2004, ainsi qu&#039;ost\u00e9opathe dipl\u00f4m\u00e9e au Centre ost\u00e9opathique du Qu\u00e9bec.\" \/>\n<meta name=\"robots\" content=\"index, follow, max-snippet:-1, max-image-preview:large, max-video-preview:-1\" \/>\n<link rel=\"canonical\" href=\"https:\/\/vertexcommotion.ca\/en\/notre-equipe-kyla-demers-m-sc-catc-do-osteopathe\/\" \/>\n<meta property=\"og:locale\" content=\"en_US\" \/>\n<meta property=\"og:type\" content=\"article\" \/>\n<meta property=\"og:title\" content=\"Notre \u00c9quipe: Kyla Demers M.Sc., CAT(C), DO Ost\u00e9opathe\" \/>\n<meta property=\"og:description\" content=\"Kyla Demers est th\u00e9rapeute du sport dipl\u00f4m\u00e9e de l\u2019Universit\u00e9 Concordia en 2004, ainsi qu&#039;ost\u00e9opathe dipl\u00f4m\u00e9e au Centre ost\u00e9opathique du Qu\u00e9bec.\" \/>\n<meta property=\"og:url\" content=\"https:\/\/vertexcommotion.ca\/en\/notre-equipe-kyla-demers-m-sc-catc-do-osteopathe\/\" \/>\n<meta property=\"og:site_name\" content=\"Vertex\" \/>\n<meta property=\"article:modified_time\" content=\"2024-05-29T20:39:15+00:00\" \/>\n<meta property=\"og:image\" content=\"https:\/\/vertexcommotion.ca\/wp-content\/uploads\/2023\/09\/Janie-Guimond-1-1.png\" \/>\n<meta name=\"twitter:card\" content=\"summary_large_image\" \/>\n<meta name=\"twitter:label1\" content=\"Est. reading time\" \/>\n\t<meta name=\"twitter:data1\" content=\"2 minutes\" \/>\n<script type=\"application\/ld+json\" class=\"yoast-schema-graph\">{\"@context\":\"https:\/\/schema.org\",\"@graph\":[{\"@type\":\"WebPage\",\"@id\":\"https:\/\/vertexcommotion.ca\/notre-equipe-kyla-demers-m-sc-catc-do-osteopathe\/\",\"url\":\"https:\/\/vertexcommotion.ca\/notre-equipe-kyla-demers-m-sc-catc-do-osteopathe\/\",\"name\":\"Notre \u00c9quipe: Kyla Demers M.Sc., CAT(C), DO Ost\u00e9opathe\",\"isPartOf\":{\"@id\":\"https:\/\/vertexcommotion.ca\/#website\"},\"primaryImageOfPage\":{\"@id\":\"https:\/\/vertexcommotion.ca\/notre-equipe-kyla-demers-m-sc-catc-do-osteopathe\/#primaryimage\"},\"image\":{\"@id\":\"https:\/\/vertexcommotion.ca\/notre-equipe-kyla-demers-m-sc-catc-do-osteopathe\/#primaryimage\"},\"thumbnailUrl\":\"https:\/\/vertexcommotion.ca\/wp-content\/uploads\/2023\/09\/Janie-Guimond-1-1.png\",\"datePublished\":\"2023-09-10T14:09:48+00:00\",\"dateModified\":\"2024-05-29T20:39:15+00:00\",\"description\":\"Kyla Demers est th\u00e9rapeute du sport dipl\u00f4m\u00e9e de l\u2019Universit\u00e9 Concordia en 2004, ainsi qu'ost\u00e9opathe dipl\u00f4m\u00e9e au Centre ost\u00e9opathique du Qu\u00e9bec.\",\"breadcrumb\":{\"@id\":\"https:\/\/vertexcommotion.ca\/notre-equipe-kyla-demers-m-sc-catc-do-osteopathe\/#breadcrumb\"},\"inLanguage\":\"en-CA\",\"potentialAction\":[{\"@type\":\"ReadAction\",\"target\":[\"https:\/\/vertexcommotion.ca\/notre-equipe-kyla-demers-m-sc-catc-do-osteopathe\/\"]}]},{\"@type\":\"ImageObject\",\"inLanguage\":\"en-CA\",\"@id\":\"https:\/\/vertexcommotion.ca\/notre-equipe-kyla-demers-m-sc-catc-do-osteopathe\/#primaryimage\",\"url\":\"https:\/\/vertexcommotion.ca\/wp-content\/uploads\/2023\/09\/Janie-Guimond-1-1.png\",\"contentUrl\":\"https:\/\/vertexcommotion.ca\/wp-content\/uploads\/2023\/09\/Janie-Guimond-1-1.png\"},{\"@type\":\"BreadcrumbList\",\"@id\":\"https:\/\/vertexcommotion.ca\/notre-equipe-kyla-demers-m-sc-catc-do-osteopathe\/#breadcrumb\",\"itemListElement\":[{\"@type\":\"ListItem\",\"position\":1,\"name\":\"Home\",\"item\":\"https:\/\/vertexcommotion.ca\/\"},{\"@type\":\"ListItem\",\"position\":2,\"name\":\"Notre \u00c9quipe: Kyla Demers M.Sc., CAT(C), DO Ost\u00e9opathe\"}]},{\"@type\":\"WebSite\",\"@id\":\"https:\/\/vertexcommotion.ca\/#website\",\"url\":\"https:\/\/vertexcommotion.ca\/\",\"name\":\"Vertex\",\"description\":\"\",\"publisher\":{\"@id\":\"https:\/\/vertexcommotion.ca\/#organization\"},\"potentialAction\":[{\"@type\":\"SearchAction\",\"target\":{\"@type\":\"EntryPoint\",\"urlTemplate\":\"https:\/\/vertexcommotion.ca\/?s={search_term_string}\"},\"query-input\":{\"@type\":\"PropertyValueSpecification\",\"valueRequired\":true,\"valueName\":\"search_term_string\"}}],\"inLanguage\":\"en-CA\"},{\"@type\":\"Organization\",\"@id\":\"https:\/\/vertexcommotion.ca\/#organization\",\"name\":\"Vertex\",\"url\":\"https:\/\/vertexcommotion.ca\/\",\"logo\":{\"@type\":\"ImageObject\",\"inLanguage\":\"en-CA\",\"@id\":\"https:\/\/vertexcommotion.ca\/#\/schema\/logo\/image\/\",\"url\":\"https:\/\/vertexcommotion.ca\/wp-content\/uploads\/2023\/09\/VertexLogo.png\",\"contentUrl\":\"https:\/\/vertexcommotion.ca\/wp-content\/uploads\/2023\/09\/VertexLogo.png\",\"width\":550,\"height\":245,\"caption\":\"Vertex\"},\"image\":{\"@id\":\"https:\/\/vertexcommotion.ca\/#\/schema\/logo\/image\/\"}}]}<\/script>\n<!-- \/ Yoast SEO plugin. -->","yoast_head_json":{"title":"Notre \u00c9quipe: Kyla Demers M.Sc., CAT(C), DO Ost\u00e9opathe","description":"Kyla Demers est th\u00e9rapeute du sport dipl\u00f4m\u00e9e de l\u2019Universit\u00e9 Concordia en 2004, ainsi qu'ost\u00e9opathe dipl\u00f4m\u00e9e au Centre ost\u00e9opathique du Qu\u00e9bec.","robots":{"index":"index","follow":"follow","max-snippet":"max-snippet:-1","max-image-preview":"max-image-preview:large","max-video-preview":"max-video-preview:-1"},"canonical":"https:\/\/vertexcommotion.ca\/en\/notre-equipe-kyla-demers-m-sc-catc-do-osteopathe\/","og_locale":"en_US","og_type":"article","og_title":"Notre \u00c9quipe: Kyla Demers M.Sc., CAT(C), DO Ost\u00e9opathe","og_description":"Kyla Demers est th\u00e9rapeute du sport dipl\u00f4m\u00e9e de l\u2019Universit\u00e9 Concordia en 2004, ainsi qu'ost\u00e9opathe dipl\u00f4m\u00e9e au Centre ost\u00e9opathique du Qu\u00e9bec.","og_url":"https:\/\/vertexcommotion.ca\/en\/notre-equipe-kyla-demers-m-sc-catc-do-osteopathe\/","og_site_name":"Vertex","article_modified_time":"2024-05-29T20:39:15+00:00","og_image":[{"url":"https:\/\/vertexcommotion.ca\/wp-content\/uploads\/2023\/09\/Janie-Guimond-1-1.png","type":"","width":"","height":""}],"twitter_card":"summary_large_image","twitter_misc":{"Est. reading time":"2 minutes"},"schema":{"@context":"https:\/\/schema.org","@graph":[{"@type":"WebPage","@id":"https:\/\/vertexcommotion.ca\/notre-equipe-kyla-demers-m-sc-catc-do-osteopathe\/","url":"https:\/\/vertexcommotion.ca\/notre-equipe-kyla-demers-m-sc-catc-do-osteopathe\/","name":"Notre \u00c9quipe: Kyla Demers M.Sc., CAT(C), DO Ost\u00e9opathe","isPartOf":{"@id":"https:\/\/vertexcommotion.ca\/#website"},"primaryImageOfPage":{"@id":"https:\/\/vertexcommotion.ca\/notre-equipe-kyla-demers-m-sc-catc-do-osteopathe\/#primaryimage"},"image":{"@id":"https:\/\/vertexcommotion.ca\/notre-equipe-kyla-demers-m-sc-catc-do-osteopathe\/#primaryimage"},"thumbnailUrl":"https:\/\/vertexcommotion.ca\/wp-content\/uploads\/2023\/09\/Janie-Guimond-1-1.png","datePublished":"2023-09-10T14:09:48+00:00","dateModified":"2024-05-29T20:39:15+00:00","description":"Kyla Demers est th\u00e9rapeute du sport dipl\u00f4m\u00e9e de l\u2019Universit\u00e9 Concordia en 2004, ainsi qu'ost\u00e9opathe dipl\u00f4m\u00e9e au Centre ost\u00e9opathique du Qu\u00e9bec.","breadcrumb":{"@id":"https:\/\/vertexcommotion.ca\/notre-equipe-kyla-demers-m-sc-catc-do-osteopathe\/#breadcrumb"},"inLanguage":"en-CA","potentialAction":[{"@type":"ReadAction","target":["https:\/\/vertexcommotion.ca\/notre-equipe-kyla-demers-m-sc-catc-do-osteopathe\/"]}]},{"@type":"ImageObject","inLanguage":"en-CA","@id":"https:\/\/vertexcommotion.ca\/notre-equipe-kyla-demers-m-sc-catc-do-osteopathe\/#primaryimage","url":"https:\/\/vertexcommotion.ca\/wp-content\/uploads\/2023\/09\/Janie-Guimond-1-1.png","contentUrl":"https:\/\/vertexcommotion.ca\/wp-content\/uploads\/2023\/09\/Janie-Guimond-1-1.png"},{"@type":"BreadcrumbList","@id":"https:\/\/vertexcommotion.ca\/notre-equipe-kyla-demers-m-sc-catc-do-osteopathe\/#breadcrumb","itemListElement":[{"@type":"ListItem","position":1,"name":"Home","item":"https:\/\/vertexcommotion.ca\/"},{"@type":"ListItem","position":2,"name":"Notre \u00c9quipe: Kyla Demers M.Sc., CAT(C), DO Ost\u00e9opathe"}]},{"@type":"WebSite","@id":"https:\/\/vertexcommotion.ca\/#website","url":"https:\/\/vertexcommotion.ca\/","name":"Vertex","description":"","publisher":{"@id":"https:\/\/vertexcommotion.ca\/#organization"},"potentialAction":[{"@type":"SearchAction","target":{"@type":"EntryPoint","urlTemplate":"https:\/\/vertexcommotion.ca\/?s={search_term_string}"},"query-input":{"@type":"PropertyValueSpecification","valueRequired":true,"valueName":"search_term_string"}}],"inLanguage":"en-CA"},{"@type":"Organization","@id":"https:\/\/vertexcommotion.ca\/#organization","name":"Vertex","url":"https:\/\/vertexcommotion.ca\/","logo":{"@type":"ImageObject","inLanguage":"en-CA","@id":"https:\/\/vertexcommotion.ca\/#\/schema\/logo\/image\/","url":"https:\/\/vertexcommotion.ca\/wp-content\/uploads\/2023\/09\/VertexLogo.png","contentUrl":"https:\/\/vertexcommotion.ca\/wp-content\/uploads\/2023\/09\/VertexLogo.png","width":550,"height":245,"caption":"Vertex"},"image":{"@id":"https:\/\/vertexcommotion.ca\/#\/schema\/logo\/image\/"}}]}},"_links":{"self":[{"href":"https:\/\/vertexcommotion.ca\/en\/wp-json\/wp\/v2\/pages\/1166","targetHints":{"allow":["GET"]}}],"collection":[{"href":"https:\/\/vertexcommotion.ca\/en\/wp-json\/wp\/v2\/pages"}],"about":[{"href":"https:\/\/vertexcommotion.ca\/en\/wp-json\/wp\/v2\/types\/page"}],"author":[{"embeddable":true,"href":"https:\/\/vertexcommotion.ca\/en\/wp-json\/wp\/v2\/users\/6"}],"replies":[{"embeddable":true,"href":"https:\/\/vertexcommotion.ca\/en\/wp-json\/wp\/v2\/comments?post=1166"}],"version-history":[{"count":100,"href":"https:\/\/vertexcommotion.ca\/en\/wp-json\/wp\/v2\/pages\/1166\/revisions"}],"predecessor-version":[{"id":4215,"href":"https:\/\/vertexcommotion.ca\/en\/wp-json\/wp\/v2\/pages\/1166\/revisions\/4215"}],"wp:attachment":[{"href":"https:\/\/vertexcommotion.ca\/en\/wp-json\/wp\/v2\/media?parent=1166"}],"curies":[{"name":"wp","href":"https:\/\/api.w.org\/{rel}","templated":true}]}}