{"id":1163,"date":"2023-09-10T14:03:49","date_gmt":"2023-09-10T14:03:49","guid":{"rendered":"https:\/\/vertexcommotion.ca\/?page_id=1163"},"modified":"2025-11-11T16:02:59","modified_gmt":"2025-11-11T16:02:59","slug":"notre-equipe-camille-charbonneau-performance-mentale","status":"publish","type":"page","link":"https:\/\/vertexcommotion.ca\/en\/notre-equipe-camille-charbonneau-performance-mentale\/","title":{"rendered":"Notre \u00c9quipe: Camille Charbonneau B.Ed., M.H.K Consultante en performance mental"},"content":{"rendered":"<div data-elementor-type=\"wp-page\" data-elementor-id=\"1163\" class=\"elementor elementor-1163\">\n\t\t\t\t<div class=\"elementor-element elementor-element-dfe5322 gradiant-emma e-flex e-con-boxed e-con e-parent\" data-id=\"dfe5322\" data-element_type=\"container\">\n\t\t\t\t\t<div class=\"e-con-inner\">\n\t\t\t\t<div class=\"elementor-element elementor-element-ce663b3 elementor-widget__width-inherit elementor-widget elementor-widget-hub_fancy_heading\" data-id=\"ce663b3\" data-element_type=\"widget\" data-widget_type=\"hub_fancy_heading.default\">\n\t\t\t\t<div class=\"elementor-widget-container\">\n\t\t\t\t\t\n\t\t<div id=\"ld-fancy-heading-69ddedc89ff76\" class=\"ld-fancy-heading pos-rel\">\n\t\t\t<h2 class=\"ld-fh-element d-inline-block pos-rel  elementor-heading-title lqd-highlight-classic lqd-highlight-grow-left h2\"  > Our Team<\/h2>\t\t<\/div>\n\n\t\t\t\t\t\t<\/div>\n\t\t\t\t<\/div>\n\t\t\t\t<div class=\"elementor-element elementor-element-3d4c805 elementor-widget__width-initial elementor-widget elementor-widget-hub_fancy_heading\" data-id=\"3d4c805\" data-element_type=\"widget\" data-widget_type=\"hub_fancy_heading.default\">\n\t\t\t\t<div class=\"elementor-widget-container\">\n\t\t\t\t\t\n\t\t<div id=\"ld-fancy-heading-69ddedc8a0302\" class=\"ld-fancy-heading pos-rel\">\n\t\t\t<h2 class=\"ld-fh-element d-inline-block pos-rel  elementor-heading-title lqd-highlight-classic lqd-highlight-grow-left h2\"  > AT VERTEX, WE ARE A TEAM OF DEDICATED PROFESSIONALS AND WE COLLABORATE TO ENSURE THE OPTIMUM INDIVIDUALIZED REHABILITATION OF EACH OF OUR PATIENTS.<\/h2>\t\t<\/div>\n\n\t\t\t\t\t\t<\/div>\n\t\t\t\t<\/div>\n\t\t\t\t\t<\/div>\n\t\t\t\t<\/div>\n\t\t<div class=\"elementor-element elementor-element-0d63ad2 e-con-full notre-equpe-emma e-flex e-con e-parent\" data-id=\"0d63ad2\" data-element_type=\"container\">\n\t\t<div data-lqd-section-scroll=\"true\" class=\"elementor-element elementor-element-9ca65d5 e-con-full left-side-scroll e-flex e-con e-child\" data-id=\"9ca65d5\" data-element_type=\"container\">\n\t\t\t\t<div class=\"elementor-element elementor-element-5b1e579 elementor-widget elementor-widget-hub_fancy_heading\" data-id=\"5b1e579\" data-element_type=\"widget\" data-widget_type=\"hub_fancy_heading.default\">\n\t\t\t\t<div class=\"elementor-widget-container\">\n\t\t\t\t\t\n\t\t<div id=\"ld-fancy-heading-69ddedc8a0ade\" class=\"ld-fancy-heading pos-rel\">\n\t\t\t<h2 class=\"ld-fh-element d-inline-block pos-rel  elementor-heading-title lqd-highlight-classic lqd-highlight-grow-left h2\"  > Camille comtois M.Sc. Erg.<\/h2>\t\t<\/div>\n\n\t\t\t\t\t\t<\/div>\n\t\t\t\t<\/div>\n\t\t\t\t<div class=\"elementor-element elementor-element-8c9d289 elementor-widget elementor-widget-hub_fancy_heading\" data-id=\"8c9d289\" data-element_type=\"widget\" data-widget_type=\"hub_fancy_heading.default\">\n\t\t\t\t<div class=\"elementor-widget-container\">\n\t\t\t\t\t\n\t\t<div id=\"ld-fancy-heading-69ddedc8a0def\" class=\"ld-fancy-heading pos-rel\">\n\t\t\t<h2 class=\"ld-fh-element d-inline-block pos-rel  elementor-heading-title lqd-highlight-classic lqd-highlight-grow-left h2\"  > Occupational therapist<\/h2>\t\t<\/div>\n\n\t\t\t\t\t\t<\/div>\n\t\t\t\t<\/div>\n\t\t\t\t<div class=\"elementor-element elementor-element-5ae2271 elementor-widget elementor-widget-hub_fancy_heading\" data-id=\"5ae2271\" data-element_type=\"widget\" data-widget_type=\"hub_fancy_heading.default\">\n\t\t\t\t<div class=\"elementor-widget-container\">\n\t\t\t\t\t\n\t\t<div id=\"ld-fancy-heading-69ddedc8a10fd\" class=\"ld-fancy-heading pos-rel\">\n\t\t\t<h2 class=\"ld-fh-element d-inline-block pos-rel  elementor-heading-title lqd-highlight-classic lqd-highlight-grow-left h2\"  > Dipl\u00f4m\u00e9e d\u2019un baccalaur\u00e9at en kin\u00e9siologie en 2020 de l\u2019Universit\u00e9 de Montr\u00e9al ainsi que d\u2019un baccalaur\u00e9at et d\u2019une ma\u00eetrise en ergoth\u00e9rapie de l\u2019Universit\u00e9 du Qu\u00e9bec \u00e0 Trois-Rivi\u00e8res en 2024, Camille est anim\u00e9e par une passion profonde pour le sport et un d\u00e9sir sinc\u00e8re d\u2019aider les gens \u00e0 atteindre leurs objectifs. Depuis toujours, elle croit fermement aux bienfaits d\u2019un mode de vie sain et actif sur la sant\u00e9 globale. Sa formation en ergoth\u00e9rapie vient compl\u00e9ter cette vision en lui permettant de soutenir l'engagement des individus dans les activit\u00e9s importantes pour eux, et ce, en lui offrant des outils pour les accompagner dans leur quotidien tout en s\u2019adaptant \u00e0 leurs besoins sp\u00e9cifiques. En tant qu'ergoth\u00e9rapeute, elle joue un r\u00f4le cl\u00e9 en aidant les individus \u00e0 surmonter leurs d\u00e9fis occupationnels et en favorisant leur autonomie et leur bien-\u00eatre au quotidien. Elle est sp\u00e9cialis\u00e9e en sant\u00e9 physique ainsi qu'en sant\u00e9 mentale. \nElle pratique le soccer depuis de nombreuses ann\u00e9es, s\u2019adonne r\u00e9guli\u00e8rement \u00e0 la course \u00e0 pied et aime explorer de nouveaux sports, toujours curieuse de d\u00e9couvrir diff\u00e9rentes fa\u00e7ons de se d\u00e9passer et de s\u2019\u00e9panouir.\nGuid\u00e9e par sa volont\u00e9 d\u2019aider les individus \u00e0 reprendre leurs activit\u00e9s signifiantes, Camille s\u2019investit pleinement pour offrir des solutions adapt\u00e9es aux besoins de chacun avec professionnalisme et bienveillance.<\/h2>\t\t<\/div>\n\n\t\t\t\t\t\t<\/div>\n\t\t\t\t<\/div>\n\t\t\t\t<\/div>\n\t\t<div class=\"elementor-element elementor-element-72dbbb4 e-con-full e-flex e-con e-child\" data-id=\"72dbbb4\" data-element_type=\"container\" data-settings=\"{&quot;background_background&quot;:&quot;classic&quot;}\">\n\t\t\t\t<div class=\"elementor-element elementor-element-c1de87d elementor-widget elementor-widget-ld_fancy_image\" data-id=\"c1de87d\" data-element_type=\"widget\" data-widget_type=\"ld_fancy_image.default\">\n\t\t\t\t<div class=\"elementor-widget-container\">\n\t\t\t\t\t\n\t\t<div class=\"lqd-imggrp-single d-block pos-rel\">\n\t\t\t<div class=\"lqd-imggrp-img-container d-inline-flex pos-rel align-items-center justify-content-center\">\n\t\t\t\t\t\t\t\t<figure class=\"w-100 pos-rel\">\n\t\t\t\t\t<img fetchpriority=\"high\" decoding=\"async\" width=\"877\" height=\"902\" src=\"https:\/\/vertexcommotion.ca\/wp-content\/uploads\/2025\/01\/IMG_1718.jpeg\" class=\"attachment-full size-full wp-image-5010\" alt=\"\" srcset=\"https:\/\/vertexcommotion.ca\/wp-content\/uploads\/2025\/01\/IMG_1718.jpeg 877w, https:\/\/vertexcommotion.ca\/wp-content\/uploads\/2025\/01\/IMG_1718-292x300.jpeg 292w, https:\/\/vertexcommotion.ca\/wp-content\/uploads\/2025\/01\/IMG_1718-12x12.jpeg 12w\" sizes=\"(max-width: 877px) 100vw, 877px\" itemprop=\"image\" \/>\t\t\t\t\t\t\t\t\t\t\t\t\t\t\t\t\t\t\t\t\t\t\t\t\t\t\t\t\t<\/figure>\n\t\t\t<\/div>\n\t\t<\/div>\n\n\t\t\t\t\t<\/div>\n\t\t\t\t<\/div>\n\t\t\t\t<\/div>\n\t\t\t\t<\/div>\n\t\t\t\t<\/div>","protected":false},"excerpt":{"rendered":"<p>Notre \u00c9quipe Chez Vertex, nous sommes une \u00e9quipe de professionnels d\u00e9vou\u00e9s et nous collaborons afin d\u2019assurer la r\u00e9adaptation individualis\u00e9e optimale de chacun de nos patients. Camille comtois M.Sc. Erg. Ergoth\u00e9rapeute Dipl\u00f4m\u00e9e d\u2019un baccalaur\u00e9at en kin\u00e9siologie en 2020 de l\u2019Universit\u00e9 de Montr\u00e9al ainsi que d\u2019un baccalaur\u00e9at et d\u2019une ma\u00eetrise en ergoth\u00e9rapie de l\u2019Universit\u00e9 du Qu\u00e9bec \u00e0 [&hellip;]<\/p>","protected":false},"author":6,"featured_media":0,"parent":0,"menu_order":0,"comment_status":"closed","ping_status":"closed","template":"","meta":{"footnotes":""},"class_list":["post-1163","page","type-page","status-publish","hentry"],"yoast_head":"<!-- This site is optimized with the Yoast SEO plugin v25.0 - https:\/\/yoast.com\/wordpress\/plugins\/seo\/ -->\n<title>Notre \u00c9quipe: Camille C., B.Ed., M.H.K Performance mental<\/title>\n<meta name=\"description\" content=\"CAMILLE CHARBONNEAU B.ED., M.H.K. CONSULTANTE EN PERFORMANCE MENTALE\" \/>\n<meta name=\"robots\" content=\"index, follow, max-snippet:-1, max-image-preview:large, max-video-preview:-1\" \/>\n<link rel=\"canonical\" href=\"https:\/\/vertexcommotion.ca\/en\/notre-equipe-camille-charbonneau-performance-mentale\/\" \/>\n<meta property=\"og:locale\" content=\"en_US\" \/>\n<meta property=\"og:type\" content=\"article\" \/>\n<meta property=\"og:title\" content=\"Notre \u00c9quipe: Camille C., B.Ed., M.H.K Performance mental\" \/>\n<meta property=\"og:description\" content=\"CAMILLE CHARBONNEAU B.ED., M.H.K. CONSULTANTE EN PERFORMANCE MENTALE\" \/>\n<meta property=\"og:url\" content=\"https:\/\/vertexcommotion.ca\/en\/notre-equipe-camille-charbonneau-performance-mentale\/\" \/>\n<meta property=\"og:site_name\" content=\"Vertex\" \/>\n<meta property=\"article:modified_time\" content=\"2025-11-11T16:02:59+00:00\" \/>\n<meta property=\"og:image\" content=\"https:\/\/vertexcommotion.ca\/wp-content\/uploads\/2025\/01\/IMG_1718.jpeg\" \/>\n\t<meta property=\"og:image:width\" content=\"877\" \/>\n\t<meta property=\"og:image:height\" content=\"902\" \/>\n\t<meta property=\"og:image:type\" content=\"image\/jpeg\" \/>\n<meta name=\"twitter:card\" content=\"summary_large_image\" \/>\n<meta name=\"twitter:label1\" content=\"Est. reading time\" \/>\n\t<meta name=\"twitter:data1\" content=\"2 minutes\" \/>\n<script type=\"application\/ld+json\" class=\"yoast-schema-graph\">{\"@context\":\"https:\/\/schema.org\",\"@graph\":[{\"@type\":\"WebPage\",\"@id\":\"https:\/\/vertexcommotion.ca\/notre-equipe-camille-charbonneau-performance-mentale\/\",\"url\":\"https:\/\/vertexcommotion.ca\/notre-equipe-camille-charbonneau-performance-mentale\/\",\"name\":\"Notre \u00c9quipe: Camille C., B.Ed., M.H.K Performance mental\",\"isPartOf\":{\"@id\":\"https:\/\/vertexcommotion.ca\/#website\"},\"primaryImageOfPage\":{\"@id\":\"https:\/\/vertexcommotion.ca\/notre-equipe-camille-charbonneau-performance-mentale\/#primaryimage\"},\"image\":{\"@id\":\"https:\/\/vertexcommotion.ca\/notre-equipe-camille-charbonneau-performance-mentale\/#primaryimage\"},\"thumbnailUrl\":\"https:\/\/vertexcommotion.ca\/wp-content\/uploads\/2025\/01\/IMG_1718.jpeg\",\"datePublished\":\"2023-09-10T14:03:49+00:00\",\"dateModified\":\"2025-11-11T16:02:59+00:00\",\"description\":\"CAMILLE CHARBONNEAU B.ED., M.H.K. CONSULTANTE EN PERFORMANCE MENTALE\",\"breadcrumb\":{\"@id\":\"https:\/\/vertexcommotion.ca\/notre-equipe-camille-charbonneau-performance-mentale\/#breadcrumb\"},\"inLanguage\":\"en-CA\",\"potentialAction\":[{\"@type\":\"ReadAction\",\"target\":[\"https:\/\/vertexcommotion.ca\/notre-equipe-camille-charbonneau-performance-mentale\/\"]}]},{\"@type\":\"ImageObject\",\"inLanguage\":\"en-CA\",\"@id\":\"https:\/\/vertexcommotion.ca\/notre-equipe-camille-charbonneau-performance-mentale\/#primaryimage\",\"url\":\"https:\/\/vertexcommotion.ca\/wp-content\/uploads\/2025\/01\/IMG_1718.jpeg\",\"contentUrl\":\"https:\/\/vertexcommotion.ca\/wp-content\/uploads\/2025\/01\/IMG_1718.jpeg\"},{\"@type\":\"BreadcrumbList\",\"@id\":\"https:\/\/vertexcommotion.ca\/notre-equipe-camille-charbonneau-performance-mentale\/#breadcrumb\",\"itemListElement\":[{\"@type\":\"ListItem\",\"position\":1,\"name\":\"Home\",\"item\":\"https:\/\/vertexcommotion.ca\/\"},{\"@type\":\"ListItem\",\"position\":2,\"name\":\"Notre \u00c9quipe: Camille Charbonneau B.Ed., M.H.K Consultante en performance mental\"}]},{\"@type\":\"WebSite\",\"@id\":\"https:\/\/vertexcommotion.ca\/#website\",\"url\":\"https:\/\/vertexcommotion.ca\/\",\"name\":\"Vertex\",\"description\":\"\",\"publisher\":{\"@id\":\"https:\/\/vertexcommotion.ca\/#organization\"},\"potentialAction\":[{\"@type\":\"SearchAction\",\"target\":{\"@type\":\"EntryPoint\",\"urlTemplate\":\"https:\/\/vertexcommotion.ca\/?s={search_term_string}\"},\"query-input\":{\"@type\":\"PropertyValueSpecification\",\"valueRequired\":true,\"valueName\":\"search_term_string\"}}],\"inLanguage\":\"en-CA\"},{\"@type\":\"Organization\",\"@id\":\"https:\/\/vertexcommotion.ca\/#organization\",\"name\":\"Vertex\",\"url\":\"https:\/\/vertexcommotion.ca\/\",\"logo\":{\"@type\":\"ImageObject\",\"inLanguage\":\"en-CA\",\"@id\":\"https:\/\/vertexcommotion.ca\/#\/schema\/logo\/image\/\",\"url\":\"https:\/\/vertexcommotion.ca\/wp-content\/uploads\/2023\/09\/VertexLogo.png\",\"contentUrl\":\"https:\/\/vertexcommotion.ca\/wp-content\/uploads\/2023\/09\/VertexLogo.png\",\"width\":550,\"height\":245,\"caption\":\"Vertex\"},\"image\":{\"@id\":\"https:\/\/vertexcommotion.ca\/#\/schema\/logo\/image\/\"}}]}<\/script>\n<!-- \/ Yoast SEO plugin. -->","yoast_head_json":{"title":"Notre \u00c9quipe: Camille C., B.Ed., M.H.K Performance mental","description":"CAMILLE CHARBONNEAU B.ED., M.H.K. CONSULTANTE EN PERFORMANCE MENTALE","robots":{"index":"index","follow":"follow","max-snippet":"max-snippet:-1","max-image-preview":"max-image-preview:large","max-video-preview":"max-video-preview:-1"},"canonical":"https:\/\/vertexcommotion.ca\/en\/notre-equipe-camille-charbonneau-performance-mentale\/","og_locale":"en_US","og_type":"article","og_title":"Notre \u00c9quipe: Camille C., B.Ed., M.H.K Performance mental","og_description":"CAMILLE CHARBONNEAU B.ED., M.H.K. CONSULTANTE EN PERFORMANCE MENTALE","og_url":"https:\/\/vertexcommotion.ca\/en\/notre-equipe-camille-charbonneau-performance-mentale\/","og_site_name":"Vertex","article_modified_time":"2025-11-11T16:02:59+00:00","og_image":[{"width":877,"height":902,"url":"https:\/\/vertexcommotion.ca\/wp-content\/uploads\/2025\/01\/IMG_1718.jpeg","type":"image\/jpeg"}],"twitter_card":"summary_large_image","twitter_misc":{"Est. reading time":"2 minutes"},"schema":{"@context":"https:\/\/schema.org","@graph":[{"@type":"WebPage","@id":"https:\/\/vertexcommotion.ca\/notre-equipe-camille-charbonneau-performance-mentale\/","url":"https:\/\/vertexcommotion.ca\/notre-equipe-camille-charbonneau-performance-mentale\/","name":"Notre \u00c9quipe: Camille C., B.Ed., M.H.K Performance mental","isPartOf":{"@id":"https:\/\/vertexcommotion.ca\/#website"},"primaryImageOfPage":{"@id":"https:\/\/vertexcommotion.ca\/notre-equipe-camille-charbonneau-performance-mentale\/#primaryimage"},"image":{"@id":"https:\/\/vertexcommotion.ca\/notre-equipe-camille-charbonneau-performance-mentale\/#primaryimage"},"thumbnailUrl":"https:\/\/vertexcommotion.ca\/wp-content\/uploads\/2025\/01\/IMG_1718.jpeg","datePublished":"2023-09-10T14:03:49+00:00","dateModified":"2025-11-11T16:02:59+00:00","description":"CAMILLE CHARBONNEAU B.ED., M.H.K. CONSULTANTE EN PERFORMANCE MENTALE","breadcrumb":{"@id":"https:\/\/vertexcommotion.ca\/notre-equipe-camille-charbonneau-performance-mentale\/#breadcrumb"},"inLanguage":"en-CA","potentialAction":[{"@type":"ReadAction","target":["https:\/\/vertexcommotion.ca\/notre-equipe-camille-charbonneau-performance-mentale\/"]}]},{"@type":"ImageObject","inLanguage":"en-CA","@id":"https:\/\/vertexcommotion.ca\/notre-equipe-camille-charbonneau-performance-mentale\/#primaryimage","url":"https:\/\/vertexcommotion.ca\/wp-content\/uploads\/2025\/01\/IMG_1718.jpeg","contentUrl":"https:\/\/vertexcommotion.ca\/wp-content\/uploads\/2025\/01\/IMG_1718.jpeg"},{"@type":"BreadcrumbList","@id":"https:\/\/vertexcommotion.ca\/notre-equipe-camille-charbonneau-performance-mentale\/#breadcrumb","itemListElement":[{"@type":"ListItem","position":1,"name":"Home","item":"https:\/\/vertexcommotion.ca\/"},{"@type":"ListItem","position":2,"name":"Notre \u00c9quipe: Camille Charbonneau B.Ed., M.H.K Consultante en performance mental"}]},{"@type":"WebSite","@id":"https:\/\/vertexcommotion.ca\/#website","url":"https:\/\/vertexcommotion.ca\/","name":"Vertex","description":"","publisher":{"@id":"https:\/\/vertexcommotion.ca\/#organization"},"potentialAction":[{"@type":"SearchAction","target":{"@type":"EntryPoint","urlTemplate":"https:\/\/vertexcommotion.ca\/?s={search_term_string}"},"query-input":{"@type":"PropertyValueSpecification","valueRequired":true,"valueName":"search_term_string"}}],"inLanguage":"en-CA"},{"@type":"Organization","@id":"https:\/\/vertexcommotion.ca\/#organization","name":"Vertex","url":"https:\/\/vertexcommotion.ca\/","logo":{"@type":"ImageObject","inLanguage":"en-CA","@id":"https:\/\/vertexcommotion.ca\/#\/schema\/logo\/image\/","url":"https:\/\/vertexcommotion.ca\/wp-content\/uploads\/2023\/09\/VertexLogo.png","contentUrl":"https:\/\/vertexcommotion.ca\/wp-content\/uploads\/2023\/09\/VertexLogo.png","width":550,"height":245,"caption":"Vertex"},"image":{"@id":"https:\/\/vertexcommotion.ca\/#\/schema\/logo\/image\/"}}]}},"_links":{"self":[{"href":"https:\/\/vertexcommotion.ca\/en\/wp-json\/wp\/v2\/pages\/1163","targetHints":{"allow":["GET"]}}],"collection":[{"href":"https:\/\/vertexcommotion.ca\/en\/wp-json\/wp\/v2\/pages"}],"about":[{"href":"https:\/\/vertexcommotion.ca\/en\/wp-json\/wp\/v2\/types\/page"}],"author":[{"embeddable":true,"href":"https:\/\/vertexcommotion.ca\/en\/wp-json\/wp\/v2\/users\/6"}],"replies":[{"embeddable":true,"href":"https:\/\/vertexcommotion.ca\/en\/wp-json\/wp\/v2\/comments?post=1163"}],"version-history":[{"count":88,"href":"https:\/\/vertexcommotion.ca\/en\/wp-json\/wp\/v2\/pages\/1163\/revisions"}],"predecessor-version":[{"id":5220,"href":"https:\/\/vertexcommotion.ca\/en\/wp-json\/wp\/v2\/pages\/1163\/revisions\/5220"}],"wp:attachment":[{"href":"https:\/\/vertexcommotion.ca\/en\/wp-json\/wp\/v2\/media?parent=1163"}],"curies":[{"name":"wp","href":"https:\/\/api.w.org\/{rel}","templated":true}]}}