{"id":1161,"date":"2023-09-10T14:05:14","date_gmt":"2023-09-10T14:05:14","guid":{"rendered":"https:\/\/vertexcommotion.ca\/?page_id=1161"},"modified":"2024-05-29T20:40:42","modified_gmt":"2024-05-29T20:40:42","slug":"notre-equipe-eric-gauthier-naturopathe","status":"publish","type":"page","link":"https:\/\/vertexcommotion.ca\/en\/notre-equipe-eric-gauthier-naturopathe\/","title":{"rendered":"Notre \u00c9quipe: \u00c9ric Gauthier, Naturopathe"},"content":{"rendered":"<div data-elementor-type=\"wp-page\" data-elementor-id=\"1161\" class=\"elementor elementor-1161\">\n\t\t\t\t<div class=\"elementor-element elementor-element-a5d12e2 gradiant-emma e-flex e-con-boxed e-con e-parent\" data-id=\"a5d12e2\" data-element_type=\"container\">\n\t\t\t\t\t<div class=\"e-con-inner\">\n\t\t\t\t<div class=\"elementor-element elementor-element-0dc57bc elementor-widget__width-inherit elementor-widget elementor-widget-hub_fancy_heading\" data-id=\"0dc57bc\" data-element_type=\"widget\" data-widget_type=\"hub_fancy_heading.default\">\n\t\t\t\t<div class=\"elementor-widget-container\">\n\t\t\t\t\t\n\t\t<div id=\"ld-fancy-heading-69e06345c8446\" class=\"ld-fancy-heading pos-rel\">\n\t\t\t<h2 class=\"ld-fh-element d-inline-block pos-rel  elementor-heading-title lqd-highlight-classic lqd-highlight-grow-left h2\"  > Our Team<\/h2>\t\t<\/div>\n\n\t\t\t\t\t\t<\/div>\n\t\t\t\t<\/div>\n\t\t\t\t<div class=\"elementor-element elementor-element-f39d8cb elementor-widget__width-initial elementor-widget elementor-widget-hub_fancy_heading\" data-id=\"f39d8cb\" data-element_type=\"widget\" data-widget_type=\"hub_fancy_heading.default\">\n\t\t\t\t<div class=\"elementor-widget-container\">\n\t\t\t\t\t\n\t\t<div id=\"ld-fancy-heading-69e06345c88f9\" class=\"ld-fancy-heading pos-rel\">\n\t\t\t<h2 class=\"ld-fh-element d-inline-block pos-rel  elementor-heading-title lqd-highlight-classic lqd-highlight-grow-left h2\"  > AT VERTEX, WE ARE A TEAM OF DEDICATED PROFESSIONALS AND WE COLLABORATE TO ENSURE THE OPTIMUM INDIVIDUALIZED REHABILITATION OF EACH OF OUR PATIENTS.<\/h2>\t\t<\/div>\n\n\t\t\t\t\t\t<\/div>\n\t\t\t\t<\/div>\n\t\t\t\t\t<\/div>\n\t\t\t\t<\/div>\n\t\t<div class=\"elementor-element elementor-element-e96f8ca e-con-full notre-equpe-emma e-flex e-con e-parent\" data-id=\"e96f8ca\" data-element_type=\"container\">\n\t\t<div data-lqd-section-scroll=\"true\" class=\"elementor-element elementor-element-727e7a3 e-con-full left-side-scroll e-flex e-con e-child\" data-id=\"727e7a3\" data-element_type=\"container\">\n\t\t\t\t<div class=\"elementor-element elementor-element-72a659d elementor-widget elementor-widget-hub_fancy_heading\" data-id=\"72a659d\" data-element_type=\"widget\" data-widget_type=\"hub_fancy_heading.default\">\n\t\t\t\t<div class=\"elementor-widget-container\">\n\t\t\t\t\t\n\t\t<div id=\"ld-fancy-heading-69e06345c928a\" class=\"ld-fancy-heading pos-rel\">\n\t\t\t<h2 class=\"ld-fh-element d-inline-block pos-rel  elementor-heading-title lqd-highlight-classic lqd-highlight-grow-left h2\"  > ERIC GAUTHIER<\/h2>\t\t<\/div>\n\n\t\t\t\t\t\t<\/div>\n\t\t\t\t<\/div>\n\t\t\t\t<div class=\"elementor-element elementor-element-08da281 elementor-widget elementor-widget-hub_fancy_heading\" data-id=\"08da281\" data-element_type=\"widget\" data-widget_type=\"hub_fancy_heading.default\">\n\t\t\t\t<div class=\"elementor-widget-container\">\n\t\t\t\t\t\n\t\t<div id=\"ld-fancy-heading-69e06345c968e\" class=\"ld-fancy-heading pos-rel\">\n\t\t\t<h2 class=\"ld-fh-element d-inline-block pos-rel  elementor-heading-title lqd-highlight-classic lqd-highlight-grow-left h2\"  > NATUROPATH<\/h2>\t\t<\/div>\n\n\t\t\t\t\t\t<\/div>\n\t\t\t\t<\/div>\n\t\t\t\t<div class=\"elementor-element elementor-element-c1391f7 elementor-widget elementor-widget-hub_fancy_heading\" data-id=\"c1391f7\" data-element_type=\"widget\" data-widget_type=\"hub_fancy_heading.default\">\n\t\t\t\t<div class=\"elementor-widget-container\">\n\t\t\t\t\t\n\t\t<div id=\"ld-fancy-heading-69e06345c9a79\" class=\"ld-fancy-heading pos-rel\">\n\t\t\t<h2 class=\"ld-fh-element d-inline-block pos-rel  elementor-heading-title lqd-highlight-classic lqd-highlight-grow-left h2\"  > Naturopath graduated from the C.E.N.A.B naturopathy school in 1997. Member of the A.T.N.Q. (Association of Naturopath Therapists of Quebec) Speaker President of FYTA Natural Products.\n<br><br>\nA practicing naturopath for 25 years and member of the association of Naturopath Therapists of Quebec, Eric has developed solid expertise in his field. It offers its customers tailor-made plans in terms of food, cleaning, mineralization and much more. Sportsman and involved in his community, \u00c9ric defends values of commitment and responsibility for our health. He advocates buying local and using the benefits that nature offers us. A family man and anchored in reality, he is keen to offer his clients a simple and realistic approach that harmonizes with everyone's pace of life.\n<br><br>\nIn recent years, science has clarified the links between diet, microbiota (intestinal flora) and inflammation. These details highlight the influence of the microbiota on general health, providing additional data for naturopathic practice. Even more convinced that a healthy diet and a healthy digestive system are a guarantee of health, Eric has developed numerous tools, a unique approach which aims to support his clients towards lifestyle and dietary changes allowing optimal health. To better respond to its customers and for its customers with specific needs, it has developed a range of high quality natural products.<\/h2>\t\t<\/div>\n\n\t\t\t\t\t\t<\/div>\n\t\t\t\t<\/div>\n\t\t\t\t<\/div>\n\t\t<div class=\"elementor-element elementor-element-0280019 e-con-full e-flex e-con e-child\" data-id=\"0280019\" data-element_type=\"container\" data-settings=\"{&quot;background_background&quot;:&quot;classic&quot;}\">\n\t\t\t\t<div class=\"elementor-element elementor-element-12a071a elementor-widget elementor-widget-ld_fancy_image\" data-id=\"12a071a\" data-element_type=\"widget\" data-widget_type=\"ld_fancy_image.default\">\n\t\t\t\t<div class=\"elementor-widget-container\">\n\t\t\t\t\t\n\t\t<div class=\"lqd-imggrp-single d-block pos-rel\">\n\t\t\t<div class=\"lqd-imggrp-img-container d-inline-flex pos-rel align-items-center justify-content-center\">\n\t\t\t\t\t\t\t\t<figure class=\"w-100 pos-rel\">\n\t\t\t\t\t<img fetchpriority=\"high\" decoding=\"async\" width=\"1041\" height=\"763\" src=\"https:\/\/vertexcommotion.ca\/wp-content\/uploads\/2023\/09\/Janie-Guimond-1-1-1.png\" class=\"attachment-full size-full wp-image-1813\" alt=\"\" srcset=\"https:\/\/vertexcommotion.ca\/wp-content\/uploads\/2023\/09\/Janie-Guimond-1-1-1.png 1041w, https:\/\/vertexcommotion.ca\/wp-content\/uploads\/2023\/09\/Janie-Guimond-1-1-1-300x220.png 300w, https:\/\/vertexcommotion.ca\/wp-content\/uploads\/2023\/09\/Janie-Guimond-1-1-1-1024x751.png 1024w, https:\/\/vertexcommotion.ca\/wp-content\/uploads\/2023\/09\/Janie-Guimond-1-1-1-16x12.png 16w\" sizes=\"(max-width: 1041px) 100vw, 1041px\" itemprop=\"image\" \/>\t\t\t\t\t\t\t\t\t\t\t\t\t\t\t\t\t\t\t\t\t\t\t\t\t\t\t\t\t<\/figure>\n\t\t\t<\/div>\n\t\t<\/div>\n\n\t\t\t\t\t<\/div>\n\t\t\t\t<\/div>\n\t\t\t\t<\/div>\n\t\t\t\t<\/div>\n\t\t\t\t<\/div>","protected":false},"excerpt":{"rendered":"<p>Notre \u00c9quipe Chez Vertex, nous sommes une \u00e9quipe de professionnels d\u00e9vou\u00e9s et nous collaborons afin d\u2019assurer la r\u00e9adaptation individualis\u00e9e optimale de chacun de nos patients. \u00c9ric Gauthier Naturopathe Naturopathe dipl\u00f4m\u00e9 de l\u2019\u00e9cole de naturopathie le C.E.N.A.B en 1997. Membre de l\u2019A.T.N.Q. (Association des Th\u00e9rapeutes Naturopathes du Qu\u00e9bec) Conf\u00e9rencier Pr\u00e9sident des Produits naturels FYTA. Naturopathe pratiquant [&hellip;]<\/p>","protected":false},"author":6,"featured_media":0,"parent":0,"menu_order":0,"comment_status":"closed","ping_status":"closed","template":"","meta":{"footnotes":""},"class_list":["post-1161","page","type-page","status-publish","hentry"],"yoast_head":"<!-- This site is optimized with the Yoast SEO plugin v25.0 - https:\/\/yoast.com\/wordpress\/plugins\/seo\/ -->\n<title>Notre \u00c9quipe: \u00c9ric Gauthier, Naturopathe<\/title>\n<meta name=\"description\" content=\"Naturopathe dipl\u00f4m\u00e9 de l\u2019\u00e9cole de naturopathie le C.E.N.A.B en 1997. Membre de l\u2019A.T.N.Q. (Association des Th\u00e9rapeutes Naturopathes du Qu\u00e9bec)\" \/>\n<meta name=\"robots\" content=\"index, follow, max-snippet:-1, max-image-preview:large, max-video-preview:-1\" \/>\n<link rel=\"canonical\" href=\"https:\/\/vertexcommotion.ca\/en\/notre-equipe-eric-gauthier-naturopathe\/\" \/>\n<meta property=\"og:locale\" content=\"en_US\" \/>\n<meta property=\"og:type\" content=\"article\" \/>\n<meta property=\"og:title\" content=\"Notre \u00c9quipe: \u00c9ric Gauthier, Naturopathe\" \/>\n<meta property=\"og:description\" content=\"Naturopathe dipl\u00f4m\u00e9 de l\u2019\u00e9cole de naturopathie le C.E.N.A.B en 1997. Membre de l\u2019A.T.N.Q. (Association des Th\u00e9rapeutes Naturopathes du Qu\u00e9bec)\" \/>\n<meta property=\"og:url\" content=\"https:\/\/vertexcommotion.ca\/en\/notre-equipe-eric-gauthier-naturopathe\/\" \/>\n<meta property=\"og:site_name\" content=\"Vertex\" \/>\n<meta property=\"article:modified_time\" content=\"2024-05-29T20:40:42+00:00\" \/>\n<meta property=\"og:image\" content=\"https:\/\/vertexcommotion.ca\/wp-content\/uploads\/2023\/09\/Janie-Guimond-1-1-1.png\" \/>\n<meta name=\"twitter:card\" content=\"summary_large_image\" \/>\n<meta name=\"twitter:label1\" content=\"Est. reading time\" \/>\n\t<meta name=\"twitter:data1\" content=\"2 minutes\" \/>\n<script type=\"application\/ld+json\" class=\"yoast-schema-graph\">{\"@context\":\"https:\/\/schema.org\",\"@graph\":[{\"@type\":\"WebPage\",\"@id\":\"https:\/\/vertexcommotion.ca\/notre-equipe-eric-gauthier-naturopathe\/\",\"url\":\"https:\/\/vertexcommotion.ca\/notre-equipe-eric-gauthier-naturopathe\/\",\"name\":\"Notre \u00c9quipe: \u00c9ric Gauthier, Naturopathe\",\"isPartOf\":{\"@id\":\"https:\/\/vertexcommotion.ca\/#website\"},\"primaryImageOfPage\":{\"@id\":\"https:\/\/vertexcommotion.ca\/notre-equipe-eric-gauthier-naturopathe\/#primaryimage\"},\"image\":{\"@id\":\"https:\/\/vertexcommotion.ca\/notre-equipe-eric-gauthier-naturopathe\/#primaryimage\"},\"thumbnailUrl\":\"https:\/\/vertexcommotion.ca\/wp-content\/uploads\/2023\/09\/Janie-Guimond-1-1-1.png\",\"datePublished\":\"2023-09-10T14:05:14+00:00\",\"dateModified\":\"2024-05-29T20:40:42+00:00\",\"description\":\"Naturopathe dipl\u00f4m\u00e9 de l\u2019\u00e9cole de naturopathie le C.E.N.A.B en 1997. Membre de l\u2019A.T.N.Q. (Association des Th\u00e9rapeutes Naturopathes du Qu\u00e9bec)\",\"breadcrumb\":{\"@id\":\"https:\/\/vertexcommotion.ca\/notre-equipe-eric-gauthier-naturopathe\/#breadcrumb\"},\"inLanguage\":\"en-CA\",\"potentialAction\":[{\"@type\":\"ReadAction\",\"target\":[\"https:\/\/vertexcommotion.ca\/notre-equipe-eric-gauthier-naturopathe\/\"]}]},{\"@type\":\"ImageObject\",\"inLanguage\":\"en-CA\",\"@id\":\"https:\/\/vertexcommotion.ca\/notre-equipe-eric-gauthier-naturopathe\/#primaryimage\",\"url\":\"https:\/\/vertexcommotion.ca\/wp-content\/uploads\/2023\/09\/Janie-Guimond-1-1-1.png\",\"contentUrl\":\"https:\/\/vertexcommotion.ca\/wp-content\/uploads\/2023\/09\/Janie-Guimond-1-1-1.png\"},{\"@type\":\"BreadcrumbList\",\"@id\":\"https:\/\/vertexcommotion.ca\/notre-equipe-eric-gauthier-naturopathe\/#breadcrumb\",\"itemListElement\":[{\"@type\":\"ListItem\",\"position\":1,\"name\":\"Home\",\"item\":\"https:\/\/vertexcommotion.ca\/\"},{\"@type\":\"ListItem\",\"position\":2,\"name\":\"Notre \u00c9quipe: \u00c9ric Gauthier, Naturopathe\"}]},{\"@type\":\"WebSite\",\"@id\":\"https:\/\/vertexcommotion.ca\/#website\",\"url\":\"https:\/\/vertexcommotion.ca\/\",\"name\":\"Vertex\",\"description\":\"\",\"publisher\":{\"@id\":\"https:\/\/vertexcommotion.ca\/#organization\"},\"potentialAction\":[{\"@type\":\"SearchAction\",\"target\":{\"@type\":\"EntryPoint\",\"urlTemplate\":\"https:\/\/vertexcommotion.ca\/?s={search_term_string}\"},\"query-input\":{\"@type\":\"PropertyValueSpecification\",\"valueRequired\":true,\"valueName\":\"search_term_string\"}}],\"inLanguage\":\"en-CA\"},{\"@type\":\"Organization\",\"@id\":\"https:\/\/vertexcommotion.ca\/#organization\",\"name\":\"Vertex\",\"url\":\"https:\/\/vertexcommotion.ca\/\",\"logo\":{\"@type\":\"ImageObject\",\"inLanguage\":\"en-CA\",\"@id\":\"https:\/\/vertexcommotion.ca\/#\/schema\/logo\/image\/\",\"url\":\"https:\/\/vertexcommotion.ca\/wp-content\/uploads\/2023\/09\/VertexLogo.png\",\"contentUrl\":\"https:\/\/vertexcommotion.ca\/wp-content\/uploads\/2023\/09\/VertexLogo.png\",\"width\":550,\"height\":245,\"caption\":\"Vertex\"},\"image\":{\"@id\":\"https:\/\/vertexcommotion.ca\/#\/schema\/logo\/image\/\"}}]}<\/script>\n<!-- \/ Yoast SEO plugin. -->","yoast_head_json":{"title":"Notre \u00c9quipe: \u00c9ric Gauthier, Naturopathe","description":"Naturopathe dipl\u00f4m\u00e9 de l\u2019\u00e9cole de naturopathie le C.E.N.A.B en 1997. Membre de l\u2019A.T.N.Q. (Association des Th\u00e9rapeutes Naturopathes du Qu\u00e9bec)","robots":{"index":"index","follow":"follow","max-snippet":"max-snippet:-1","max-image-preview":"max-image-preview:large","max-video-preview":"max-video-preview:-1"},"canonical":"https:\/\/vertexcommotion.ca\/en\/notre-equipe-eric-gauthier-naturopathe\/","og_locale":"en_US","og_type":"article","og_title":"Notre \u00c9quipe: \u00c9ric Gauthier, Naturopathe","og_description":"Naturopathe dipl\u00f4m\u00e9 de l\u2019\u00e9cole de naturopathie le C.E.N.A.B en 1997. Membre de l\u2019A.T.N.Q. (Association des Th\u00e9rapeutes Naturopathes du Qu\u00e9bec)","og_url":"https:\/\/vertexcommotion.ca\/en\/notre-equipe-eric-gauthier-naturopathe\/","og_site_name":"Vertex","article_modified_time":"2024-05-29T20:40:42+00:00","og_image":[{"url":"https:\/\/vertexcommotion.ca\/wp-content\/uploads\/2023\/09\/Janie-Guimond-1-1-1.png","type":"","width":"","height":""}],"twitter_card":"summary_large_image","twitter_misc":{"Est. reading time":"2 minutes"},"schema":{"@context":"https:\/\/schema.org","@graph":[{"@type":"WebPage","@id":"https:\/\/vertexcommotion.ca\/notre-equipe-eric-gauthier-naturopathe\/","url":"https:\/\/vertexcommotion.ca\/notre-equipe-eric-gauthier-naturopathe\/","name":"Notre \u00c9quipe: \u00c9ric Gauthier, Naturopathe","isPartOf":{"@id":"https:\/\/vertexcommotion.ca\/#website"},"primaryImageOfPage":{"@id":"https:\/\/vertexcommotion.ca\/notre-equipe-eric-gauthier-naturopathe\/#primaryimage"},"image":{"@id":"https:\/\/vertexcommotion.ca\/notre-equipe-eric-gauthier-naturopathe\/#primaryimage"},"thumbnailUrl":"https:\/\/vertexcommotion.ca\/wp-content\/uploads\/2023\/09\/Janie-Guimond-1-1-1.png","datePublished":"2023-09-10T14:05:14+00:00","dateModified":"2024-05-29T20:40:42+00:00","description":"Naturopathe dipl\u00f4m\u00e9 de l\u2019\u00e9cole de naturopathie le C.E.N.A.B en 1997. Membre de l\u2019A.T.N.Q. (Association des Th\u00e9rapeutes Naturopathes du Qu\u00e9bec)","breadcrumb":{"@id":"https:\/\/vertexcommotion.ca\/notre-equipe-eric-gauthier-naturopathe\/#breadcrumb"},"inLanguage":"en-CA","potentialAction":[{"@type":"ReadAction","target":["https:\/\/vertexcommotion.ca\/notre-equipe-eric-gauthier-naturopathe\/"]}]},{"@type":"ImageObject","inLanguage":"en-CA","@id":"https:\/\/vertexcommotion.ca\/notre-equipe-eric-gauthier-naturopathe\/#primaryimage","url":"https:\/\/vertexcommotion.ca\/wp-content\/uploads\/2023\/09\/Janie-Guimond-1-1-1.png","contentUrl":"https:\/\/vertexcommotion.ca\/wp-content\/uploads\/2023\/09\/Janie-Guimond-1-1-1.png"},{"@type":"BreadcrumbList","@id":"https:\/\/vertexcommotion.ca\/notre-equipe-eric-gauthier-naturopathe\/#breadcrumb","itemListElement":[{"@type":"ListItem","position":1,"name":"Home","item":"https:\/\/vertexcommotion.ca\/"},{"@type":"ListItem","position":2,"name":"Notre \u00c9quipe: \u00c9ric Gauthier, Naturopathe"}]},{"@type":"WebSite","@id":"https:\/\/vertexcommotion.ca\/#website","url":"https:\/\/vertexcommotion.ca\/","name":"Vertex","description":"","publisher":{"@id":"https:\/\/vertexcommotion.ca\/#organization"},"potentialAction":[{"@type":"SearchAction","target":{"@type":"EntryPoint","urlTemplate":"https:\/\/vertexcommotion.ca\/?s={search_term_string}"},"query-input":{"@type":"PropertyValueSpecification","valueRequired":true,"valueName":"search_term_string"}}],"inLanguage":"en-CA"},{"@type":"Organization","@id":"https:\/\/vertexcommotion.ca\/#organization","name":"Vertex","url":"https:\/\/vertexcommotion.ca\/","logo":{"@type":"ImageObject","inLanguage":"en-CA","@id":"https:\/\/vertexcommotion.ca\/#\/schema\/logo\/image\/","url":"https:\/\/vertexcommotion.ca\/wp-content\/uploads\/2023\/09\/VertexLogo.png","contentUrl":"https:\/\/vertexcommotion.ca\/wp-content\/uploads\/2023\/09\/VertexLogo.png","width":550,"height":245,"caption":"Vertex"},"image":{"@id":"https:\/\/vertexcommotion.ca\/#\/schema\/logo\/image\/"}}]}},"_links":{"self":[{"href":"https:\/\/vertexcommotion.ca\/en\/wp-json\/wp\/v2\/pages\/1161","targetHints":{"allow":["GET"]}}],"collection":[{"href":"https:\/\/vertexcommotion.ca\/en\/wp-json\/wp\/v2\/pages"}],"about":[{"href":"https:\/\/vertexcommotion.ca\/en\/wp-json\/wp\/v2\/types\/page"}],"author":[{"embeddable":true,"href":"https:\/\/vertexcommotion.ca\/en\/wp-json\/wp\/v2\/users\/6"}],"replies":[{"embeddable":true,"href":"https:\/\/vertexcommotion.ca\/en\/wp-json\/wp\/v2\/comments?post=1161"}],"version-history":[{"count":55,"href":"https:\/\/vertexcommotion.ca\/en\/wp-json\/wp\/v2\/pages\/1161\/revisions"}],"predecessor-version":[{"id":4236,"href":"https:\/\/vertexcommotion.ca\/en\/wp-json\/wp\/v2\/pages\/1161\/revisions\/4236"}],"wp:attachment":[{"href":"https:\/\/vertexcommotion.ca\/en\/wp-json\/wp\/v2\/media?parent=1161"}],"curies":[{"name":"wp","href":"https:\/\/api.w.org\/{rel}","templated":true}]}}